{"id":179,"date":"2023-07-20T15:36:28","date_gmt":"2023-07-20T13:36:28","guid":{"rendered":"https:\/\/wp.unil.ch\/swissds-env\/?page_id=179"},"modified":"2024-07-05T14:24:12","modified_gmt":"2024-07-05T12:24:12","slug":"action-2","status":"publish","type":"page","link":"https:\/\/wp.unil.ch\/swissds-env\/action-2\/","title":{"rendered":"2. Formation certifiante"},"content":{"rendered":"\n<p><strong>Les objectifs de cette action sont les suivants&nbsp;<\/strong>:<\/p>\n\n\n\n<ul class=\"wp-block-list\">\n<li>Mettre en place un programme de formation innovant et sur le long terme pour fournir aux universit\u00e9s des Data Stewards capables de r\u00e9pondre aux attentes de la communaut\u00e9 scientifique et des autorit\u00e9s nationales et internationales<\/li>\n\n\n\n<li>Cr\u00e9er une communaut\u00e9 de personnes hautement qualifi\u00e9es issues de diff\u00e9rents domaines de recherche et\/ou des sp\u00e9cialistes des sciences de l&rsquo;information pour soutenir les chercheur\u00b7se\u00b7s dans la gestion des donn\u00e9es de recherche tout au long de leur cycle de vie<\/li>\n\n\n\n<li>Offrir la possibilit\u00e9 d&rsquo;une nouvelle orientation professionnelle certifi\u00e9e aux chercheur\u00b7se\u00b7s, aux sp\u00e9cialistes des sciences de l&rsquo;information et aux personnes ayant une formation en informatique<\/li>\n<\/ul>\n\n\n\n<p><strong>Le plan d&rsquo;actions correspondant consiste \u00e0&nbsp;<\/strong>:<\/p>\n\n\n\n<ul class=\"wp-block-list\">\n<li>Etablir un plan d&rsquo;\u00e9tudes (objectifs d&rsquo;enseignement, strat\u00e9gies p\u00e9dagogiques, m\u00e9thodes d&rsquo;\u00e9valuation, etc.)<\/li>\n\n\n\n<li>Cr\u00e9er un Comit\u00e9 Scientifique pour accompagner le programme d&rsquo;enseignement<\/li>\n\n\n\n<li>D\u00e9velopper des modules transversaux, des modules disciplinaires (Sciences Sociales, Sciences de la vie) et des modules th\u00e9matiques (types de donn\u00e9es, formats de donn\u00e9es, etc.)<\/li>\n\n\n\n<li>Etablir un r\u00e8glement, un programme d&rsquo;\u00e9tudes interinstitutionnel et une convention liant les fournisseurs de contenu et enseignant\u00b7e\u00b7s.<\/li>\n<\/ul>\n\n\n\n<p><strong>Premi\u00e8re \u00e9dition de la formation&nbsp;<\/strong>:<\/p>\n\n\n\n<p>La premi\u00e8re \u00e9dition aura lieu entre octobre 2024 et juin 2025 sous forme d&rsquo;un CAS (Certificate of Advanced Studies) affili\u00e9 \u00e0 l&rsquo;Universit\u00e9 de Lausanne. <\/p>\n\n\n<div class=\"wp-block-image\">\n<figure class=\"aligncenter size-large is-resized\"><img alt=\"\" loading=\"lazy\" decoding=\"async\" width=\"1024\" height=\"576\" src=\"https:\/\/wp.unil.ch\/swissds-env\/files\/2024\/07\/FigureParcours-1-1024x576.png\" alt=\"\" class=\"wp-image-1694\" style=\"width:700px\" srcset=\"https:\/\/wp.unil.ch\/swissds-env\/files\/2024\/07\/FigureParcours-1-1024x576.png 1024w, https:\/\/wp.unil.ch\/swissds-env\/files\/2024\/07\/FigureParcours-1-300x169.png 300w, https:\/\/wp.unil.ch\/swissds-env\/files\/2024\/07\/FigureParcours-1-768x432.png 768w, https:\/\/wp.unil.ch\/swissds-env\/files\/2024\/07\/FigureParcours-1-18x10.png 18w, https:\/\/wp.unil.ch\/swissds-env\/files\/2024\/07\/FigureParcours-1-540x304.png 540w, https:\/\/wp.unil.ch\/swissds-env\/files\/2024\/07\/FigureParcours-1-1080x608.png 1080w, https:\/\/wp.unil.ch\/swissds-env\/files\/2024\/07\/FigureParcours-1.png 1280w\" sizes=\"auto, (max-width: 1024px) 100vw, 1024px\" \/><\/figure>\n<\/div>\n\n\n<p>Un tronc commun transdisciplinaire couvrira les connaissances  et comp\u00e9tences indispensables \u00e0 ma\u00eetriser en gestion des donn\u00e9es de recherche. Il permettra aussi d&rsquo;acqu\u00e9rir ou d&rsquo;approfondir les comp\u00e9tences techniques n\u00e9cessaires pour apporter un soutien efficace aux chercheur\u00b7se\u00b7s. Et il formera les participant\u00b7e\u00b7s \u00e0 donner la meilleure visibilit\u00e9 possible aux activit\u00e9s et services propos\u00e9s par les Data Stewards.<\/p>\n\n\n\n<p>A l&rsquo;issue de ce tronc commun, les participant\u00b7e\u00b7s se consacreront \u00e0 un projet individuel (orientation transdisciplinaire) ou suivront une des deux orientations sp\u00e9cialis\u00e9es (sciences biologiques et m\u00e9dicales ou sciences humaines et sociales).<\/p>\n\n\n\n<p>En cas de r\u00e9ussite, les participant\u00b7e\u00b7s recevront un dipl\u00f4me de certification (Certificate of Advanced Studies) en Data Stewardship et 12 cr\u00e9dits ECTS.<\/p>\n","protected":false},"excerpt":{"rendered":"<p>Les objectifs de cette action sont les suivants&nbsp;: Le plan d&rsquo;actions correspondant consiste \u00e0&nbsp;: Premi\u00e8re \u00e9dition de la formation&nbsp;: La premi\u00e8re \u00e9dition aura lieu entre octobre 2024 et&hellip;<\/p>\n","protected":false},"author":1002649,"featured_media":0,"parent":0,"menu_order":12,"comment_status":"closed","ping_status":"closed","template":"template-full-width.php","meta":{"_seopress_robots_primary_cat":"","_seopress_titles_title":"","_seopress_titles_desc":"","_seopress_robots_index":"","footnotes":""},"class_list":["post-179","page","type-page","status-publish","has-post-thumbnail"],"_links":{"self":[{"href":"https:\/\/wp.unil.ch\/swissds-env\/wp-json\/wp\/v2\/pages\/179","targetHints":{"allow":["GET"]}}],"collection":[{"href":"https:\/\/wp.unil.ch\/swissds-env\/wp-json\/wp\/v2\/pages"}],"about":[{"href":"https:\/\/wp.unil.ch\/swissds-env\/wp-json\/wp\/v2\/types\/page"}],"author":[{"embeddable":true,"href":"https:\/\/wp.unil.ch\/swissds-env\/wp-json\/wp\/v2\/users\/1002649"}],"replies":[{"embeddable":true,"href":"https:\/\/wp.unil.ch\/swissds-env\/wp-json\/wp\/v2\/comments?post=179"}],"version-history":[{"count":5,"href":"https:\/\/wp.unil.ch\/swissds-env\/wp-json\/wp\/v2\/pages\/179\/revisions"}],"predecessor-version":[{"id":1700,"href":"https:\/\/wp.unil.ch\/swissds-env\/wp-json\/wp\/v2\/pages\/179\/revisions\/1700"}],"wp:attachment":[{"href":"https:\/\/wp.unil.ch\/swissds-env\/wp-json\/wp\/v2\/media?parent=179"}],"curies":[{"name":"wp","href":"https:\/\/api.w.org\/{rel}","templated":true}]}}