{"id":177,"date":"2023-07-20T15:36:27","date_gmt":"2023-07-20T13:36:27","guid":{"rendered":"https:\/\/wp.unil.ch\/swissds-env\/?page_id=177"},"modified":"2024-04-03T17:11:18","modified_gmt":"2024-04-03T15:11:18","slug":"action-1","status":"publish","type":"page","link":"https:\/\/wp.unil.ch\/swissds-env\/action-1\/","title":{"rendered":"1. D\u00e9finition et profil"},"content":{"rendered":"\n<p><strong>Les objectifs de cette action sont les suivants&nbsp;:<\/strong><\/p>\n\n\n\n<ul class=\"wp-block-list\">\n<li>Formaliser un langage commun et caract\u00e9riser les profils des Data Stewards et des autres m\u00e9tiers Data: biblioth\u00e9caires de donn\u00e9es, archivistes de donn\u00e9es, curateur.rice.s de donn\u00e9es, scientifiques de donn\u00e9es, etc.<\/li>\n\n\n\n<li>Etablir une grille de comp\u00e9tences et d&rsquo;aptitudes (m\u00e9thodologiques, personnelles et sociales) des Data Stewards<\/li>\n<\/ul>\n\n\n\n<p><strong>Le plan d&rsquo;actions correspondant consiste \u00e0&nbsp;:<\/strong><\/p>\n\n\n\n<ul class=\"wp-block-list\">\n<li>Elaborer un glossaire des d\u00e9finitions et termes usuels du domaine<\/li>\n\n\n\n<li>Identifier les comp\u00e9tences et aptitudes requises pour les profils Data Stewards<\/li>\n\n\n\n<li>Cr\u00e9er un cadre de r\u00e9f\u00e9rence de ces comp\u00e9tences et ces aptitudes<\/li>\n<\/ul>\n\n\n\n<p><strong>R\u00e9sultats&nbsp;:<\/strong><\/p>\n\n\n\n<p><strong>a. Caract\u00e9risation du r\u00f4le de Data Steward dans le contexte de la communaut\u00e9 scientifique suisse<\/strong><\/p>\n\n\n\n<p class=\"has-text-align-left\">Les figures suivantes illustrent les contributions des m\u00e9tiers Data aux diff\u00e9rentes \u00e9tapes du cycle de vie des donn\u00e9es, ainsi que les t\u00e2ches et responsabilit\u00e9s des Data Stewards \u00e0 chaque \u00e9tape:<\/p>\n\n\n\n<div class=\"wp-block-columns is-layout-flex wp-container-core-columns-is-layout-9d6595d7 wp-block-columns-is-layout-flex\">\n<div class=\"wp-block-column is-layout-flow wp-block-column-is-layout-flow\">\n<figure class=\"wp-block-image size-full is-resized\"><img alt=\"\" loading=\"lazy\" decoding=\"async\" width=\"852\" height=\"851\" src=\"https:\/\/wp.unil.ch\/swissds-env\/files\/2023\/10\/RD_Roles_FINAL_CC-BY_legende_F.png\" alt=\"\" class=\"wp-image-1317\" style=\"object-fit:cover;width:400px;height:400px\" srcset=\"https:\/\/wp.unil.ch\/swissds-env\/files\/2023\/10\/RD_Roles_FINAL_CC-BY_legende_F.png 852w, https:\/\/wp.unil.ch\/swissds-env\/files\/2023\/10\/RD_Roles_FINAL_CC-BY_legende_F-300x300.png 300w, https:\/\/wp.unil.ch\/swissds-env\/files\/2023\/10\/RD_Roles_FINAL_CC-BY_legende_F-150x150.png 150w, https:\/\/wp.unil.ch\/swissds-env\/files\/2023\/10\/RD_Roles_FINAL_CC-BY_legende_F-768x767.png 768w, https:\/\/wp.unil.ch\/swissds-env\/files\/2023\/10\/RD_Roles_FINAL_CC-BY_legende_F-12x12.png 12w, https:\/\/wp.unil.ch\/swissds-env\/files\/2023\/10\/RD_Roles_FINAL_CC-BY_legende_F-540x539.png 540w\" sizes=\"auto, (max-width: 852px) 100vw, 852px\" \/><\/figure>\n<\/div>\n\n\n\n<div class=\"wp-block-column is-layout-flow wp-block-column-is-layout-flow\">\n<figure class=\"wp-block-image size-full is-resized\"><img alt=\"\" loading=\"lazy\" decoding=\"async\" width=\"852\" height=\"851\" src=\"https:\/\/wp.unil.ch\/swissds-env\/files\/2023\/10\/DS_Taches_FINAL_CC-BY_legende_F.png\" alt=\"\" class=\"wp-image-1318\" style=\"object-fit:cover;width:400px;height:400px\" srcset=\"https:\/\/wp.unil.ch\/swissds-env\/files\/2023\/10\/DS_Taches_FINAL_CC-BY_legende_F.png 852w, https:\/\/wp.unil.ch\/swissds-env\/files\/2023\/10\/DS_Taches_FINAL_CC-BY_legende_F-300x300.png 300w, https:\/\/wp.unil.ch\/swissds-env\/files\/2023\/10\/DS_Taches_FINAL_CC-BY_legende_F-150x150.png 150w, https:\/\/wp.unil.ch\/swissds-env\/files\/2023\/10\/DS_Taches_FINAL_CC-BY_legende_F-768x767.png 768w, https:\/\/wp.unil.ch\/swissds-env\/files\/2023\/10\/DS_Taches_FINAL_CC-BY_legende_F-12x12.png 12w, https:\/\/wp.unil.ch\/swissds-env\/files\/2023\/10\/DS_Taches_FINAL_CC-BY_legende_F-540x539.png 540w\" sizes=\"auto, (max-width: 852px) 100vw, 852px\" \/><\/figure>\n<\/div>\n<\/div>\n\n\n\n<p class=\"has-text-align-left\">D\u2019un contexte \u00e0 l\u2019autre, en fonction de l\u2019environnement institutionnel et des ressources, le niveau de contribution des Data Stewards pour chaque t\u00e2che (conseiller ou soutenir) pourra varier l\u00e9g\u00e8rement de celui repr\u00e9sent\u00e9 sur la figure ci-dessus.<\/p>\n\n\n\n<div style=\"height:50px\" aria-hidden=\"true\" class=\"wp-block-spacer\"><\/div>\n\n\n\n<p class=\"has-text-align-center\">Les r\u00e9sultats complets sont d\u00e9taill\u00e9s dans ce livrable <\/p>\n\n\n\n<p class=\"has-text-align-center\">(version en fran\u00e7ais et version en anglais):<\/p>\n\n\n\n<div class=\"wp-block-columns is-layout-flex wp-container-core-columns-is-layout-9d6595d7 wp-block-columns-is-layout-flex\">\n<div class=\"wp-block-column is-layout-flow wp-block-column-is-layout-flow\">\n<div data-wp-interactive=\"core\/file\" class=\"wp-block-file\"><object data-wp-bind--hidden=\"!state.hasPdfPreview\" hidden class=\"wp-block-file__embed\" data=\"https:\/\/wp.unil.ch\/swissds-env\/files\/2023\/11\/SwissDS-ENV_Action1_DefinitionProfil_VF_2023_v2.pdf\" type=\"application\/pdf\" style=\"width:100%;height:450px\" aria-label=\"PDF embarqu\u00e9\"><\/object><a href=\"https:\/\/wp.unil.ch\/swissds-env\/files\/2023\/11\/SwissDS-ENV_Action1_DefinitionProfil_VF_2023_v2.pdf\" class=\"wp-block-file__button wp-element-button\" download>D\u00e9finition <br>et profil <br>de m\u00e9tiers<br>Data<\/a><\/div>\n<\/div>\n\n\n\n<div class=\"wp-block-column is-layout-flow wp-block-column-is-layout-flow\" style=\"flex-basis:15px\"><\/div>\n\n\n\n<div class=\"wp-block-column is-layout-flow wp-block-column-is-layout-flow\">\n<div data-wp-interactive=\"core\/file\" class=\"wp-block-file\"><object data-wp-bind--hidden=\"!state.hasPdfPreview\" hidden class=\"wp-block-file__embed\" data=\"https:\/\/wp.unil.ch\/swissds-env\/files\/2024\/04\/SwissDS-ENV_Action1_DefinitionProfil_VF_ENG_2023_v2.pdf\" type=\"application\/pdf\" style=\"width:100%;height:450px\" aria-label=\"PDF embarqu\u00e9\"><\/object><a href=\"https:\/\/wp.unil.ch\/swissds-env\/files\/2024\/04\/SwissDS-ENV_Action1_DefinitionProfil_VF_ENG_2023_v2.pdf\" class=\"wp-block-file__button wp-element-button\" download>Definition <br>and profile <br>of Data<br>professions<\/a><\/div>\n<\/div>\n<\/div>\n\n\n\n<p><strong>b. Identification des comp\u00e9tences et des aptitudes cl\u00e9s des Data Stewards<\/strong><\/p>\n\n\n\n<p class=\"has-text-align-left\">Le profil de Data Steward requiert des comp\u00e9tences et des aptitudes sociales et professionnelles bien sp\u00e9cifiques, comme d\u00e9taill\u00e9 dans cet autre livrable (version en fran\u00e7ais et version en anglais):<\/p>\n\n\n\n<div class=\"wp-block-columns is-layout-flex wp-container-core-columns-is-layout-9d6595d7 wp-block-columns-is-layout-flex\">\n<div class=\"wp-block-column is-layout-flow wp-block-column-is-layout-flow\">\n<div data-wp-interactive=\"core\/file\" class=\"wp-block-file\"><object data-wp-bind--hidden=\"!state.hasPdfPreview\" hidden class=\"wp-block-file__embed\" data=\"https:\/\/wp.unil.ch\/swissds-env\/files\/2023\/10\/SwissDS-ENV_Action1_GrilleCompetencesAptitudes_VF_2023_v2-3.pdf\" type=\"application\/pdf\" style=\"width:100%;height:450px\" aria-label=\"PDF embarqu\u00e9\"><\/object><a href=\"https:\/\/wp.unil.ch\/swissds-env\/files\/2023\/10\/SwissDS-ENV_Action1_GrilleCompetencesAptitudes_VF_2023_v2-3.pdf\" class=\"wp-block-file__button wp-element-button\" download>Grille de<br>comp\u00e9tences <br>et d&rsquo;aptitudes <br>des Data Stewards<\/a><\/div>\n<\/div>\n\n\n\n<div class=\"wp-block-column is-layout-flow wp-block-column-is-layout-flow\" style=\"flex-basis:15px\"><\/div>\n\n\n\n<div class=\"wp-block-column is-layout-flow wp-block-column-is-layout-flow\">\n<div data-wp-interactive=\"core\/file\" class=\"wp-block-file\"><object data-wp-bind--hidden=\"!state.hasPdfPreview\" hidden class=\"wp-block-file__embed\" data=\"https:\/\/wp.unil.ch\/swissds-env\/files\/2024\/04\/SwissDS-ENV_Action1_CompetencesSkillsGrid_VF_ENG_2023_v3.pdf\" type=\"application\/pdf\" style=\"width:100%;height:450px\" aria-label=\"PDF embarqu\u00e9\"><\/object><a href=\"https:\/\/wp.unil.ch\/swissds-env\/files\/2024\/04\/SwissDS-ENV_Action1_CompetencesSkillsGrid_VF_ENG_2023_v3.pdf\" class=\"wp-block-file__button wp-element-button\" download>Data Steward <br>skills and<br>abilities grid<\/a><\/div>\n<\/div>\n<\/div>\n","protected":false},"excerpt":{"rendered":"<p>Les objectifs de cette action sont les suivants&nbsp;: Le plan d&rsquo;actions correspondant consiste \u00e0&nbsp;: R\u00e9sultats&nbsp;: a. Caract\u00e9risation du r\u00f4le de Data Steward dans le contexte de la communaut\u00e9&hellip;<\/p>\n","protected":false},"author":1002649,"featured_media":0,"parent":0,"menu_order":11,"comment_status":"closed","ping_status":"closed","template":"template-full-width.php","meta":{"_seopress_robots_primary_cat":"","_seopress_titles_title":"","_seopress_titles_desc":"","_seopress_robots_index":"","footnotes":""},"class_list":["post-177","page","type-page","status-publish","has-post-thumbnail"],"_links":{"self":[{"href":"https:\/\/wp.unil.ch\/swissds-env\/wp-json\/wp\/v2\/pages\/177","targetHints":{"allow":["GET"]}}],"collection":[{"href":"https:\/\/wp.unil.ch\/swissds-env\/wp-json\/wp\/v2\/pages"}],"about":[{"href":"https:\/\/wp.unil.ch\/swissds-env\/wp-json\/wp\/v2\/types\/page"}],"author":[{"embeddable":true,"href":"https:\/\/wp.unil.ch\/swissds-env\/wp-json\/wp\/v2\/users\/1002649"}],"replies":[{"embeddable":true,"href":"https:\/\/wp.unil.ch\/swissds-env\/wp-json\/wp\/v2\/comments?post=177"}],"version-history":[{"count":5,"href":"https:\/\/wp.unil.ch\/swissds-env\/wp-json\/wp\/v2\/pages\/177\/revisions"}],"predecessor-version":[{"id":1664,"href":"https:\/\/wp.unil.ch\/swissds-env\/wp-json\/wp\/v2\/pages\/177\/revisions\/1664"}],"wp:attachment":[{"href":"https:\/\/wp.unil.ch\/swissds-env\/wp-json\/wp\/v2\/media?parent=177"}],"curies":[{"name":"wp","href":"https:\/\/api.w.org\/{rel}","templated":true}]}}