{"id":447,"date":"2023-07-27T17:21:00","date_gmt":"2023-07-27T15:21:00","guid":{"rendered":"https:\/\/wp.unil.ch\/swissds-env\/?page_id=447"},"modified":"2023-11-09T15:16:13","modified_gmt":"2023-11-09T14:16:13","slug":"impressum","status":"publish","type":"page","link":"https:\/\/wp.unil.ch\/swissds-env\/en\/impressum\/","title":{"rendered":"Impressum"},"content":{"rendered":"<p><strong>Design<\/strong><\/p>\n\n\n\n<p>UNIL | University of Lausanne<\/p>\n\n\n\n<p>UNIRIS - Information resources and archives department<\/p>\n\n\n\n<p>uniris@unil.ch <\/p>\n\n\n\n<p><strong>Terms and conditions of use<\/strong><\/p>\n\n\n\n<p class=\"translation-block\">The site <a href=\"http:\/\/www.unil.ch\/swissds-env\/en\" target=\"_self\">unil.ch\/swissds-env<\/a> and its content are provided by UNIRIS and licensed under the Creative Commons: <a rel=\"noreferrer noopener\" href=\"https:\/\/creativecommons.org\/licenses\/by\/4.0\/\" target=\"_blank\">CC BY 4.0 International<\/a> (attribution).<\/p>\n\n\n<div class=\"wp-block-image\">\n<figure class=\"alignleft size-full is-resized\"><img alt=\"\" loading=\"lazy\" decoding=\"async\" width=\"88\" height=\"31\" src=\"https:\/\/wp.unil.ch\/swissds-env\/files\/2023\/11\/CC-BY.png\" class=\"wp-image-1475\" style=\"aspect-ratio:2.838709677419355;width:128px;height:auto\" srcset=\"https:\/\/wp.unil.ch\/swissds-env\/files\/2023\/11\/CC-BY.png 88w, https:\/\/wp.unil.ch\/swissds-env\/files\/2023\/11\/CC-BY-18x6.png 18w\" sizes=\"auto, (max-width: 88px) 100vw, 88px\" \/><\/figure>\n<\/div>\n\n\n<div style=\"height:8px\" aria-hidden=\"true\" class=\"wp-block-spacer\"><\/div>\n\n\n\n<p>This license does not apply to the external content and links mentioned in this site.<\/p>\n\n\n\n<p><strong>You are free to:<\/strong><\/p>\n\n\n\n<ul class=\"wp-block-list\">\n<li class=\"translation-block\"><strong>Share<\/strong> \u2014 copy and redistribute the material in any medium or format for any purpose, even commercially<\/li>\n\n\n\n<li class=\"translation-block\"><strong>Adapt<\/strong> \u2014 remix, transform, and build upon the material for any purpose, even commercially.<\/li>\n<\/ul>\n\n\n\n<p>The licensor cannot revoke these freedoms as long as you follow the license terms.<\/p>\n\n\n\n<p><strong>Under the following terms:<\/strong><\/p>\n\n\n\n<ul class=\"wp-block-list\">\n<li class=\"translation-block\"><strong>Attribution<\/strong> - You must <a href=\"https:\/\/creativecommons.org\/licenses\/by\/4.0\/deed.en#\" target=\"_self\">give appropriate credit<\/a> in the following way: University of Lausanne <a href=\"https:\/\/unil.ch\/uniris\/home.html\" target=\"_self\">UNIRIS<\/a>. You must provide a link to the license, and <a href=\"https:\/\/creativecommons.org\/licenses\/by\/4.0\/deed.en#\" target=\"_self\">indicate<\/a> if changes were made. You may do so in any reasonable manner, but not in any way that suggests the licensor endorses you or your use.<\/li>\n\n\n\n<li class=\"translation-block\"><strong>No additional restrictions<\/strong> - You may not apply legal terms or <a href=\"https:\/\/creativecommons.org\/licenses\/by\/4.0\/deed.en#\" target=\"_self\">technological mesures<\/a> that legally restrict others from doing anything the license permits.<\/li>\n<\/ul>\n\n\n\n<p><strong>Notes:<\/strong><\/p>\n\n\n\n<p class=\"translation-block\">You do not have to comply with the license for elements of the material in the public domain or where your use is permitted by an applicable <a href=\"https:\/\/creativecommons.org\/licenses\/by\/4.0\/deed.en#\" target=\"_self\">exception or limitation<\/a>.<\/p>\n\n\n\n<p class=\"translation-block\">No warranties are given. The license may not give you all of the permissions necessary for your intended use. For example, other rights such as <a href=\"https:\/\/creativecommons.org\/licenses\/by\/4.0\/deed.fr#\" target=\"_self\"> publicity, privacy, or moral rights<\/a> may limit how you use the material.<\/p>","protected":false},"excerpt":{"rendered":"<p>R\u00e9alisation UNIL | Universit\u00e9 de Lausanne UNIRIS &#8211; Service des ressources informationnelles et archives uniris@unil.ch Conditions g\u00e9n\u00e9rales d&rsquo;utilisation Toutes les informations ou documents diffus\u00e9s sur unil.ch\/swissds-env sont mis&hellip;<\/p>","protected":false},"author":1002649,"featured_media":0,"parent":0,"menu_order":60,"comment_status":"closed","ping_status":"closed","template":"template-full-width.php","meta":{"_seopress_robots_primary_cat":"","_seopress_titles_title":"","_seopress_titles_desc":"","_seopress_robots_index":"","footnotes":""},"class_list":["post-447","page","type-page","status-publish","has-post-thumbnail"],"_links":{"self":[{"href":"https:\/\/wp.unil.ch\/swissds-env\/en\/wp-json\/wp\/v2\/pages\/447","targetHints":{"allow":["GET"]}}],"collection":[{"href":"https:\/\/wp.unil.ch\/swissds-env\/en\/wp-json\/wp\/v2\/pages"}],"about":[{"href":"https:\/\/wp.unil.ch\/swissds-env\/en\/wp-json\/wp\/v2\/types\/page"}],"author":[{"embeddable":true,"href":"https:\/\/wp.unil.ch\/swissds-env\/en\/wp-json\/wp\/v2\/users\/1002649"}],"replies":[{"embeddable":true,"href":"https:\/\/wp.unil.ch\/swissds-env\/en\/wp-json\/wp\/v2\/comments?post=447"}],"version-history":[{"count":5,"href":"https:\/\/wp.unil.ch\/swissds-env\/en\/wp-json\/wp\/v2\/pages\/447\/revisions"}],"predecessor-version":[{"id":1494,"href":"https:\/\/wp.unil.ch\/swissds-env\/en\/wp-json\/wp\/v2\/pages\/447\/revisions\/1494"}],"wp:attachment":[{"href":"https:\/\/wp.unil.ch\/swissds-env\/en\/wp-json\/wp\/v2\/media?parent=447"}],"curies":[{"name":"wp","href":"https:\/\/api.w.org\/{rel}","templated":true}]}}