{"id":216,"date":"2023-07-20T15:50:29","date_gmt":"2023-07-20T13:50:29","guid":{"rendered":"https:\/\/wp.unil.ch\/swissds-env\/?page_id=216"},"modified":"2023-11-24T08:33:31","modified_gmt":"2023-11-24T07:33:31","slug":"ressources","status":"publish","type":"page","link":"https:\/\/wp.unil.ch\/swissds-env\/en\/ressources\/","title":{"rendered":"Resources"},"content":{"rendered":"<p class=\"has-text-align-center translation-block\"><strong>Proposal for the swissuniversities call (<a href=\"https:\/\/www.swissuniversities.ch\/en\/topics\/digitalisation\/open-research-data\/ord-calls\" target=\"_self\">action B5.2<\/a>) <\/strong>(French version and English version)<\/p>\n\n\n\n<div class=\"wp-block-columns is-layout-flex wp-container-core-columns-is-layout-9d6595d7 wp-block-columns-is-layout-flex\">\n<div class=\"wp-block-column is-layout-flow wp-block-column-is-layout-flow\">\n<div data-wp-interactive=\"core\/file\" class=\"wp-block-file\"><object data-wp-bind--hidden=\"!state.hasPdfPreview\" hidden class=\"wp-block-file__embed\" data=\"https:\/\/wp.unil.ch\/swissds-env\/files\/2023\/10\/UNIL_and_Co_Plan_de_Mesures_Data_stewardship_Appel_Swissuniversities_B52_SDS_ENV_MaJ_2022.pdf\" type=\"application\/pdf\" style=\"width:100%;height:450px\" aria-label=\"PDF embed\"><\/object><a href=\"https:\/\/wp.unil.ch\/swissds-env\/en\/files\/2023\/10\/UNIL_and_Co_Plan_de_Mesures_Data_stewardship_Appel_Swissuniversities_B52_SDS_ENV_MaJ_2022.pdf\/\" class=\"wp-block-file__button wp-element-button\" download>Plan de <br>mesures<\/a><\/div>\n<\/div>\n\n\n\n<div class=\"wp-block-column is-layout-flow wp-block-column-is-layout-flow\" style=\"flex-basis:20px\"><\/div>\n\n\n\n<div class=\"wp-block-column is-layout-flow wp-block-column-is-layout-flow\">\n<div data-wp-interactive=\"core\/file\" class=\"wp-block-file\"><object data-wp-bind--hidden=\"!state.hasPdfPreview\" hidden class=\"wp-block-file__embed\" data=\"https:\/\/wp.unil.ch\/swissds-env\/files\/2023\/10\/UNIL_and_Co_Plan_de_Mesures_Data_stewardship_Appel_Swissuniversities_B52_SDS_ENV_ENG_MaJ_2022.pdf\" type=\"application\/pdf\" style=\"width:100%;height:450px\" aria-label=\"PDF embed\"><\/object><a href=\"https:\/\/wp.unil.ch\/swissds-env\/en\/files\/2023\/10\/UNIL_and_Co_Plan_de_Mesures_Data_stewardship_Appel_Swissuniversities_B52_SDS_ENV_ENG_MaJ_2022.pdf\/\" class=\"wp-block-file__button wp-element-button\" download>Measurement<br>plan<\/a><\/div>\n<\/div>\n<\/div>\n\n\n\n<p class=\"has-text-align-center has-large-font-size translation-block\"><strong>Flyer<\/strong><\/p>\n\n\n\n<div data-wp-interactive=\"core\/file\" class=\"wp-block-file\"><object data-wp-bind--hidden=\"!state.hasPdfPreview\" hidden class=\"wp-block-file__embed\" data=\"https:\/\/wp.unil.ch\/swissds-env\/files\/2023\/10\/Flyer_SwissDS_ENV_2023-1.pdf\" type=\"application\/pdf\" style=\"width:100%;height:450px\" aria-label=\"PDF embed\"><\/object><a href=\"https:\/\/wp.unil.ch\/swissds-env\/en\/files\/2023\/10\/Flyer_SwissDS_ENV_2023-1.pdf\/\" class=\"wp-block-file__button wp-element-button\" download>Flyer<\/a><\/div>\n\n\n\n<p class=\"has-text-align-center has-large-font-size\"><strong>Poster <\/strong><\/p>\n\n\n\n<p class=\"has-text-align-center has-normal-font-size translation-block\">swissuniversities Day on <a href=\"http:\/\/swissuniversities.ch\/fileadmin\/swissuniversities\/Dokumente\/Hochschulpolitik\/ORD\/Calls\/B5.2\/20230426-DataStewardship-PosterSession-Compilation-red.pdf\" target=\"_self\">Action line B5.2 Data Stewardship<\/a>, 26 April 2023<\/p>\n\n\n<div class=\"wp-block-image\">\n<figure class=\"aligncenter size-large\"><img alt=\"\" loading=\"lazy\" decoding=\"async\" width=\"724\" height=\"1024\" src=\"http:\/\/wp.unil.ch\/swissds-env\/files\/2023\/10\/SwissDS_ENV_Poster_Bern_26042023_en.png\" class=\"wp-image-1311\" srcset=\"https:\/\/wp.unil.ch\/swissds-env\/files\/2023\/10\/SwissDS_ENV_Poster_Bern_26042023_en.png 849w, https:\/\/wp.unil.ch\/swissds-env\/files\/2023\/10\/SwissDS_ENV_Poster_Bern_26042023_en-212x300.png 212w, https:\/\/wp.unil.ch\/swissds-env\/files\/2023\/10\/SwissDS_ENV_Poster_Bern_26042023_en-724x1024.png 724w, https:\/\/wp.unil.ch\/swissds-env\/files\/2023\/10\/SwissDS_ENV_Poster_Bern_26042023_en-768x1086.png 768w, https:\/\/wp.unil.ch\/swissds-env\/files\/2023\/10\/SwissDS_ENV_Poster_Bern_26042023_en-8x12.png 8w, https:\/\/wp.unil.ch\/swissds-env\/files\/2023\/10\/SwissDS_ENV_Poster_Bern_26042023_en-540x763.png 540w\" sizes=\"auto, (max-width: 724px) 100vw, 724px\" \/><\/figure>\n<\/div>\n\n\n<p class=\"has-text-align-center has-large-font-size\"><strong>Presentation (in French) <\/strong><\/p>\n\n\n\n<p class=\"has-text-align-center has-normal-font-size translation-block\"><a href=\"http:\/\/hes-so.ch\/recherche-innovation\/open-science\/journees-open-science\/journees-open-science-2023\" target=\"_self\">HES-SO Open Science Day<\/a>, 9 May 2023<\/p>\n\n\n\n<div data-wp-interactive=\"core\/file\" class=\"wp-block-file\"><object data-wp-bind--hidden=\"!state.hasPdfPreview\" hidden class=\"wp-block-file__embed\" data=\"https:\/\/wp.unil.ch\/swissds-env\/files\/2023\/10\/20230509_HESSO_OS_SwissDS_ENV.pdf\" type=\"application\/pdf\" style=\"width:100%;height:500px\" aria-label=\"PDF embed\"><\/object><a href=\"https:\/\/wp.unil.ch\/swissds-env\/en\/files\/2023\/10\/20230509_HESSO_OS_SwissDS_ENV.pdf\/\" class=\"wp-block-file__button wp-element-button\" download>SwissDS-ENV: <br>Une formation CAS <br>en Data Stewardship<\/a><\/div>","protected":false},"excerpt":{"rendered":"<p>R\u00e9ponse \u00e0 l&rsquo;appel \u00e0 projet swissuniversities (action B5.2) (version en fran\u00e7ais et version en anglais) Flyer (version en anglais) Poster Journ\u00e9e swissuniversities action B5.2 Data Stewardship, 26 avril&hellip;<\/p>","protected":false},"author":1002649,"featured_media":0,"parent":0,"menu_order":1,"comment_status":"closed","ping_status":"closed","template":"template-full-width.php","meta":{"_seopress_robots_primary_cat":"","_seopress_titles_title":"","_seopress_titles_desc":"","_seopress_robots_index":"","footnotes":""},"class_list":["post-216","page","type-page","status-publish","has-post-thumbnail"],"_links":{"self":[{"href":"https:\/\/wp.unil.ch\/swissds-env\/en\/wp-json\/wp\/v2\/pages\/216","targetHints":{"allow":["GET"]}}],"collection":[{"href":"https:\/\/wp.unil.ch\/swissds-env\/en\/wp-json\/wp\/v2\/pages"}],"about":[{"href":"https:\/\/wp.unil.ch\/swissds-env\/en\/wp-json\/wp\/v2\/types\/page"}],"author":[{"embeddable":true,"href":"https:\/\/wp.unil.ch\/swissds-env\/en\/wp-json\/wp\/v2\/users\/1002649"}],"replies":[{"embeddable":true,"href":"https:\/\/wp.unil.ch\/swissds-env\/en\/wp-json\/wp\/v2\/comments?post=216"}],"version-history":[{"count":5,"href":"https:\/\/wp.unil.ch\/swissds-env\/en\/wp-json\/wp\/v2\/pages\/216\/revisions"}],"predecessor-version":[{"id":1607,"href":"https:\/\/wp.unil.ch\/swissds-env\/en\/wp-json\/wp\/v2\/pages\/216\/revisions\/1607"}],"wp:attachment":[{"href":"https:\/\/wp.unil.ch\/swissds-env\/en\/wp-json\/wp\/v2\/media?parent=216"}],"curies":[{"name":"wp","href":"https:\/\/api.w.org\/{rel}","templated":true}]}}