{"id":177,"date":"2023-07-20T15:36:27","date_gmt":"2023-07-20T13:36:27","guid":{"rendered":"https:\/\/wp.unil.ch\/swissds-env\/?page_id=177"},"modified":"2024-04-03T17:11:18","modified_gmt":"2024-04-03T15:11:18","slug":"action-1","status":"publish","type":"page","link":"https:\/\/wp.unil.ch\/swissds-env\/en\/action-1\/","title":{"rendered":"1. Definition and profile"},"content":{"rendered":"<p><strong>The objectives of this Action are to:<\/strong><\/p>\n\n\n\n<ul class=\"wp-block-list\">\n<li>Formalize a common language and characterize the profiles of Data Stewards and other Data-related jobs: data librarians, data archivists, data curators, data scientists, etc.<\/li>\n\n\n\n<li>Establish a grid of competencies and skills (professional, methodological, personal and social ones) of the Data Stewards<\/li>\n<\/ul>\n\n\n\n<p><strong>Action plan:<\/strong><\/p>\n\n\n\n<ul class=\"wp-block-list\">\n<li>Creating a glossary of common definitions and terms<\/li>\n\n\n\n<li>Identifying key skills and abilities of Data Stewards<\/li>\n\n\n\n<li>Creating a reference framework for these skills and abilities<\/li>\n<\/ul>\n\n\n\n<p><strong>Results:<\/strong><\/p>\n\n\n\n<p><strong>a. Characterizing the role of Data Steward in the context of the Swiss scientific community<\/strong><\/p>\n\n\n\n<p class=\"has-text-align-left\">These two figures illustrate the contributions by the data-related professionals to the steps of the data lifecycle, and the specific tasks of the Data Stewards at each step:<\/p>\n\n\n\n<div class=\"wp-block-columns is-layout-flex wp-container-core-columns-is-layout-9d6595d7 wp-block-columns-is-layout-flex\">\n<div class=\"wp-block-column is-layout-flow wp-block-column-is-layout-flow\">\n<figure class=\"wp-block-image size-full is-resized\"><img alt=\"\" loading=\"lazy\" decoding=\"async\" width=\"852\" height=\"851\" src=\"https:\/\/wp.unil.ch\/swissds-env\/files\/2023\/10\/RD_Roles_FINAL_CC-BY_legende_F.png\" class=\"wp-image-1317\" style=\"object-fit:cover;width:400px;height:400px\" srcset=\"https:\/\/wp.unil.ch\/swissds-env\/files\/2023\/10\/RD_Roles_FINAL_CC-BY_legende_F.png 852w, https:\/\/wp.unil.ch\/swissds-env\/files\/2023\/10\/RD_Roles_FINAL_CC-BY_legende_F-300x300.png 300w, https:\/\/wp.unil.ch\/swissds-env\/files\/2023\/10\/RD_Roles_FINAL_CC-BY_legende_F-150x150.png 150w, https:\/\/wp.unil.ch\/swissds-env\/files\/2023\/10\/RD_Roles_FINAL_CC-BY_legende_F-768x767.png 768w, https:\/\/wp.unil.ch\/swissds-env\/files\/2023\/10\/RD_Roles_FINAL_CC-BY_legende_F-12x12.png 12w, https:\/\/wp.unil.ch\/swissds-env\/files\/2023\/10\/RD_Roles_FINAL_CC-BY_legende_F-540x539.png 540w\" sizes=\"auto, (max-width: 852px) 100vw, 852px\" \/><\/figure>\n<\/div>\n\n\n\n<div class=\"wp-block-column is-layout-flow wp-block-column-is-layout-flow\">\n<figure class=\"wp-block-image size-full is-resized\"><img alt=\"\" loading=\"lazy\" decoding=\"async\" width=\"852\" height=\"851\" src=\"https:\/\/wp.unil.ch\/swissds-env\/files\/2023\/10\/DS_Taches_FINAL_CC-BY_legende_F.png\" class=\"wp-image-1318\" style=\"object-fit:cover;width:400px;height:400px\" srcset=\"https:\/\/wp.unil.ch\/swissds-env\/files\/2023\/10\/DS_Taches_FINAL_CC-BY_legende_F.png 852w, https:\/\/wp.unil.ch\/swissds-env\/files\/2023\/10\/DS_Taches_FINAL_CC-BY_legende_F-300x300.png 300w, https:\/\/wp.unil.ch\/swissds-env\/files\/2023\/10\/DS_Taches_FINAL_CC-BY_legende_F-150x150.png 150w, https:\/\/wp.unil.ch\/swissds-env\/files\/2023\/10\/DS_Taches_FINAL_CC-BY_legende_F-768x767.png 768w, https:\/\/wp.unil.ch\/swissds-env\/files\/2023\/10\/DS_Taches_FINAL_CC-BY_legende_F-12x12.png 12w, https:\/\/wp.unil.ch\/swissds-env\/files\/2023\/10\/DS_Taches_FINAL_CC-BY_legende_F-540x539.png 540w\" sizes=\"auto, (max-width: 852px) 100vw, 852px\" \/><\/figure>\n<\/div>\n<\/div>\n\n\n\n<p class=\"has-text-align-left\">Depending on the specific context, the institutional environment and the resources available, the level of Data Stewards' contribution to each step (advise or support) may slightly vary from the one shown in the Figure.<\/p>\n\n\n\n<div style=\"height:50px\" aria-hidden=\"true\" class=\"wp-block-spacer\"><\/div>\n\n\n\n<p class=\"has-text-align-center\">The full results are detailed in this deliverable <\/p>\n\n\n\n<p class=\"has-text-align-center\">(French version and English version):<\/p>\n\n\n\n<div class=\"wp-block-columns is-layout-flex wp-container-core-columns-is-layout-9d6595d7 wp-block-columns-is-layout-flex\">\n<div class=\"wp-block-column is-layout-flow wp-block-column-is-layout-flow\">\n<div data-wp-interactive=\"core\/file\" class=\"wp-block-file\"><object data-wp-bind--hidden=\"!state.hasPdfPreview\" hidden class=\"wp-block-file__embed\" data=\"https:\/\/wp.unil.ch\/swissds-env\/files\/2023\/11\/SwissDS-ENV_Action1_DefinitionProfil_VF_2023_v2.pdf\" type=\"application\/pdf\" style=\"width:100%;height:450px\" aria-label=\"PDF embed\"><\/object><a href=\"https:\/\/wp.unil.ch\/swissds-env\/en\/files\/2023\/11\/SwissDS-ENV_Action1_DefinitionProfil_VF_2023_v2.pdf\/\" class=\"wp-block-file__button wp-element-button\" download>D\u00e9finition <br>et profil <br>de m\u00e9tiers<br>Data<\/a><\/div>\n<\/div>\n\n\n\n<div class=\"wp-block-column is-layout-flow wp-block-column-is-layout-flow\" style=\"flex-basis:15px\"><\/div>\n\n\n\n<div class=\"wp-block-column is-layout-flow wp-block-column-is-layout-flow\">\n<div data-wp-interactive=\"core\/file\" class=\"wp-block-file\"><object data-wp-bind--hidden=\"!state.hasPdfPreview\" hidden class=\"wp-block-file__embed\" data=\"https:\/\/wp.unil.ch\/swissds-env\/files\/2024\/04\/SwissDS-ENV_Action1_DefinitionProfil_VF_ENG_2023_v2.pdf\" type=\"application\/pdf\" style=\"width:100%;height:450px\" aria-label=\"PDF embed\"><\/object><a href=\"https:\/\/wp.unil.ch\/swissds-env\/en\/files\/2024\/04\/SwissDS-ENV_Action1_DefinitionProfil_VF_ENG_2023_v2.pdf\/\" class=\"wp-block-file__button wp-element-button\" download>Definition <br>and profile <br>of Data<br>professions<\/a><\/div>\n<\/div>\n<\/div>\n\n\n\n<p><strong>b. Specifying the key skills and abilities of Data Stewards<\/strong><\/p>\n\n\n\n<p class=\"has-text-align-left\">The competencies and skills required of Data Stewards are very specific. They include professional and social competencies, as presented in this other deliverable (French version and English version):<\/p>\n\n\n\n<div class=\"wp-block-columns is-layout-flex wp-container-core-columns-is-layout-9d6595d7 wp-block-columns-is-layout-flex\">\n<div class=\"wp-block-column is-layout-flow wp-block-column-is-layout-flow\">\n<div data-wp-interactive=\"core\/file\" class=\"wp-block-file\"><object data-wp-bind--hidden=\"!state.hasPdfPreview\" hidden class=\"wp-block-file__embed\" data=\"https:\/\/wp.unil.ch\/swissds-env\/files\/2023\/10\/SwissDS-ENV_Action1_GrilleCompetencesAptitudes_VF_2023_v2-3.pdf\" type=\"application\/pdf\" style=\"width:100%;height:450px\" aria-label=\"PDF embed\"><\/object><a href=\"https:\/\/wp.unil.ch\/swissds-env\/en\/files\/2023\/10\/SwissDS-ENV_Action1_GrilleCompetencesAptitudes_VF_2023_v2-3.pdf\/\" class=\"wp-block-file__button wp-element-button\" download>Grille de<br>comp\u00e9tences <br>et d&rsquo;aptitudes <br>des Data Stewards<\/a><\/div>\n<\/div>\n\n\n\n<div class=\"wp-block-column is-layout-flow wp-block-column-is-layout-flow\" style=\"flex-basis:15px\"><\/div>\n\n\n\n<div class=\"wp-block-column is-layout-flow wp-block-column-is-layout-flow\">\n<div data-wp-interactive=\"core\/file\" class=\"wp-block-file\"><object data-wp-bind--hidden=\"!state.hasPdfPreview\" hidden class=\"wp-block-file__embed\" data=\"https:\/\/wp.unil.ch\/swissds-env\/files\/2024\/04\/SwissDS-ENV_Action1_CompetencesSkillsGrid_VF_ENG_2023_v3.pdf\" type=\"application\/pdf\" style=\"width:100%;height:450px\" aria-label=\"PDF embed\"><\/object><a href=\"https:\/\/wp.unil.ch\/swissds-env\/en\/files\/2024\/04\/SwissDS-ENV_Action1_CompetencesSkillsGrid_VF_ENG_2023_v3.pdf\/\" class=\"wp-block-file__button wp-element-button\" download>Data Steward <br>skills and<br>abilities grid<\/a><\/div>\n<\/div>\n<\/div>","protected":false},"excerpt":{"rendered":"<p>Les objectifs de cette action sont les suivants&nbsp;: Le plan d&rsquo;actions correspondant consiste \u00e0&nbsp;: R\u00e9sultats&nbsp;: a. Caract\u00e9risation du r\u00f4le de Data Steward dans le contexte de la communaut\u00e9&hellip;<\/p>","protected":false},"author":1002649,"featured_media":0,"parent":0,"menu_order":11,"comment_status":"closed","ping_status":"closed","template":"template-full-width.php","meta":{"_seopress_robots_primary_cat":"","_seopress_titles_title":"","_seopress_titles_desc":"","_seopress_robots_index":"","footnotes":""},"class_list":["post-177","page","type-page","status-publish","has-post-thumbnail"],"_links":{"self":[{"href":"https:\/\/wp.unil.ch\/swissds-env\/en\/wp-json\/wp\/v2\/pages\/177","targetHints":{"allow":["GET"]}}],"collection":[{"href":"https:\/\/wp.unil.ch\/swissds-env\/en\/wp-json\/wp\/v2\/pages"}],"about":[{"href":"https:\/\/wp.unil.ch\/swissds-env\/en\/wp-json\/wp\/v2\/types\/page"}],"author":[{"embeddable":true,"href":"https:\/\/wp.unil.ch\/swissds-env\/en\/wp-json\/wp\/v2\/users\/1002649"}],"replies":[{"embeddable":true,"href":"https:\/\/wp.unil.ch\/swissds-env\/en\/wp-json\/wp\/v2\/comments?post=177"}],"version-history":[{"count":5,"href":"https:\/\/wp.unil.ch\/swissds-env\/en\/wp-json\/wp\/v2\/pages\/177\/revisions"}],"predecessor-version":[{"id":1664,"href":"https:\/\/wp.unil.ch\/swissds-env\/en\/wp-json\/wp\/v2\/pages\/177\/revisions\/1664"}],"wp:attachment":[{"href":"https:\/\/wp.unil.ch\/swissds-env\/en\/wp-json\/wp\/v2\/media?parent=177"}],"curies":[{"name":"wp","href":"https:\/\/api.w.org\/{rel}","templated":true}]}}