{"id":7986,"date":"2026-04-08T13:04:23","date_gmt":"2026-04-08T11:04:23","guid":{"rendered":"https:\/\/wp.unil.ch\/swiss100\/?page_id=7986"},"modified":"2026-04-08T13:56:49","modified_gmt":"2026-04-08T11:56:49","slug":"lausanne","status":"publish","type":"page","link":"https:\/\/wp.unil.ch\/swiss100\/lausanne\/","title":{"rendered":"Lausanne"},"content":{"rendered":"\n<h3 class=\"wp-block-heading alignfull has-text-align-center\">WELCOME TO YOUR FUTURE: CENTENARIANS OF SWITZERLAND<br>&nbsp;&nbsp;&nbsp;&nbsp;&nbsp;EXHIBITION AT forum de l&#8217;h\u00f4tel de ville<\/h3>\n\n\n\n<figure class=\"wp-block-image alignwide size-full\"><img alt=\"\" loading=\"lazy\" decoding=\"async\" width=\"2528\" height=\"1422\" src=\"https:\/\/wp.unil.ch\/swiss100\/files\/2026\/04\/lausanne_hoteldeville_c_lausanne_tourisme-p.waterton-edited.webp\" alt=\"\" class=\"wp-image-8006\" srcset=\"https:\/\/wp.unil.ch\/swiss100\/files\/2026\/04\/lausanne_hoteldeville_c_lausanne_tourisme-p.waterton-edited.webp 2528w, https:\/\/wp.unil.ch\/swiss100\/files\/2026\/04\/lausanne_hoteldeville_c_lausanne_tourisme-p.waterton-edited-300x169.webp 300w, https:\/\/wp.unil.ch\/swiss100\/files\/2026\/04\/lausanne_hoteldeville_c_lausanne_tourisme-p.waterton-edited-1024x576.webp 1024w, https:\/\/wp.unil.ch\/swiss100\/files\/2026\/04\/lausanne_hoteldeville_c_lausanne_tourisme-p.waterton-edited-150x84.webp 150w, https:\/\/wp.unil.ch\/swiss100\/files\/2026\/04\/lausanne_hoteldeville_c_lausanne_tourisme-p.waterton-edited-768x432.webp 768w, https:\/\/wp.unil.ch\/swiss100\/files\/2026\/04\/lausanne_hoteldeville_c_lausanne_tourisme-p.waterton-edited-1536x864.webp 1536w, https:\/\/wp.unil.ch\/swiss100\/files\/2026\/04\/lausanne_hoteldeville_c_lausanne_tourisme-p.waterton-edited-2048x1152.webp 2048w, https:\/\/wp.unil.ch\/swiss100\/files\/2026\/04\/lausanne_hoteldeville_c_lausanne_tourisme-p.waterton-edited-540x304.webp 540w, https:\/\/wp.unil.ch\/swiss100\/files\/2026\/04\/lausanne_hoteldeville_c_lausanne_tourisme-p.waterton-edited-1080x608.webp 1080w, https:\/\/wp.unil.ch\/swiss100\/files\/2026\/04\/lausanne_hoteldeville_c_lausanne_tourisme-p.waterton-edited-1980x1114.webp 1980w\" sizes=\"auto, (max-width: 2528px) 100vw, 2528px\" \/><\/figure>\n\n\n\n<div class=\"wp-block-columns alignwide is-layout-flex wp-container-core-columns-is-layout-9d6595d7 wp-block-columns-is-layout-flex\">\n<div class=\"wp-block-column is-vertically-aligned-center is-layout-flow wp-block-column-is-layout-flow\">\n<h3 class=\"wp-block-heading\">informations<\/h3>\n\n\n\n<p class=\"has-text-align-left\"><strong><strong>Dates<\/strong><\/strong> : 9th june to 4th july 2026<\/p>\n\n\n\n<p class=\"has-text-align-left\"><strong>Address:<\/strong>&nbsp;Pl. de la Palud 2, 1003 Lausanne<\/p>\n\n\n\n<p><strong>Opening hours<\/strong> : <\/p>\n\n\n\n<div class=\"wp-block-columns is-layout-flex wp-container-core-columns-is-layout-9d6595d7 wp-block-columns-is-layout-flex\">\n<div class=\"wp-block-column is-layout-flow wp-block-column-is-layout-flow\">\n<div class=\"wp-block-columns is-layout-flex wp-container-core-columns-is-layout-9d6595d7 wp-block-columns-is-layout-flex\">\n<div class=\"wp-block-column is-layout-flow wp-block-column-is-layout-flow\">\n<h3 class=\"wp-block-heading\">Program<\/h3>\n\n\n\n<details class=\"wp-block-details is-layout-flow wp-block-details-is-layout-flow\"><summary><strong>Opening<\/strong> <strong>event, 9 june 2026 at 17:30<\/strong><\/summary>\n<p><a href=\"https:\/\/docs.google.com\/forms\/d\/e\/1FAIpQLSf75TO80ElB1HmwvrA05gEpzimHGe4XULsGrdNqOFPIRXkM8w\/viewform?usp=header\">Registration<\/a> (or for any question, please contact us at swiss100@unil.ch)<\/p>\n\n\n\n<p>Event in french<\/p>\n\n\n\n<h6 class=\"wp-block-heading\">Welcome<\/h6>\n\n\n\n<p>Emilie&nbsp;Moeschler,<strong>&nbsp;<\/strong>Direction Sports et coh\u00e9sion sociale,&nbsp;&nbsp;<\/p>\n\n\n\n<p>Muriel Chenaux&nbsp;Mesnier,&nbsp;d\u00e9l\u00e9gu\u00e9e&nbsp;aux&nbsp;seniors,&nbsp;Ville de&nbsp;Lausanne&nbsp;<\/p>\n\n\n\n<h6 class=\"wp-block-heading\">Presentations&nbsp;<\/h6>\n\n\n\n<p>Pr.&nbsp;Daniela&nbsp;Jopp,&nbsp;directrice&nbsp;\u00e9tude&nbsp;SWISS100,&nbsp;Institut&nbsp;de psychologie,&nbsp;Universit\u00e9 de Lausanne&nbsp;<br><em>Centenaires en Suisse&nbsp;:&nbsp;\u00c9tude&nbsp;SWISS100&nbsp;et exposition<\/em>&nbsp;<\/p>\n\n\n\n<p>Pr.&nbsp;Dario&nbsp;Spini,&nbsp;Universit\u00e9 de Lausanne, <em>Centenaires \u2013 un nouveau continent<\/em>&nbsp;<\/p>\n\n\n\n<h6 class=\"wp-block-heading\"><strong><strong>Exchange and discussion between experts and the public<\/strong><br><\/strong><\/h6>\n<\/details>\n\n\n\n<details class=\"wp-block-details is-layout-flow wp-block-details-is-layout-flow\"><summary><strong><strong>Presentation Evening :<\/strong>&nbsp;Friday, June 19, 2026, 18:30&nbsp;&#8211; Cognitive functioning, risk factors, and predictors<\/strong><\/summary>\n<h6 class=\"wp-block-heading\"><strong>Cognitive functioning, risk factors, and predictors<\/strong><\/h6>\n\n\n\n<h6 class=\"wp-block-heading\"><strong>Presentations<\/strong>&nbsp;<\/h6>\n\n\n\n<p>Dr&nbsp;Charikleia&nbsp;Lampraki,&nbsp;UNIGE,&nbsp;CIGEV, LIVES&nbsp;&#8211; <em>Connectivit\u00e9 sociale et fonctionnement cognitif<\/em>&nbsp;<\/p>\n\n\n\n<p>Sayonara&nbsp;Pereira da Silva,&nbsp;UNIGE&nbsp;&nbsp;&#8211; <em>Stronger&nbsp;mind,&nbsp;lower&nbsp;risk:&nbsp;can&nbsp;we&nbsp;protect&nbsp;our&nbsp;brains&nbsp;against&nbsp;Alzheimer&#8217;s&nbsp;disease&nbsp;genetic&nbsp;risk?&nbsp;<\/em>(in English)<\/p>\n\n\n\n<p>Dr&nbsp;Ulrike&nbsp;Rimmele,&nbsp;UNIL&nbsp;&#8211; <em>Emotion, cognition et vieillissement<\/em>&nbsp;<\/p>\n\n\n\n<h6 class=\"wp-block-heading\"><strong><strong>Exchange and discussion between experts and the public<\/strong><br><\/strong><\/h6>\n<\/details>\n\n\n\n<details class=\"wp-block-details is-layout-flow wp-block-details-is-layout-flow\"><summary><strong>Presentation Evening :&nbsp;Thursday, June 25, 2026, 18:30 &#8211; Mental Health: Challenges in the elderly<\/strong><\/summary>\n<h6 class=\"wp-block-heading\">Mental Health: Challenges in the elderly<\/h6>\n\n\n\n<h6 class=\"wp-block-heading\"><strong>Presentations<\/strong>&nbsp;&nbsp;<\/h6>\n\n\n\n<p>Pr Armin von&nbsp;Gunten,&nbsp;Service Universitaire de Psychiatrie de l&#8217;\u00c2ge Avanc\u00e9 (SUPAA)&nbsp;&#8211; <em>Sympt\u00f4mes neuropsychiatriques chez des personnes tr\u00e8s \u00e2g\u00e9es<\/em>&nbsp;<\/p>\n\n\n\n<p>Carla Gomes da Rocha, Adjointe scientifique,&nbsp;HEdS, HES-SO Valais-Wallis&nbsp;&#8211; <em>Sympt\u00f4mes d\u00e9pressifs et d\u00e9pendance dans les activit\u00e9s de la vie quotidienne chez les personnes centenaires en Suisse<\/em>&nbsp;<\/p>\n\n\n\n<p>Dr&nbsp;Beatriz Pozuelo-Moyano,&nbsp;Service Universitaire de Psychiatrie de l&#8217;\u00c2ge Avanc\u00e9 (SUPAA)&nbsp;&#8211; <em>D\u00e9pression chez la personne \u00e2g\u00e9e et d\u00e9mence<\/em><\/p>\n\n\n\n<h6 class=\"wp-block-heading\"><strong><strong>Exchange and discussion between experts and the public<\/strong><br><\/strong><\/h6>\n<\/details>\n\n\n\n<div class=\"wp-block-columns is-layout-flex wp-container-core-columns-is-layout-9d6595d7 wp-block-columns-is-layout-flex\">\n<div class=\"wp-block-column is-layout-flow wp-block-column-is-layout-flow\">\n<h3 class=\"wp-block-heading\">INFORMATION FOR SCHOOL GROUPS<\/h3>\n\n\n\n<p>Guided tours for students (Grades 5P to 10P)<\/p>\n\n\n\n<p>The exhibition invites school classes to an&nbsp;immersive and interactive experience&nbsp;centered on the theme of old age. Through 28 photographic portraits, life stories, and the results of an extensive scientific study, students discover aging from a brand-new perspective, far removed from common clich\u00e9s.<\/p>\n\n\n\n<p>The visit creates a&nbsp;space for intergenerational dialogue, encouraging critical reflection on the passage of time. It is designed to stimulate empathy, curiosity, and the questioning of age-related stereotypes.<\/p>\n\n\n\n<p>Interested in a guided tour for your class?&nbsp;Please fill out this form: <a href=\"https:\/\/docs.google.com\/forms\/d\/e\/1FAIpQLSdTIIF_-qWNwrDMg0R1MLGBt5KTTVtgJtfSd7A_bbZHWkzjFw\/viewform?usp=sharing&amp;ouid=111317936218582563829\">Registration<\/a> <\/p>\n<\/div>\n<\/div>\n<\/div>\n<\/div>\n<\/div>\n<\/div>\n<\/div>\n<\/div>\n","protected":false},"excerpt":{"rendered":"<p>WELCOME TO YOUR FUTURE: CENTENARIANS OF SWITZERLAND&nbsp;&nbsp;&nbsp;&nbsp;&nbsp;EXHIBITION AT forum de l&#8217;h\u00f4tel de ville informations Dates : 9th june to 4th july 2026 Address:&nbsp;Pl. de la Palud 2, 1003&hellip;<\/p>\n","protected":false},"author":1003049,"featured_media":0,"parent":0,"menu_order":0,"comment_status":"closed","ping_status":"closed","template":"","meta":{"_seopress_robots_primary_cat":"","_seopress_titles_title":"","_seopress_titles_desc":"","_seopress_robots_index":"","footnotes":""},"class_list":["post-7986","page","type-page","status-publish","has-post-thumbnail"],"_links":{"self":[{"href":"https:\/\/wp.unil.ch\/swiss100\/wp-json\/wp\/v2\/pages\/7986","targetHints":{"allow":["GET"]}}],"collection":[{"href":"https:\/\/wp.unil.ch\/swiss100\/wp-json\/wp\/v2\/pages"}],"about":[{"href":"https:\/\/wp.unil.ch\/swiss100\/wp-json\/wp\/v2\/types\/page"}],"author":[{"embeddable":true,"href":"https:\/\/wp.unil.ch\/swiss100\/wp-json\/wp\/v2\/users\/1003049"}],"replies":[{"embeddable":true,"href":"https:\/\/wp.unil.ch\/swiss100\/wp-json\/wp\/v2\/comments?post=7986"}],"version-history":[{"count":5,"href":"https:\/\/wp.unil.ch\/swiss100\/wp-json\/wp\/v2\/pages\/7986\/revisions"}],"predecessor-version":[{"id":8010,"href":"https:\/\/wp.unil.ch\/swiss100\/wp-json\/wp\/v2\/pages\/7986\/revisions\/8010"}],"wp:attachment":[{"href":"https:\/\/wp.unil.ch\/swiss100\/wp-json\/wp\/v2\/media?parent=7986"}],"curies":[{"name":"wp","href":"https:\/\/api.w.org\/{rel}","templated":true}]}}