{"id":2179,"date":"2021-10-05T12:21:47","date_gmt":"2021-10-05T10:21:47","guid":{"rendered":"https:\/\/wp.unil.ch\/swiss100\/?page_id=2179"},"modified":"2026-04-08T09:56:03","modified_gmt":"2026-04-08T07:56:03","slug":"publications","status":"publish","type":"page","link":"https:\/\/wp.unil.ch\/swiss100\/publications\/","title":{"rendered":"Publications"},"content":{"rendered":"\n<h3 class=\"wp-block-heading\">Peer-Reviewed publications<\/h3>\n\n\n\n<p>Cavalli, S., Brambilla, A.M., &amp; Cereghetti, S. (2025). Solitudine e persone anziane. <em>Quaderni delle Medical Humanities, 5<\/em>, 35-41<\/p>\n\n\n\n<p>Delhaes, F.,<sup>\u00a0<\/sup>Falciola, J.,<sup>\u00a0<\/sup>Hoffman, A., Carnesecchi, S., Cavalli, S., von Gunten, A., Jopp D. S., Herrmann, F.R, &amp; Krause, K. H. (2026). Plasma proteome profiling of centenarians across Switzerland reveals key youth\u2010associated proteins.\u00a0<em>Aging Cell, 25(2), e70409.\u00a0<a href=\"https:\/\/doi.org\/10.1111\/acel.70409\">https:\/\/doi.org\/10.1111\/acel.70409<\/a><\/em><\/p>\n\n\n\n<p>Gomes da Rocha, C., Jopp, D. S., Hoffman, A., Falciola, J., Cavalli, S., Herrmann, F., R\u00f6cke, C., Verloo, H., Ribeiro, O., &amp; von Gunten, A. (2025, e-publication ahead of time). The role of functional dependence in depressive symptoms among centenarians: Findings from the SWISS100 Study.<em>International Psychogeriatrics. <\/em><a href=\"https:\/\/doi.org\/10.1016\/j.inpsyc.2025.100071\" target=\"_blank\" rel=\"noreferrer noopener\">https:\/\/doi.org\/10.1016\/j.inpsyc.2025.100071<\/a><\/p>\n\n\n\n<p>Gomes da Rocha, C., von Gunten, A., Vandel, P., Jopp, D. S., Ribeiro, O., &amp; Verloo, H. (2025). Building consensus on the relevant criteria to screen for depressive symptoms among near-centenarians and centenarians: modified e-delphi study. <em>JMIR, 8<\/em>, e64352. doi:&nbsp;<a href=\"https:\/\/doi.org\/10.2196\/64352\">10.2196\/64352<\/a><\/p>\n\n\n\n<p>Masotti, B., Zaccaria, D., von Gunten, A., Herrmann, F., Jopp, D. S., &amp; Cavalli, S. (2025).\u00a0Centenarians&#8217; care arrangements: insights from the Swiss Centenarian Study. International Journal of Care and Caring, 1-19.\u00a0<a href=\"https:\/\/doi.org\/10.1332\/23978821Y2025D000000158\">https:\/\/doi.org\/10.1332\/23978821Y2025D000000158<\/a><\/p>\n\n\n\n<p>Zaccaria, D., Falciola, J., Masotti, B., von Gunten, A., Herrmann, F., Jopp, D. S., Cavalli, S. (2025). Data quality in centenarian research: the proxy-centenarian relationship and item nonresponse in the SWISS100 study. <em>PlosOne<\/em>. <a href=\"https:\/\/doi.org\/10.1371\/journal.pone.0311847\">https:\/\/doi.org\/10.1371\/journal.pone.0311847<\/a><\/p>\n\n\n\n<p>Uittenhove, K., Masotti, B., Zaccaria, D., Herrmann, F. R., von Gunten, A., Jopp, D. S., &amp; Cavalli, S. (2024). Mental health among centenarians living in Switzerland.&nbsp;<em>Psychogeriatrics, 24<\/em>(8), 887\u2013896. <a>https:\/\/doi.org\/10.1111\/psyg.13137<\/a><\/p>\n\n\n\n<p>Jopp, D. S. (2024). Der hundertste Geburtstag ist bald nichts Besonderes mehr. Schweizer Monat, Ausgabe Q 1116 Demografie, 44-46<\/p>\n\n\n\n<p>Gomes da Rocha, C., Jopp, D. S., Gomes da Rocha, S., Herrmann, F., &amp; von Gunten, A. (2024). Les centenaires : pourquoi s&#8217;y int\u00e9resser ? Aper\u00e7u de l&#8217;\u00e9tude SWISS100. Gazette M\u00e9dicale, 13 (4), 14-16. <a href=\"https:\/\/doi.org\/10.23785\/Gazette.2024.04.001\">https:\/\/doi.org\/10.23785\/Gazette.2024.04.001<\/a><\/p>\n\n\n\n<p>Uittenhove, K., Lampraki, C., Gomes da Rocha, C., Rott, C., von Gunten, A., &amp; Jopp, D. S. (2024). Profiles of centenarians&#8217; functioning: Linking functional and cognitive capacity with depressive symptoms.&nbsp;<em>BMC Geriatrics, 24<\/em>(1), 451.&nbsp;<a>https:\/\/doi.org\/10.1186\/s12877-024-05036-8<\/a><\/p>\n\n\n\n<p>Gomes da Rocha, C., Jopp, D. S., Cavalli, S., Herrmann, F., &amp; von Gunten, A. (2024). Les centenaires: Pourquoi s&#8217;y int\u00e9resser? Aper\u00e7u de l&#8217;\u00e9tude SWISS100.&nbsp;<em>Gazette M\u00e9dicale, 3<\/em>, 14\u201316. <\/p>\n\n\n\n<p>Uittenhove, K., Jopp, D. S., Lampraki, C., &amp; Boerner, K. (2023). Coping patterns in advanced old age: Findings from the Fordham Centenarian Studies. <em>Gerontology<\/em>. <em>Gerontology<\/em>, <em>69 <\/em>(7), 888-898. <a href=\"https:\/\/https\/\/doi.org\/10.1159\/000529896\">https\/\/doi.org\/10.1159\/000529896<\/a><\/p>\n\n\n\n<p>Zaccaria, D., Cavalli, S., Masotti, B., Gomes da Rocha, C., von Gunten, A., &amp; Jopp, D. S. (2022). Social isolation and loneliness among near-centenarians and centenarians: results from the Fordham Centenarian Study. <em>International Journal of Environmental Research and Public Health, 19<\/em>, 5940.&nbsp;<a href=\"https:\/\/doi.org\/10.3390\/ijerph19105940\">https:\/\/doi.org\/10.3390\/ijerph19105940<\/a><\/p>\n\n\n\n<p>Gomes da Rocha, C., von Gunten, A., Jopp, D. S., Ribeiro, O., &amp; Verloo, H. (2021). Why centenarians\u2019 depressive symptoms must become a priority for nurses. <em>Journal of the American Medical Directors Association, 22<\/em>, 1118-1122. <a href=\"https:\/\/doi.org\/10.1016\/j.jamda.2021.02.002\">https:\/\/doi.org\/10.1016\/j.jamda.2021.02.002<\/a><\/p>\n\n\n\n<h3 class=\"wp-block-heading\">Presentations (selection)<\/h3>\n\n\n\n<p>Jopp, D. S., Hoffman, A., von Gunten, A., Herrmann, F., R\u00f6cke, C., Martin, M., &amp; Cavalli, S. (2024, November).&nbsp;<em>Life satisfaction in centenarians: Findings from the SWISS100 main study<\/em>. Annual Scientific Meeting of the Gerontological Society of America (GSA), Seattle, WA, United States.<\/p>\n\n\n\n<p>Hoffman, A., Jopp, D. S., Cavalli, S., von Gunten, A., R\u00f6cke, C., Martin, M., &amp; Herrmann, F. (2024, November).&nbsp;<em>Exploring goal content and orientation of Swiss centenarians<\/em>. Annual Scientific Meeting of the Gerontological Society of America (GSA), Seattle, WA, United States.<\/p>\n\n\n\n<p>Masotti, B., Zaccaria, D., Herrmann, F., Jopp, D. S., von Gunten, A., &amp; Cavalli, S. (2024, November).&nbsp;<em>Providers, functions, and adequacy of care among centenarians: Insights from SWISS100<\/em>. Annual Scientific Meeting of the Gerontological Society of America (GSA), Seattle, WA, United States.<\/p>\n\n\n\n<p>Stahlmann, M., B\u00fchrer, T., R\u00f6cke, C., Jopp, D. S., Cavalli, S., von Gunten, A., Herrmann, F., &amp; Martin, M. (2024, November).&nbsp;<em>Decoding centenarian daily activities: A real-life sensor approach<\/em>. Annual Scientific Meeting of the Gerontological Society of America (GSA), Seattle, WA, United States.<\/p>\n\n\n\n<p>Masotti, B., Zaccaria, D., von Gunten, A., Herrmann, F., Jopp, D. S., &amp; Cavalli, S. (2024, June).&nbsp;<em>Exploring centenarians&#8217; care convoys: Insights from SWISS100<\/em>. 27th Nordic Congress of Gerontology, Stockholm, Sweden.<\/p>\n\n\n\n<p>Cavalli, S. (2024, March). <em>Sentirsi vecchi a 100 anni?<\/em> Invited presentation at The Aging Revolution: Science and Myths in the Race for Longevity. BrainCircle Lugano Longevity Summit, Lugano, Switzerland.<\/p>\n\n\n\n<p>Jopp, D. S. (2024, March).&nbsp;<em>Life at age 100 in Switzerland: recent findings.<\/em>&nbsp;Invited presentation, given in the context of the special seminar Embracing Longevity: Wisdom, Challenges, and Opportunities. Sau Po Center on Ageing, University of Hong Kong.<\/p>\n\n\n\n<p>Jopp, D. S. (2024, March).&nbsp;<em>SWISS100 &#8211; Preliminary findings from the first national centenarian study in Switzerland<\/em>. Invited presentation, given at the CheBa Center, University of New South Wales, Sydney, Australia.<\/p>\n\n\n\n<p>Falciola, J. (2024, January).&nbsp;<em>Les centenaires en Suisse: R\u00e9sultats de l\u2019\u00e9tude SWISS100<\/em>.&nbsp;Presentation given at the 1<sup>st<\/sup>&nbsp;National Congress Focus Ageing held by Pro Senectute, Basel, Switzerland.<\/p>\n\n\n\n<p>Gomes da Rocha, C., von Gunten. A., Falciola, J., Uittenhove, K., Cavalli, S., Herrmann, F., Martin, M., Jopp, D. (2023, November). <em>Depressive Symptoms in Centenarians During the Covid-19 Pandemic: Findings From the SWISS100 Study<\/em>. Paper presented at 75. Gerontological Society of America (GSA) Annual Scientific Meeting, Tampa, FL, USA.<\/p>\n\n\n\n<p>Jopp, D. S., Cavalli, S., von Gunten, A., Herrmann, F., Martin, M. &amp; Uittenhove, K. (2023, November). <em>Vulnerability and resilience in Swiss centenarians: findings from the SWISS100 Phone Study<\/em>. Paper presented at 75. Gerontological Society of America (GSA) Annual Scientific Meeting, Tampa, FL, USA.<\/p>\n\n\n\n<p>Uittenhove, K., Lampraki, C., Rott, C., von Gunten, A., &amp; Jopp, D. S. (2023, September). <em>Exploration des Profils de Capacit\u00e9 chez les Centenaires<\/em>. Presentation ProDoc LIVES ARS1: Life course and critical life stages.<\/p>\n\n\n\n<p>Jopp, D. S., Cavalli, S., von Gunten, A., Herrmann, F., Martin, M., Uittenhove, K., Falciola, J., &amp; SWISS100 (2023, September). <em>Schweizer Hundertj\u00e4hrige w\u00e4hrend COVID-19: Ergebnisse der SWISS100 Telefonstudie<\/em>. Paper presented at the Conference of the German Society for Gerontology and Geriatrics, Vechta, Germany.<\/p>\n\n\n\n<p>Stahlmann, M., Jopp, D. S., &amp; Lampraki, C. (2023, September). <em>Aktiv mit 100: Aktivit\u00e4ten von (fast) Hundertj\u00e4hrigen und ihre Beziehung zur Lebenszufriedenheit und wahrgenommenen Lebenssinn<\/em>. Paper presented at the Conference of the German Society for Gerontology and Geriatrics, Vechta, Germany.<\/p>\n\n\n\n<p>Masotti, B., Zaccaria, D., von Gunten, A., Herrmann, F., Jopp, D.S., Cavalli, S. (2023, September). <em>Exploring Care Receipt among Centenarians.<\/em> Paper presented at Aging &amp; Social Change, 13th Interdisciplinary Conference, Ancona, Italy.<\/p>\n\n\n\n<p>Zaccaria, D., Masotti, B., von Gunten, A., Herrmann, F., Jopp, D.S., Cavalli, S. (2023, September). <em>Social isolation and loneliness among centenarians living at home and in long-term care facilities: Results from the SWISS100 study<\/em>. Paper presented at Aging &amp; Social Change, 13<em>th<\/em> Interdisciplinary Conference, Ancona, Italy.<\/p>\n\n\n\n<p>Zaccaria, D., Masotti, B., Falciola, J., von Gunten, A., Herrmann, F., Jopp, D.S., Cavalli, S. (2023, July). <em>The use of proxy respondents in research involving centenarians: Proxies\u2019 profiles and data quality in SWISS100 phone study<\/em>. 10th Conference of the European Survey Research Association (ESRA), Milan, Italy.<\/p>\n\n\n\n<p>Zaccaria, D., Masotti, B., Falciola, J., von Gunten, A., Herrmann, F., Jopp, D.S., Cavalli, S. (2023, May). <em>The use of proxy respondents in research involving centenarians: Proxies\u2019 profiles and data quality in SWISS100 phone study<\/em>. Paper presented at the International Centenarian Consortium Conference (ICC), Marstrand, Sweden.<\/p>\n\n\n\n<p>Jopp, D. S., Cavalli, S., von Gunten, A., Herrmann, F., Martin, M., Falciola, J., &amp; Uittenhove, K. (2023, May). <em>Swiss centenarians: findings from the SWISS100 Phone Study<\/em>. Paper presented at the International Centenarian Consortium Conference (ICC), Marstrand, Sweden.<\/p>\n\n\n\n<p>Ziade, G. G., &amp; Jopp, D. S. (2023, February). T<em>he Relationship Between Personality and Health at the Age of 100<\/em>. Presentation given at the LIVES Doctoriales, Geneva, Switzerland.<\/p>\n\n\n\n<p>Becker, M., Lampraki, C., J., Uittenhove, K., &amp; Jopp, D. S. (2022, September). <em>Active at 100: (Near-)Centenarians\u2019 activities and their relation to life satisfaction and perceived purpose<\/em>. Presentation given at the 17. Conference of the Swiss Psychology Society, Zurich, Switzerland.<\/p>\n\n\n\n<p>Jopp, D. S., Cavalli, S., von Gunten, A., Herrmann, F., Gomes da Rocha, C., Ziade, G., &amp; Uittenhove, K. (2022, September). <em>Swiss centenarians\u2019 experience of the COVID-19 pandemic<\/em>. Presentation given at the 17. Conference of the Swiss Psychology Society, Zurich, Switzerland.<\/p>\n\n\n\n<p>Lampraki, C., Uittenhove, K., Delhaes, F., Zaccaria, D., Gomes da Rocha, C., Ziade, C., Becker, M., Cavalli, S., von Gunten, A., Herrmann, F., Krause, K.-H., &amp; Jopp, D. S. (2022, September). <em>What is centenarian research about? A scoping review of publications since 2000<\/em>. Presentation given at the 17. Conference of the Swiss Psychology Society, Zurich, Switzerland.<\/p>\n\n\n\n<p>Uittenhove, K., Lampraki, C., von Gunten, A., &amp; Jopp, D. S. (2022, September). <em>Independent functioning in centenarians<\/em>. Presentation given at the 17. Conference of the Swiss Psychology Society, Zurich, Switzerland.<\/p>\n\n\n\n<p>Ziade, G., Uittenhove, K., &amp; Jopp, D. S. (2022, September). <em>The relationship between personality and health at age of 100<\/em>. Presentation given at the 17. Conference of the Swiss Psychology Society, Zurich, Switzerland.<\/p>\n\n\n\n<p>Zaccaria, D., Masotti, B., von Gunten, A., Herrmann, F., Jopp, D.S., Cavalli, S., <em>Social isolation and loneliness among centenarians living at home and in long-term care facilities: Results from the SWISS100 study<\/em>. (2022, July). Presentation given at European Sociological Assocation \u2013 RN01 \u201cAgeing in Europe\u201d Midterm Conference, Vienna, Austria.<\/p>\n\n\n\n<h3 class=\"wp-block-heading\">Posters (Selection)<\/h3>\n\n\n\n<p>Stahlmann, M., Jopp, D. S., Cavalli, S., von Gunten, A., Martin, M., &amp; Hermann, F. (2023, September). <em>Inclusive Insights: Exploring Centenarian\u2019s Lives through Telephone Interviews and Proxy Informants<\/em>. Poster presented at the Fachgruppentagung Entwicklungspsychologie, Berlin, Germany.<\/p>\n\n\n\n<p>Stahlmann, M., Jopp, D.S., Lampraki., C. (2023, May). <em>Achieving Ikigai: How Leisure Activities Impact the Well-Being of Centenarians<\/em>. Poster presented at the Annual Masterstudierenden und Doktorierenden-Kongress, Zurich, Switzerland.<\/p>\n\n\n\n<p>Jopp, D. S., Cavalli, S., von Gunten, A., Herrmann, F., Martin, M. &amp; Uittenhove, K. (2022, November). <em>Swiss Centenarians: Preliminary Findings from the SWISS100 Phone Study<\/em>. Poster presented at the 74. Annual Scientific Meeting of the Gerontological Society of America, Indianapolis, USA.<\/p>\n\n\n\n<p>Jopp, D. S., Lampraki, C., Uittenhove, K., Delhaes, F., Zaccaria, D., Gomes da Rocha, C., Ziade, G., Becker, M., Cavalli, S., von Gunten, A., Herrmann, F., &amp; Krause, K.-H. (2022, November). <em>Topics addressed in centenarian research &#8211; a scoping review of publications since 2000<\/em>.&nbsp;Poster presented at the 74. Annual Scientific Meeting of the Gerontological Society of America, Indianapolis, USA.<\/p>\n\n\n\n<p>Gomes da Rocha, C., von Gunten, A., Ribeiro, O., Jopp, D., Cavalli, S., &amp; Verloo, H. (2021, December). <em>The relationship between depressive symptomatology and functional status in centenarians: a longitudinal study project<\/em>. Poster presented at the French Congress of Psychiatry (CFP) \u2013 13 ed., Montpellier, France. <\/p>\n\n\n\n<p>Gomes da Rocha, C., von Gunten, A., Ribeiro, O., Jopp, D., Cavalli, S., &amp; Verloo, H. (2021, May). <em>Depressive symptomatology and functional dependence among centenarians: the contribution of Transitions Theory to the exploration of problematic role transitions<\/em>. Eposter presented at The nursing profession in the light of Transition, Geneva, Switzerland.<\/p>\n","protected":false},"excerpt":{"rendered":"<p>Peer-Reviewed publications Cavalli, S., Brambilla, A.M., &amp; Cereghetti, S. (2025). Solitudine e persone anziane. Quaderni delle Medical Humanities, 5, 35-41 Delhaes, F.,\u00a0Falciola, J.,\u00a0Hoffman, A., Carnesecchi, S., Cavalli, S.,&hellip;<\/p>\n","protected":false},"author":1002150,"featured_media":0,"parent":0,"menu_order":0,"comment_status":"closed","ping_status":"closed","template":"","meta":{"_seopress_robots_primary_cat":"","_seopress_titles_title":"","_seopress_titles_desc":"","_seopress_robots_index":"","footnotes":""},"class_list":["post-2179","page","type-page","status-publish","has-post-thumbnail"],"_links":{"self":[{"href":"https:\/\/wp.unil.ch\/swiss100\/wp-json\/wp\/v2\/pages\/2179","targetHints":{"allow":["GET"]}}],"collection":[{"href":"https:\/\/wp.unil.ch\/swiss100\/wp-json\/wp\/v2\/pages"}],"about":[{"href":"https:\/\/wp.unil.ch\/swiss100\/wp-json\/wp\/v2\/types\/page"}],"author":[{"embeddable":true,"href":"https:\/\/wp.unil.ch\/swiss100\/wp-json\/wp\/v2\/users\/1002150"}],"replies":[{"embeddable":true,"href":"https:\/\/wp.unil.ch\/swiss100\/wp-json\/wp\/v2\/comments?post=2179"}],"version-history":[{"count":4,"href":"https:\/\/wp.unil.ch\/swiss100\/wp-json\/wp\/v2\/pages\/2179\/revisions"}],"predecessor-version":[{"id":7926,"href":"https:\/\/wp.unil.ch\/swiss100\/wp-json\/wp\/v2\/pages\/2179\/revisions\/7926"}],"wp:attachment":[{"href":"https:\/\/wp.unil.ch\/swiss100\/wp-json\/wp\/v2\/media?parent=2179"}],"curies":[{"name":"wp","href":"https:\/\/api.w.org\/{rel}","templated":true}]}}