{"id":891,"date":"2020-07-27T12:07:11","date_gmt":"2020-07-27T10:07:11","guid":{"rendered":"https:\/\/wp.unil.ch\/swiss100\/participants\/"},"modified":"2022-08-24T22:16:44","modified_gmt":"2022-08-24T20:16:44","slug":"participants","status":"publish","type":"page","link":"https:\/\/wp.unil.ch\/swiss100\/it\/participants\/","title":{"rendered":"Partecipanti"},"content":{"rendered":"\n<h2 class=\"wp-block-heading\" id=\"forcentsandfriends\">Per I centenari e i loro cari<\/h2>\n\n\n\n<p>Oltre ai centenari sono coinvolte anche delle persone che li conoscono molto bene e se ne prendono cura, ad esempio membri della famiglia o amici. Ci interessa conoscere la loro prospettiva, la loro percezione delle sfide legate alla vita a quest\u2019et\u00e0 e le implicazioni di tipo familiare. Anche con queste persone vorremmo avere contatti regolari, di persona o al telefono, per raccogliere informazioni su potenziali cambiamenti.<\/p>\n\n\n\n<p>Se \u00e8 un centenario, o se \u00e8 in contatto con una persona che ha 100 o pi\u00f9 anni, potrebbe essere contattato per partecipare al nostro studio. Pu\u00f2 scaricare l\u2019opuscolo dell\u2019intervista telefonica cliccando qui sotto. Per maggiori informazioni non esiti a chiamarci allo 058 666 64 24, o a scriverci a swiss100@supsi.ch \/<br>Swiss100 \u2013 Ticino, Centro competenze anziani SUPSI, Via Violino 11 6928 Manno<\/p>\n\n\n\n<div class=\"wp-block-file\"><a id=\"wp-block-file--media-e7a02b85-4f60-40e3-add0-a38bdd3c3679\" href=\"https:\/\/wp.unil.ch\/swiss100\/files\/2022\/08\/SWISS100_Flyer_IT_2022_07_05.pdf\">SWISS100_Flyer_IT_2022_07_05<\/a><a href=\"https:\/\/wp.unil.ch\/swiss100\/files\/2022\/08\/SWISS100_Flyer_IT_2022_07_05.pdf\" class=\"wp-block-file__button\" download aria-describedby=\"wp-block-file--media-e7a02b85-4f60-40e3-add0-a38bdd3c3679\">Scaricare<\/a><\/div>\n\n\n\n<div style=\"height:180px\" aria-hidden=\"true\" class=\"wp-block-spacer\"><\/div>\n\n\n\n<h2 class=\"wp-block-heading\" id=\"telephonestudy\">Interviste Telefoniche <\/h2>\n\n\n\n<div class=\"wp-block-columns is-layout-flex wp-container-core-columns-is-layout-9d6595d7 wp-block-columns-is-layout-flex\">\n<div class=\"wp-block-column is-layout-flow wp-block-column-is-layout-flow\" style=\"flex-basis:66.66%\">\n<p>A partire dal 2020 viene condotta una prima indagine telefonica rivolta ai centenari di tutta la Svizzera. Dall\u2019elenco di contatti fornitoci dall\u2019Ufficio federale di statistica sono selezionati, in modo aleatorio, fino a 20 centenari per cantone che invitiamo a partecipare allo studio parlandoci della loro situazione di vita. Siamo anche interessati a conoscere come stanno vivendo la situazione legata al coronavirus.<\/p>\n<\/div>\n\n\n\n<div class=\"wp-block-column is-layout-flow wp-block-column-is-layout-flow\" style=\"flex-basis:33.33%\">\n<h1 class=\"has-text-align-left wp-block-heading\">DA DICEMBre<br>2020<\/h1>\n<\/div>\n<\/div>\n\n\n\n<div style=\"height:180px\" aria-hidden=\"true\" class=\"wp-block-spacer\"><\/div>\n\n\n\n<div class=\"wp-block-columns is-layout-flex wp-container-core-columns-is-layout-9d6595d7 wp-block-columns-is-layout-flex\">\n<div class=\"wp-block-column is-layout-flow wp-block-column-is-layout-flow\" style=\"flex-basis:33.33%\">\n<div style=\"height:28px\" aria-hidden=\"true\" class=\"wp-block-spacer\"><\/div>\n\n\n\n<h1 class=\"has-text-align-right wp-block-heading\">A Partire Dal <br>2022<\/h1>\n\n\n\n<p><\/p>\n<\/div>\n\n\n\n<div class=\"wp-block-column is-layout-flow wp-block-column-is-layout-flow\" style=\"flex-basis:66.66%\">\n<h2 class=\"wp-block-heading\" id=\"inpersonstudy\">Interviste Di persona <\/h2>\n\n\n\n<p>Una volta terminata l\u2019emergenza sanitaria, il 2022 prevede lo svolgimento di interviste di persona con 240 centenari delle tre principali regioni linguistiche (cantoni selezionati: Basilea citt\u00e0, Berna, Ginevra, Ticino, Vaud, Zurigo). In un primo momento si raccolgono delle informazioni su aspetti della loro vita come l\u2019istruzione, la salute, il benessere e le relazioni sociali. In seguito, si programmano incontri regolari di aggiornamento per conoscere eventuali cambiamenti avvenuti nel frattempo.<\/p>\n<\/div>\n<\/div>\n\n\n\n<div style=\"height:180px\" aria-hidden=\"true\" class=\"wp-block-spacer\"><\/div>\n\n\n\n<figure class=\"wp-block-image size-large\"><img alt=\"\" loading=\"lazy\" decoding=\"async\" width=\"1024\" height=\"686\" src=\"https:\/\/wp.unil.ch\/swiss100\/files\/2021\/10\/Switzerland_Detailed_Map_With_States-1024x686.png\" alt=\"\" class=\"wp-image-2071\" srcset=\"https:\/\/wp.unil.ch\/swiss100\/files\/2021\/10\/Switzerland_Detailed_Map_With_States-1024x686.png 1024w, https:\/\/wp.unil.ch\/swiss100\/files\/2021\/10\/Switzerland_Detailed_Map_With_States-300x201.png 300w, https:\/\/wp.unil.ch\/swiss100\/files\/2021\/10\/Switzerland_Detailed_Map_With_States-150x101.png 150w, https:\/\/wp.unil.ch\/swiss100\/files\/2021\/10\/Switzerland_Detailed_Map_With_States-768x515.png 768w, https:\/\/wp.unil.ch\/swiss100\/files\/2021\/10\/Switzerland_Detailed_Map_With_States-1536x1029.png 1536w, https:\/\/wp.unil.ch\/swiss100\/files\/2021\/10\/Switzerland_Detailed_Map_With_States-2048x1372.png 2048w, https:\/\/wp.unil.ch\/swiss100\/files\/2021\/10\/Switzerland_Detailed_Map_With_States-1120x750.png 1120w, https:\/\/wp.unil.ch\/swiss100\/files\/2021\/10\/Switzerland_Detailed_Map_With_States-540x362.png 540w, https:\/\/wp.unil.ch\/swiss100\/files\/2021\/10\/Switzerland_Detailed_Map_With_States-1080x724.png 1080w, https:\/\/wp.unil.ch\/swiss100\/files\/2021\/10\/Switzerland_Detailed_Map_With_States-1980x1327.png 1980w\" sizes=\"auto, (max-width: 1024px) 100vw, 1024px\" \/><figcaption>Le interviste telefoniche coinvolgono tutti i cantoni, mentre quelle di persona interessano i cantoni di colore rosso.<\/figcaption><\/figure>\n","protected":false},"excerpt":{"rendered":"<p>Per I centenari e i loro cari Oltre ai centenari sono coinvolte anche delle persone che li conoscono molto bene e se ne prendono cura, ad esempio membri&hellip;<\/p>\n","protected":false},"author":163,"featured_media":0,"parent":0,"menu_order":0,"comment_status":"closed","ping_status":"closed","template":"template-full-width.php","meta":{"_seopress_robots_primary_cat":"","_seopress_titles_title":"","_seopress_titles_desc":"","_seopress_robots_index":"","footnotes":""},"class_list":["post-891","page","type-page","status-publish","has-post-thumbnail"],"_links":{"self":[{"href":"https:\/\/wp.unil.ch\/swiss100\/it\/wp-json\/wp\/v2\/pages\/891","targetHints":{"allow":["GET"]}}],"collection":[{"href":"https:\/\/wp.unil.ch\/swiss100\/it\/wp-json\/wp\/v2\/pages"}],"about":[{"href":"https:\/\/wp.unil.ch\/swiss100\/it\/wp-json\/wp\/v2\/types\/page"}],"author":[{"embeddable":true,"href":"https:\/\/wp.unil.ch\/swiss100\/it\/wp-json\/wp\/v2\/users\/163"}],"replies":[{"embeddable":true,"href":"https:\/\/wp.unil.ch\/swiss100\/it\/wp-json\/wp\/v2\/comments?post=891"}],"version-history":[{"count":0,"href":"https:\/\/wp.unil.ch\/swiss100\/it\/wp-json\/wp\/v2\/pages\/891\/revisions"}],"wp:attachment":[{"href":"https:\/\/wp.unil.ch\/swiss100\/it\/wp-json\/wp\/v2\/media?parent=891"}],"curies":[{"name":"wp","href":"https:\/\/api.w.org\/{rel}","templated":true}]}}