{"id":856,"date":"2020-07-27T12:00:05","date_gmt":"2020-07-27T10:00:05","guid":{"rendered":"https:\/\/wp.unil.ch\/swiss100\/faq\/"},"modified":"2022-03-21T17:33:36","modified_gmt":"2022-03-21T16:33:36","slug":"faq","status":"publish","type":"page","link":"https:\/\/wp.unil.ch\/swiss100\/it\/faq\/","title":{"rendered":"Domande frequenti"},"content":{"rendered":"\n<p><\/p>\n\n\n\n<div class=\"wp-block-pb-accordion-item c-accordion__item js-accordion-item no-js\" data-initially-open=\"false\" data-click-to-close=\"true\" data-auto-close=\"true\" data-scroll=\"false\" data-scroll-offset=\"0\"><h4 id=\"at-13656\" class=\"c-accordion__title js-accordion-controller\" role=\"button\"><strong>Che benefici avr\u00f2 partecipando a SWISS100?<\/strong><\/h4><div id=\"ac-13656\" class=\"c-accordion__content\">\n\n<p class=\"has-medium-font-size\">SWISS100 non prevede alcun beneficio diretto o retribuzione per i partecipanti che per\u00f2 spesso vedono come un\u2019opportunit\u00e0 il fatto di poter condividere la loro esperienza con i nostri intervistatori. Inoltre partecipando ci aiuter\u00e0 a meglio comprendere le sfide associate all\u2019et\u00e0 molto avanzata e ad indirizzare le politiche sociali.<\/p>\n\n<\/div><\/div>\n\n\n\n<div class=\"wp-block-pb-accordion-item c-accordion__item js-accordion-item no-js\" data-initially-open=\"false\" data-click-to-close=\"true\" data-auto-close=\"true\" data-scroll=\"false\" data-scroll-offset=\"0\"><h4 id=\"at-52576\" class=\"c-accordion__title js-accordion-controller\" role=\"button\"><strong>Chi partecipa?<\/strong><\/h4><div id=\"ac-52576\" class=\"c-accordion__content\">\n\n<p class=\"has-medium-font-size\">Interviste telefoniche: sono coinvolti dei centenari di tutti i cantoni, cos\u00ec come le persone a loro vicine, al fine di conoscere il loro punto di vista.<\/p>\n\n\n<p class=\"has-medium-font-size\">Interviste di persona: condotte dal 2022 con 240 centenari residenti nei cantoni di Basilea citt\u00e0, Berna, Ginevra, Ticino, Vaud e Zurigo. Cos\u00ec come per le interviste telefoniche, sono invitate anche le persone a loro vicine.<\/p>\n\n<\/div><\/div>\n\n\n\n<div class=\"wp-block-pb-accordion-item c-accordion__item js-accordion-item no-js\" data-initially-open=\"false\" data-click-to-close=\"true\" data-auto-close=\"true\" data-scroll=\"false\" data-scroll-offset=\"0\"><h4 id=\"at-21608\" class=\"c-accordion__title js-accordion-controller\" role=\"button\"><strong>Lo studio \u00e8 confidenziale?<\/strong><\/h4><div id=\"ac-21608\" class=\"c-accordion__content\">\n\n<p class=\"has-medium-font-size\">S\u00ec. SWISS100 \u00e8 stato approvato dal Comitato etico cantonale (progetto 2020-02063) ed \u00e8 condotto in modo rigoroso, nel pieno rispetto della confidenzialit\u00e0. Tutte le risposte sono rese anonime e sar\u00e0 impossibile risalire a lei o alla sua famiglia. I dati raccolti saranno utilizzati unicamente a fini di ricerca.<\/p>\n\n<\/div><\/div>\n\n\n\n<div class=\"wp-block-pb-accordion-item c-accordion__item js-accordion-item no-js\" data-initially-open=\"false\" data-click-to-close=\"true\" data-auto-close=\"true\" data-scroll=\"false\" data-scroll-offset=\"0\"><h4 id=\"at-32776\" class=\"c-accordion__title js-accordion-controller\" role=\"button\"><strong>Perch\u00e9 ho ricevuto una lettera di invito allo studio SWISS100?<\/strong><\/h4><div id=\"ac-32776\" class=\"c-accordion__content\">\n\n<p class=\"has-medium-font-size\">In considerazione dell\u2019importanza pubblica di SWISS100, l\u2019Ufficio federale di statistica ci ha fornito la lista dei contatti dei centenari che vivono in Svizzera. Ha ricevuto la nostra lettera di invito perch\u00e9 fa parte delle persone selezionate in modo aleatorio da questo elenco.<\/p>\n\n<\/div><\/div>\n\n\n\n<div class=\"wp-block-pb-accordion-item c-accordion__item js-accordion-item no-js\" data-initially-open=\"false\" data-click-to-close=\"true\" data-auto-close=\"true\" data-scroll=\"false\" data-scroll-offset=\"0\"><h4 id=\"at-91946\" class=\"c-accordion__title js-accordion-controller\" role=\"button\"><strong>Chi sono gli intervistatori e come posso identificarli?<\/strong><\/h4><div id=\"ac-91946\" class=\"c-accordion__content\">\n\n<p class=\"has-medium-font-size\">Gli intervistatori sono collaboratori del Centro competenze anziani della SUPSI, con una lunga esperienza nella conduzione di studi in quest\u2019ambito. Il loro nome e numero di telefono saranno indicati sulla lettera di invito che precede la telefonata. <\/p>\n\n\n<p class=\"has-medium-font-size\">Interviste telefoniche: contattandola per telefono, gli intervistatori si presenteranno attraverso il loro nome.<br><\/p>\n\n\n<p class=\"has-medium-font-size\">Interviste di persona: gli intervistatori si presenteranno all\u2019incontro indossando una targhetta di riconoscimento.<br>I nostri intervistatori sono professionisti ben preparati e non le chiederanno mai informazioni sensibili quali il numero del suo conto bancario.<\/p>\n\n<\/div><\/div>\n\n\n\n<div class=\"wp-block-pb-accordion-item c-accordion__item js-accordion-item no-js\" data-initially-open=\"false\" data-click-to-close=\"true\" data-auto-close=\"true\" data-scroll=\"false\" data-scroll-offset=\"0\"><h4 id=\"at-82118\" class=\"c-accordion__title js-accordion-controller\" role=\"button\"><strong>Quali sono le differenze tra le interviste telefoniche e quelle di persona?<\/strong><\/h4><div id=\"ac-82118\" class=\"c-accordion__content\">\n\n<p class=\"has-medium-font-size\">Le interviste telefoniche si rivolgono a centenari di tutti i cantoni e durano tra i 15 e i 30 minuti. Lo scopo \u00e8 quello di raccogliere una prima serie di dati sulla salute e il benessere dei centenari, ma anche sulle implicazioni del coronavirus sulla loro vita quotidiana.<\/p>\n\n\n<p class=\"has-medium-font-size\"><br>Le interviste di persona, invece, interessano i centenari di alcuni cantoni selezionati (Basilea citt\u00e0, Berna, Ginevra, Ticino, Vaud e Zurigo). Ogni incontro dura all\u2019incirca 90 minuti e si svolge al domicilio dei partecipanti. Lo scopo \u00e8 quello di raccogliere dati pi\u00f9 approfonditi sulle loro caratteristiche, le sfide e i bisogni. Per maggiori informazioni cliccare su <a href=\"https:\/\/wp.unil.ch\/swiss100\/it\/\" target=\"_blank\" rel=\"noreferrer noopener\">Lo studio<\/a>.<\/p>\n\n<\/div><\/div>\n\n\n\n<div class=\"wp-block-pb-accordion-item c-accordion__item js-accordion-item no-js\" data-initially-open=\"false\" data-click-to-close=\"true\" data-auto-close=\"true\" data-scroll=\"false\" data-scroll-offset=\"0\"><h4 id=\"at-59178\" class=\"c-accordion__title js-accordion-controller\" role=\"button\"><strong>Cosa succede se il centenario non \u00e8 in grado di partecipare allo studio?<\/strong><\/h4><div id=\"ac-59178\" class=\"c-accordion__content\">\n\n<p class=\"has-medium-font-size\">\u00c8 possibile che, ad esempio in caso difficolt\u00e0 uditive o cognitive, il centenario non possa partecipare allo studio. In questo caso una persona che lo conosce bene, ad esempio un familiare o un amico, pu\u00f2 partecipare al suo posto rispondendo a una parte delle domande previste dall\u2019indagine.<\/p>\n\n\n<div class=\"wp-block-pb-accordion-item c-accordion__item js-accordion-item no-js\" data-initially-open=\"false\" data-click-to-close=\"true\" data-auto-close=\"true\" data-scroll=\"false\" data-scroll-offset=\"0\"><h4 id=\"at-14314\" class=\"c-accordion__title js-accordion-controller\" role=\"button\"><strong>Perch\u00e9 chiediamo a una persona vicina al centenario di partecipare?<\/strong><\/h4><div id=\"ac-14314\" class=\"c-accordion__content\">\n\n<p class=\"has-medium-font-size\">La partecipazione di un familiare, di un curante, o di un\u2019altra persona vicina al centenario ci permetter\u00e0 di conoscere la loro percezione delle sfide legate alla vita a quest\u2019et\u00e0.<\/p>\n\n<\/div><\/div>\n\n<\/div><\/div>\n\n\n\n<div class=\"wp-block-pb-accordion-item c-accordion__item js-accordion-item no-js\" data-initially-open=\"false\" data-click-to-close=\"true\" data-auto-close=\"true\" data-scroll=\"false\" data-scroll-offset=\"0\"><h4 id=\"at-97529\" class=\"c-accordion__title js-accordion-controller\" role=\"button\"><strong>A chi posso rivolgermi in caso di domande?<\/strong><\/h4><div id=\"ac-97529\" class=\"c-accordion__content\">\n\n<p class=\"has-medium-font-size\">Per eventuali domande pu\u00f2 contattarci tramite e-mail scrivendo a swiss100@supsi.ch, per telefono chiamandoci allo 058 666 64 24 o via posta scrivendo a SWISS100 &#8211; Ticino, Centro competenze anziani SUPSI, Via Violino 11, 6928 Manno.<\/p>\n\n<\/div><\/div>\n\n\n\n<p><\/p>\n","protected":false},"excerpt":{"rendered":"","protected":false},"author":163,"featured_media":0,"parent":0,"menu_order":0,"comment_status":"closed","ping_status":"closed","template":"","meta":{"_seopress_robots_primary_cat":"","_seopress_titles_title":"","_seopress_titles_desc":"","_seopress_robots_index":"","footnotes":""},"class_list":["post-856","page","type-page","status-publish","has-post-thumbnail"],"_links":{"self":[{"href":"https:\/\/wp.unil.ch\/swiss100\/it\/wp-json\/wp\/v2\/pages\/856","targetHints":{"allow":["GET"]}}],"collection":[{"href":"https:\/\/wp.unil.ch\/swiss100\/it\/wp-json\/wp\/v2\/pages"}],"about":[{"href":"https:\/\/wp.unil.ch\/swiss100\/it\/wp-json\/wp\/v2\/types\/page"}],"author":[{"embeddable":true,"href":"https:\/\/wp.unil.ch\/swiss100\/it\/wp-json\/wp\/v2\/users\/163"}],"replies":[{"embeddable":true,"href":"https:\/\/wp.unil.ch\/swiss100\/it\/wp-json\/wp\/v2\/comments?post=856"}],"version-history":[{"count":0,"href":"https:\/\/wp.unil.ch\/swiss100\/it\/wp-json\/wp\/v2\/pages\/856\/revisions"}],"wp:attachment":[{"href":"https:\/\/wp.unil.ch\/swiss100\/it\/wp-json\/wp\/v2\/media?parent=856"}],"curies":[{"name":"wp","href":"https:\/\/api.w.org\/{rel}","templated":true}]}}