{"id":814,"date":"2020-07-27T12:00:59","date_gmt":"2020-07-27T10:00:59","guid":{"rendered":"https:\/\/wp.unil.ch\/swiss100\/confidentiality\/"},"modified":"2021-10-05T12:18:04","modified_gmt":"2021-10-05T10:18:04","slug":"confidentiality","status":"publish","type":"page","link":"https:\/\/wp.unil.ch\/swiss100\/it\/confidentiality\/","title":{"rendered":"Confidenzialit\u00e0"},"content":{"rendered":"\n<p class=\"has-medium-font-size\">SWISS100 \u00e8 stato approvato dal Comitato etico cantonale (progetto 2020-02063) ed \u00e8 condotto in modo rigoroso, nel pieno rispetto della confidenzialit\u00e0. Tutte le risposte sono rese anonime e sar\u00e0 impossibile risalire all\u2019identit\u00e0 del partecipante o alla sua famiglia. I dati raccolti saranno utilizzati unicamente a fini di ricerca.<\/p>\n","protected":false},"excerpt":{"rendered":"<p>SWISS100 \u00e8 stato approvato dal Comitato etico cantonale (progetto 2020-02063) ed \u00e8 condotto in modo rigoroso, nel pieno rispetto della confidenzialit\u00e0. Tutte le risposte sono rese anonime e&hellip;<\/p>\n","protected":false},"author":163,"featured_media":0,"parent":0,"menu_order":0,"comment_status":"closed","ping_status":"closed","template":"","meta":{"_seopress_robots_primary_cat":"","_seopress_titles_title":"","_seopress_titles_desc":"","_seopress_robots_index":"","footnotes":""},"class_list":["post-814","page","type-page","status-publish","has-post-thumbnail"],"_links":{"self":[{"href":"https:\/\/wp.unil.ch\/swiss100\/it\/wp-json\/wp\/v2\/pages\/814","targetHints":{"allow":["GET"]}}],"collection":[{"href":"https:\/\/wp.unil.ch\/swiss100\/it\/wp-json\/wp\/v2\/pages"}],"about":[{"href":"https:\/\/wp.unil.ch\/swiss100\/it\/wp-json\/wp\/v2\/types\/page"}],"author":[{"embeddable":true,"href":"https:\/\/wp.unil.ch\/swiss100\/it\/wp-json\/wp\/v2\/users\/163"}],"replies":[{"embeddable":true,"href":"https:\/\/wp.unil.ch\/swiss100\/it\/wp-json\/wp\/v2\/comments?post=814"}],"version-history":[{"count":0,"href":"https:\/\/wp.unil.ch\/swiss100\/it\/wp-json\/wp\/v2\/pages\/814\/revisions"}],"wp:attachment":[{"href":"https:\/\/wp.unil.ch\/swiss100\/it\/wp-json\/wp\/v2\/media?parent=814"}],"curies":[{"name":"wp","href":"https:\/\/api.w.org\/{rel}","templated":true}]}}