{"id":803,"date":"2020-09-08T11:45:41","date_gmt":"2020-09-08T09:45:41","guid":{"rendered":"https:\/\/wp.unil.ch\/swiss100\/biobank-and-biomarkers\/"},"modified":"2022-03-22T09:55:44","modified_gmt":"2022-03-22T08:55:44","slug":"biobank-and-biomarkers","status":"publish","type":"page","link":"https:\/\/wp.unil.ch\/swiss100\/it\/biobank-and-biomarkers\/","title":{"rendered":"Studio sui biomarcatori"},"content":{"rendered":"\n<p>Gli individui invecchiano in modi diversi: mentre alcuni sono fragili, sviluppano problemi sensoriali e possono soffrire di malattie croniche, altri rimangono molto attivi e continuano a beneficiare di buone condizioni di salute. Nonostante la sua importanza, l&#8217;eterogeneit\u00e0 del processo di invecchiamento \u00e8 un fenomeno ancora poco conosciuto. Lo studio sui biomarcatori vuole comprendere i processi biologici responsabili di queste differenze nel processo di invecchiamento.<\/p>\n\n\n\n<p>La ricerca suggerisce che l\u2019eccezionale longevit\u00e0 dei centenari \u00e8 il risultato di qualche forma di resilienza. Alcuni centenari sono preservati da malattie acute e sono colpiti da malattie croniche a un\u2019et\u00e0 notevolmente pi\u00f9 avanzata rispetto al resto della popolazione anziana. Altri sembrano invece convivere meglio con le patologie croniche, e alcuni di loro addirittura sfuggono completamente a queste malattie. Tuttavia, la comprensione dei cambiamenti fisiologici e molecolari che si verificano durante l&#8217;invecchiamento, specialmente nei centenari, \u00e8 ancora carente. Lo scopo di questo studio, condotto in tre regioni linguistiche (tedesca, francese e italiana), \u00e8 di identificare gli indicatori di longevit\u00e0 nella popolazione svizzera.<\/p>\n\n\n\n<p>Per definire le molecole biologiche associate all&#8217;invecchiamento, eseguiremo prima un monitoraggio globale dei profili molecolari. Campioni biologici (sangue e saliva) saranno prelevati dai centenari partecipanti allo studio SWISS100 e analizzati utilizzando la tecnologia &#8220;omica&#8221;. Questi risultati verranno confrontati con quelli dei gruppi costituiti da individui pi\u00f9 giovani (et\u00e0 media 45 anni) e pazienti geriatrici (et\u00e0 media 85 anni). Quindi un&#8217;analisi completa delle differenze tra i tre gruppi consentir\u00e0 l&#8217;identificazione di nuove funzionalit\u00e0 biologiche coinvolte nel processo di invecchiamento (ad esempio, livelli di geni e proteine associati a infiammazione, metabolismo, risposta immunitaria e marcatori di stress ossidativo).<\/p>\n\n\n\n<p>I risultati di questo studio permetteranno di identificare nuovi parametri biologici e di migliorare la nostra comprensione di come l&#8217;invecchiamento pu\u00f2 portare alla comparsa di malattie croniche, contribuendo alla loro diagnosi precoce e, idealmente, alla loro prevenzione. Pi\u00f9 in generale, con lo studio sui biomarcatori si vogliono fornire indicazioni utili nell\u2019ambito della promozione del benessere e della qualit\u00e0 della vita e dell\u2019offerta di servizi rivolti alla popolazione.<\/p>\n\n\n\n<p>Se ha ulteriori domande o necessita di chiarimenti, non esiti a contattarci.<\/p>\n\n\n\n<ul class=\"wp-block-list\"><li>(Francese o inglese) : Flavien Delhaes, Flavien.Delhaes[at]unige.ch<\/li><li>(Tedesco) : Karl-Heinz\u00a0Krause, karl-heinz.krause[at]unige.ch<\/li><li>(Italiano) : Stefano Cavalli, swiss100[at]supsi.ch<\/li><\/ul>\n\n\n\n<p><\/p>\n","protected":false},"excerpt":{"rendered":"<p>Gli individui invecchiano in modi diversi: mentre alcuni sono fragili, sviluppano problemi sensoriali e possono soffrire di malattie croniche, altri rimangono molto attivi e continuano a beneficiare di&hellip;<\/p>\n","protected":false},"author":1002150,"featured_media":0,"parent":0,"menu_order":0,"comment_status":"closed","ping_status":"closed","template":"","meta":{"_seopress_robots_primary_cat":"","_seopress_titles_title":"","_seopress_titles_desc":"","_seopress_robots_index":"","footnotes":""},"class_list":["post-803","page","type-page","status-publish","has-post-thumbnail"],"_links":{"self":[{"href":"https:\/\/wp.unil.ch\/swiss100\/it\/wp-json\/wp\/v2\/pages\/803","targetHints":{"allow":["GET"]}}],"collection":[{"href":"https:\/\/wp.unil.ch\/swiss100\/it\/wp-json\/wp\/v2\/pages"}],"about":[{"href":"https:\/\/wp.unil.ch\/swiss100\/it\/wp-json\/wp\/v2\/types\/page"}],"author":[{"embeddable":true,"href":"https:\/\/wp.unil.ch\/swiss100\/it\/wp-json\/wp\/v2\/users\/1002150"}],"replies":[{"embeddable":true,"href":"https:\/\/wp.unil.ch\/swiss100\/it\/wp-json\/wp\/v2\/comments?post=803"}],"version-history":[{"count":0,"href":"https:\/\/wp.unil.ch\/swiss100\/it\/wp-json\/wp\/v2\/pages\/803\/revisions"}],"wp:attachment":[{"href":"https:\/\/wp.unil.ch\/swiss100\/it\/wp-json\/wp\/v2\/media?parent=803"}],"curies":[{"name":"wp","href":"https:\/\/api.w.org\/{rel}","templated":true}]}}