{"id":7998,"date":"2026-04-08T13:46:27","date_gmt":"2026-04-08T11:46:27","guid":{"rendered":"https:\/\/wp.unil.ch\/swiss100\/?page_id=7998"},"modified":"2026-04-08T13:57:34","modified_gmt":"2026-04-08T11:57:34","slug":"lausanne","status":"publish","type":"page","link":"https:\/\/wp.unil.ch\/swiss100\/it\/lausanne\/","title":{"rendered":"Lausanne"},"content":{"rendered":"\n<h3 class=\"wp-block-heading alignfull has-text-align-center\">WELCOME TO YOUR FUTURE:&nbsp;<strong>CENTENARI DELLA SVIZZERA<\/strong>&nbsp;<strong>MOSTRA ALL Forum de l&#8217;h\u00f4tel de ville<\/strong><\/h3>\n\n\n\n<p class=\"has-text-align-center\"><a href=\"https:\/\/wp.unil.ch\/swiss100\/files\/2026\/02\/uni_carl-vogt_20221011_0060.jpg\"><\/a><\/p>\n\n\n\n<figure class=\"wp-block-image alignwide size-full\"><img alt=\"\" loading=\"lazy\" decoding=\"async\" width=\"2528\" height=\"1422\" src=\"https:\/\/wp.unil.ch\/swiss100\/files\/2026\/04\/lausanne_hoteldeville_c_lausanne_tourisme-p.waterton-edited.webp\" alt=\"\" class=\"wp-image-8008\" srcset=\"https:\/\/wp.unil.ch\/swiss100\/files\/2026\/04\/lausanne_hoteldeville_c_lausanne_tourisme-p.waterton-edited.webp 2528w, https:\/\/wp.unil.ch\/swiss100\/files\/2026\/04\/lausanne_hoteldeville_c_lausanne_tourisme-p.waterton-edited-300x169.webp 300w, https:\/\/wp.unil.ch\/swiss100\/files\/2026\/04\/lausanne_hoteldeville_c_lausanne_tourisme-p.waterton-edited-1024x576.webp 1024w, https:\/\/wp.unil.ch\/swiss100\/files\/2026\/04\/lausanne_hoteldeville_c_lausanne_tourisme-p.waterton-edited-150x84.webp 150w, https:\/\/wp.unil.ch\/swiss100\/files\/2026\/04\/lausanne_hoteldeville_c_lausanne_tourisme-p.waterton-edited-768x432.webp 768w, https:\/\/wp.unil.ch\/swiss100\/files\/2026\/04\/lausanne_hoteldeville_c_lausanne_tourisme-p.waterton-edited-1536x864.webp 1536w, https:\/\/wp.unil.ch\/swiss100\/files\/2026\/04\/lausanne_hoteldeville_c_lausanne_tourisme-p.waterton-edited-2048x1152.webp 2048w, https:\/\/wp.unil.ch\/swiss100\/files\/2026\/04\/lausanne_hoteldeville_c_lausanne_tourisme-p.waterton-edited-540x304.webp 540w, https:\/\/wp.unil.ch\/swiss100\/files\/2026\/04\/lausanne_hoteldeville_c_lausanne_tourisme-p.waterton-edited-1080x608.webp 1080w, https:\/\/wp.unil.ch\/swiss100\/files\/2026\/04\/lausanne_hoteldeville_c_lausanne_tourisme-p.waterton-edited-1980x1114.webp 1980w\" sizes=\"auto, (max-width: 2528px) 100vw, 2528px\" \/><\/figure>\n\n\n\n<div class=\"wp-block-columns alignwide is-layout-flex wp-container-core-columns-is-layout-9d6595d7 wp-block-columns-is-layout-flex\">\n<div class=\"wp-block-column is-vertically-aligned-center is-layout-flow wp-block-column-is-layout-flow\">\n<h3 class=\"wp-block-heading\">INFORMAZIONI<\/h3>\n\n\n\n<p class=\"has-text-align-left\"><strong><strong><strong>Date<\/strong><\/strong><\/strong> : dal 9 Giugno al 4 Luglio<\/p>\n\n\n\n<p class=\"has-text-align-left\"><strong><strong>Indirizzo<\/strong>:<\/strong>&nbsp;Pl. de la Palud 2, 1003 Lausanne<\/p>\n\n\n\n<p><strong><strong><strong>Orari di apertura<\/strong><\/strong><\/strong> :<\/p>\n\n\n\n<div class=\"wp-block-columns is-layout-flex wp-container-core-columns-is-layout-9d6595d7 wp-block-columns-is-layout-flex\">\n<div class=\"wp-block-column is-layout-flow wp-block-column-is-layout-flow\">\n<div class=\"wp-block-columns is-layout-flex wp-container-core-columns-is-layout-9d6595d7 wp-block-columns-is-layout-flex\">\n<div class=\"wp-block-column is-layout-flow wp-block-column-is-layout-flow\">\n<h3 class=\"wp-block-heading\">PROGRAMMA<\/h3>\n\n\n\n<details class=\"wp-block-details is-layout-flow wp-block-details-is-layout-flow\"><summary><strong>Vernissage, marted\u00ec 09.06.2026, ore 17:30<\/strong><\/summary>\n<p> <a href=\"https:\/\/docs.google.com\/forms\/d\/e\/1FAIpQLSf75TO80ElB1HmwvrA05gEpzimHGe4XULsGrdNqOFPIRXkM8w\/viewform?usp=header\">Iscrizione al vernissage<\/a>&nbsp;(o per qualsiasi domanda, contattateci all\u2019indirizzo swiss100@unil.ch)<br><\/p>\n\n\n\n<p>Vernissage in francese<\/p>\n\n\n\n<h6 class=\"wp-block-heading\"><strong><strong>Saluti di benvenuto<\/strong><\/strong><\/h6>\n\n\n\n<p>Emilie&nbsp;Moeschler,<strong>&nbsp;<\/strong>Direction Sports et coh\u00e9sion sociale,&nbsp;&nbsp;<\/p>\n\n\n\n<p>Muriel Chenaux&nbsp;Mesnier,&nbsp;d\u00e9l\u00e9gu\u00e9e&nbsp;aux&nbsp;seniors,&nbsp;Ville de&nbsp;Lausanne&nbsp;<\/p>\n\n\n\n<h6 class=\"wp-block-heading\"><strong><strong>Presentazioni<\/strong><\/strong><\/h6>\n\n\n\n<p>Pr.&nbsp;Daniela&nbsp;Jopp,&nbsp;directrice&nbsp;\u00e9tude&nbsp;SWISS100,&nbsp;Institut&nbsp;de psychologie,&nbsp;Universit\u00e9 de Lausanne&nbsp;<br><em>Centenaires en Suisse&nbsp;:&nbsp;\u00c9tude&nbsp;SWISS100&nbsp;et exposition<\/em>&nbsp;<\/p>\n\n\n\n<p>Pr.&nbsp;Dario&nbsp;Spini,&nbsp;Universit\u00e9 de Lausanne, <em>Centenaires \u2013 un nouveau continent<\/em>&nbsp;<\/p>\n\n\n\n<h6 class=\"wp-block-heading\"><strong><strong><strong><strong>Scambio e discussione tra esperti e pubblico<\/strong><br><\/strong><\/strong><\/strong><\/h6>\n<\/details>\n\n\n\n<details class=\"wp-block-details is-layout-flow wp-block-details-is-layout-flow\"><summary><strong><strong>Serata di presentazione :<\/strong>&nbsp;Venerd\u00ec 19.06.2026, ore 18:30&nbsp;&#8211; Funzionamento cognitivo, fattori di rischio e predittori<\/strong><\/summary>\n<h6 class=\"wp-block-heading\"><strong>Funzionamento cognitivo, fattori di rischio e predittori<\/strong><\/h6>\n\n\n\n<h6 class=\"wp-block-heading\"><strong><strong>Presentazioni<\/strong><\/strong>&nbsp;<\/h6>\n\n\n\n<p>Dr&nbsp;Charikleia&nbsp;Lampraki,&nbsp;UNIGE,&nbsp;CIGEV, LIVES&nbsp;&#8211; <em>Connectivit\u00e9 sociale et fonctionnement cognitif<\/em>&nbsp;<\/p>\n\n\n\n<p>Sayonara&nbsp;Pereira da Silva,&nbsp;UNIGE&nbsp;&nbsp;&#8211; <em>Stronger&nbsp;mind,&nbsp;lower&nbsp;risk:&nbsp;can&nbsp;we&nbsp;protect&nbsp;our&nbsp;brains&nbsp;against&nbsp;Alzheimer&#8217;s&nbsp;disease&nbsp;genetic&nbsp;risk?&nbsp;<\/em>(in inglese)<\/p>\n\n\n\n<p>Dr&nbsp;Ulrike&nbsp;Rimmele,&nbsp;UNIL&nbsp;&#8211; <em>Emotion, cognition et vieillissement<\/em>&nbsp;<\/p>\n\n\n\n<h6 class=\"wp-block-heading\"><strong><strong><strong><strong><strong><strong>Scambio e discussione tra esperti e pubblico<\/strong><br><\/strong><\/strong><\/strong><\/strong><\/strong><\/h6>\n<\/details>\n\n\n\n<details class=\"wp-block-details is-layout-flow wp-block-details-is-layout-flow\"><summary><strong><strong>Serata di presentazione :<\/strong>&nbsp;gioved\u00ec 25.06.2026, ore 18:30,&nbsp;<strong>Salute mentale: sfide nella terza et\u00e0<\/strong><\/strong><\/summary>\n<h6 class=\"wp-block-heading\"><strong>Salute mentale: sfide nella terza et\u00e0<\/strong><\/h6>\n\n\n\n<h6 class=\"wp-block-heading\"><strong><strong>Presentazioni<\/strong><\/strong><\/h6>\n\n\n\n<p>Pr Armin von&nbsp;Gunten,&nbsp;Service Universitaire de Psychiatrie de l&#8217;\u00c2ge Avanc\u00e9 (SUPAA)&nbsp;&#8211; <em>Sympt\u00f4mes neuropsychiatriques chez des personnes tr\u00e8s \u00e2g\u00e9es<\/em>&nbsp;<\/p>\n\n\n\n<p>Carla Gomes da Rocha, Adjointe scientifique,&nbsp;HEdS, HES-SO Valais-Wallis&nbsp;&#8211; <em>Sympt\u00f4mes d\u00e9pressifs et d\u00e9pendance dans les activit\u00e9s de la vie quotidienne chez les personnes centenaires en Suisse<\/em>&nbsp;<\/p>\n\n\n\n<p>Dr&nbsp;Beatriz Pozuelo-Moyano,&nbsp;Service Universitaire de Psychiatrie de l&#8217;\u00c2ge Avanc\u00e9 (SUPAA)&nbsp;&#8211; <em>D\u00e9pression chez la personne \u00e2g\u00e9e et d\u00e9mence<\/em><\/p>\n\n\n\n<h6 class=\"wp-block-heading\"><strong><strong><strong><strong><strong><strong><strong><strong><strong><strong><strong><strong><strong>Scambio e discussione tra esperti e pubblico<\/strong><br><\/strong><\/strong><\/strong><\/strong><\/strong><\/strong><\/strong><\/strong><\/strong><\/strong><\/strong><\/strong><\/h6>\n<\/details>\n\n\n\n<div class=\"wp-block-columns is-layout-flex wp-container-core-columns-is-layout-9d6595d7 wp-block-columns-is-layout-flex\">\n<div class=\"wp-block-column is-layout-flow wp-block-column-is-layout-flow\">\n<h3 class=\"wp-block-heading\">INFORMAZIONI PER LE CLASSI SCOLASTICHE<\/h3>\n\n\n\n<p><em>Visite guidate per gli studenti dal 5\u00b0 al 10\u00b0 anno<\/em><\/p>\n\n\n\n<p>La mostra invita le classi a un\u2019esperienza immersiva e interattiva sul grande et\u00e0. Attraverso 28 ritratti fotografici, storie di vita e i risultati di un ampio studio scientifico, gli studenti scoprono l\u2019invecchiamento da una nuova prospettiva, lontano dai clich\u00e9.<\/p>\n\n\n\n<p>La visita apre uno spazio di dialogo tra le generazioni, incoraggia la riflessione critica sul trascorrere del tempo e stimola empatia, curiosit\u00e0 e il mettere in discussione gli stereotipi legati all\u2019et\u00e0.<\/p>\n\n\n\n<p>Se siete interessati a una visita guidata per la vostra classe, compilate questo modulo :&nbsp;<a href=\"https:\/\/docs.google.com\/forms\/d\/e\/1FAIpQLSdTIIF_-qWNwrDMg0R1MLGBt5KTTVtgJtfSd7A_bbZHWkzjFw\/viewform?usp=sharing&amp;ouid=111317936218582563829\">Iscrizione<\/a><\/p>\n<\/div>\n<\/div>\n<\/div>\n<\/div>\n<\/div>\n<\/div>\n<\/div>\n<\/div>\n","protected":false},"excerpt":{"rendered":"<p>WELCOME TO YOUR FUTURE:&nbsp;CENTENARI DELLA SVIZZERA&nbsp;MOSTRA ALL Forum de l&#8217;h\u00f4tel de ville INFORMAZIONI Date : dal 9 Giugno al 4 Luglio Indirizzo:&nbsp;Pl. de la Palud 2, 1003 Lausanne&hellip;<\/p>\n","protected":false},"author":1003049,"featured_media":0,"parent":0,"menu_order":0,"comment_status":"closed","ping_status":"closed","template":"","meta":{"_seopress_robots_primary_cat":"","_seopress_titles_title":"","_seopress_titles_desc":"","_seopress_robots_index":"","footnotes":""},"class_list":["post-7998","page","type-page","status-publish","has-post-thumbnail"],"_links":{"self":[{"href":"https:\/\/wp.unil.ch\/swiss100\/it\/wp-json\/wp\/v2\/pages\/7998","targetHints":{"allow":["GET"]}}],"collection":[{"href":"https:\/\/wp.unil.ch\/swiss100\/it\/wp-json\/wp\/v2\/pages"}],"about":[{"href":"https:\/\/wp.unil.ch\/swiss100\/it\/wp-json\/wp\/v2\/types\/page"}],"author":[{"embeddable":true,"href":"https:\/\/wp.unil.ch\/swiss100\/it\/wp-json\/wp\/v2\/users\/1003049"}],"replies":[{"embeddable":true,"href":"https:\/\/wp.unil.ch\/swiss100\/it\/wp-json\/wp\/v2\/comments?post=7998"}],"version-history":[{"count":2,"href":"https:\/\/wp.unil.ch\/swiss100\/it\/wp-json\/wp\/v2\/pages\/7998\/revisions"}],"predecessor-version":[{"id":8012,"href":"https:\/\/wp.unil.ch\/swiss100\/it\/wp-json\/wp\/v2\/pages\/7998\/revisions\/8012"}],"wp:attachment":[{"href":"https:\/\/wp.unil.ch\/swiss100\/it\/wp-json\/wp\/v2\/media?parent=7998"}],"curies":[{"name":"wp","href":"https:\/\/api.w.org\/{rel}","templated":true}]}}