{"id":6300,"date":"2025-12-10T12:58:40","date_gmt":"2025-12-10T11:58:40","guid":{"rendered":"https:\/\/wp.unil.ch\/swiss100\/?page_id=6300"},"modified":"2026-01-20T11:21:11","modified_gmt":"2026-01-20T10:21:11","slug":"marcelle-bucher","status":"publish","type":"page","link":"https:\/\/wp.unil.ch\/swiss100\/it\/marcelle-bucher\/","title":{"rendered":"Marcelle Bucher"},"content":{"rendered":"\n<div class=\"wp-block-columns alignwide is-layout-flex wp-container-core-columns-is-layout-9d6595d7 wp-block-columns-is-layout-flex\">\n<div class=\"wp-block-column is-layout-flow wp-block-column-is-layout-flow\">\n<h4 class=\"wp-block-heading has-text-align-center\"><strong>\u00ab Prendere la vita cos\u00ec com\u2019\u00e8, e non come si vorrebbe che fosse. \u00bb<\/strong>&nbsp;<\/h4>\n<\/div>\n<\/div>\n\n\n\n<div class=\"wp-block-columns alignwide is-layout-flex wp-container-core-columns-is-layout-9d6595d7 wp-block-columns-is-layout-flex\">\n<div class=\"wp-block-column is-layout-flow wp-block-column-is-layout-flow\">\n<figure class=\"wp-block-image size-large\"><img alt=\"\" loading=\"lazy\" decoding=\"async\" width=\"1024\" height=\"1024\" src=\"https:\/\/wp.unil.ch\/swiss100\/files\/2025\/12\/dsc09648-1024x1024.jpg\" alt=\"\" class=\"wp-image-6290\" srcset=\"https:\/\/wp.unil.ch\/swiss100\/files\/2025\/12\/dsc09648-1024x1024.jpg 1024w, https:\/\/wp.unil.ch\/swiss100\/files\/2025\/12\/dsc09648-300x300.jpg 300w, https:\/\/wp.unil.ch\/swiss100\/files\/2025\/12\/dsc09648-150x150.jpg 150w, https:\/\/wp.unil.ch\/swiss100\/files\/2025\/12\/dsc09648-768x768.jpg 768w, https:\/\/wp.unil.ch\/swiss100\/files\/2025\/12\/dsc09648-540x540.jpg 540w, https:\/\/wp.unil.ch\/swiss100\/files\/2025\/12\/dsc09648-1080x1080.jpg 1080w, https:\/\/wp.unil.ch\/swiss100\/files\/2025\/12\/dsc09648.jpg 1200w\" sizes=\"auto, (max-width: 1024px) 100vw, 1024px\" \/><figcaption class=\"wp-element-caption\">Et\u00e0 nella foto : 102<\/figcaption><\/figure>\n<\/div>\n\n\n\n<div class=\"wp-block-column is-layout-flow wp-block-column-is-layout-flow\">\n<p>Marcelle Bucher nasce nel 1921 a Ginevra e la sua famiglia si trasferisce nel Canton Berna quando lei ha solo tre anni. Alcuni parenti dal lato materno propongono a suo padre un impiego nel loro commercio. \u00c8 l\u00ec che impara il tedesco, cosa che le riesce facilmente, a differenza di suo padre.&nbsp;<\/p>\n\n\n\n<p>All\u2019et\u00e0 di undici anni nasce suo fratello. Sua madre lavora a domicilio come sarta e Marcelle Bucher riceve molto presto la responsabilit\u00e0 di occuparsi del suo fratellino. Anche se avrebbe preferito giocare con gli altri bambini, ci\u00f2 crea le basi di un legame molto forte fra loro, che durer\u00e0 per tutta la vita. Dopo la scuola, fa un apprendistato e poi lavora per otto anni nella prestigiosa azienda di sementi Samen Vatter a Berna.&nbsp;<\/p>\n\n\n\n<p>La Seconda guerra mondiale rappresenta un periodo terribile per Marcelle Bucher. Le persone vivono nella paura di ci\u00f2 che accade in Europa. Quando suo padre muore nel 1942, non esiste ancora una pensione per le vedove. Sua madre dipende allora interamente dai modesti guadagni che Marcelle Bucher porta a casa. Nonostante l\u2019epoca difficile, ci sono anche bei momenti. Racconta ridendo come ha incontrato suo marito ballando in un casin\u00f2 bernese. Bench\u00e9 non fosse un buon ballerino, riesce comunque a conquistarla. Si fidanzano e si sposano. A 32 anni d\u00e0 alla luce la sua prima figlia, poi la seconda a 34 anni. Insieme partono spesso per escursioni, ad esempio nella valle della T\u00f6ss, a Grindelwald o al Gornergrat.&nbsp;<\/p>\n\n\n\n<p>Marcelle Bucher \u00e8 sempre stata presente per la sua famiglia e ne \u00e8 molto fiera. Quando sua figlia maggiore, a 17 anni, vuole interrompere il suo apprendistato, sposarsi e creare una famiglia, Marcelle Bucher ha difficolt\u00e0 a capire questa scelta. Sorride pensando a sua nipote ormai adulta: come ci si pu\u00f2 fare cos\u00ec tanti problemi\u2026 quando alla fine tutto pu\u00f2 andare per il meglio!&nbsp;<\/p>\n\n\n\n<p>A 81 anni, suo marito si ammala di cancro e lei si prende cura di lui per due anni. Muore il giorno del loro anniversario di matrimonio, dopo 52 anni di vita insieme. A 101 anni, dopo una caduta, lei va a vivere in una casa per anziani. Si adatta bene. Lavora molto a maglia, canta con le altre donne e ama scherzare di tanto in tanto con le residenti. Ha sempre amato leggere, ma i suoi occhi non glielo permettono pi\u00f9. Tuttavia, afferma di non esserne triste: bisogna accettarlo, dice, \u00e8 semplicemente l\u2019et\u00e0. Lottare contro la vita non serve a nulla.<\/p>\n\n\n\n<p>Raggiungere i 100 anni non \u00e8 mai stato un obiettivo per Marcelle Bucher. Avere 80 anni sarebbe gi\u00e0 stata una bella et\u00e0, le sarebbe bastato cos\u00ec. Non ha nessuna ricetta segreta per invecchiare bene. Ridendo, dice che sicuramente non \u00e8 lo sport, dato che non ne ha mai fatto molto. Forse l\u2019alimentazione ha avuto un ruolo: ha sempre mangiato molti legumi e frutta, ma niente carne e poco alcol. Anche il suo modo rilassato di affrontare la vita potrebbe aver contribuito alla sua longevit\u00e0.&nbsp;<\/p>\n<\/div>\n<\/div>\n","protected":false},"excerpt":{"rendered":"<p>\u00ab Prendere la vita cos\u00ec com\u2019\u00e8, e non come si vorrebbe che fosse. \u00bb&nbsp; Marcelle Bucher nasce nel 1921 a Ginevra e la sua famiglia si trasferisce nel&hellip;<\/p>\n","protected":false},"author":1003049,"featured_media":0,"parent":0,"menu_order":0,"comment_status":"closed","ping_status":"closed","template":"","meta":{"_seopress_robots_primary_cat":"","_seopress_titles_title":"","_seopress_titles_desc":"","_seopress_robots_index":"","footnotes":""},"class_list":["post-6300","page","type-page","status-publish","has-post-thumbnail"],"_links":{"self":[{"href":"https:\/\/wp.unil.ch\/swiss100\/it\/wp-json\/wp\/v2\/pages\/6300","targetHints":{"allow":["GET"]}}],"collection":[{"href":"https:\/\/wp.unil.ch\/swiss100\/it\/wp-json\/wp\/v2\/pages"}],"about":[{"href":"https:\/\/wp.unil.ch\/swiss100\/it\/wp-json\/wp\/v2\/types\/page"}],"author":[{"embeddable":true,"href":"https:\/\/wp.unil.ch\/swiss100\/it\/wp-json\/wp\/v2\/users\/1003049"}],"replies":[{"embeddable":true,"href":"https:\/\/wp.unil.ch\/swiss100\/it\/wp-json\/wp\/v2\/comments?post=6300"}],"version-history":[{"count":3,"href":"https:\/\/wp.unil.ch\/swiss100\/it\/wp-json\/wp\/v2\/pages\/6300\/revisions"}],"predecessor-version":[{"id":6687,"href":"https:\/\/wp.unil.ch\/swiss100\/it\/wp-json\/wp\/v2\/pages\/6300\/revisions\/6687"}],"wp:attachment":[{"href":"https:\/\/wp.unil.ch\/swiss100\/it\/wp-json\/wp\/v2\/media?parent=6300"}],"curies":[{"name":"wp","href":"https:\/\/api.w.org\/{rel}","templated":true}]}}