{"id":6287,"date":"2025-12-10T12:42:03","date_gmt":"2025-12-10T11:42:03","guid":{"rendered":"https:\/\/wp.unil.ch\/swiss100\/?page_id=6287"},"modified":"2026-01-20T11:49:50","modified_gmt":"2026-01-20T10:49:50","slug":"walter-muller","status":"publish","type":"page","link":"https:\/\/wp.unil.ch\/swiss100\/it\/walter-muller\/","title":{"rendered":"Walter M\u00fcller"},"content":{"rendered":"\n<div class=\"wp-block-columns alignwide is-layout-flex wp-container-core-columns-is-layout-9d6595d7 wp-block-columns-is-layout-flex\">\n<div class=\"wp-block-column is-layout-flow wp-block-column-is-layout-flow\">\n<h4 class=\"wp-block-heading has-text-align-center\"><strong>\u00ab Aspettare e vedere. \u00bb<\/strong><\/h4>\n<\/div>\n<\/div>\n\n\n\n<div class=\"wp-block-columns alignwide is-layout-flex wp-container-core-columns-is-layout-9d6595d7 wp-block-columns-is-layout-flex\">\n<div class=\"wp-block-column is-layout-flow wp-block-column-is-layout-flow\">\n<figure class=\"wp-block-image size-large\"><img loading=\"lazy\" decoding=\"async\" width=\"1201\" height=\"1200\" src=\"https:\/\/wp.unil.ch\/swiss100\/files\/2025\/12\/dsc08064-edited.jpg\" alt=\"dsc08064\" class=\"wp-image-6278\" srcset=\"https:\/\/wp.unil.ch\/swiss100\/files\/2025\/12\/dsc08064-edited.jpg 1201w, https:\/\/wp.unil.ch\/swiss100\/files\/2025\/12\/dsc08064-edited-300x300.jpg 300w, https:\/\/wp.unil.ch\/swiss100\/files\/2025\/12\/dsc08064-edited-1024x1024.jpg 1024w, https:\/\/wp.unil.ch\/swiss100\/files\/2025\/12\/dsc08064-edited-150x150.jpg 150w, https:\/\/wp.unil.ch\/swiss100\/files\/2025\/12\/dsc08064-edited-768x767.jpg 768w, https:\/\/wp.unil.ch\/swiss100\/files\/2025\/12\/dsc08064-edited-540x540.jpg 540w, https:\/\/wp.unil.ch\/swiss100\/files\/2025\/12\/dsc08064-edited-1080x1079.jpg 1080w\" sizes=\"auto, (max-width: 1201px) 100vw, 1201px\" \/><figcaption class=\"wp-element-caption\">Et\u00e0 nella foto:&nbsp; 101 anni<\/figcaption><\/figure>\n<\/div>\n\n\n\n<div class=\"wp-block-column is-layout-flow wp-block-column-is-layout-flow\">\n<p>Walter M\u00fcller nasce nel 1922 a Zurigo, in una famiglia modesta, segnata dalle difficolt\u00e0. Ricorda un\u2019infanzia senza grandi prospettive: \u00ab Ho cominciato dal gradino pi\u00f9 basso \u00bb, dice. I suoi genitori decidono per lui che deve lavorare fin da giovane nella bottega di serrature del padrino, per poterlo poi riprendere pi\u00f9 tardi. Deve svolgere un apprendistato presso la serratura Lerch, senza discutere, come si usava all\u2019epoca. Una volta formato, comincia tuttavia a lavorare nei trasporti pubblici della citt\u00e0 di Zurigo (VBZ).&nbsp;<\/p>\n\n\n\n<p>Walter M\u00fcller si sposa nel 1945. Seguono otto anni difficili. Nel 1947, sua moglie soffre di endocardite, allora inoperabile. Nel 1955, deve partire per lavoro e vuole salutare la moglie a letto. \u00ab Ha emesso due urla acute, poi \u00e8 deceduta \u00bb, racconta. Non dimenticher\u00e0 mai quel momento. Poi, la fortuna gli sorride: nel 1959 si risposa con una donna gi\u00e0 madre di famiglia. Ha una figlia e un figlio da un primo matrimonio, che lui accoglie come propri. Ancora a 101 anni, vede il figlio pi\u00f9 volte alla settimana, cos\u00ec come la sua famiglia.&nbsp;<\/p>\n\n\n\n<p>Ai VBZ, Walter M\u00fcller lavora come conducente per 13 anni e per 11 anni nel reparto di supervisione, responsabile dei rapporti dei conducenti e dell\u2019assegnazione dei servizi. Il clima \u00e8 molto difficile, le discussioni sono quasi quotidiane.&nbsp;Ne soffre enormemente e crolla nel 1969. Il vicino gli consiglia allora di candidarsi per un lavoro nel servizio sociale, dove lui stesso \u00e8 operatore sul campo. Quando un collaboratore muore inaspettatamente, Walter M\u00fcller ottiene quel posto. Ne \u00e8 estremamente grato, perch\u00e9 il lavoro \u00e8 molto interessante e vario: \u00e8 in contatto con tutti i ceti della popolazione, il che amplia notevolmente i suoi orizzonti. Walter M\u00fcller dice: \u00ab Grazie a questo, sono finalmente arrivato in cima. \u00bb Vi trascorre 15 anni belli fino alla pensione.&nbsp;<\/p>\n\n\n\n<p>Raggiungere i 100 anni \u00e8 per Walter M\u00fcller un dono. Anche se ha dovuto affrontare problemi di salute (embolia polmonare e varie operazioni), gode di buona salute. Il suo segreto non risiede in particolari abitudini di vita, ma in un atteggiamento sereno di fronte all\u2019esistenza. Alla domanda su come sia riuscito a diventare cos\u00ec anziano, risponde sorridendo: \u00ab Aspettare e vedere. \u00bb&nbsp;<\/p>\n\n\n\n<p>Nonostante l\u2019et\u00e0, Walter M\u00fcller rimane attivo e pieno di gioia di vivere. I lavori domestici lo tengono occupato, ed \u00e8 spesso invitato da amici o parenti. Ama anche giocare a sudoku, anche se ha bisogno di una lente potente, o guardare un film interessante. Ama in particolare far visita ad altri centenari per giocare a carte e scambiare storie. Nonostante le prove, Walter M\u00fcller \u00e8 un uomo che diffonde molto umorismo e guarda alla sua vita con soddisfazione. \u00c8 grato per tutte le esperienze vissute e per il fatto di sentirsi ancora cos\u00ec bene.&nbsp;&nbsp;<a href=\"https:\/\/wp.unil.ch\/swiss100\/wp-admin\/post.php?post=4678&amp;action=edit&amp;lang=fr\"><\/a><\/p>\n<\/div>\n<\/div>\n","protected":false},"excerpt":{"rendered":"<p>\u00ab Aspettare e vedere. \u00bb Walter M\u00fcller nasce nel 1922 a Zurigo, in una famiglia modesta, segnata dalle difficolt\u00e0. Ricorda un\u2019infanzia senza grandi prospettive: \u00ab Ho cominciato dal&hellip;<\/p>\n","protected":false},"author":1003048,"featured_media":0,"parent":0,"menu_order":0,"comment_status":"closed","ping_status":"closed","template":"","meta":{"_seopress_robots_primary_cat":"","_seopress_titles_title":"","_seopress_titles_desc":"","_seopress_robots_index":"","footnotes":""},"class_list":["post-6287","page","type-page","status-publish","has-post-thumbnail"],"_links":{"self":[{"href":"https:\/\/wp.unil.ch\/swiss100\/it\/wp-json\/wp\/v2\/pages\/6287","targetHints":{"allow":["GET"]}}],"collection":[{"href":"https:\/\/wp.unil.ch\/swiss100\/it\/wp-json\/wp\/v2\/pages"}],"about":[{"href":"https:\/\/wp.unil.ch\/swiss100\/it\/wp-json\/wp\/v2\/types\/page"}],"author":[{"embeddable":true,"href":"https:\/\/wp.unil.ch\/swiss100\/it\/wp-json\/wp\/v2\/users\/1003048"}],"replies":[{"embeddable":true,"href":"https:\/\/wp.unil.ch\/swiss100\/it\/wp-json\/wp\/v2\/comments?post=6287"}],"version-history":[{"count":3,"href":"https:\/\/wp.unil.ch\/swiss100\/it\/wp-json\/wp\/v2\/pages\/6287\/revisions"}],"predecessor-version":[{"id":6752,"href":"https:\/\/wp.unil.ch\/swiss100\/it\/wp-json\/wp\/v2\/pages\/6287\/revisions\/6752"}],"wp:attachment":[{"href":"https:\/\/wp.unil.ch\/swiss100\/it\/wp-json\/wp\/v2\/media?parent=6287"}],"curies":[{"name":"wp","href":"https:\/\/api.w.org\/{rel}","templated":true}]}}