{"id":6259,"date":"2025-12-10T12:03:57","date_gmt":"2025-12-10T11:03:57","guid":{"rendered":"https:\/\/wp.unil.ch\/swiss100\/?page_id=6259"},"modified":"2026-01-20T11:48:53","modified_gmt":"2026-01-20T10:48:53","slug":"leonilde-lurati","status":"publish","type":"page","link":"https:\/\/wp.unil.ch\/swiss100\/it\/leonilde-lurati\/","title":{"rendered":"Leonilde Lurati"},"content":{"rendered":"\n<div class=\"wp-block-columns alignwide is-layout-flex wp-container-core-columns-is-layout-9d6595d7 wp-block-columns-is-layout-flex\">\n<div class=\"wp-block-column is-layout-flow wp-block-column-is-layout-flow\">\n<h4 class=\"wp-block-heading has-text-align-center\"><strong><strong>\u00ab Restare tranquilli, cercare di non avere troppo e non pretendere di capire il mondo. \u00bb&nbsp;<\/strong>&nbsp;<\/strong><\/h4>\n<\/div>\n<\/div>\n\n\n\n<div class=\"wp-block-columns alignwide is-layout-flex wp-container-core-columns-is-layout-9d6595d7 wp-block-columns-is-layout-flex\">\n<div class=\"wp-block-column is-layout-flow wp-block-column-is-layout-flow\">\n<figure class=\"wp-block-image size-large\"><img alt=\"\" loading=\"lazy\" decoding=\"async\" width=\"1024\" height=\"1024\" src=\"https:\/\/wp.unil.ch\/swiss100\/files\/2025\/12\/dsc04079-1024x1024.jpg\" alt=\"\" class=\"wp-image-6248\" srcset=\"https:\/\/wp.unil.ch\/swiss100\/files\/2025\/12\/dsc04079-1024x1024.jpg 1024w, https:\/\/wp.unil.ch\/swiss100\/files\/2025\/12\/dsc04079-300x300.jpg 300w, https:\/\/wp.unil.ch\/swiss100\/files\/2025\/12\/dsc04079-150x150.jpg 150w, https:\/\/wp.unil.ch\/swiss100\/files\/2025\/12\/dsc04079-768x768.jpg 768w, https:\/\/wp.unil.ch\/swiss100\/files\/2025\/12\/dsc04079-540x540.jpg 540w, https:\/\/wp.unil.ch\/swiss100\/files\/2025\/12\/dsc04079-1080x1080.jpg 1080w, https:\/\/wp.unil.ch\/swiss100\/files\/2025\/12\/dsc04079.jpg 1200w\" sizes=\"auto, (max-width: 1024px) 100vw, 1024px\" \/><figcaption class=\"wp-element-caption\">Et\u00e0 nella foto : 101 ans<\/figcaption><\/figure>\n<\/div>\n\n\n\n<div class=\"wp-block-column is-layout-flow wp-block-column-is-layout-flow\">\n<p>Leonilde Lurati nasce nel 1922 nel villaggio di Canobbio, vicino a Lugano. Ultima in una famiglia di dieci figli cresce in un&#8217;epoca difficile: \u00abc&#8217;era miseria\u00bb, dice. I ricordi restano per\u00f2 gioiosi: \u00abEravamo tanti amici, ho avuto una bella infanzia\u00bb. I bambini giocano per le strade, si accontentano di poco, e la semplice uscita alla stazione per vedere passare il tram diventa un evento. Molto presto, per\u00f2, bisogna lavorare. Leonilde Lurati diventa commessa a Lugano, un lavoro che ama profondamente, ma che dura molto poco. Continua per\u00f2 a lavorare come tuttofare per la proprietaria del negozio, con cui mantiene i contatti fino alla pandemia del 2020.<\/p>\n\n\n\n<p>\u00c8 nelle strade del suo villaggio che Leonilde Lurati incontra Alfredo, suo futuro marito. Si sposano, lavorano molto e fondano una famiglia con quattro figli. Nel 1952 ristrutturano un vecchio fienile nel nucleo del villaggio per farne la loro casa di famiglia. Tutti partecipano ai lavori, anche i bambini che aiutano a sistemare la vigna e l&#8217;orto di cui Leonilde Lurati si occuper\u00e0 a lungo. Alfredo diventa usciere comunale a Canobbio, e anche lei lavora per il comune: pulisce i locali, accompagna i bambini dal dentista della scuola e si impegna nella vita del paese. Conserva un ricordo doloroso della perdita del marito, nel 1997, dopo 54 anni di matrimonio, e di quella della figlia pi\u00f9 giovane, morta a 63 anni.<\/p>\n\n\n\n<p>Molto impegnata nella vita parrocchiale, Leonilde Lurati partecipa a 18 pellegrinaggi a Lourdes, prima come fedele, poi con il gruppo dei malati. Si occupa anche della piccola cappella di Nostra Signora di Lourdes, e della decorazione delle vie del paese per la festa dell\u2019Immacolata; vie che adorna con i fiori da lei creati. Questa passione l&#8217;accompagna fino al 2020 quando le mani diventano troppo dolorose. Di carta, di stoffa, di plastica o di fil di ferro, realizza fiori per matrimoni, comunioni, feste del villaggio: \u00abVedeva un fiore ed era capace di riprodurlo\u00bb, racconta la figlia.<\/p>\n\n\n\n<p>La sua casa, nel cuore del villaggio rinnovato, \u00e8 piena di fiori e di foto-grafie: ricordi di feste, di viaggi, di momenti condivisi. A 101 anni, i suoi figli si prendono cura di lei a turno, una settimana ciascuno. La casa \u00e8 stata adattata alle sue esigenze, ma per Leonilde Lurati uscire resta quasi impossibile a causa delle sca-le: questo e l&#8217;importante problema all&#8217;udito la tengono lontana dal suo amato paese e dalle importanti relazioni sociali che vi intratteneva. A pi\u00f9 di cento anni, nonostante le difficolt\u00e0 dovute all&#8217;et\u00e0, i dolori alle mani e alle ginocchia, Leonilde Lurati vive a casa sua in autonomia e conserva lucidit\u00e0 e saggezza: \u00abPer me, ho tutto. Ormai non posso pi\u00f9 fare pi\u00f9 di quello che faccio; quindi, tutto cio che posso ancora fare mi rende felice.&nbsp;Della mia vita, sono contenta\u00bb.<\/p>\n<\/div>\n<\/div>\n","protected":false},"excerpt":{"rendered":"<p>\u00ab Restare tranquilli, cercare di non avere troppo e non pretendere di capire il mondo. \u00bb&nbsp;&nbsp; Leonilde Lurati nasce nel 1922 nel villaggio di Canobbio, vicino a Lugano.&hellip;<\/p>\n","protected":false},"author":1003049,"featured_media":0,"parent":0,"menu_order":0,"comment_status":"closed","ping_status":"closed","template":"","meta":{"_seopress_robots_primary_cat":"","_seopress_titles_title":"","_seopress_titles_desc":"","_seopress_robots_index":"","footnotes":""},"class_list":["post-6259","page","type-page","status-publish","has-post-thumbnail"],"_links":{"self":[{"href":"https:\/\/wp.unil.ch\/swiss100\/it\/wp-json\/wp\/v2\/pages\/6259","targetHints":{"allow":["GET"]}}],"collection":[{"href":"https:\/\/wp.unil.ch\/swiss100\/it\/wp-json\/wp\/v2\/pages"}],"about":[{"href":"https:\/\/wp.unil.ch\/swiss100\/it\/wp-json\/wp\/v2\/types\/page"}],"author":[{"embeddable":true,"href":"https:\/\/wp.unil.ch\/swiss100\/it\/wp-json\/wp\/v2\/users\/1003049"}],"replies":[{"embeddable":true,"href":"https:\/\/wp.unil.ch\/swiss100\/it\/wp-json\/wp\/v2\/comments?post=6259"}],"version-history":[{"count":3,"href":"https:\/\/wp.unil.ch\/swiss100\/it\/wp-json\/wp\/v2\/pages\/6259\/revisions"}],"predecessor-version":[{"id":6750,"href":"https:\/\/wp.unil.ch\/swiss100\/it\/wp-json\/wp\/v2\/pages\/6259\/revisions\/6750"}],"wp:attachment":[{"href":"https:\/\/wp.unil.ch\/swiss100\/it\/wp-json\/wp\/v2\/media?parent=6259"}],"curies":[{"name":"wp","href":"https:\/\/api.w.org\/{rel}","templated":true}]}}