{"id":6219,"date":"2025-12-10T11:39:05","date_gmt":"2025-12-10T10:39:05","guid":{"rendered":"https:\/\/wp.unil.ch\/swiss100\/?page_id=6219"},"modified":"2026-01-20T12:13:02","modified_gmt":"2026-01-20T11:13:02","slug":"frida-vollenweider","status":"publish","type":"page","link":"https:\/\/wp.unil.ch\/swiss100\/it\/frida-vollenweider\/","title":{"rendered":"Frida Vollenweider"},"content":{"rendered":"\n<div class=\"wp-block-columns alignwide is-layout-flex wp-container-core-columns-is-layout-9d6595d7 wp-block-columns-is-layout-flex\">\n<div class=\"wp-block-column is-layout-flow wp-block-column-is-layout-flow\">\n<h4 class=\"wp-block-heading has-text-align-center\"><strong>\u00ab <strong>Apprezzate le piccole cose e siate consapevoli di tutto ci\u00f2 che avete.<\/strong> \u00bb&nbsp;<\/strong><\/h4>\n<\/div>\n<\/div>\n\n\n\n<div class=\"wp-block-columns alignwide is-layout-flex wp-container-core-columns-is-layout-9d6595d7 wp-block-columns-is-layout-flex\">\n<div class=\"wp-block-column is-layout-flow wp-block-column-is-layout-flow\">\n<figure class=\"wp-block-image size-large\"><img alt=\"\" loading=\"lazy\" decoding=\"async\" width=\"1024\" height=\"1024\" src=\"https:\/\/wp.unil.ch\/swiss100\/files\/2026\/01\/dsc_vollenweider_01689-2-1024x1024.jpg\" alt=\"\" class=\"wp-image-6423\" srcset=\"https:\/\/wp.unil.ch\/swiss100\/files\/2026\/01\/dsc_vollenweider_01689-2-1024x1024.jpg 1024w, https:\/\/wp.unil.ch\/swiss100\/files\/2026\/01\/dsc_vollenweider_01689-2-300x300.jpg 300w, https:\/\/wp.unil.ch\/swiss100\/files\/2026\/01\/dsc_vollenweider_01689-2-150x150.jpg 150w, https:\/\/wp.unil.ch\/swiss100\/files\/2026\/01\/dsc_vollenweider_01689-2-768x768.jpg 768w, https:\/\/wp.unil.ch\/swiss100\/files\/2026\/01\/dsc_vollenweider_01689-2-540x540.jpg 540w, https:\/\/wp.unil.ch\/swiss100\/files\/2026\/01\/dsc_vollenweider_01689-2-1080x1080.jpg 1080w, https:\/\/wp.unil.ch\/swiss100\/files\/2026\/01\/dsc_vollenweider_01689-2.jpg 1200w\" sizes=\"auto, (max-width: 1024px) 100vw, 1024px\" \/><figcaption class=\"wp-element-caption\">Et\u00e0 nella foto:&nbsp;101 anni<\/figcaption><\/figure>\n<\/div>\n\n\n\n<div class=\"wp-block-column is-layout-flow wp-block-column-is-layout-flow\">\n<p>Frida Vollenweider nasce nel 1921 nel villaggio cattolico di Schindellegi, nel Cantone di Svitto. Cresce in una delle sole tre famiglie protestanti del villaggio. Per questo motivo, insieme ai suoi cugini, riceve un&#8217;istruzione a casa. In seguito completa una formazione commerciale presso la scuola cattolica di commercio di Menzingen (ZG). Il suo progetto \u00e8 quello di diventare architetta.<\/p>\n\n\n\n<p>Dopo la formazione, Frida Vollenweider decide di trascorrere un anno all&#8217;estero a Roma, dove si occupa dei figli di una famiglia. Ma con lo scoppio della seconda guerra mondiale torna in Svizzera. Diventa vice comandante della protezione antiaerea a Schindellegi, dove \u00e8 responsabile dei lavori d&#8217;ufficio e dei controlli. Qui conosce il suo futuro marito.<\/p>\n\n\n\n<p>Nel 1946, dopo la fine della guerra, si sposano e diventano genitori di tre figli. Frida Vollenweider descrive gli anni successivi come i pi\u00f9 belli della sua vita. Oltre al suo ruolo di casalinga, si occupa delle pratiche burocratiche per suo marito, che prima \u00e8 giudice distrettuale e poi consigliere nazionale. La famiglia \u00e8 sempre al centro della sua attenzione: per lei \u00e8 particolarmente importante che nella sua famiglia regni la pace e che si vivano insieme momenti piacevoli come le gite domenicali e il Natale.<\/p>\n\n\n\n<p>Con la morte del marito nel 1980, Frida Vollenweider impara ad accettare le perdite con dignit\u00e0. Dopo un&#8217;ernia del disco all&#8217;et\u00e0 di 100 anni, deve dire addio alla sua casa. Si ambienta molto bene nella casa di cura e, guardando indietro, ritiene che il trasferimento sia stata la scelta migliore.<\/p>\n\n\n\n<p>Compiere 100 anni non \u00e8 mai stato l&#8217;obiettivo di Frida Vollenweider. Considera la sua lunga vita un dono, perch\u00e9 sta ancora bene ed \u00e8 molto soddisfatta. Essendo una persona ottimista, apprezza ci\u00f2 che ha e guarda al lato positivo della vita. Ad esempio, le piace osservare le nuvole e gli alberi autunnali colorati dalla sua camera. Anche le sue relazioni personali le danno molto. Ha contatti regolari con i suoi tre figli. Ad esempio, una volta alla settimana va a cena da suo figlio, che vive nelle vicinanze.<\/p>\n\n\n\n<p>Nel corso della sua lunga vita, Frida Vollenweider ha assistito a cambiamenti sociali e tecnologici fondamentali. In particolare, l&#8217;invenzione della radio e del telefono, quando aveva circa 6 anni, ha influenzato profondamente la sua vita. Ancora oggi mostra grande interesse per gli avvenimenti mondiali. Anche se non riesce pi\u00f9 a leggere il giornale tutto d&#8217;un fiato, conserva gli articoli interessanti per leggerli in un secondo momento.<\/p>\n\n\n\n<p>A 101 anni, Frida Vollenweider guarda con gratitudine la sua vita. Sa di aver sfruttato al meglio le sue possibilit\u00e0 e di essere sempre rimasta fedele a se stessa. Per una vita appagante, consiglia di apprezzare le piccole cose, di essere consapevoli di ci\u00f2 che si ha e di esserne soddisfatti.<\/p>\n<\/div>\n<\/div>\n","protected":false},"excerpt":{"rendered":"<p>\u00ab Apprezzate le piccole cose e siate consapevoli di tutto ci\u00f2 che avete. \u00bb&nbsp; Frida Vollenweider nasce nel 1921 nel villaggio cattolico di Schindellegi, nel Cantone di Svitto.&hellip;<\/p>\n","protected":false},"author":1003048,"featured_media":0,"parent":0,"menu_order":0,"comment_status":"closed","ping_status":"closed","template":"","meta":{"_seopress_robots_primary_cat":"","_seopress_titles_title":"","_seopress_titles_desc":"","_seopress_robots_index":"","footnotes":""},"class_list":["post-6219","page","type-page","status-publish","has-post-thumbnail"],"_links":{"self":[{"href":"https:\/\/wp.unil.ch\/swiss100\/it\/wp-json\/wp\/v2\/pages\/6219","targetHints":{"allow":["GET"]}}],"collection":[{"href":"https:\/\/wp.unil.ch\/swiss100\/it\/wp-json\/wp\/v2\/pages"}],"about":[{"href":"https:\/\/wp.unil.ch\/swiss100\/it\/wp-json\/wp\/v2\/types\/page"}],"author":[{"embeddable":true,"href":"https:\/\/wp.unil.ch\/swiss100\/it\/wp-json\/wp\/v2\/users\/1003048"}],"replies":[{"embeddable":true,"href":"https:\/\/wp.unil.ch\/swiss100\/it\/wp-json\/wp\/v2\/comments?post=6219"}],"version-history":[{"count":3,"href":"https:\/\/wp.unil.ch\/swiss100\/it\/wp-json\/wp\/v2\/pages\/6219\/revisions"}],"predecessor-version":[{"id":6801,"href":"https:\/\/wp.unil.ch\/swiss100\/it\/wp-json\/wp\/v2\/pages\/6219\/revisions\/6801"}],"wp:attachment":[{"href":"https:\/\/wp.unil.ch\/swiss100\/it\/wp-json\/wp\/v2\/media?parent=6219"}],"curies":[{"name":"wp","href":"https:\/\/api.w.org\/{rel}","templated":true}]}}