{"id":6206,"date":"2025-12-10T11:38:15","date_gmt":"2025-12-10T10:38:15","guid":{"rendered":"https:\/\/wp.unil.ch\/swiss100\/?page_id=6206"},"modified":"2026-01-20T11:22:52","modified_gmt":"2026-01-20T10:22:52","slug":"maria-castiglioni","status":"publish","type":"page","link":"https:\/\/wp.unil.ch\/swiss100\/it\/maria-castiglioni\/","title":{"rendered":"Maria Castiglioni"},"content":{"rendered":"\n<div class=\"wp-block-columns alignwide is-layout-flex wp-container-core-columns-is-layout-9d6595d7 wp-block-columns-is-layout-flex\">\n<div class=\"wp-block-column is-layout-flow wp-block-column-is-layout-flow\">\n<h4 class=\"wp-block-heading has-text-align-center\"><strong>\u00ab Ho avuto una vita semplice. \u00bb&nbsp;<\/strong><\/h4>\n<\/div>\n<\/div>\n\n\n\n<div class=\"wp-block-columns alignwide is-layout-flex wp-container-core-columns-is-layout-9d6595d7 wp-block-columns-is-layout-flex\">\n<div class=\"wp-block-column is-layout-flow wp-block-column-is-layout-flow\">\n<figure class=\"wp-block-image size-large\"><img alt=\"\" loading=\"lazy\" decoding=\"async\" width=\"1024\" height=\"1024\" src=\"https:\/\/wp.unil.ch\/swiss100\/files\/2025\/12\/dsc04472-1024x1024.jpg\" alt=\"\" class=\"wp-image-6212\" srcset=\"https:\/\/wp.unil.ch\/swiss100\/files\/2025\/12\/dsc04472-1024x1024.jpg 1024w, https:\/\/wp.unil.ch\/swiss100\/files\/2025\/12\/dsc04472-300x300.jpg 300w, https:\/\/wp.unil.ch\/swiss100\/files\/2025\/12\/dsc04472-150x150.jpg 150w, https:\/\/wp.unil.ch\/swiss100\/files\/2025\/12\/dsc04472-768x768.jpg 768w, https:\/\/wp.unil.ch\/swiss100\/files\/2025\/12\/dsc04472-540x540.jpg 540w, https:\/\/wp.unil.ch\/swiss100\/files\/2025\/12\/dsc04472-1080x1080.jpg 1080w, https:\/\/wp.unil.ch\/swiss100\/files\/2025\/12\/dsc04472.jpg 1200w\" sizes=\"auto, (max-width: 1024px) 100vw, 1024px\" \/><figcaption class=\"wp-element-caption\">Et\u00e0 nella foto: 105 anni<\/figcaption><\/figure>\n<\/div>\n\n\n\n<div class=\"wp-block-column is-layout-flow wp-block-column-is-layout-flow\">\n<p>Maria Carla Castiglioni nasce a Milano nel 1920, i suoi genitori vengono da un paese in provincia di Varese. Sua madre \u00e8 casalinga e suo padre, capomastro, \u00e8 titolare di un&#8217;impresa edile molto attiva nella citt\u00e0 di Milano. Maria Castiglioni, come si fa chiamare, vive un&#8217;infanzia ordinaria, senza eventi particolarmente rilevanti, insieme ai suoi tre fratelli: Agnese, Ugo e il pi\u00f9 giovane, Cleme, nato nel 1926.<\/p>\n\n\n\n<p>A scuola Maria Castiglioni si distingue per la sua vivacit\u00e0 e la sua perspicacia, qualit\u00e0 che in seguito la porteranno a diventare maestra. Insegna all&#8217;Istituto delle Suore Marcelline, in Piazza Tommaseo a Milano. Nubile, si \u00e8 sempre interessata della vita delle sue scolare. Ama le recite scolastiche aperte al pubblico, l&#8217;amicizia con le suore e apprezza l&#8217;atmosfera cordiale del suo ambiente di lavoro.<\/p>\n\n\n\n<p>Dopo il pensionamento, Maria Castiglioni d\u00e0 lezioni private a domicilio e della sorella Agnese, ammalatasi dopo la morte del marito. Le accompagna da sola fino alla fine della loro vita, in quanto il fratello Cleme lavora all&#8217;estero. Cleme si trasferisce in Svizzera per lavoro. Specialista nei grandi cantieri, partecipa alla costruzione della parte sotterranea di Lugano. A Milano realizza inoltre pi\u00f9 di un centinaio di opere.<\/p>\n\n\n\n<p>Maria Castiglioni, a 105 anni, vive a Lugano a casa del fratello Cleme, in un appartamento con vista sul lago. Cleme la accoglie volentieri, riconoscente per l&#8217;assistenza data a madre e sorella. Maria Castiglioni \u00e8 d\u2019acilio e si prende cura della madre parte sua grata al fratello per la sua costante premura, ma desidererebbe tornare a fare molte cose da sola, senza dipendere da lui e dalle cure domiciliari.<\/p>\n\n\n\n<p>Donna nata nella prima met\u00e0 del XX secolo, Maria Castiglioni riflette spesso sui profondi mutamenti del mondo. Ritiene che la vita un tempo fosse pi\u00f9 semplice e pi\u00f9 gioiosa, anche se sperimentata nel periodo fascista.<\/p>\n\n\n\n<p>Arrivare ad avere pi\u00f9 di cent\u2019anni le sembra \u00abnormale\u00bb. Maria Castiglioni mantiene una buona salute; non ha mai sofferto di gravi problemi di salute, tranne una caduta che le provoca un\u2019emorragia cerebrale dalla quale per\u00f2 si riprende. Segue un&#8217;alimentazione semplice e beve poco vino.Ripercorrendo la sua storia, Maria Carla Castiglioni descrive un&#8217;esistenza semplice, quasi \u00abpiatta\u00bb, senza grandi emozioni, dedicata all&#8217;insegnamento e alla dedizione per la sorella. Suo fratello la descrive come una donna appassionata, orgogliosa e molto testarda.<\/p>\n<\/div>\n<\/div>\n","protected":false},"excerpt":{"rendered":"<p>\u00ab Ho avuto una vita semplice. \u00bb&nbsp; Maria Carla Castiglioni nasce a Milano nel 1920, i suoi genitori vengono da un paese in provincia di Varese. Sua madre&hellip;<\/p>\n","protected":false},"author":1003049,"featured_media":0,"parent":0,"menu_order":0,"comment_status":"closed","ping_status":"closed","template":"","meta":{"_seopress_robots_primary_cat":"","_seopress_titles_title":"","_seopress_titles_desc":"","_seopress_robots_index":"","footnotes":""},"class_list":["post-6206","page","type-page","status-publish","has-post-thumbnail"],"_links":{"self":[{"href":"https:\/\/wp.unil.ch\/swiss100\/it\/wp-json\/wp\/v2\/pages\/6206","targetHints":{"allow":["GET"]}}],"collection":[{"href":"https:\/\/wp.unil.ch\/swiss100\/it\/wp-json\/wp\/v2\/pages"}],"about":[{"href":"https:\/\/wp.unil.ch\/swiss100\/it\/wp-json\/wp\/v2\/types\/page"}],"author":[{"embeddable":true,"href":"https:\/\/wp.unil.ch\/swiss100\/it\/wp-json\/wp\/v2\/users\/1003049"}],"replies":[{"embeddable":true,"href":"https:\/\/wp.unil.ch\/swiss100\/it\/wp-json\/wp\/v2\/comments?post=6206"}],"version-history":[{"count":5,"href":"https:\/\/wp.unil.ch\/swiss100\/it\/wp-json\/wp\/v2\/pages\/6206\/revisions"}],"predecessor-version":[{"id":6691,"href":"https:\/\/wp.unil.ch\/swiss100\/it\/wp-json\/wp\/v2\/pages\/6206\/revisions\/6691"}],"wp:attachment":[{"href":"https:\/\/wp.unil.ch\/swiss100\/it\/wp-json\/wp\/v2\/media?parent=6206"}],"curies":[{"name":"wp","href":"https:\/\/api.w.org\/{rel}","templated":true}]}}