{"id":6164,"date":"2025-12-10T11:08:41","date_gmt":"2025-12-10T10:08:41","guid":{"rendered":"https:\/\/wp.unil.ch\/swiss100\/?page_id=6164"},"modified":"2026-01-20T11:54:24","modified_gmt":"2026-01-20T10:54:24","slug":"martha-scherrer","status":"publish","type":"page","link":"https:\/\/wp.unil.ch\/swiss100\/it\/martha-scherrer\/","title":{"rendered":"Martha Scherrer\u00a0"},"content":{"rendered":"\n<div class=\"wp-block-columns alignwide is-layout-flex wp-container-core-columns-is-layout-9d6595d7 wp-block-columns-is-layout-flex\">\n<div class=\"wp-block-column is-layout-flow wp-block-column-is-layout-flow\">\n<h4 class=\"wp-block-heading has-text-align-center\"><strong><strong><strong>\u00ab Sono una combattente, ho sempre superato le mie prove da sola! \u00bb<\/strong><\/strong><\/strong><\/h4>\n<\/div>\n<\/div>\n\n\n\n<div class=\"wp-block-columns alignwide is-layout-flex wp-container-core-columns-is-layout-9d6595d7 wp-block-columns-is-layout-flex\">\n<div class=\"wp-block-column is-layout-flow wp-block-column-is-layout-flow\">\n<figure class=\"wp-block-image size-large\"><img alt=\"dsc06314\" loading=\"lazy\" decoding=\"async\" width=\"1024\" height=\"1024\" src=\"https:\/\/wp.unil.ch\/swiss100\/files\/2025\/12\/dsc06314-1024x1024.jpg\" alt=\"\" class=\"wp-image-6144\" srcset=\"https:\/\/wp.unil.ch\/swiss100\/files\/2025\/12\/dsc06314-1024x1024.jpg 1024w, https:\/\/wp.unil.ch\/swiss100\/files\/2025\/12\/dsc06314-300x300.jpg 300w, https:\/\/wp.unil.ch\/swiss100\/files\/2025\/12\/dsc06314-150x150.jpg 150w, https:\/\/wp.unil.ch\/swiss100\/files\/2025\/12\/dsc06314-768x768.jpg 768w, https:\/\/wp.unil.ch\/swiss100\/files\/2025\/12\/dsc06314-540x540.jpg 540w, https:\/\/wp.unil.ch\/swiss100\/files\/2025\/12\/dsc06314-1080x1080.jpg 1080w, https:\/\/wp.unil.ch\/swiss100\/files\/2025\/12\/dsc06314.jpg 1200w\" sizes=\"auto, (max-width: 1024px) 100vw, 1024px\" \/><figcaption class=\"wp-element-caption\">Et\u00e0 nella foto:&nbsp; 102 anni<\/figcaption><\/figure>\n<\/div>\n\n\n\n<div class=\"wp-block-column is-layout-flow wp-block-column-is-layout-flow\">\n<p>Martha Scherrer nasce nel 1921 sulla riva del lago di Zurigo. Suo padre gestisce un piccolo commercio, sua madre viene da Yverdon. A 12 anni perde il padre e poi una sorella, morta di meningite. Queste prove la segnano profondamente; senza famiglia nella Svizzera tedesca, lei e sua madre partono a vivere a Losanna.&nbsp;<\/p>\n\n\n\n<p>La guerra segna la sua giovinezza, ma un giorno d\u2019estate, mentre fa il bagno, incontra colui che diventer\u00e0 suo marito. La loro relazione si costruisce, ma rimandano il matrimonio alla fine della guerra. In quel periodo, per cinque anni, Martha si occupa di due bambini ai quali \u00e8 molto affezionata.&nbsp;<\/p>\n\n\n\n<p>La coppia si sposa nel 1945. Nasce la loro prima figlia, ma la seconda, B\u00e9atrice, muore a otto mesi. Dopo 26 anni, i tradimenti e le menzogne del marito mettono fine all\u2019unione. Il divorzio \u00e8 tanto pi\u00f9 difficile perch\u00e9 gestiscono insieme un\u2019agenzia BMW e il garage dell\u2019ex-marito si trova sotto il loro appartamento. Martha Scherrer cade allora in una profonda depressione: \u00abFumavo tre pacchetti al giorno, non avevo pi\u00f9 nulla da perdere.\u00bb&nbsp;<\/p>\n\n\n\n<p>A 52 anni, inizia una seconda carriera in una gioielleria, dove resta 17 anni. Adora il suo lavoro: \u00abAppena c\u2019\u00e8 un gioiello su qualcuno, mi salta all\u2019occhio!\u00bb Intrattiene un rapporto fusionale con la figlia: \u00abSiamo pi\u00f9 amiche che madre e figlia, \u00e8 prezioso!\u00bb&nbsp;<\/p>\n\n\n\n<p>A 102 anni, Martha deplora l\u2019assenza di un rimedio contro i tremori delle mani: \u00abVanno sulla Luna, su Marte\u2026 ma un tremore? Niente!\u00bb Non avrebbe mai immaginato di vivere cos\u00ec a lungo, anche se un compagno le aveva predetto la longevit\u00e0 leggendo le linee della mano. Il suo carattere combattivo l\u2019ha sempre sostenuta: \u00abE poi mangio tartine al miele, credo che faccia bene alla salute!\u00bb&nbsp;<\/p>\n\n\n\n<p>Pensa spesso ai bambini di cui si occupava durante la guerra, che non ha mai pi\u00f9 rivisto. Un altro rimpianto: non aver potuto fare degli studi, lei che sognava di essere infermiera pediatrica.&nbsp;<\/p>\n\n\n\n<p>Installata in una casa di riposo da due anni, si sente bene nonostante la perdita di autonomia dovuta alle cadute e alle embolie polmonari, conseguenze del suo passato da grande fumatrice. Il suo medico, appassionato di BMW, l\u2019ha incoraggiata a smettere. Per i suoi 100 anni, ha festeggiato diversi giorni nonostante la fatica. Si prende cura di s\u00e9, fa la toilette da sola e rimane molto empatica verso il personale: Martha Scherrer ha un grande cuore.&nbsp;Organizza regolarmente visite con la figlia, teme soprattutto di vederla partire prima di lei. Dotata di un\u2019ottima vista, di umorismo e di interessi vari, anche per la politica federale, non si annoia mai.&nbsp;<\/p>\n\n\n\n<p>Ai giovani dice: \u00abImparare, imparare, imparare, metterlo qui dentro\u00bb (indicando la testa). \u00abLe conoscenze sono un bene prezioso che nessuno pu\u00f2 portarvi via.\u00bb&nbsp;&nbsp;<\/p>\n<\/div>\n<\/div>\n","protected":false},"excerpt":{"rendered":"<p>\u00ab Sono una combattente, ho sempre superato le mie prove da sola! \u00bb Martha Scherrer nasce nel 1921 sulla riva del lago di Zurigo. Suo padre gestisce un&hellip;<\/p>\n","protected":false},"author":1003048,"featured_media":0,"parent":0,"menu_order":0,"comment_status":"closed","ping_status":"closed","template":"","meta":{"_seopress_robots_primary_cat":"","_seopress_titles_title":"","_seopress_titles_desc":"","_seopress_robots_index":"","footnotes":""},"class_list":["post-6164","page","type-page","status-publish","has-post-thumbnail"],"_links":{"self":[{"href":"https:\/\/wp.unil.ch\/swiss100\/it\/wp-json\/wp\/v2\/pages\/6164","targetHints":{"allow":["GET"]}}],"collection":[{"href":"https:\/\/wp.unil.ch\/swiss100\/it\/wp-json\/wp\/v2\/pages"}],"about":[{"href":"https:\/\/wp.unil.ch\/swiss100\/it\/wp-json\/wp\/v2\/types\/page"}],"author":[{"embeddable":true,"href":"https:\/\/wp.unil.ch\/swiss100\/it\/wp-json\/wp\/v2\/users\/1003048"}],"replies":[{"embeddable":true,"href":"https:\/\/wp.unil.ch\/swiss100\/it\/wp-json\/wp\/v2\/comments?post=6164"}],"version-history":[{"count":3,"href":"https:\/\/wp.unil.ch\/swiss100\/it\/wp-json\/wp\/v2\/pages\/6164\/revisions"}],"predecessor-version":[{"id":6763,"href":"https:\/\/wp.unil.ch\/swiss100\/it\/wp-json\/wp\/v2\/pages\/6164\/revisions\/6763"}],"wp:attachment":[{"href":"https:\/\/wp.unil.ch\/swiss100\/it\/wp-json\/wp\/v2\/media?parent=6164"}],"curies":[{"name":"wp","href":"https:\/\/api.w.org\/{rel}","templated":true}]}}