{"id":6111,"date":"2025-12-09T13:43:52","date_gmt":"2025-12-09T12:43:52","guid":{"rendered":"https:\/\/wp.unil.ch\/swiss100\/?page_id=6111"},"modified":"2026-02-09T15:40:48","modified_gmt":"2026-02-09T14:40:48","slug":"jitka-polivka","status":"publish","type":"page","link":"https:\/\/wp.unil.ch\/swiss100\/it\/jitka-polivka\/","title":{"rendered":"Jitka\u00a0Polivka"},"content":{"rendered":"\n<div class=\"wp-block-columns alignwide is-layout-flex wp-container-core-columns-is-layout-9d6595d7 wp-block-columns-is-layout-flex\">\n<div class=\"wp-block-column is-layout-flow wp-block-column-is-layout-flow\">\n<h4 class=\"wp-block-heading has-text-align-center\"><strong><strong><strong><strong>\u00abColtivate la compagnia e la solidariet\u00e0, perch\u00e9 \u00e8 questo ci\u00f2 che conta davvero nella vita.\u00bb<\/strong>\u00a0<\/strong><\/strong><\/strong><\/h4>\n<\/div>\n<\/div>\n\n\n\n<div class=\"wp-block-columns alignwide is-layout-flex wp-container-core-columns-is-layout-9d6595d7 wp-block-columns-is-layout-flex\">\n<div class=\"wp-block-column is-layout-flow wp-block-column-is-layout-flow\">\n<figure class=\"wp-block-image alignwide size-large\"><img alt=\"dsc00381\" loading=\"lazy\" decoding=\"async\" width=\"1024\" height=\"1024\" src=\"https:\/\/wp.unil.ch\/swiss100\/files\/2025\/12\/dsc00381-1024x1024.jpg\" alt=\"\" class=\"wp-image-6101\" srcset=\"https:\/\/wp.unil.ch\/swiss100\/files\/2025\/12\/dsc00381-1024x1024.jpg 1024w, https:\/\/wp.unil.ch\/swiss100\/files\/2025\/12\/dsc00381-300x300.jpg 300w, https:\/\/wp.unil.ch\/swiss100\/files\/2025\/12\/dsc00381-150x150.jpg 150w, https:\/\/wp.unil.ch\/swiss100\/files\/2025\/12\/dsc00381-768x768.jpg 768w, https:\/\/wp.unil.ch\/swiss100\/files\/2025\/12\/dsc00381-540x540.jpg 540w, https:\/\/wp.unil.ch\/swiss100\/files\/2025\/12\/dsc00381-1080x1080.jpg 1080w, https:\/\/wp.unil.ch\/swiss100\/files\/2025\/12\/dsc00381.jpg 1200w\" sizes=\"auto, (max-width: 1024px) 100vw, 1024px\" \/><figcaption class=\"wp-element-caption\">Et\u00e0 nella foto: 101 anni <\/figcaption><\/figure>\n<\/div>\n\n\n\n<div class=\"wp-block-column is-layout-flow wp-block-column-is-layout-flow\">\n<p><\/p>\n\n\n\n<p>Jitka Polivka nasce nel 1921 nell\u2019allora Cecoslovacchia. Figlia unica, cresce a Pardubice con i suoi affettuosi nonni. In un periodo di grandi cambiamenti politici e sociali, \u00e8 esposta a numerosi pericoli, ma i nonni le offrono una casa sicura. Sua madre, cuoca privata severa e laboriosa al servizio di famiglie benestanti, \u00e8 raramente a casa. \u00ab Babi\u010dka \u00bb (nonnetta) e il nonno si assicurano comunque che alla piccola Jitka non manchi nulla.&nbsp;<\/p>\n\n\n\n<p>Jitka Polivka ricorda con piacere i suoi anni scolastici. Frequenta prima la scuola elementare nel villaggio, poi percorre ogni giorno tre chilometri a piedi per raggiungere la scuola secondaria in citt\u00e0. Figlia unica che non vede il padre dall\u2019et\u00e0 di tre anni, \u00e8 ancora pi\u00f9 coccolata dalla madre e dai nonni. La madre rifiuta gli alimenti dal padre e provvede da sola alla figlia con il suo lavoro duro. La sua giovinezza \u00e8 spensierata; anche dopo l\u2019occupazione nazista, lei e la sua famiglia se la cavano relativamente bene.&nbsp;<\/p>\n\n\n\n<p>Per sfuggire al lavoro forzato in Germania nazista, Jitka Polivka si sposa a 20 anni. La coppia ha due figli: un maschio nel 1944 e una femmina nel 1947. Il matrimonio non dura; dopo 12 anni, si separano. Jitka rimane sola per alcuni anni, concentrandosi sul lavoro e sulla sua indipendenza personale, prima di sposare il suo secondo marito, che all\u2019epoca era il suo superiore.&nbsp;<\/p>\n\n\n\n<p>Durante la Primavera di Praga nel 1968, la famiglia \u00e8 costretta a lasciare il paese e si rifugia in Svizzera. Jitka Polivka ha allora 47 anni. Il primo anno di esilio lo trascorrono a Moutier, dove Polivka lavora per Tornos. Imparare il francese non \u00e8 facile per lei, ma tre anni dopo la famiglia trova una nuova casa a Winterthur e vi ricostruisce la propria vita.&nbsp;<\/p>\n\n\n\n<p>In Svizzera conduce per molti anni una vita soddisfacente, fino alla morte del marito nel 2000. \u00ab Gli uomini muoiono sempre quando ne hai pi\u00f9 bisogno \u00bb, osserva con un filo di malinconia nella voce.&nbsp;<\/p>\n\n\n\n<p>Jitka Polivka attribuisce la sua longevit\u00e0 ai geni della famiglia \u2014 sua madre visse quasi 105 anni.&nbsp;Si definisce volentieri un\u2019ottimista flemmatica. Sottolinea anche l\u2019importanza di un\u2019alimentazione sana e dell\u2019assenza di fast food, alcol e sigarette.&nbsp;<\/p>\n\n\n\n<p>Ha dei bei ricordi della sua educazione, dei valori che le ha trasmesso la nonna e delle numerose amicizie che hanno arricchito la sua vita. Circondata da amici fedeli che la visitano ogni settimana, conduce una vita tranquilla ed equilibrata. \u00c8 soddisfatta.&nbsp;<\/p>\n\n\n\n<p>Alla domanda sulla sua et\u00e0 avanzata, risponde con sicurezza: \u00ab Ml\u00e1d neum\u0159u \u00bb \u2014 Ormai non morir\u00f2 giovane.&nbsp;<\/p>\n<\/div>\n<\/div>\n","protected":false},"excerpt":{"rendered":"<p>\u00abColtivate la compagnia e la solidariet\u00e0, perch\u00e9 \u00e8 questo ci\u00f2 che conta davvero nella vita.\u00bb\u00a0 Jitka Polivka nasce nel 1921 nell\u2019allora Cecoslovacchia. Figlia unica, cresce a Pardubice con&hellip;<\/p>\n","protected":false},"author":1003048,"featured_media":0,"parent":0,"menu_order":0,"comment_status":"closed","ping_status":"closed","template":"","meta":{"_seopress_robots_primary_cat":"","_seopress_titles_title":"","_seopress_titles_desc":"","_seopress_robots_index":"","footnotes":""},"class_list":["post-6111","page","type-page","status-publish","has-post-thumbnail"],"_links":{"self":[{"href":"https:\/\/wp.unil.ch\/swiss100\/it\/wp-json\/wp\/v2\/pages\/6111","targetHints":{"allow":["GET"]}}],"collection":[{"href":"https:\/\/wp.unil.ch\/swiss100\/it\/wp-json\/wp\/v2\/pages"}],"about":[{"href":"https:\/\/wp.unil.ch\/swiss100\/it\/wp-json\/wp\/v2\/types\/page"}],"author":[{"embeddable":true,"href":"https:\/\/wp.unil.ch\/swiss100\/it\/wp-json\/wp\/v2\/users\/1003048"}],"replies":[{"embeddable":true,"href":"https:\/\/wp.unil.ch\/swiss100\/it\/wp-json\/wp\/v2\/comments?post=6111"}],"version-history":[{"count":4,"href":"https:\/\/wp.unil.ch\/swiss100\/it\/wp-json\/wp\/v2\/pages\/6111\/revisions"}],"predecessor-version":[{"id":7056,"href":"https:\/\/wp.unil.ch\/swiss100\/it\/wp-json\/wp\/v2\/pages\/6111\/revisions\/7056"}],"wp:attachment":[{"href":"https:\/\/wp.unil.ch\/swiss100\/it\/wp-json\/wp\/v2\/media?parent=6111"}],"curies":[{"name":"wp","href":"https:\/\/api.w.org\/{rel}","templated":true}]}}