{"id":5146,"date":"2025-09-30T11:38:11","date_gmt":"2025-09-30T09:38:11","guid":{"rendered":"https:\/\/wp.unil.ch\/swiss100\/?page_id=5146"},"modified":"2026-01-20T11:39:22","modified_gmt":"2026-01-20T10:39:22","slug":"yvette-helfer","status":"publish","type":"page","link":"https:\/\/wp.unil.ch\/swiss100\/it\/yvette-helfer\/","title":{"rendered":"Yvette Helfer"},"content":{"rendered":"\n<div class=\"wp-block-columns alignwide is-layout-flex wp-container-core-columns-is-layout-9d6595d7 wp-block-columns-is-layout-flex\">\n<div class=\"wp-block-column is-vertically-aligned-center is-layout-flow wp-block-column-is-layout-flow\">\n<h4 class=\"wp-block-heading has-text-align-center\"><strong>\u00ab Promuovere la pace, impegnarsi per la solidariet\u00e0 e amare la vita. \u00bb\u202f<\/strong>&nbsp;<\/h4>\n<\/div>\n<\/div>\n\n\n\n<div class=\"wp-block-columns alignwide is-layout-flex wp-container-core-columns-is-layout-9d6595d7 wp-block-columns-is-layout-flex\">\n<div class=\"wp-block-column is-layout-flow wp-block-column-is-layout-flow\">\n<figure class=\"wp-block-image size-large\"><img alt=\"\" loading=\"lazy\" decoding=\"async\" width=\"1024\" height=\"1024\" src=\"https:\/\/wp.unil.ch\/swiss100\/files\/2025\/09\/dsc07035helfer_fin-1024x1024.jpeg\" alt=\"\" class=\"wp-image-5066\" srcset=\"https:\/\/wp.unil.ch\/swiss100\/files\/2025\/09\/dsc07035helfer_fin-1024x1024.jpeg 1024w, https:\/\/wp.unil.ch\/swiss100\/files\/2025\/09\/dsc07035helfer_fin-300x300.jpeg 300w, https:\/\/wp.unil.ch\/swiss100\/files\/2025\/09\/dsc07035helfer_fin-150x150.jpeg 150w, https:\/\/wp.unil.ch\/swiss100\/files\/2025\/09\/dsc07035helfer_fin-768x768.jpeg 768w, https:\/\/wp.unil.ch\/swiss100\/files\/2025\/09\/dsc07035helfer_fin-540x540.jpeg 540w, https:\/\/wp.unil.ch\/swiss100\/files\/2025\/09\/dsc07035helfer_fin-1080x1080.jpeg 1080w, https:\/\/wp.unil.ch\/swiss100\/files\/2025\/09\/dsc07035helfer_fin.jpeg 1200w\" sizes=\"auto, (max-width: 1024px) 100vw, 1024px\" \/><figcaption class=\"wp-element-caption\">Et\u00e0 nella foto: 102 anni<\/figcaption><\/figure>\n<\/div>\n\n\n\n<div class=\"wp-block-column is-layout-flow wp-block-column-is-layout-flow\">\n<p>Yvette Helfer nasce a Vallorbe nel 1921. Figlia unica, ama molto la scuola, in particolare la letteratura francese e le lingue. Dopo la scuola, intraprende dapprima un apprendistato come impiegata d\u2019ufficio prima di essere assunta come centralinista-telegrafista. Scoppia la guerra: Vallorbe si trova sul posto di frontiera e le comunicazioni sono molto urgenti e importanti. \u00c8 proprio alla centrale telefonica di Vallorbe che riceve una chiamata destinata a cambiare la sua vita: quella di un tenente mobilitato al forte di Pr\u00e9-Girou. Una sera, lui la chiama e, affascinato dalla sua voce, le chiede di restare un momento in linea. La conversazione si prolunga, leggera e complice, fino a quando lui le propone di incontrarsi. Scendono a Losanna e trascorrono una splendida giornata a Ouchy. Poco dopo, lei riceve una lettera: l\u2019inizio di una storia d\u2019amore che durer\u00e0 72 anni.&nbsp;<\/p>\n\n\n\n<p>Ottimisti e innamorati, si sposano in piena guerra e costruiscono un\u2019unione solida, fondata sul rispetto reciproco e sull\u2019indipendenza. Nel 1951 si trasferiscono a Losanna, dove crescono i loro due figli, Michel e Jocelyne, che lei ama profondamente.&nbsp;<\/p>\n\n\n\n<p>Dopo la nascita dei figli, Yvette Helfer si dedica al volontariato. Accompagna alla Maternit\u00e0 giovani donne che non possono tenere i loro bambini dopo la nascita, poi fonda con un\u2019amica il Vestiaire di Terre des Hommes. A 50 anni riprende il suo lavoro di centralinista alla centrale telefonica di Losanna, nel reparto delle informazioni internazionali. La sua conoscenza del tedesco, dell\u2019italiano e dell\u2019inglese le \u00e8 allora molto utile. Dopo il pensionamento, si impegna al fianco della figlia pastora nella distribuzione di cibo per le persone tossicodipendenti e bisognose, nell\u2019ambito della parrocchia di St-Laurent. Ne assumer\u00e0 la responsabilit\u00e0 fino al 2004.&nbsp;<\/p>\n\n\n\n<p>Donna libera e socievole, profondamente toccata dalla sofferenza altrui, Yvette Helfer si impegna anche in politica partecipando, come militante di base, alla creazione insieme a Daniel Br\u00e9laz del Gruppo per la protezione dell\u2019ambiente, che diventer\u00e0 i Verdi.&nbsp;<\/p>\n\n\n\n<p>Con il passare degli anni, la salute del marito declina; diverse cadute rendono la vita pi\u00f9 difficile. Lei si prende cura di lui con dedizione fino alla sua morte nel 2016. La sua scomparsa \u00e8 una grande prova. All\u2019et\u00e0 di 95 anni, decide allora di trasferirsi a casa della figlia.&nbsp;<\/p>\n\n\n\n<p>Per Yvette Helfer, vivere in accordo con le proprie convinzioni \u00e8 sempre stato essenziale. Sa quanto una visione chiara e ottimista possa offrire la forza di attraversare i momenti oscuri. Attribuisce infatti la sua longevit\u00e0 al suo amore per la vita. A 102 anni considera la sua et\u00e0 come una sorpresa: n\u00e9 un dono, n\u00e9 un peso.&nbsp;<\/p>\n\n\n\n<p>Dopo una vita ricca di esperienze, viaggi e impegni sociali, Yvette Helfer lascia dietro di s\u00e9 un\u2019eredit\u00e0 di forti convinzioni e di amore.<\/p>\n<\/div>\n<\/div>\n","protected":false},"excerpt":{"rendered":"<p>\u00ab Promuovere la pace, impegnarsi per la solidariet\u00e0 e amare la vita. \u00bb\u202f&nbsp; Yvette Helfer nasce a Vallorbe nel 1921. Figlia unica, ama molto la scuola, in particolare&hellip;<\/p>\n","protected":false},"author":1003048,"featured_media":0,"parent":0,"menu_order":0,"comment_status":"closed","ping_status":"closed","template":"","meta":{"_seopress_robots_primary_cat":"","_seopress_titles_title":"","_seopress_titles_desc":"","_seopress_robots_index":"","footnotes":""},"class_list":["post-5146","page","type-page","status-publish","has-post-thumbnail"],"_links":{"self":[{"href":"https:\/\/wp.unil.ch\/swiss100\/it\/wp-json\/wp\/v2\/pages\/5146","targetHints":{"allow":["GET"]}}],"collection":[{"href":"https:\/\/wp.unil.ch\/swiss100\/it\/wp-json\/wp\/v2\/pages"}],"about":[{"href":"https:\/\/wp.unil.ch\/swiss100\/it\/wp-json\/wp\/v2\/types\/page"}],"author":[{"embeddable":true,"href":"https:\/\/wp.unil.ch\/swiss100\/it\/wp-json\/wp\/v2\/users\/1003048"}],"replies":[{"embeddable":true,"href":"https:\/\/wp.unil.ch\/swiss100\/it\/wp-json\/wp\/v2\/comments?post=5146"}],"version-history":[{"count":5,"href":"https:\/\/wp.unil.ch\/swiss100\/it\/wp-json\/wp\/v2\/pages\/5146\/revisions"}],"predecessor-version":[{"id":6742,"href":"https:\/\/wp.unil.ch\/swiss100\/it\/wp-json\/wp\/v2\/pages\/5146\/revisions\/6742"}],"wp:attachment":[{"href":"https:\/\/wp.unil.ch\/swiss100\/it\/wp-json\/wp\/v2\/media?parent=5146"}],"curies":[{"name":"wp","href":"https:\/\/api.w.org\/{rel}","templated":true}]}}