{"id":5114,"date":"2025-09-30T11:24:47","date_gmt":"2025-09-30T09:24:47","guid":{"rendered":"https:\/\/wp.unil.ch\/swiss100\/?page_id=5114"},"modified":"2026-01-20T12:19:55","modified_gmt":"2026-01-20T11:19:55","slug":"hans-widmer","status":"publish","type":"page","link":"https:\/\/wp.unil.ch\/swiss100\/it\/hans-widmer\/","title":{"rendered":"Hans Widmer"},"content":{"rendered":"\n<div class=\"wp-block-columns alignwide are-vertically-aligned-center is-layout-flex wp-container-core-columns-is-layout-9d6595d7 wp-block-columns-is-layout-flex\">\n<div class=\"wp-block-column is-vertically-aligned-center is-layout-flow wp-block-column-is-layout-flow\">\n<h4 class=\"wp-block-heading has-text-align-center\"><strong>\u00ab\u00c8 fondamentale imparare dal passato e non ripetere gli stessi errori.\u00bb<\/strong>&nbsp;<\/h4>\n<\/div>\n<\/div>\n\n\n\n<div class=\"wp-block-columns alignwide is-layout-flex wp-container-core-columns-is-layout-9d6595d7 wp-block-columns-is-layout-flex\">\n<div class=\"wp-block-column is-layout-flow wp-block-column-is-layout-flow\">\n<figure class=\"wp-block-image size-large\"><img alt=\"\" loading=\"lazy\" decoding=\"async\" width=\"1024\" height=\"1024\" src=\"https:\/\/wp.unil.ch\/swiss100\/files\/2025\/09\/dsc06735widmer_fin-1024x1024.jpeg\" alt=\"\" class=\"wp-image-5054\" srcset=\"https:\/\/wp.unil.ch\/swiss100\/files\/2025\/09\/dsc06735widmer_fin-1024x1024.jpeg 1024w, https:\/\/wp.unil.ch\/swiss100\/files\/2025\/09\/dsc06735widmer_fin-300x300.jpeg 300w, https:\/\/wp.unil.ch\/swiss100\/files\/2025\/09\/dsc06735widmer_fin-150x150.jpeg 150w, https:\/\/wp.unil.ch\/swiss100\/files\/2025\/09\/dsc06735widmer_fin-768x768.jpeg 768w, https:\/\/wp.unil.ch\/swiss100\/files\/2025\/09\/dsc06735widmer_fin-540x540.jpeg 540w, https:\/\/wp.unil.ch\/swiss100\/files\/2025\/09\/dsc06735widmer_fin-1080x1080.jpeg 1080w, https:\/\/wp.unil.ch\/swiss100\/files\/2025\/09\/dsc06735widmer_fin.jpeg 1200w\" sizes=\"auto, (max-width: 1024px) 100vw, 1024px\" \/><figcaption class=\"wp-element-caption\">Et\u00e0 nella foto: 101 anni<\/figcaption><\/figure>\n<\/div>\n\n\n\n<div class=\"wp-block-column is-layout-flow wp-block-column-is-layout-flow\">\n<p>Hans Widmer nasce nel 1922, figlio di un insegnante nella regione dell&#8217;Appenzello. Nel suo villaggio ci sono molti disoccupati perch\u00e9 in quel periodo l&#8217;esportazione di prodotti tessili \u00e8 in fase di stagnazione. La sua famiglia \u00e8 invidiata per lo stipendio del padre.&nbsp;&nbsp;<\/p>\n\n\n\n<p>Da studente, Hans Widmer \u00e8 ambizioso e dotato per le lingue. Durante la maturit\u00e0 si guadagna qualche soldo extra scrivendo saggi per i compagni di classe pi\u00f9 ricchi. Come suo padre, anche lui diventa insegnante. Dopo la formazione all&#8217;Universit\u00e0 di Zurigo, ottiene un posto fisso in una scuola secondaria nel Cantone di Basilea, dove insegna lingue e storia. Dopo 12 anni, entra a far parte della Scuola professionale e femminile di Basilea. Qui diventa capo dipartimento e assicura il collegamento con il mondo del lavoro. \u00c8 in questo periodo che incontra quella che diventer\u00e0 sua moglie, con la quale vivr\u00e0 felice per tutta la vita. &nbsp;<\/p>\n\n\n\n<p>Nel corso della sua vita Hans Widmer \u00e8 testimone di profondi cambiamenti sociali ed eventi storici che rimangono impressi nella sua memoria. Ad esempio lo sciopero generale del 1948, che ha provocato disordini militari e tragiche perdite. Oppure gli eventi della Seconda guerra mondiale: ricorda infatti in modo molto dettagliato il giorno dell&#8217;armistizio, il 1\u00b0 maggio 1945. Da studente, vive la fine del periodo nazista e il sospiro di sollievo collettivo dopo la guerra. Descrive il decennio successivo alla guerra come uno dei migliori della sua vita. <\/p>\n\n\n\n<p>Compiere 100 anni non \u00e8 mai stato un obiettivo personale di Hans Widmer. Per lui la vita \u00e8 un dono e ha sempre cercato di trarne il meglio. Nonostante tutte le sfide, conserva il suo atteggiamento ottimistico nei confronti della vita, il suo profondo legame con la natura e la sua passione per la letteratura. Widmer segue una dieta equilibrata, ha sempre vissuto senza eccessi e ha sempre fatto molto movimento.&nbsp; Cresciuto con la vista sul S\u00e4ntis, nutre un grande amore per le montagne. Insieme alla moglie ha fatto tutte le escursioni possibili e immaginabili in Svizzera.&nbsp;&nbsp;<\/p>\n\n\n\n<p>Hans Widmer ritiene che tutta la vita sia una serie di lezioni e sottolinea che ha sempre voluto trasmettere le sue conoscenze. \u00c8 ancora in contatto regolare con un piccolo gruppo di ex studenti della scuola secondaria e li incontra una volta al mese per scambiare idee e pranzare insieme.<\/p>\n\n\n\n<p>Anche in et\u00e0 avanzata, si tiene aggiornato sugli avvenimenti mondiali e sui cambiamenti climatici e si preoccupa per il futuro delle sue due figlie. A 100 anni, ha gi\u00e0 assistito a molti cambiamenti e se ne prevedono altri. In base alla sua esperienza, pu\u00f2 solo consigliare di \u00abadattarsi\u00bb ai cambiamenti del mondo con flessibilit\u00e0 e apertura mentale, ma anche di opporsi ai cambiamenti che non sono positivi. \u00c8 fondamentale imparare dal passato e non ripetere gli stessi errori.<\/p>\n<\/div>\n<\/div>\n","protected":false},"excerpt":{"rendered":"<p>\u00ab\u00c8 fondamentale imparare dal passato e non ripetere gli stessi errori.\u00bb&nbsp; Hans Widmer nasce nel 1922, figlio di un insegnante nella regione dell&#8217;Appenzello. Nel suo villaggio ci sono&hellip;<\/p>\n","protected":false},"author":1003048,"featured_media":0,"parent":0,"menu_order":0,"comment_status":"closed","ping_status":"closed","template":"","meta":{"_seopress_robots_primary_cat":"","_seopress_titles_title":"","_seopress_titles_desc":"","_seopress_robots_index":"","footnotes":""},"class_list":["post-5114","page","type-page","status-publish","has-post-thumbnail"],"_links":{"self":[{"href":"https:\/\/wp.unil.ch\/swiss100\/it\/wp-json\/wp\/v2\/pages\/5114","targetHints":{"allow":["GET"]}}],"collection":[{"href":"https:\/\/wp.unil.ch\/swiss100\/it\/wp-json\/wp\/v2\/pages"}],"about":[{"href":"https:\/\/wp.unil.ch\/swiss100\/it\/wp-json\/wp\/v2\/types\/page"}],"author":[{"embeddable":true,"href":"https:\/\/wp.unil.ch\/swiss100\/it\/wp-json\/wp\/v2\/users\/1003048"}],"replies":[{"embeddable":true,"href":"https:\/\/wp.unil.ch\/swiss100\/it\/wp-json\/wp\/v2\/comments?post=5114"}],"version-history":[{"count":4,"href":"https:\/\/wp.unil.ch\/swiss100\/it\/wp-json\/wp\/v2\/pages\/5114\/revisions"}],"predecessor-version":[{"id":6823,"href":"https:\/\/wp.unil.ch\/swiss100\/it\/wp-json\/wp\/v2\/pages\/5114\/revisions\/6823"}],"wp:attachment":[{"href":"https:\/\/wp.unil.ch\/swiss100\/it\/wp-json\/wp\/v2\/media?parent=5114"}],"curies":[{"name":"wp","href":"https:\/\/api.w.org\/{rel}","templated":true}]}}