{"id":5107,"date":"2025-09-30T11:21:54","date_gmt":"2025-09-30T09:21:54","guid":{"rendered":"https:\/\/wp.unil.ch\/swiss100\/?page_id=5107"},"modified":"2026-01-20T11:34:29","modified_gmt":"2026-01-20T10:34:29","slug":"georges-auguste-dubois","status":"publish","type":"page","link":"https:\/\/wp.unil.ch\/swiss100\/it\/georges-auguste-dubois\/","title":{"rendered":"Georges Auguste Dubois"},"content":{"rendered":"\n<div class=\"wp-block-columns alignwide is-layout-flex wp-container-core-columns-is-layout-9d6595d7 wp-block-columns-is-layout-flex\">\n<div class=\"wp-block-column is-vertically-aligned-center is-layout-flow wp-block-column-is-layout-flow\">\n<h4 class=\"wp-block-heading has-text-align-center\"><strong><strong>\u00ab<\/strong>Non esagerare, ma goditi tutto!\u00bb<\/strong><\/h4>\n<\/div>\n<\/div>\n\n\n\n<div class=\"wp-block-columns alignwide is-layout-flex wp-container-core-columns-is-layout-9d6595d7 wp-block-columns-is-layout-flex\">\n<div class=\"wp-block-column is-layout-flow wp-block-column-is-layout-flow\">\n<figure class=\"wp-block-image size-large\"><img alt=\"\" loading=\"lazy\" decoding=\"async\" width=\"1024\" height=\"1024\" src=\"https:\/\/wp.unil.ch\/swiss100\/files\/2025\/09\/dsc06530dubois_fin-1024x1024.jpeg\" alt=\"\" class=\"wp-image-5046\" srcset=\"https:\/\/wp.unil.ch\/swiss100\/files\/2025\/09\/dsc06530dubois_fin-1024x1024.jpeg 1024w, https:\/\/wp.unil.ch\/swiss100\/files\/2025\/09\/dsc06530dubois_fin-300x300.jpeg 300w, https:\/\/wp.unil.ch\/swiss100\/files\/2025\/09\/dsc06530dubois_fin-150x150.jpeg 150w, https:\/\/wp.unil.ch\/swiss100\/files\/2025\/09\/dsc06530dubois_fin-768x768.jpeg 768w, https:\/\/wp.unil.ch\/swiss100\/files\/2025\/09\/dsc06530dubois_fin-540x540.jpeg 540w, https:\/\/wp.unil.ch\/swiss100\/files\/2025\/09\/dsc06530dubois_fin-1080x1080.jpeg 1080w, https:\/\/wp.unil.ch\/swiss100\/files\/2025\/09\/dsc06530dubois_fin.jpeg 1200w\" sizes=\"auto, (max-width: 1024px) 100vw, 1024px\" \/><figcaption class=\"wp-element-caption\">Et\u00e0 nella foto: 102 anni<\/figcaption><\/figure>\n<\/div>\n\n\n\n<div class=\"wp-block-column is-layout-flow wp-block-column-is-layout-flow\">\n<p>Georges Auguste Dubois nasce nel 1921 nel quartiere Eaux-Vives di Ginevra, secondo figlio della famiglia. Cresce in un ambiente felice, circondato dall&#8217;amore straordinario dei suoi genitori e ha un rapporto molto stretto con sua sorella.\u202f\u202f&nbsp;<\/p>\n\n\n\n<p>Affascinato dalla tecnica dell&#8217;orologeria e portato per i lavori manuali, Georges Auguste Dubois decide di frequentare la scuola di orologeria di Ginevra. Tuttavia, a causa della guerra, deve interrompere la sua formazione e non riesce a conseguire il diploma. Sebbene all&#8217;inizio sia piuttosto sconvolgente, l&#8217;esperienza nell&#8217;esercito lo aiuta a maturare. Dopo la guerra, supera gli esami e lavora per tre anni presso la manifattura orologiera Rolex.\u202f\u202f&nbsp;<\/p>\n\n\n\n<p>Una grave malattia a seguito di un incidente costringe\u202f Georges Auguste Dubois a lasciare il suo lavoro. \u00c8 molto indebolito fisicamente e mentalmente. Prende quindi una decisione radicale: si impegna come volontario in una fattoria, rifiuta qualsiasi compenso e si occupa di tutte le mansioni necessarie. Questo lavoro faticoso e solitario gli permette di ritrovare nuove energie e la sua autostima.\u202f&nbsp;<\/p>\n\n\n\n<p>All&#8217;et\u00e0 di 27 anni, tornato in ottima forma, Georges Auguste Dubois riprende la sua professione di orologiaio e inizia a lavorare presso la ditta Patek Philippe. In questa fase, in cui la sua vita riprende slancio, perde sua sorella, cosa che lo sconvolge profondamente. Lei muore di leucemia all&#8217;et\u00e0 di 33 anni.<\/p>\n\n\n\n<p>Georges Auguste Dubois lavora alla Patek Philippe per 38 anni come responsabile di officina, fino al suo pensionamento. Ama il suo lavoro e trova enorme soddisfazione nel realizzare orologi straordinari. In questa azienda incontra anche la donna della sua vita: \u00abEravamo la coppia Patek!\u00bb. I due si sposano nel 1956 a Petit Lancy e conducono un matrimonio lungo e felice. Insieme hanno due figlie, alle quali \u00e8 molto legato e con le quali condivide un grande amore per la natura.\u202f&nbsp;<\/p>\n\n\n\n<p>Nel 1991 perde la moglie a causa di un tumore. La ferita \u00e8 immensa, indelebile. Nonostante tutto Georges Auguste Dubois rimane una persona attiva, sia prima che dopo il pensionamento. Viaggia molto e visita oltre 30 paesi. \u00c8 cordiale e affabile, ha una buona cerchia di amici. Ama trascorrere il tempo conversando, fare nuove conoscenze e ricevere regolarmente visite. Ha ereditato l&#8217;amore per le persone da suo padre.\u202f&nbsp;<\/p>\n\n\n\n<p>Georges Auguste Dubois \u00e8 inoltre caratterizzato da un&#8217;incredibile curiosit\u00e0 per la tecnologia moderna: nonostante i suoi 103 anni, utilizza con facilit\u00e0 il suo iPad e il suo iPhone. I progressi nel campo della comunicazione lo affascinano. \u201cQuando ero piccolo\u201d, racconta, \u201cbisognava andare a piedi a invitare gli amici. Ora mia figlia mi manda foto in diretta dagli Stati Uniti!\u201d\u202f&nbsp;<\/p>\n\n\n\n<p>Dopo aver sconfitto un cancro aggressivo all&#8217;et\u00e0 di 84 anni Georges Auguste Dubois \u00e8 sano e pi\u00f9 in forma che mai. A 102 anni, non sente quasi il peso degli anni e vive da solo nella piccola casa luminosa che ha ereditato dai suoi genitori. Il suo consiglio pi\u00f9 importante per una vita lunga e sana \u00e8 semplice: \u201cNon esagerare, ma goditi tutto!\u201d.\u202f&nbsp;<\/p>\n<\/div>\n<\/div>\n\n\n\n<p><\/p>\n","protected":false},"excerpt":{"rendered":"<p>\u00abNon esagerare, ma goditi tutto!\u00bb Georges Auguste Dubois nasce nel 1921 nel quartiere Eaux-Vives di Ginevra, secondo figlio della famiglia. Cresce in un ambiente felice, circondato dall&#8217;amore straordinario&hellip;<\/p>\n","protected":false},"author":1003049,"featured_media":0,"parent":0,"menu_order":0,"comment_status":"closed","ping_status":"closed","template":"","meta":{"_seopress_robots_primary_cat":"","_seopress_titles_title":"","_seopress_titles_desc":"","_seopress_robots_index":"","footnotes":""},"class_list":["post-5107","page","type-page","status-publish","has-post-thumbnail"],"_links":{"self":[{"href":"https:\/\/wp.unil.ch\/swiss100\/it\/wp-json\/wp\/v2\/pages\/5107","targetHints":{"allow":["GET"]}}],"collection":[{"href":"https:\/\/wp.unil.ch\/swiss100\/it\/wp-json\/wp\/v2\/pages"}],"about":[{"href":"https:\/\/wp.unil.ch\/swiss100\/it\/wp-json\/wp\/v2\/types\/page"}],"author":[{"embeddable":true,"href":"https:\/\/wp.unil.ch\/swiss100\/it\/wp-json\/wp\/v2\/users\/1003049"}],"replies":[{"embeddable":true,"href":"https:\/\/wp.unil.ch\/swiss100\/it\/wp-json\/wp\/v2\/comments?post=5107"}],"version-history":[{"count":5,"href":"https:\/\/wp.unil.ch\/swiss100\/it\/wp-json\/wp\/v2\/pages\/5107\/revisions"}],"predecessor-version":[{"id":6731,"href":"https:\/\/wp.unil.ch\/swiss100\/it\/wp-json\/wp\/v2\/pages\/5107\/revisions\/6731"}],"wp:attachment":[{"href":"https:\/\/wp.unil.ch\/swiss100\/it\/wp-json\/wp\/v2\/media?parent=5107"}],"curies":[{"name":"wp","href":"https:\/\/api.w.org\/{rel}","templated":true}]}}