{"id":5092,"date":"2025-09-30T11:14:18","date_gmt":"2025-09-30T09:14:18","guid":{"rendered":"https:\/\/wp.unil.ch\/swiss100\/?page_id=5092"},"modified":"2026-01-20T11:26:21","modified_gmt":"2026-01-20T10:26:21","slug":"cesar-cornaz","status":"publish","type":"page","link":"https:\/\/wp.unil.ch\/swiss100\/it\/cesar-cornaz\/","title":{"rendered":"C\u00e9sar Cornaz"},"content":{"rendered":"\n<div class=\"wp-block-columns alignwide is-layout-flex wp-container-core-columns-is-layout-9d6595d7 wp-block-columns-is-layout-flex\">\n<div class=\"wp-block-column is-layout-flow wp-block-column-is-layout-flow\" style=\"flex-basis:100%\">\n<h4 class=\"wp-block-heading has-text-align-center\"><strong>\u00abRimanete semplici, vivete a contatto con la natura e moderate i vostri desideri. Non si pu\u00f2 avere tutto.\u00bb<\/strong><\/h4>\n<\/div>\n<\/div>\n\n\n\n<div class=\"wp-block-columns alignwide is-layout-flex wp-container-core-columns-is-layout-9d6595d7 wp-block-columns-is-layout-flex\">\n<div class=\"wp-block-column is-layout-flow wp-block-column-is-layout-flow\">\n<figure class=\"wp-block-image size-large\"><img alt=\"\" loading=\"lazy\" decoding=\"async\" width=\"1024\" height=\"1024\" src=\"https:\/\/wp.unil.ch\/swiss100\/files\/2025\/09\/dsc_cornaz_07859fin-1024x1024.jpeg\" alt=\"\" class=\"wp-image-5030\" srcset=\"https:\/\/wp.unil.ch\/swiss100\/files\/2025\/09\/dsc_cornaz_07859fin-1024x1024.jpeg 1024w, https:\/\/wp.unil.ch\/swiss100\/files\/2025\/09\/dsc_cornaz_07859fin-300x300.jpeg 300w, https:\/\/wp.unil.ch\/swiss100\/files\/2025\/09\/dsc_cornaz_07859fin-150x150.jpeg 150w, https:\/\/wp.unil.ch\/swiss100\/files\/2025\/09\/dsc_cornaz_07859fin-768x768.jpeg 768w, https:\/\/wp.unil.ch\/swiss100\/files\/2025\/09\/dsc_cornaz_07859fin-540x540.jpeg 540w, https:\/\/wp.unil.ch\/swiss100\/files\/2025\/09\/dsc_cornaz_07859fin-1080x1080.jpeg 1080w, https:\/\/wp.unil.ch\/swiss100\/files\/2025\/09\/dsc_cornaz_07859fin.jpeg 1200w\" sizes=\"auto, (max-width: 1024px) 100vw, 1024px\" \/><figcaption class=\"wp-element-caption\">Et\u00e0 nella foto: 101 anni<\/figcaption><\/figure>\n<\/div>\n\n\n\n<div class=\"wp-block-column is-layout-flow wp-block-column-is-layout-flow\">\n<p>C\u00e9sar Cornaz nasce nel 1922 a Faoug, sulla sponda meridionale del lago di Morat. Suo padre \u00e8 macchinista in una cava statale e guadagna appena quanto basta per sfamare la famiglia di cinque persone.&nbsp;&nbsp;&nbsp;<\/p>\n\n\n\n<p>Crescendo, C\u00e9sar Cornaz coltiv\u00f2 la sua passione per le collezioni: francobolli, cartoline, documenti, foto e film.&nbsp;Da bambino, contemplando un francobollo del Costa Rica, sognava di viaggiare. Ma il piccolo C\u00e9sar \u00e8 un ottimo studente. Questo gli permette di intraprendere una strada diversa da quella riservata al figlio di una famiglia povera. Ha completato un apprendistato triennale presso la Banca Cantonale Vodese ad Avenches. Successivamente lavora a Zurigo, Londra, Milano e Ginevra.&nbsp;&nbsp;<\/p>\n\n\n\n<p>Dopo il suo ritorno in Svizzera, C\u00e9sar Cornaz fonda insieme a un chimico ungherese una fabbrica di antibiotici. In qualit\u00e0 di direttore commerciale, viaggia in tutto il mondo. A contatto con diverse religioni e culture, sviluppa una certa riservatezza nei confronti della politica. Ad eccezione del diritto di voto alle donne, per il quale ha votato.&nbsp;&nbsp;<\/p>\n\n\n\n<p>Sua moglie, originaria del Canton Turgovia, che ha conosciuto a Zurigo, ha lavorato tutta la vita. Allo stesso tempo si \u00e8 occupata della famiglia quando C\u00e9sar Cornaz era in viaggio per lavoro. Vede poco i suoi figli. La figlia pi\u00f9 piccola, nata dieci anni dopo i primi due figli, beneficia maggiormente della sua presenza. Oggi ha un rapporto stretto con tutti i figli: suo figlio vive nel villaggio vicino e le figlie vengono ogni gioved\u00ec.&nbsp;<\/p>\n\n\n\n<p>&nbsp;Pi\u00f9 tardi vendette le sue quote della fabbrica e si compr\u00f2 un negozio di filatelia a Ginevra, realizzando cos\u00ec la passione della sua infanzia.Gli affari vanno bene.&nbsp;Nel 1985 pu\u00f2 permettersi di acquistare un terreno a Vallamand e di costruirvi una bella casa aperta, spaziosa e luminosa.&nbsp;&nbsp;<\/p>\n\n\n\n<p>Ai giovani direbbe: rimanete semplici, vicini alla natura e moderati nei vostri desideri. Non si pu\u00f2 avere tutto. E: nonostante sia rimasto vedovo due volte, continua ad amare la vita, ama ridere e cantare.&nbsp;&nbsp;&nbsp;<\/p>\n\n\n\n<p>C\u00e9sar Cornaz dice: \u00abHo compiuto cento anni senza mai averlo sognato, \u00e8 successo passo dopo passo.Non ho fatto molto per la mia salute. \u00c8 pura fortuna che io sia ancora cos\u00ec in forma\u00bb.&nbsp;Una cosa \u00e8 certa: non si \u00e8 mai annoiato. In tutti questi anni ha anche sbagliato e la vita lo ha messo alla prova, come tutti gli altri. Ma ha sempre avuto la meglio.&nbsp;&nbsp;<a href=\"https:\/\/wp.unil.ch\/swiss100\/wp-admin\/post.php?post=4678&amp;action=edit&amp;lang=fr\"><\/a><\/p>\n<\/div>\n<\/div>\n","protected":false},"excerpt":{"rendered":"<p>\u00abRimanete semplici, vivete a contatto con la natura e moderate i vostri desideri. Non si pu\u00f2 avere tutto.\u00bb C\u00e9sar Cornaz nasce nel 1922 a Faoug, sulla sponda meridionale&hellip;<\/p>\n","protected":false},"author":1003049,"featured_media":0,"parent":0,"menu_order":0,"comment_status":"closed","ping_status":"closed","template":"","meta":{"_seopress_robots_primary_cat":"","_seopress_titles_title":"","_seopress_titles_desc":"","_seopress_robots_index":"","footnotes":""},"class_list":["post-5092","page","type-page","status-publish","has-post-thumbnail"],"_links":{"self":[{"href":"https:\/\/wp.unil.ch\/swiss100\/it\/wp-json\/wp\/v2\/pages\/5092","targetHints":{"allow":["GET"]}}],"collection":[{"href":"https:\/\/wp.unil.ch\/swiss100\/it\/wp-json\/wp\/v2\/pages"}],"about":[{"href":"https:\/\/wp.unil.ch\/swiss100\/it\/wp-json\/wp\/v2\/types\/page"}],"author":[{"embeddable":true,"href":"https:\/\/wp.unil.ch\/swiss100\/it\/wp-json\/wp\/v2\/users\/1003049"}],"replies":[{"embeddable":true,"href":"https:\/\/wp.unil.ch\/swiss100\/it\/wp-json\/wp\/v2\/comments?post=5092"}],"version-history":[{"count":5,"href":"https:\/\/wp.unil.ch\/swiss100\/it\/wp-json\/wp\/v2\/pages\/5092\/revisions"}],"predecessor-version":[{"id":6700,"href":"https:\/\/wp.unil.ch\/swiss100\/it\/wp-json\/wp\/v2\/pages\/5092\/revisions\/6700"}],"wp:attachment":[{"href":"https:\/\/wp.unil.ch\/swiss100\/it\/wp-json\/wp\/v2\/media?parent=5092"}],"curies":[{"name":"wp","href":"https:\/\/api.w.org\/{rel}","templated":true}]}}