{"id":5018,"date":"2025-09-28T18:44:51","date_gmt":"2025-09-28T16:44:51","guid":{"rendered":"https:\/\/wp.unil.ch\/swiss100\/?page_id=5018"},"modified":"2026-01-20T12:15:43","modified_gmt":"2026-01-20T11:15:43","slug":"matilda-von-dardel","status":"publish","type":"page","link":"https:\/\/wp.unil.ch\/swiss100\/it\/matilda-von-dardel\/","title":{"rendered":"Matilda Von Dardel"},"content":{"rendered":"\n<div class=\"wp-block-columns alignwide is-layout-flex wp-container-core-columns-is-layout-9d6595d7 wp-block-columns-is-layout-flex\">\n<div class=\"wp-block-column is-vertically-aligned-center is-layout-flow wp-block-column-is-layout-flow\">\n<h4 class=\"wp-block-heading has-text-align-center\"><strong>\u00abOsare fare ci\u00f2 che si ama nonostante le proprie paure, nutrire l&#8217;anima con la cultura e non smettere mai di essere curiosi, di interessarsi, di porre domande.\u00bb&nbsp;<\/strong><\/h4>\n<\/div>\n<\/div>\n\n\n\n<div class=\"wp-block-columns alignwide is-layout-flex wp-container-core-columns-is-layout-9d6595d7 wp-block-columns-is-layout-flex\">\n<div class=\"wp-block-column is-layout-flow wp-block-column-is-layout-flow\">\n<figure class=\"wp-block-image size-large\"><img alt=\"\" loading=\"lazy\" decoding=\"async\" width=\"1024\" height=\"1024\" src=\"https:\/\/wp.unil.ch\/swiss100\/files\/2025\/09\/dsc06633vondardel_fin-1024x1024.jpeg\" alt=\"\" class=\"wp-image-5051\" srcset=\"https:\/\/wp.unil.ch\/swiss100\/files\/2025\/09\/dsc06633vondardel_fin-1024x1024.jpeg 1024w, https:\/\/wp.unil.ch\/swiss100\/files\/2025\/09\/dsc06633vondardel_fin-300x300.jpeg 300w, https:\/\/wp.unil.ch\/swiss100\/files\/2025\/09\/dsc06633vondardel_fin-150x150.jpeg 150w, https:\/\/wp.unil.ch\/swiss100\/files\/2025\/09\/dsc06633vondardel_fin-768x768.jpeg 768w, https:\/\/wp.unil.ch\/swiss100\/files\/2025\/09\/dsc06633vondardel_fin-540x540.jpeg 540w, https:\/\/wp.unil.ch\/swiss100\/files\/2025\/09\/dsc06633vondardel_fin-1080x1080.jpeg 1080w, https:\/\/wp.unil.ch\/swiss100\/files\/2025\/09\/dsc06633vondardel_fin.jpeg 1200w\" sizes=\"auto, (max-width: 1024px) 100vw, 1024px\" \/><figcaption class=\"wp-element-caption\">Et\u00e0 nella foto: 101 anni<\/figcaption><\/figure>\n<\/div>\n\n\n\n<div class=\"wp-block-column is-layout-flow wp-block-column-is-layout-flow\">\n<p>Matilda von Dardel nasce nel 1922 a Stoccolma. Cresce in una famiglia in cui l&#8217;arte e la cultura sono onnipresenti, tra una madre americana traduttrice e un padre pittore svedese. Figlia unica, sogna di condividere le sue gioie e i suoi dolori con fratelli e sorelle. Cos\u00ec, a scuola si crea una ristretta ma preziosa cerchia di amici, privilegiando la qualit\u00e0 alla quantit\u00e0.&nbsp;&nbsp;<\/p>\n\n\n\n<p>Il suo sviluppo personale affonda le radici nelle estati trascorse nella tranquillit\u00e0 della Danimarca con la nonna, figura materna essenziale con cui legge e dipinge. Queste estati, dice, hanno segnato profondamente il suo sviluppo.&nbsp;&nbsp;<\/p>\n\n\n\n<p>Ereditando la sensibilit\u00e0 artistica del padre, Matilda von Dardel si appassiona molto presto all&#8217;arte. Lo accompagna alle mostre d&#8217;arte moderna e sviluppa un gusto spiccato per la forma, in particolare attraverso la scultura. Nonostante questa innata affinit\u00e0 per l&#8217;arte, decide di non intraprendere una carriera artistica. Consapevole sia delle sfide economiche che dei vincoli sociali che gravano sulle donne in questo campo, opta per la stabilit\u00e0 e sposa un fisico. Questa decisione non alter\u00f2 tuttavia il suo amore per l&#8217;arte, che continu\u00f2 ad occupare un posto centrale nella sua vita nel corso degli anni.&nbsp;&nbsp;&nbsp;<\/p>\n\n\n\n<p>Conobbe suo marito tramite amici americani a Stoccolma, dove vissero per cinque anni prima di trasferirsi in Svizzera nel 1954, vicino all&#8217;aeroporto di Ginevra. Lui lavorava al CERN, lei trascorreva il suo tempo alle Belle Arti. Insieme hanno due figlie e condividono l&#8217;amore per la natura, al punto da fare insieme il giro del Monte Bianco in una settimana.&nbsp;&nbsp;&nbsp;&nbsp;<\/p>\n\n\n\n<p>La vita di Matilda von Dardel prende una svolta inaspettata il giorno in cui si ritrova, insieme ai suoi amici, a bordo di un aereo che precipita. \u00c8 l&#8217;unica sopravvissuta all&#8217;incidente, che trasforma il suo rapporto con la vita e la morte. Da allora, \u00e8 convinta che non bisogna avere paura della morte, considerandola ormai come \u00abuna luce meravigliosa che non fa venire voglia di tornare sulla Terra\u00bb.\u202f&nbsp;&nbsp;<\/p>\n\n\n\n<p>Matilda von Dardel attribuisce la sua longevit\u00e0 alle lunghe passeggiate in montagna, alle attivit\u00e0 sportive, alla sua capacit\u00e0 di adattarsi ai cambiamenti e alla sua passione per la cultura.&nbsp;&nbsp;<\/p>\n\n\n\n<p>Ha difficolt\u00e0 a dire se superare i 100 anni sia un vero dono. Anche se spesso \u00e8 stanca, si sente comunque circondata dalla felicit\u00e0. A 101 anni \u00e8 felice di poter vivere nel suo appartamento, dove trova conforto, amici e una meritata pace.&nbsp;<\/p>\n<\/div>\n<\/div>\n","protected":false},"excerpt":{"rendered":"<p>\u00abOsare fare ci\u00f2 che si ama nonostante le proprie paure, nutrire l&#8217;anima con la cultura e non smettere mai di essere curiosi, di interessarsi, di porre domande.\u00bb&nbsp; Matilda&hellip;<\/p>\n","protected":false},"author":1003049,"featured_media":0,"parent":0,"menu_order":0,"comment_status":"closed","ping_status":"closed","template":"","meta":{"_seopress_robots_primary_cat":"","_seopress_titles_title":"","_seopress_titles_desc":"","_seopress_robots_index":"","footnotes":""},"class_list":["post-5018","page","type-page","status-publish","has-post-thumbnail"],"_links":{"self":[{"href":"https:\/\/wp.unil.ch\/swiss100\/it\/wp-json\/wp\/v2\/pages\/5018","targetHints":{"allow":["GET"]}}],"collection":[{"href":"https:\/\/wp.unil.ch\/swiss100\/it\/wp-json\/wp\/v2\/pages"}],"about":[{"href":"https:\/\/wp.unil.ch\/swiss100\/it\/wp-json\/wp\/v2\/types\/page"}],"author":[{"embeddable":true,"href":"https:\/\/wp.unil.ch\/swiss100\/it\/wp-json\/wp\/v2\/users\/1003049"}],"replies":[{"embeddable":true,"href":"https:\/\/wp.unil.ch\/swiss100\/it\/wp-json\/wp\/v2\/comments?post=5018"}],"version-history":[{"count":5,"href":"https:\/\/wp.unil.ch\/swiss100\/it\/wp-json\/wp\/v2\/pages\/5018\/revisions"}],"predecessor-version":[{"id":6810,"href":"https:\/\/wp.unil.ch\/swiss100\/it\/wp-json\/wp\/v2\/pages\/5018\/revisions\/6810"}],"wp:attachment":[{"href":"https:\/\/wp.unil.ch\/swiss100\/it\/wp-json\/wp\/v2\/media?parent=5018"}],"curies":[{"name":"wp","href":"https:\/\/api.w.org\/{rel}","templated":true}]}}