{"id":5015,"date":"2025-09-28T18:28:16","date_gmt":"2025-09-28T16:28:16","guid":{"rendered":"https:\/\/wp.unil.ch\/swiss100\/?page_id=5015"},"modified":"2026-01-20T11:46:01","modified_gmt":"2026-01-20T10:46:01","slug":"jeannette-loesch","status":"publish","type":"page","link":"https:\/\/wp.unil.ch\/swiss100\/it\/jeannette-loesch\/","title":{"rendered":"Jeannette Loesch"},"content":{"rendered":"\n<div class=\"wp-block-columns alignwide is-layout-flex wp-container-core-columns-is-layout-9d6595d7 wp-block-columns-is-layout-flex\">\n<div class=\"wp-block-column is-layout-flow wp-block-column-is-layout-flow\" style=\"flex-basis:100%\">\n<h4 class=\"wp-block-heading has-text-align-center\"><strong><strong>\u00ab Fate lunghi studi, \u00e8 durante quegli anni che si acquisisce conoscenza e si tessono legami di amicizia per tutta la vita. \u00bb<\/strong>&nbsp;<\/strong><\/h4>\n<\/div>\n<\/div>\n\n\n\n<div class=\"wp-block-columns alignwide is-layout-flex wp-container-core-columns-is-layout-9d6595d7 wp-block-columns-is-layout-flex\">\n<div class=\"wp-block-column is-layout-flow wp-block-column-is-layout-flow\">\n<figure class=\"wp-block-image size-large\"><img alt=\"\" loading=\"lazy\" decoding=\"async\" width=\"986\" height=\"1024\" src=\"https:\/\/wp.unil.ch\/swiss100\/files\/2025\/09\/dsc_01981loesch-986x1024.jpg\" alt=\"\" class=\"wp-image-5023\" srcset=\"https:\/\/wp.unil.ch\/swiss100\/files\/2025\/09\/dsc_01981loesch-986x1024.jpg 986w, https:\/\/wp.unil.ch\/swiss100\/files\/2025\/09\/dsc_01981loesch-289x300.jpg 289w, https:\/\/wp.unil.ch\/swiss100\/files\/2025\/09\/dsc_01981loesch-145x150.jpg 145w, https:\/\/wp.unil.ch\/swiss100\/files\/2025\/09\/dsc_01981loesch-768x797.jpg 768w, https:\/\/wp.unil.ch\/swiss100\/files\/2025\/09\/dsc_01981loesch-540x561.jpg 540w, https:\/\/wp.unil.ch\/swiss100\/files\/2025\/09\/dsc_01981loesch-1080x1121.jpg 1080w, https:\/\/wp.unil.ch\/swiss100\/files\/2025\/09\/dsc_01981loesch.jpg 1156w\" sizes=\"auto, (max-width: 986px) 100vw, 986px\" \/><figcaption class=\"wp-element-caption\">Et\u00e0 nella foto: 101 anni<\/figcaption><\/figure>\n<\/div>\n\n\n\n<div class=\"wp-block-column is-layout-flow wp-block-column-is-layout-flow\">\n<p>Jeannette Loesch nasce nel 1923 in Vietnam e cresce in una famiglia numerosa con dieci figli. Vive con i genitori, i fratelli e le sorelle, lo zio e i cugini, in un ambiente familiare unito e affettuoso. Andare a scuola ogni giorno \u00e8 una sfida: bisogna camminare a lungo e a volte prendere un risci\u00f2. Tuttavia, Jeannette Loesch \u00e8 una bambina dotata che ama profondamente la scuola. Poich\u00e9 gli studi femminili si fermano al certificato di studi, deve interromperli e aiutare la madre a occuparsi dei fratelli e delle sorelle, come impone la norma sociale dell\u2019epoca. Mantiene un rapporto molto stretto con la madre, che ama teneramente, e una complicit\u00e0 con il padre, con cui parla spesso di politica.&nbsp;<\/p>\n\n\n\n<p>A 17 anni inizia la carriera professionale come assistente dentale, poi lavora in una farmacia vicina. Grazie ai suoi risparmi, si regala le prime vacanze, dando il via a una lunga serie di viaggi arricchenti. Questi soggiorni le permettono di incontrare persone straordinarie, con le quali mantiene ancora, a 101 anni, legami preziosi. \u00c8 proprio durante un viaggio che incontra il padre di sua figlia. La loro relazione dura diversi anni, ma si interrompe quando scopre la gravidanza, che lui rifiuta di assumersi. Determinata, Jeannette Loesch decide di crescere da sola la figlia in Francia. A 27 anni lascia Saigon per la prima volta in nave, diretta a Nizza.&nbsp;<\/p>\n\n\n\n<p>La realt\u00e0 francese \u00e8 molto lontana dal paradiso descritto dal padre. Le opportunit\u00e0 professionali sono limitate e nessuna carriera seria \u00e8 possibile. Un anno dopo il suo arrivo riceve notizie da un ex collega farmacista, che le confessa i suoi sentimenti e il desiderio di aiutarla. Decide allora di tornare a Saigon, con una condizione: sua figlia far\u00e0 gli studi in Europa e lei trascorrer\u00e0 tutte le vacanze estive e di Natale con lei. Cos\u00ec madre e figlia ritornano in Vietnam, dove la piccola inizia la scuola materna prima di tornare in seguito in Francia.&nbsp;<\/p>\n\n\n\n<p>La vita di Jeannette Loesch \u00e8 scandita da frequenti viaggi e traslochi. Prende spesso il transatlantico tra Francia e Vietnam per visitare la famiglia e portare il suo aiuto. Pi\u00f9 tardi, a causa della guerra del Vietnam, si trasferisce in Cambogia, dove resta dieci anni con il compagno. Grazie ai suoi contatti, invia la figlia a studiare a Zurigo, poi in Inghilterra per completare gli studi. Alcuni anni pi\u00f9 tardi, Jeannette Loesch ritorna in Europa. Vive prima a Parigi, poi a Nizza e infine a Ginevra, dove si stabilisce con la figlia, che gi\u00e0 vi abitava, e vi festeggia i suoi 100 anni.&nbsp;<\/p>\n\n\n\n<p>Nonostante gli anni, Jeannette Loesch rimane molto attiva. Prepara i pasti, fa la spesa con la figlia, si prende cura delle piante, partecipa a concerti, a spettacoli teatrali e molto altro ancora. Mantiene un atteggiamento positivo verso la vita, un valore ereditato dalla madre, che le ha anche trasmesso l\u2019importanza di restare vicina e fedele alle persone care.&nbsp;<\/p>\n<\/div>\n<\/div>\n\n\n\n<p><\/p>\n","protected":false},"excerpt":{"rendered":"<p>\u00ab Fate lunghi studi, \u00e8 durante quegli anni che si acquisisce conoscenza e si tessono legami di amicizia per tutta la vita. \u00bb&nbsp; Jeannette Loesch nasce nel 1923&hellip;<\/p>\n","protected":false},"author":1003049,"featured_media":0,"parent":0,"menu_order":0,"comment_status":"closed","ping_status":"closed","template":"","meta":{"_seopress_robots_primary_cat":"","_seopress_titles_title":"","_seopress_titles_desc":"","_seopress_robots_index":"","footnotes":""},"class_list":["post-5015","page","type-page","status-publish","has-post-thumbnail"],"_links":{"self":[{"href":"https:\/\/wp.unil.ch\/swiss100\/it\/wp-json\/wp\/v2\/pages\/5015","targetHints":{"allow":["GET"]}}],"collection":[{"href":"https:\/\/wp.unil.ch\/swiss100\/it\/wp-json\/wp\/v2\/pages"}],"about":[{"href":"https:\/\/wp.unil.ch\/swiss100\/it\/wp-json\/wp\/v2\/types\/page"}],"author":[{"embeddable":true,"href":"https:\/\/wp.unil.ch\/swiss100\/it\/wp-json\/wp\/v2\/users\/1003049"}],"replies":[{"embeddable":true,"href":"https:\/\/wp.unil.ch\/swiss100\/it\/wp-json\/wp\/v2\/comments?post=5015"}],"version-history":[{"count":4,"href":"https:\/\/wp.unil.ch\/swiss100\/it\/wp-json\/wp\/v2\/pages\/5015\/revisions"}],"predecessor-version":[{"id":6743,"href":"https:\/\/wp.unil.ch\/swiss100\/it\/wp-json\/wp\/v2\/pages\/5015\/revisions\/6743"}],"wp:attachment":[{"href":"https:\/\/wp.unil.ch\/swiss100\/it\/wp-json\/wp\/v2\/media?parent=5015"}],"curies":[{"name":"wp","href":"https:\/\/api.w.org\/{rel}","templated":true}]}}