{"id":5004,"date":"2025-09-28T18:00:52","date_gmt":"2025-09-28T16:00:52","guid":{"rendered":"https:\/\/wp.unil.ch\/swiss100\/?page_id=5004"},"modified":"2026-01-20T11:24:33","modified_gmt":"2026-01-20T10:24:33","slug":"gaston-collet","status":"publish","type":"page","link":"https:\/\/wp.unil.ch\/swiss100\/it\/gaston-collet\/","title":{"rendered":"Gaston Collet"},"content":{"rendered":"\n<div class=\"wp-block-columns alignwide is-layout-flex wp-container-core-columns-is-layout-9d6595d7 wp-block-columns-is-layout-flex\">\n<div class=\"wp-block-column is-layout-flow wp-block-column-is-layout-flow\">\n<h4 class=\"wp-block-heading has-text-align-center\"><strong>\u00abMi considero un uomo fortunato.\u00bb<\/strong><\/h4>\n<\/div>\n<\/div>\n\n\n\n<div class=\"wp-block-columns alignwide is-layout-flex wp-container-core-columns-is-layout-9d6595d7 wp-block-columns-is-layout-flex\">\n<div class=\"wp-block-column is-layout-flow wp-block-column-is-layout-flow\">\n<figure class=\"wp-block-image size-large\"><img alt=\"\" loading=\"lazy\" decoding=\"async\" width=\"1024\" height=\"1024\" src=\"https:\/\/wp.unil.ch\/swiss100\/files\/2025\/09\/dsc06892collet-1024x1024.jpeg\" alt=\"\" class=\"wp-image-5063\" srcset=\"https:\/\/wp.unil.ch\/swiss100\/files\/2025\/09\/dsc06892collet-1024x1024.jpeg 1024w, https:\/\/wp.unil.ch\/swiss100\/files\/2025\/09\/dsc06892collet-300x300.jpeg 300w, https:\/\/wp.unil.ch\/swiss100\/files\/2025\/09\/dsc06892collet-150x150.jpeg 150w, https:\/\/wp.unil.ch\/swiss100\/files\/2025\/09\/dsc06892collet-768x768.jpeg 768w, https:\/\/wp.unil.ch\/swiss100\/files\/2025\/09\/dsc06892collet-540x540.jpeg 540w, https:\/\/wp.unil.ch\/swiss100\/files\/2025\/09\/dsc06892collet-1080x1080.jpeg 1080w, https:\/\/wp.unil.ch\/swiss100\/files\/2025\/09\/dsc06892collet.jpeg 1200w\" sizes=\"auto, (max-width: 1024px) 100vw, 1024px\" \/><figcaption class=\"wp-element-caption\">Et\u00e0 nella foto: 102 anni<\/figcaption><\/figure>\n<\/div>\n\n\n\n<div class=\"wp-block-column is-layout-flow wp-block-column-is-layout-flow\">\n<p>Gaston Collet nasce nel 1921 a Losanna. Sua madre \u00e8 piemontese e lavora come cuoca in un hotel, mentre suo padre \u00e8 sommelier. L&#8217;hotel di famiglia, in cui lavora gi\u00e0 da bambino, viene venduto dai genitori dopo il crollo della borsa. Cresce con i suoi quattro fratelli in una famiglia affettuosa. Tuttavia, la sua infanzia \u00e8 caratterizzata da molte difficolt\u00e0: a causa della sua bassa statura, della sua timidezza e delle sue origini, viene spesso preso in giro ed emarginato. Pur essendo uno dei migliori della classe, rimane spesso solo nel cortile della scuola. Questo indebolisce la sua autostima per molti anni.&nbsp;<\/p>\n\n\n\n<p>Da giovane, Gaston Collet si interessa alle scienze e all&#8217;elettricit\u00e0. \u00c8 assetato di conoscenza, vuole sempre sapere tutto: \u00abdove, cosa, quando e come\u00bb. Vorrebbe studiare elettrotecnica alla scuola professionale, ma i suoi genitori sono contrari a causa della crisi economica. Frequenta invece una scuola commerciale a Basilea, dove si appassiona alle lezioni di chimica e scienza dei materiali, e prende in considerazione una carriera nel settore doganale, ma anche questo progetto viene vanificato dalla guerra e dalla chiusura delle frontiere. Nel 1945 accetta un posto presso le poste di Losanna e l\u00ec inizia una lunga carriera. Dopo le difficili esperienze dell&#8217;infanzia, sono la sua carriera e la sua ascesa sociale che gli permettono di reinventarsi e di acquisire sicurezza in se stesso.&nbsp;<\/p>\n\n\n\n<p>A Losanna incontra Esther, la telefonista dagli \u00abocchi neri bellissimi\u00bb. Nel 1948 i due si sposano e mettono su una grande famiglia con cinque figli. \u00abAvevo una moglie ammirevole, incomparabile\u00bb, racconta. Per 64 anni i due hanno condotto una vita familiare felice, fino alla morte della moglie nel 2012.&nbsp;<\/p>\n\n\n\n<p>Sul lavoro, ha scalato i gradini della carriera fino a raggiungere la direzione delle poste di Losanna. A 50 anni, alla ricerca di novit\u00e0, \u00e8 entrato a far parte della direzione generale della Posta a Berna. \u00c8 soddisfatto del lavoro che ha svolto, che occupa un posto importante nella sua vita.&nbsp;<\/p>\n\n\n\n<p>Dopo che i figli hanno lasciato la casa, Gaston Collet e sua moglie viaggiano in tutto il mondo. Anche in et\u00e0 avanzata, ogni settimana \u00e8 in viaggio in Svizzera a piedi e in treno.&nbsp;<\/p>\n\n\n\n<p>Gaston Collet ama raccontare di aver vissuto due vite: una prima e una dopo il pensionamento. Della sua vita dopo il pensionamento dice: \u00abMi sono sfogato\u00bb. Appassionato di paleoarcheologia, storia, astronomia, botanica e musica, frequenta corsi all&#8217;Universit\u00e0 popolare, suona il pianoforte e restaura oggetti elettrici, riprendendo cos\u00ec il suo sogno d&#8217;infanzia. Diventa anche guida turistica a Losanna, condividendo con entusiasmo la sua curiosit\u00e0 e il suo amore per la citt\u00e0.&nbsp;<\/p>\n\n\n\n<p>A 102 anni, Gaston Collet \u00e8 ancora curioso e un instancabile ottimista.&nbsp;Attribuisce la sua longevit\u00e0 alla sua curiosit\u00e0 intellettuale, alla sua rete sociale e agli esercizi quotidiani di yoga che pratica dall&#8217;et\u00e0 di 40 anni cos\u00ec come alla pratica dell&#8217;escursionismo con il club alpino fino a 95 anni. Non \u00e8 mai stato suo obiettivo vivere cos\u00ec a lungo; ha sempre vissuto giorno per giorno, con una profonda fede in Dio e una ricca vita spirituale.&nbsp;<\/p>\n<\/div>\n<\/div>\n","protected":false},"excerpt":{"rendered":"<p>\u00abMi considero un uomo fortunato.\u00bb Gaston Collet nasce nel 1921 a Losanna. Sua madre \u00e8 piemontese e lavora come cuoca in un hotel, mentre suo padre \u00e8 sommelier.&hellip;<\/p>\n","protected":false},"author":1003049,"featured_media":0,"parent":0,"menu_order":0,"comment_status":"closed","ping_status":"closed","template":"","meta":{"_seopress_robots_primary_cat":"","_seopress_titles_title":"","_seopress_titles_desc":"","_seopress_robots_index":"","footnotes":""},"class_list":["post-5004","page","type-page","status-publish","has-post-thumbnail"],"_links":{"self":[{"href":"https:\/\/wp.unil.ch\/swiss100\/it\/wp-json\/wp\/v2\/pages\/5004","targetHints":{"allow":["GET"]}}],"collection":[{"href":"https:\/\/wp.unil.ch\/swiss100\/it\/wp-json\/wp\/v2\/pages"}],"about":[{"href":"https:\/\/wp.unil.ch\/swiss100\/it\/wp-json\/wp\/v2\/types\/page"}],"author":[{"embeddable":true,"href":"https:\/\/wp.unil.ch\/swiss100\/it\/wp-json\/wp\/v2\/users\/1003049"}],"replies":[{"embeddable":true,"href":"https:\/\/wp.unil.ch\/swiss100\/it\/wp-json\/wp\/v2\/comments?post=5004"}],"version-history":[{"count":5,"href":"https:\/\/wp.unil.ch\/swiss100\/it\/wp-json\/wp\/v2\/pages\/5004\/revisions"}],"predecessor-version":[{"id":6695,"href":"https:\/\/wp.unil.ch\/swiss100\/it\/wp-json\/wp\/v2\/pages\/5004\/revisions\/6695"}],"wp:attachment":[{"href":"https:\/\/wp.unil.ch\/swiss100\/it\/wp-json\/wp\/v2\/media?parent=5004"}],"curies":[{"name":"wp","href":"https:\/\/api.w.org\/{rel}","templated":true}]}}