{"id":4996,"date":"2025-09-28T17:31:25","date_gmt":"2025-09-28T15:31:25","guid":{"rendered":"https:\/\/wp.unil.ch\/swiss100\/?page_id=4996"},"modified":"2026-01-20T11:30:15","modified_gmt":"2026-01-20T10:30:15","slug":"william-de-rham","status":"publish","type":"page","link":"https:\/\/wp.unil.ch\/swiss100\/it\/william-de-rham\/","title":{"rendered":"William de Rham"},"content":{"rendered":"\n<div class=\"wp-block-columns alignwide is-layout-flex wp-container-core-columns-is-layout-9d6595d7 wp-block-columns-is-layout-flex\">\n<div class=\"wp-block-column is-layout-flow wp-block-column-is-layout-flow\" style=\"flex-basis:100%\">\n<h4 class=\"wp-block-heading has-text-align-center\"><strong><strong>\u00ab Rimanete fedeli a voi stessi, non lasciatevi influenzare dagli altri e coltivate una fiducia incrollabile nelle vostre capacit\u00e0! \u00bb<\/strong>&nbsp;<\/strong><\/h4>\n<\/div>\n<\/div>\n\n\n\n<div class=\"wp-block-columns alignwide is-layout-flex wp-container-core-columns-is-layout-9d6595d7 wp-block-columns-is-layout-flex\">\n<div class=\"wp-block-column is-layout-flow wp-block-column-is-layout-flow\">\n<figure class=\"wp-block-image size-large\"><img alt=\"\" loading=\"lazy\" decoding=\"async\" width=\"1024\" height=\"1024\" src=\"https:\/\/wp.unil.ch\/swiss100\/files\/2025\/09\/dsc06810derahm_fin-1024x1024.jpeg\" alt=\"\" class=\"wp-image-5059\" srcset=\"https:\/\/wp.unil.ch\/swiss100\/files\/2025\/09\/dsc06810derahm_fin-1024x1024.jpeg 1024w, https:\/\/wp.unil.ch\/swiss100\/files\/2025\/09\/dsc06810derahm_fin-300x300.jpeg 300w, https:\/\/wp.unil.ch\/swiss100\/files\/2025\/09\/dsc06810derahm_fin-150x150.jpeg 150w, https:\/\/wp.unil.ch\/swiss100\/files\/2025\/09\/dsc06810derahm_fin-768x768.jpeg 768w, https:\/\/wp.unil.ch\/swiss100\/files\/2025\/09\/dsc06810derahm_fin-540x540.jpeg 540w, https:\/\/wp.unil.ch\/swiss100\/files\/2025\/09\/dsc06810derahm_fin-1080x1080.jpeg 1080w, https:\/\/wp.unil.ch\/swiss100\/files\/2025\/09\/dsc06810derahm_fin.jpeg 1200w\" sizes=\"auto, (max-width: 1024px) 100vw, 1024px\" \/><figcaption class=\"wp-element-caption\">Et\u00e0 nella foto: 102 anni<\/figcaption><\/figure>\n<\/div>\n\n\n\n<div class=\"wp-block-column is-layout-flow wp-block-column-is-layout-flow\">\n<p>William de Rham nasce a Losanna nel 1922, primogenito di cinque fratelli. Cresce di fronte alla clinica \u00abLa Source\u00bb, nel cuore della citt\u00e0.&nbsp;Il periodo scolastico \u00e8 determinante per la sua formazione: sia gli anni a Pully, dove ammette di non aver brillato particolarmente, sia quelli all&#8217;\u00c9cole Nouvelle di Chailly, dove scopre un metodo pedagogico incentrato sulla pratica e sulla responsabilit\u00e0 individuale. Ogni mattina, mentre va a scuola, incontra sul tram il generale Guisan: un incontro discreto ma significativo, che influenzer\u00e0 il suo successivo impegno militare.&nbsp;&nbsp;<\/p>\n\n\n\n<p>All&#8217;et\u00e0 di 15 anni inizia ad appassionarsi all&#8217;equitazione. Questa passione lo accompagner\u00e0 per tutta la vita, cavalcando ogni giorno. Partecipa a competizioni e si arruola nella cavalleria. Nel 1956 partecipa addirittura alle Olimpiadi di Stoccolma, dove rappresenta la Svizzera con il suo cavallo Va Vite.&nbsp;&nbsp;<\/p>\n\n\n\n<p>William de Rham inizia la sua carriera professionale con studi commerciali e poi serve per quattro anni come ufficiale nell&#8217;esercito. Nel frattempo, la sua famiglia si \u00e8 trasferita in campagna, dove lui sviluppa un&#8217;ampia gamma di abilit\u00e0: impara a fare il falegname, a prendersi cura degli animali e sviluppa un profondo amore per la natura. Il suo percorso di vita \u00e8 influenzato da queste esperienze.&nbsp;Dopo il servizio militare entra nell&#8217;azienda di famiglia de Rham Immobilier, dove grazie alla benevolenza dei colleghi si integra rapidamente. Assume gradualmente maggiori responsabilit\u00e0 fino a succedere al padre nel 1960. Dirige l&#8217;azienda fino al 1990.&nbsp;<\/p>\n\n\n\n<p>William de Rham rimane legato all&#8217;azienda di famiglia fino alla vecchiaia. Non va mai veramente in pensione, poich\u00e9 rimane sempre coinvolto nella gestione degli affari di famiglia. Inizialmente affianca i figli, poi i nipoti nella gestione dell&#8217;azienda di famiglia, assicurando cos\u00ec la continuit\u00e0 della tradizione.&nbsp;<\/p>\n\n\n\n<p>La storia del suo matrimonio, fortuna o destino? Un ritardo nella partenza della nave per l&#8217;America offre a William de Rham l&#8217;opportunit\u00e0 di trascorrere pi\u00f9 tempo con una giovane olandese ospite dei suoi genitori. I due si erano gi\u00e0 conosciuti da bambini durante le vacanze, ma ora scatta la scintilla. La relazione viene mantenuta per un anno tramite corrispondenza epistolare. Quattro anni dopo, nel 1949, si sposano e crescono insieme quattro figli nella storica tenuta di famiglia. Fino alla morte della moglie nel 2023, condividono una lunga vita piena di felicit\u00e0 e armonia.&nbsp;<\/p>\n\n\n\n<p>All&#8217;et\u00e0 di 102 anni, William de Rham parla con modestia della sua longevit\u00e0. \u00c8 convinto che&nbsp; l&#8217;equitazione abbia contribuito alla sua vitalit\u00e0: ha continuato a cavalcare fino all&#8217;et\u00e0 di 85 anni.&nbsp; Inoltre, attribuisce la sua longevit\u00e0 a un&#8217;alimentazione sana, alla premurosit\u00e0 di sua moglie e al suo ottimismo, che lo accompagna ancora oggi.&nbsp;<\/p>\n<\/div>\n<\/div>\n","protected":false},"excerpt":{"rendered":"<p>\u00ab Rimanete fedeli a voi stessi, non lasciatevi influenzare dagli altri e coltivate una fiducia incrollabile nelle vostre capacit\u00e0! \u00bb&nbsp; William de Rham nasce a Losanna nel 1922,&hellip;<\/p>\n","protected":false},"author":1003048,"featured_media":0,"parent":0,"menu_order":0,"comment_status":"closed","ping_status":"closed","template":"","meta":{"_seopress_robots_primary_cat":"","_seopress_titles_title":"","_seopress_titles_desc":"","_seopress_robots_index":"","footnotes":""},"class_list":["post-4996","page","type-page","status-publish","has-post-thumbnail"],"_links":{"self":[{"href":"https:\/\/wp.unil.ch\/swiss100\/it\/wp-json\/wp\/v2\/pages\/4996","targetHints":{"allow":["GET"]}}],"collection":[{"href":"https:\/\/wp.unil.ch\/swiss100\/it\/wp-json\/wp\/v2\/pages"}],"about":[{"href":"https:\/\/wp.unil.ch\/swiss100\/it\/wp-json\/wp\/v2\/types\/page"}],"author":[{"embeddable":true,"href":"https:\/\/wp.unil.ch\/swiss100\/it\/wp-json\/wp\/v2\/users\/1003048"}],"replies":[{"embeddable":true,"href":"https:\/\/wp.unil.ch\/swiss100\/it\/wp-json\/wp\/v2\/comments?post=4996"}],"version-history":[{"count":4,"href":"https:\/\/wp.unil.ch\/swiss100\/it\/wp-json\/wp\/v2\/pages\/4996\/revisions"}],"predecessor-version":[{"id":6718,"href":"https:\/\/wp.unil.ch\/swiss100\/it\/wp-json\/wp\/v2\/pages\/4996\/revisions\/6718"}],"wp:attachment":[{"href":"https:\/\/wp.unil.ch\/swiss100\/it\/wp-json\/wp\/v2\/media?parent=4996"}],"curies":[{"name":"wp","href":"https:\/\/api.w.org\/{rel}","templated":true}]}}