{"id":4984,"date":"2025-09-28T16:55:23","date_gmt":"2025-09-28T14:55:23","guid":{"rendered":"https:\/\/wp.unil.ch\/swiss100\/?page_id=4984"},"modified":"2026-01-20T11:18:37","modified_gmt":"2026-01-20T10:18:37","slug":"france-blanc","status":"publish","type":"page","link":"https:\/\/wp.unil.ch\/swiss100\/it\/france-blanc\/","title":{"rendered":"France Blanc"},"content":{"rendered":"\n<div class=\"wp-block-columns alignwide is-layout-flex wp-container-core-columns-is-layout-9d6595d7 wp-block-columns-is-layout-flex\">\n<div class=\"wp-block-column is-layout-flow wp-block-column-is-layout-flow\" style=\"flex-basis:100%\">\n<h4 class=\"wp-block-heading has-text-align-center\"><strong>\u00ab Essere molto vecchia come me, non \u00e8 divertente. Bisogna lottare tutti i giorni. \u00bb<\/strong>&nbsp;<\/h4>\n<\/div>\n<\/div>\n\n\n\n<div class=\"wp-block-columns alignwide is-layout-flex wp-container-core-columns-is-layout-9d6595d7 wp-block-columns-is-layout-flex\">\n<div class=\"wp-block-column is-layout-flow wp-block-column-is-layout-flow\">\n<figure class=\"wp-block-image alignwide size-large\"><img alt=\"\" loading=\"lazy\" decoding=\"async\" width=\"1018\" height=\"1024\" src=\"https:\/\/wp.unil.ch\/swiss100\/files\/2025\/09\/dscblanc06614_fin-1018x1024.jpeg\" alt=\"\" class=\"wp-image-5071\" srcset=\"https:\/\/wp.unil.ch\/swiss100\/files\/2025\/09\/dscblanc06614_fin-1018x1024.jpeg 1018w, https:\/\/wp.unil.ch\/swiss100\/files\/2025\/09\/dscblanc06614_fin-298x300.jpeg 298w, https:\/\/wp.unil.ch\/swiss100\/files\/2025\/09\/dscblanc06614_fin-150x150.jpeg 150w, https:\/\/wp.unil.ch\/swiss100\/files\/2025\/09\/dscblanc06614_fin-768x773.jpeg 768w, https:\/\/wp.unil.ch\/swiss100\/files\/2025\/09\/dscblanc06614_fin-540x543.jpeg 540w, https:\/\/wp.unil.ch\/swiss100\/files\/2025\/09\/dscblanc06614_fin-1080x1086.jpeg 1080w, https:\/\/wp.unil.ch\/swiss100\/files\/2025\/09\/dscblanc06614_fin.jpeg 1193w\" sizes=\"auto, (max-width: 1018px) 100vw, 1018px\" \/><figcaption class=\"wp-element-caption\">Et\u00e0 nella foto: 105 anni<\/figcaption><\/figure>\n<\/div>\n\n\n\n<div class=\"wp-block-column is-layout-flow wp-block-column-is-layout-flow\">\n<p>France Blanc nasce a Ginevra nel 1919. Quando suo padre vide la sua minuta statura e la sua pelle pallida, disse a sua madre: \u201cMarie, non rallegrarti troppo, questa bambina non vivr\u00e0 a lungo\u201d. Al che sua madre rispose: \u201cFar\u00f2 in modo che viva!\u201d.&nbsp;&nbsp;<\/p>\n\n\n\n<p>Suo padre \u00e8 un tassista e sua madre lavora come sarta. Trascorre un&#8217;infanzia semplice ma felice. Ha un rapporto intimo, quasi simbiotico, con la madre, che la chiama affettuosamente \u00abSuce la pomme\u00bb . Suo padre \u00e8 severo e fa rispettare le regole in casa. Ha anche una sorella con cui non va molto d&#8217;accordo, cosa che le lascia ricordi un po&#8217; amari.&nbsp;<\/p>\n\n\n\n<p>Pi\u00f9 tardi, da giovane donna, France Blanc incontra durante una passeggiata un uomo che le rivolge la parola: \u00abBuongiorno, signorina, non mi riconosce? Abbiamo frequentato insieme l&#8217;asilo\u00bb. \u00c8 il suo ex compagno di classe Louis. Questo incontro cambia la sua vita. I due si innamorano e si sposano nel 1945.&nbsp;&nbsp;<\/p>\n\n\n\n<p>Come sarta, France Blanc guadagna in quel periodo solo un modesto sostentamento. Per garantire il proprio reddito, spinge il marito a imparare un mestiere, e lui diventa &nbsp;ebanista. Nonostante il suo innegabile talento, il suo carattere forte lo porta a cambiare spesso lavoro, con grande disappunto della moglie.&nbsp;<\/p>\n\n\n\n<p>France Blanc ha sempre sognato di avere figli. Dopo sette anni di matrimonio, finalmente rimane incinta. Per lei \u00e8 la notizia pi\u00f9 bella della sua vita. Sua figlia Fran\u00e7oise la riempie di felicit\u00e0 e alcuni anni dopo arriva la sua seconda figlia, Christine. Le sue figlie sono tutto per lei.&nbsp;<\/p>\n\n\n\n<p>&nbsp;Nel 1992 France Blanc perde il marito, stroncato da un cancro. Nel 2008 la sua vita viene nuovamente sconvolta: questa volta deve affrontare la scomparsa della figlia Christine.&nbsp;Ogni giorno pensa alla sua figlia minore, che lascia un grande vuoto. &nbsp;<\/p>\n\n\n\n<p>Nei momenti difficili, France Blanc mantiene il sorriso e il buon umore, perch\u00e9 ama ridere, scherzare e trascorrere il tempo con i suoi cari. L&#8217;umorismo ha sempre riempito la sua vita di leggerezza, anche nei momenti pi\u00f9 bui.&nbsp;<\/p>\n\n\n\n<p>Per France Blanc, tuttavia, avere 100 anni non \u00e8 un dono, ma una lotta quotidiana. Da donna devota, durante le sue preghiere a volte chiede al Signore di non dimenticarla. Gli dice anche che i suoi sforzi sono per Lui e che, anche se vorrebbe raggiungerlo, \u00e8 paziente.&nbsp;<\/p>\n\n\n\n<p>Anche a 105 anni, France Blanc continua a interessarsi all&#8217;attualit\u00e0. Si descrive come una persona attenta alle questioni sociali ed ecologiche e preoccupata per il futuro. Segnata dalle sofferenze della Seconda guerra mondiale, porta dentro di s\u00e9 una profonda tristezza. Non capisce come le persone possano ancora pensare di fare la guerra dopo aver vissuto tanti orrori.&nbsp;<\/p>\n<\/div>\n<\/div>\n","protected":false},"excerpt":{"rendered":"<p>\u00ab Essere molto vecchia come me, non \u00e8 divertente. Bisogna lottare tutti i giorni. \u00bb&nbsp; France Blanc nasce a Ginevra nel 1919. Quando suo padre vide la sua&hellip;<\/p>\n","protected":false},"author":1003048,"featured_media":0,"parent":0,"menu_order":0,"comment_status":"closed","ping_status":"closed","template":"","meta":{"_seopress_robots_primary_cat":"","_seopress_titles_title":"","_seopress_titles_desc":"","_seopress_robots_index":"","footnotes":""},"class_list":["post-4984","page","type-page","status-publish","has-post-thumbnail"],"_links":{"self":[{"href":"https:\/\/wp.unil.ch\/swiss100\/it\/wp-json\/wp\/v2\/pages\/4984","targetHints":{"allow":["GET"]}}],"collection":[{"href":"https:\/\/wp.unil.ch\/swiss100\/it\/wp-json\/wp\/v2\/pages"}],"about":[{"href":"https:\/\/wp.unil.ch\/swiss100\/it\/wp-json\/wp\/v2\/types\/page"}],"author":[{"embeddable":true,"href":"https:\/\/wp.unil.ch\/swiss100\/it\/wp-json\/wp\/v2\/users\/1003048"}],"replies":[{"embeddable":true,"href":"https:\/\/wp.unil.ch\/swiss100\/it\/wp-json\/wp\/v2\/comments?post=4984"}],"version-history":[{"count":5,"href":"https:\/\/wp.unil.ch\/swiss100\/it\/wp-json\/wp\/v2\/pages\/4984\/revisions"}],"predecessor-version":[{"id":6682,"href":"https:\/\/wp.unil.ch\/swiss100\/it\/wp-json\/wp\/v2\/pages\/4984\/revisions\/6682"}],"wp:attachment":[{"href":"https:\/\/wp.unil.ch\/swiss100\/it\/wp-json\/wp\/v2\/media?parent=4984"}],"curies":[{"name":"wp","href":"https:\/\/api.w.org\/{rel}","templated":true}]}}