{"id":1999,"date":"2021-10-04T23:07:06","date_gmt":"2021-10-04T21:07:06","guid":{"rendered":"https:\/\/wp.unil.ch\/swiss100\/?page_id=1999"},"modified":"2025-11-11T12:08:12","modified_gmt":"2025-11-11T11:08:12","slug":"swiss100-il-primo-studio-di-portata-nazionale-sui-centenari-che-vivono-in-svizzera","status":"publish","type":"page","link":"https:\/\/wp.unil.ch\/swiss100\/it\/","title":{"rendered":"SWISS100 &#8211; il primo studio di portata nazionale sui centenari che vivono in Svizzera"},"content":{"rendered":"\n<div class=\"wp-block-group alignwide\"><div class=\"wp-block-group__inner-container is-layout-flow wp-block-group-is-layout-flow\">\n<p class=\"has-drop-cap\" style=\"font-size:22px\">SWISS100 \u00e8 il primo studio di portata nazionale sui centenari che vivono in Svizzera. \u00c8 condotto da esperti di diverse discipline, Il progetto \u00e8 iniziato nel 2020; la raccolta attiva dei dati si \u00e8 conclusa nel 2025. L\u2019obiettivo principale \u00e8 quello di studiare le caratteristiche, le condizioni di vita, le risorse e i bisogni dei centenari che vivono nel nostro paese.<\/p>\n\n\n\n<p style=\"font-size:22px\">SWISS100 vuole contribuire a una miglior comprensione delle sfide associate all\u2019et\u00e0 molto avanzata e fornire informazioni preziose per indirizzare le politiche sociali e migliorare la qualit\u00e0 di vita dei centenari e dei loro cari.<\/p>\n<\/div><\/div>\n\n\n\n<div class=\"wp-block-columns alignwide is-layout-flex wp-container-core-columns-is-layout-9d6595d7 wp-block-columns-is-layout-flex\">\n<div class=\"wp-block-column is-layout-flow wp-block-column-is-layout-flow\">\n<div class=\"wp-block-group\"><div class=\"wp-block-group__inner-container is-layout-flow wp-block-group-is-layout-flow\">\n<figure class=\"wp-block-image alignfull size-large\"><img alt=\"\" loading=\"lazy\" decoding=\"async\" width=\"1024\" height=\"768\" src=\"https:\/\/wp.unil.ch\/swiss100\/files\/2021\/10\/telefonstudie-01-01-1024x768.png\" alt=\"\" class=\"wp-image-1829\" srcset=\"https:\/\/wp.unil.ch\/swiss100\/files\/2021\/10\/telefonstudie-01-01-1024x768.png 1024w, https:\/\/wp.unil.ch\/swiss100\/files\/2021\/10\/telefonstudie-01-01-300x225.png 300w, https:\/\/wp.unil.ch\/swiss100\/files\/2021\/10\/telefonstudie-01-01-150x113.png 150w, https:\/\/wp.unil.ch\/swiss100\/files\/2021\/10\/telefonstudie-01-01-768x576.png 768w, https:\/\/wp.unil.ch\/swiss100\/files\/2021\/10\/telefonstudie-01-01-1536x1152.png 1536w, https:\/\/wp.unil.ch\/swiss100\/files\/2021\/10\/telefonstudie-01-01-1120x840.png 1120w, https:\/\/wp.unil.ch\/swiss100\/files\/2021\/10\/telefonstudie-01-01-540x405.png 540w, https:\/\/wp.unil.ch\/swiss100\/files\/2021\/10\/telefonstudie-01-01-1080x810.png 1080w, https:\/\/wp.unil.ch\/swiss100\/files\/2021\/10\/telefonstudie-01-01.png 1600w\" sizes=\"auto, (max-width: 1024px) 100vw, 1024px\" \/><\/figure>\n\n\n\n<h3 class=\"wp-block-heading\">Interviste Telefoniche <\/h3>\n\n\n\n<p>Dicembre 2020 \u2014 2021<\/p>\n\n\n\n<div class=\"wp-block-button is-style-outline is-style-outline--1\"><a class=\"wp-block-button__link has-accent-color has-text-color wp-element-button\" href=\"https:\/\/wp.unil.ch\/swiss100\/it\/participants\/#telephonestudy\" target=\"_blank\" rel=\"noreferrer noopener\">Leggi tutto<\/a><\/div>\n<\/div><\/div>\n\n\n\n<div class=\"wp-block-group\"><div class=\"wp-block-group__inner-container is-layout-flow wp-block-group-is-layout-flow\">\n<figure class=\"wp-block-image alignfull size-large\"><a href=\"https:\/\/wp.unil.ch\/swiss100\/it\/team\/\"><img alt=\"\" loading=\"lazy\" decoding=\"async\" width=\"1024\" height=\"768\" src=\"https:\/\/wp.unil.ch\/swiss100\/files\/2021\/10\/team-01-01-1024x768.png\" alt=\"\" class=\"wp-image-1839\" srcset=\"https:\/\/wp.unil.ch\/swiss100\/files\/2021\/10\/team-01-01-1024x768.png 1024w, https:\/\/wp.unil.ch\/swiss100\/files\/2021\/10\/team-01-01-300x225.png 300w, https:\/\/wp.unil.ch\/swiss100\/files\/2021\/10\/team-01-01-150x113.png 150w, https:\/\/wp.unil.ch\/swiss100\/files\/2021\/10\/team-01-01-768x576.png 768w, https:\/\/wp.unil.ch\/swiss100\/files\/2021\/10\/team-01-01-1536x1152.png 1536w, https:\/\/wp.unil.ch\/swiss100\/files\/2021\/10\/team-01-01-1120x840.png 1120w, https:\/\/wp.unil.ch\/swiss100\/files\/2021\/10\/team-01-01-540x405.png 540w, https:\/\/wp.unil.ch\/swiss100\/files\/2021\/10\/team-01-01-1080x810.png 1080w, https:\/\/wp.unil.ch\/swiss100\/files\/2021\/10\/team-01-01.png 1600w\" sizes=\"auto, (max-width: 1024px) 100vw, 1024px\" \/><\/a><\/figure>\n\n\n\n<h3 class=\"wp-block-heading\">TEAM<\/h3>\n\n\n\n<div class=\"wp-block-button is-style-outline is-style-outline--2\"><a class=\"wp-block-button__link wp-element-button\" href=\"https:\/\/wp.unil.ch\/swiss100\/it\/team\/\" target=\"_blank\" rel=\"noreferrer noopener\">Leggi tutto<\/a><\/div>\n<\/div><\/div>\n<\/div>\n\n\n\n<div class=\"wp-block-column is-layout-flow wp-block-column-is-layout-flow\">\n<div class=\"wp-block-group\"><div class=\"wp-block-group__inner-container is-layout-flow wp-block-group-is-layout-flow\">\n<figure class=\"wp-block-image alignfull size-large\"><a href=\"https:\/\/wp.unil.ch\/swiss100\/it\/participants\/#inpersonstudy\"><img alt=\"\" loading=\"lazy\" decoding=\"async\" width=\"1024\" height=\"768\" src=\"https:\/\/wp.unil.ch\/swiss100\/files\/2021\/10\/persoenliche-01-01-01-1024x768.png\" alt=\"\" class=\"wp-image-1833\" srcset=\"https:\/\/wp.unil.ch\/swiss100\/files\/2021\/10\/persoenliche-01-01-01-1024x768.png 1024w, https:\/\/wp.unil.ch\/swiss100\/files\/2021\/10\/persoenliche-01-01-01-300x225.png 300w, https:\/\/wp.unil.ch\/swiss100\/files\/2021\/10\/persoenliche-01-01-01-150x113.png 150w, https:\/\/wp.unil.ch\/swiss100\/files\/2021\/10\/persoenliche-01-01-01-768x576.png 768w, https:\/\/wp.unil.ch\/swiss100\/files\/2021\/10\/persoenliche-01-01-01-1536x1152.png 1536w, https:\/\/wp.unil.ch\/swiss100\/files\/2021\/10\/persoenliche-01-01-01-1120x840.png 1120w, https:\/\/wp.unil.ch\/swiss100\/files\/2021\/10\/persoenliche-01-01-01-540x405.png 540w, https:\/\/wp.unil.ch\/swiss100\/files\/2021\/10\/persoenliche-01-01-01-1080x810.png 1080w, https:\/\/wp.unil.ch\/swiss100\/files\/2021\/10\/persoenliche-01-01-01.png 1600w\" sizes=\"auto, (max-width: 1024px) 100vw, 1024px\" \/><\/a><\/figure>\n\n\n\n<h3 class=\"wp-block-heading\">Interviste Di Persona<\/h3>\n\n\n\n<p>Autunno 2022 &#8211; Primavera 2025<\/p>\n\n\n\n<div class=\"wp-block-button is-style-outline is-style-outline--3\"><a class=\"wp-block-button__link has-accent-color has-text-color wp-element-button\" href=\"https:\/\/wp.unil.ch\/swiss100\/it\/participants\/#inpersonstudy\" target=\"_blank\" rel=\"noreferrer noopener\">Leggi tutto<\/a><\/div>\n<\/div><\/div>\n\n\n\n<div class=\"wp-block-group\"><div class=\"wp-block-group__inner-container is-layout-flow wp-block-group-is-layout-flow\">\n<figure class=\"wp-block-image alignfull size-large\"><a href=\"https:\/\/wp.unil.ch\/swiss100\/it\/biobank-and-biomarkers\/\"><img alt=\"\" loading=\"lazy\" decoding=\"async\" width=\"1024\" height=\"768\" src=\"https:\/\/wp.unil.ch\/swiss100\/files\/2021\/10\/Lab-01-1024x768.png\" alt=\"\" class=\"wp-image-1843\" srcset=\"https:\/\/wp.unil.ch\/swiss100\/files\/2021\/10\/Lab-01-1024x768.png 1024w, https:\/\/wp.unil.ch\/swiss100\/files\/2021\/10\/Lab-01-300x225.png 300w, https:\/\/wp.unil.ch\/swiss100\/files\/2021\/10\/Lab-01-150x113.png 150w, https:\/\/wp.unil.ch\/swiss100\/files\/2021\/10\/Lab-01-768x576.png 768w, https:\/\/wp.unil.ch\/swiss100\/files\/2021\/10\/Lab-01-1536x1152.png 1536w, https:\/\/wp.unil.ch\/swiss100\/files\/2021\/10\/Lab-01-1120x840.png 1120w, https:\/\/wp.unil.ch\/swiss100\/files\/2021\/10\/Lab-01-540x405.png 540w, https:\/\/wp.unil.ch\/swiss100\/files\/2021\/10\/Lab-01-1080x810.png 1080w, https:\/\/wp.unil.ch\/swiss100\/files\/2021\/10\/Lab-01.png 1600w\" sizes=\"auto, (max-width: 1024px) 100vw, 1024px\" \/><\/a><\/figure>\n\n\n\n<h3 class=\"wp-block-heading\">Biobank e Biomarkers<\/h3>\n\n\n\n<div class=\"wp-block-button is-style-outline is-style-outline--4\"><a class=\"wp-block-button__link wp-element-button\" href=\"https:\/\/wp.unil.ch\/swiss100\/it\/biobank-and-biomarkers\/\" target=\"_blank\" rel=\"noreferrer noopener\">Leggi tutto<\/a><\/div>\n<\/div><\/div>\n<\/div>\n<\/div>\n\n\n\n<figure class=\"wp-block-image alignfull size-large\"><img alt=\"\" loading=\"lazy\" decoding=\"async\" width=\"1024\" height=\"213\" src=\"https:\/\/wp.unil.ch\/swiss100\/files\/2021\/12\/baum_2-1024x213.jpg\" alt=\"\" class=\"wp-image-2469\" srcset=\"https:\/\/wp.unil.ch\/swiss100\/files\/2021\/12\/baum_2-1024x213.jpg 1024w, https:\/\/wp.unil.ch\/swiss100\/files\/2021\/12\/baum_2-300x63.jpg 300w, https:\/\/wp.unil.ch\/swiss100\/files\/2021\/12\/baum_2-150x31.jpg 150w, https:\/\/wp.unil.ch\/swiss100\/files\/2021\/12\/baum_2-768x160.jpg 768w, https:\/\/wp.unil.ch\/swiss100\/files\/2021\/12\/baum_2-1536x320.jpg 1536w, https:\/\/wp.unil.ch\/swiss100\/files\/2021\/12\/baum_2-1120x233.jpg 1120w, https:\/\/wp.unil.ch\/swiss100\/files\/2021\/12\/baum_2-540x113.jpg 540w, https:\/\/wp.unil.ch\/swiss100\/files\/2021\/12\/baum_2-1080x225.jpg 1080w, https:\/\/wp.unil.ch\/swiss100\/files\/2021\/12\/baum_2.jpg 1920w\" sizes=\"auto, (max-width: 1024px) 100vw, 1024px\" \/><\/figure>\n\n\n\n<div class=\"wp-block-group alignwide\"><div class=\"wp-block-group__inner-container is-layout-flow wp-block-group-is-layout-flow\">\n<h2 class=\"wp-block-heading has-text-align-center has-accent-color has-text-color\">\u201cNel 2020 la Svizzera contava 1700 centenari. Nel 2024 sono quasi 2200 \u2013 un numero destinato a crescere rapidamente in futuro.\u201d<\/h2>\n<\/div><\/div>\n\n\n\n<p class=\"has-drop-cap\">La Svizzera \u00e8 uno dei paesi al mondo con il pi\u00f9 alto numero di centenari in rapporto alla popolazione. Al giorno d\u2019oggi, su un milione di persone, 240 hanno superato il secolo di vita; un numero destinato a crescere in futuro. L\u2019Ufficio federale di statistica (2024) mostra come, tra il 1950 e il 2010, il numero dei centenari in Svizzera sia raddoppiato ogni decennio e continui ancora ad oggi ad aumentare. Nonostante ci\u00f2, non si sa quasi nulla sulle persone che hanno superato i 100 anni nel nostro paese.<\/p>\n\n\n\n<figure class=\"wp-block-gallery alignwide has-nested-images columns-default wp-block-gallery-5 is-layout-flex wp-block-gallery-is-layout-flex\">\n<figure class=\"wp-block-image size-large\"><img alt=\"\" loading=\"lazy\" decoding=\"async\" width=\"1024\" height=\"791\" data-id=\"5979\" src=\"https:\/\/wp.unil.ch\/swiss100\/files\/2025\/11\/italian_number-1024x791.png\" alt=\"\" class=\"wp-image-5979\" srcset=\"https:\/\/wp.unil.ch\/swiss100\/files\/2025\/11\/italian_number-1024x791.png 1024w, https:\/\/wp.unil.ch\/swiss100\/files\/2025\/11\/italian_number-300x232.png 300w, https:\/\/wp.unil.ch\/swiss100\/files\/2025\/11\/italian_number-150x116.png 150w, https:\/\/wp.unil.ch\/swiss100\/files\/2025\/11\/italian_number-768x593.png 768w, https:\/\/wp.unil.ch\/swiss100\/files\/2025\/11\/italian_number-540x417.png 540w, https:\/\/wp.unil.ch\/swiss100\/files\/2025\/11\/italian_number-1080x834.png 1080w, https:\/\/wp.unil.ch\/swiss100\/files\/2025\/11\/italian_number.png 1500w\" sizes=\"auto, (max-width: 1024px) 100vw, 1024px\" \/><\/figure>\n\n\n\n<figure class=\"wp-block-image size-large\"><img alt=\"\" loading=\"lazy\" decoding=\"async\" width=\"792\" height=\"612\" data-id=\"2662\" src=\"https:\/\/wp.unil.ch\/swiss100\/files\/2021\/12\/CentMap_IT_Zeichenflache-1.png\" alt=\"\" class=\"wp-image-2662\" srcset=\"https:\/\/wp.unil.ch\/swiss100\/files\/2021\/12\/CentMap_IT_Zeichenflache-1.png 792w, https:\/\/wp.unil.ch\/swiss100\/files\/2021\/12\/CentMap_IT_Zeichenflache-1-300x232.png 300w, https:\/\/wp.unil.ch\/swiss100\/files\/2021\/12\/CentMap_IT_Zeichenflache-1-150x116.png 150w, https:\/\/wp.unil.ch\/swiss100\/files\/2021\/12\/CentMap_IT_Zeichenflache-1-768x593.png 768w, https:\/\/wp.unil.ch\/swiss100\/files\/2021\/12\/CentMap_IT_Zeichenflache-1-540x417.png 540w\" sizes=\"auto, (max-width: 792px) 100vw, 792px\" \/><\/figure>\n<\/figure>\n\n\n\n<div class=\"wp-block-columns is-layout-flex wp-container-core-columns-is-layout-9d6595d7 wp-block-columns-is-layout-flex\"><\/div>\n","protected":false},"excerpt":{"rendered":"<p>SWISS100 \u00e8 il primo studio di portata nazionale sui centenari che vivono in Svizzera. \u00c8 condotto da esperti di diverse discipline, Il progetto \u00e8 iniziato nel 2020; la&hellip;<\/p>\n","protected":false},"author":1002150,"featured_media":2464,"parent":0,"menu_order":0,"comment_status":"closed","ping_status":"closed","template":"","meta":{"_seopress_robots_primary_cat":"","_seopress_titles_title":"","_seopress_titles_desc":"","_seopress_robots_index":"","footnotes":""},"class_list":["post-1999","page","type-page","status-publish","has-post-thumbnail"],"_links":{"self":[{"href":"https:\/\/wp.unil.ch\/swiss100\/it\/wp-json\/wp\/v2\/pages\/1999","targetHints":{"allow":["GET"]}}],"collection":[{"href":"https:\/\/wp.unil.ch\/swiss100\/it\/wp-json\/wp\/v2\/pages"}],"about":[{"href":"https:\/\/wp.unil.ch\/swiss100\/it\/wp-json\/wp\/v2\/types\/page"}],"author":[{"embeddable":true,"href":"https:\/\/wp.unil.ch\/swiss100\/it\/wp-json\/wp\/v2\/users\/1002150"}],"replies":[{"embeddable":true,"href":"https:\/\/wp.unil.ch\/swiss100\/it\/wp-json\/wp\/v2\/comments?post=1999"}],"version-history":[{"count":4,"href":"https:\/\/wp.unil.ch\/swiss100\/it\/wp-json\/wp\/v2\/pages\/1999\/revisions"}],"predecessor-version":[{"id":6061,"href":"https:\/\/wp.unil.ch\/swiss100\/it\/wp-json\/wp\/v2\/pages\/1999\/revisions\/6061"}],"wp:featuredmedia":[{"embeddable":true,"href":"https:\/\/wp.unil.ch\/swiss100\/it\/wp-json\/wp\/v2\/media\/2464"}],"wp:attachment":[{"href":"https:\/\/wp.unil.ch\/swiss100\/it\/wp-json\/wp\/v2\/media?parent=1999"}],"curies":[{"name":"wp","href":"https:\/\/api.w.org\/{rel}","templated":true}]}}