{"id":1241,"date":"2020-09-17T15:11:28","date_gmt":"2020-09-17T13:11:28","guid":{"rendered":"https:\/\/wp.unil.ch\/swiss100\/team\/stefano-cavalli\/"},"modified":"2021-12-13T13:42:16","modified_gmt":"2021-12-13T12:42:16","slug":"stefano-cavalli","status":"publish","type":"page","link":"https:\/\/wp.unil.ch\/swiss100\/it\/team\/stefano-cavalli\/","title":{"rendered":"Stefano Cavalli"},"content":{"rendered":"\n<div class=\"wp-block-columns is-layout-flex wp-container-core-columns-is-layout-9d6595d7 wp-block-columns-is-layout-flex\">\n<div class=\"wp-block-column is-layout-flow wp-block-column-is-layout-flow\" style=\"flex-basis:33.33%\">\n<div class=\"wp-block-image\"><figure class=\"aligncenter size-large\"><img alt=\"\" loading=\"lazy\" decoding=\"async\" width=\"819\" height=\"1024\" src=\"https:\/\/wp.unil.ch\/swiss100\/files\/2021\/12\/stefanoVH-819x1024.jpg\" alt=\"\" class=\"wp-image-2479\" srcset=\"https:\/\/wp.unil.ch\/swiss100\/files\/2021\/12\/stefanoVH-819x1024.jpg 819w, https:\/\/wp.unil.ch\/swiss100\/files\/2021\/12\/stefanoVH-240x300.jpg 240w, https:\/\/wp.unil.ch\/swiss100\/files\/2021\/12\/stefanoVH-120x150.jpg 120w, https:\/\/wp.unil.ch\/swiss100\/files\/2021\/12\/stefanoVH-768x960.jpg 768w, https:\/\/wp.unil.ch\/swiss100\/files\/2021\/12\/stefanoVH-540x675.jpg 540w, https:\/\/wp.unil.ch\/swiss100\/files\/2021\/12\/stefanoVH.jpg 960w\" sizes=\"auto, (max-width: 819px) 100vw, 819px\" \/><figcaption><strong>Principal Investigator<\/strong><\/figcaption><\/figure><\/div>\n\n\n\n<blockquote class=\"wp-block-quote is-layout-flow wp-block-quote-is-layout-flow\"><p><em><em><em>Nell&#8217;ambito di SWISS100 mi interessa scoprire come i centenari vivono i cambiamenti nella loro vita e come tempi storici e luoghi attraversati hanno modellato i loro percorsi di vita<\/em><\/em><\/em><\/p><\/blockquote>\n<\/div>\n\n\n\n<div class=\"wp-block-column is-layout-flow wp-block-column-is-layout-flow\" style=\"flex-basis:66.66%\">\n<h2 class=\"has-medium-font-size wp-block-heading\"><strong>Posizione attuale<\/strong><\/h2>\n\n\n\n<ul class=\"wp-block-list\"><li>Professore in percorsi di vita e invecchiamento, Scuola universitaria professionale della Svizzera italiana (<a href=\"https:\/\/www.supsi.ch\/\">SUPSI<\/a>)<\/li><li>Responsabile, <a href=\"https:\/\/www.supsi.ch\/cca\" target=\"_blank\" rel=\"noreferrer noopener\">Centro competenze anziani<\/a>, SUPSI<\/li><li>Faculty member, Swiss School of Public Health (<a href=\"https:\/\/ssphplus.ch\/\">SSPH+<\/a>)<\/li><\/ul>\n\n\n\n<h2 class=\"has-medium-font-size wp-block-heading\"><strong>Istruzione<\/strong><\/h2>\n\n\n\n<ul class=\"wp-block-list\"><li>Dottorato in Sociologia, Universit\u00e0 di Ginevra<\/li><\/ul>\n\n\n\n<h2 class=\"has-medium-font-size wp-block-heading\"><strong>Esperienze precedenti<\/strong><\/h2>\n\n\n\n<ul class=\"wp-block-list\"><li>Ricercatore, Centre interacultaire de g\u00e9rontologie et d\u2019\u00e9tudes des vuln\u00e9rabilit\u00e9s (CIGEV), Universit\u00e0 di Ginevra<\/li><li>Ricercatore, Polo di ricerca nazionale \u201cLIVES \u2013 Overcoming vulnerability: Life course perspectives\u201d, Universit\u00e0 di Losanna e di Ginevra<\/li><li>Ricercatore invitato, Dipartimento di sociologia, Case Western Reserve University, Stati Uniti<\/li><li>Docente: Universit\u00e0 di Losanna, Universit\u00e0 di Ginevra, Universit\u00e0 del Cile<\/li><\/ul>\n\n\n\n<h2 class=\"has-medium-font-size wp-block-heading\"><strong>Temi di interesse<\/strong><\/h2>\n\n\n\n<ul class=\"wp-block-list\"><li>Costruzione sociale dei percorsi di vita<\/li><li>Transizioni, eventi e punti di svolta<\/li><li>Vulnerabilit\u00e0 e esclusione sociale in et\u00e0 avanzata<\/li><\/ul>\n\n\n\n<h2 class=\"has-medium-font-size wp-block-heading\"><strong><strong>Altre esperienze\/riconoscimenti<\/strong><\/strong><\/h2>\n\n\n\n<ul class=\"wp-block-list\"><li>CEVI \u2013 Cambiamenti ed eventi nel corso della vita: Uno studio internazionale (15 paesi) (Responsabile e coordinatore della rete internazionale)<\/li><li>Aderire ad un&#8217;Associazione per il Diritto ad una Morte Dignitosa: analisi di una transizione del percorso di vita (Responsabile)<\/li><li>Membro del gruppo di ricerca &#8220;Cultura, cognizione ed emozioni&#8221;, Universit\u00e0 dei Paesi Baschi, Spagna<\/li><\/ul>\n<\/div>\n<\/div>\n","protected":false},"excerpt":{"rendered":"<p>Nell&#8217;ambito di SWISS100 mi interessa scoprire come i centenari vivono i cambiamenti nella loro vita e come tempi storici e luoghi attraversati hanno modellato i loro percorsi di&hellip;<\/p>\n","protected":false},"author":1002140,"featured_media":0,"parent":923,"menu_order":-1,"comment_status":"closed","ping_status":"closed","template":"template-full-width.php","meta":{"_seopress_robots_primary_cat":"","_seopress_titles_title":"","_seopress_titles_desc":"","_seopress_robots_index":"","footnotes":""},"class_list":["post-1241","page","type-page","status-publish","has-post-thumbnail"],"_links":{"self":[{"href":"https:\/\/wp.unil.ch\/swiss100\/it\/wp-json\/wp\/v2\/pages\/1241","targetHints":{"allow":["GET"]}}],"collection":[{"href":"https:\/\/wp.unil.ch\/swiss100\/it\/wp-json\/wp\/v2\/pages"}],"about":[{"href":"https:\/\/wp.unil.ch\/swiss100\/it\/wp-json\/wp\/v2\/types\/page"}],"author":[{"embeddable":true,"href":"https:\/\/wp.unil.ch\/swiss100\/it\/wp-json\/wp\/v2\/users\/1002140"}],"replies":[{"embeddable":true,"href":"https:\/\/wp.unil.ch\/swiss100\/it\/wp-json\/wp\/v2\/comments?post=1241"}],"version-history":[{"count":0,"href":"https:\/\/wp.unil.ch\/swiss100\/it\/wp-json\/wp\/v2\/pages\/1241\/revisions"}],"up":[{"embeddable":true,"href":"https:\/\/wp.unil.ch\/swiss100\/it\/wp-json\/wp\/v2\/pages\/923"}],"wp:attachment":[{"href":"https:\/\/wp.unil.ch\/swiss100\/it\/wp-json\/wp\/v2\/media?parent=1241"}],"curies":[{"name":"wp","href":"https:\/\/api.w.org\/{rel}","templated":true}]}}