{"id":1223,"date":"2020-09-17T12:15:47","date_gmt":"2020-09-17T10:15:47","guid":{"rendered":"https:\/\/wp.unil.ch\/swiss100\/team\/barbara-masotti\/"},"modified":"2021-12-08T21:38:18","modified_gmt":"2021-12-08T20:38:18","slug":"barbara-masotti","status":"publish","type":"page","link":"https:\/\/wp.unil.ch\/swiss100\/it\/team\/barbara-masotti\/","title":{"rendered":"Barbara Masotti"},"content":{"rendered":"\n<div class=\"wp-block-columns is-layout-flex wp-container-core-columns-is-layout-9d6595d7 wp-block-columns-is-layout-flex\">\n<div class=\"wp-block-column is-layout-flow wp-block-column-is-layout-flow\" style=\"flex-basis:33.33%\">\n<figure class=\"wp-block-image size-large\"><img alt=\"\" loading=\"lazy\" decoding=\"async\" width=\"819\" height=\"1024\" src=\"https:\/\/wp.unil.ch\/swiss100\/files\/2021\/12\/barbaraVH2-819x1024.jpg\" alt=\"\" class=\"wp-image-2538\" srcset=\"https:\/\/wp.unil.ch\/swiss100\/files\/2021\/12\/barbaraVH2-819x1024.jpg 819w, https:\/\/wp.unil.ch\/swiss100\/files\/2021\/12\/barbaraVH2-240x300.jpg 240w, https:\/\/wp.unil.ch\/swiss100\/files\/2021\/12\/barbaraVH2-120x150.jpg 120w, https:\/\/wp.unil.ch\/swiss100\/files\/2021\/12\/barbaraVH2-768x960.jpg 768w, https:\/\/wp.unil.ch\/swiss100\/files\/2021\/12\/barbaraVH2-540x675.jpg 540w, https:\/\/wp.unil.ch\/swiss100\/files\/2021\/12\/barbaraVH2.jpg 932w\" sizes=\"auto, (max-width: 819px) 100vw, 819px\" \/><figcaption>Ricercatrice<\/figcaption><\/figure>\n\n\n\n<blockquote class=\"wp-block-quote is-layout-flow wp-block-quote-is-layout-flow\"><p><em><em><em><em><em><em>Con SWISS100 mi interessa esplorare il tema&nbsp;degli<\/em><strong><em>&nbsp;<\/em><\/strong><em>aiuti, formali ed informali, in questo specifico periodo della vita.<\/em><\/em><\/em><\/em><\/em><\/em><\/p><\/blockquote>\n<\/div>\n\n\n\n<div class=\"wp-block-column is-layout-flow wp-block-column-is-layout-flow\" style=\"flex-basis:66.66%\">\n<h2 class=\"has-medium-font-size wp-block-heading\"><strong>Posizione attuale<\/strong><\/h2>\n\n\n\n<ul class=\"wp-block-list\"><li>Ricercatrice, Centro competenze anziani (<a href=\"https:\/\/www.supsi.ch\/cca\" target=\"_blank\" rel=\"noreferrer noopener\">CCA<\/a>), Scuola universitaria professionale della Svizzera italiana (<a rel=\"noreferrer noopener\" href=\"https:\/\/www.supsi.ch\/home.html\" target=\"_blank\">SUPSI<\/a>)<\/li><li>Ricercatrice associata, Centre interacultaire de g\u00e9rontologie et d\u2019\u00e9tudes des vuln\u00e9rabilit\u00e9s (<a rel=\"noreferrer noopener\" href=\"https:\/\/cigev.unige.ch\/\" target=\"_blank\">CIGEV<\/a>), Universit\u00e0 di Ginevra (<a rel=\"noreferrer noopener\" href=\"https:\/\/www.unige.ch\/en\/university\/presentation\/\" target=\"_blank\">UNIGE<\/a>)<\/li><\/ul>\n\n\n\n<h2 class=\"has-medium-font-size wp-block-heading\"><strong>Istruzione<\/strong><\/h2>\n\n\n\n<ul class=\"wp-block-list\"><li>Dottorato in Scienze della societ\u00e0, Universit\u00e0 di Ginevra<\/li><li>Master in Sociologia, Universit\u00e0 di Friborgo<\/li><li>Bachelor in Scienze sociali, Universit\u00e0 di Friborgo<\/li><\/ul>\n\n\n\n<h2 class=\"has-medium-font-size wp-block-heading\"><strong><strong>Esperienze precedenti<\/strong><\/strong><\/h2>\n\n\n\n<ul class=\"wp-block-list\"><li>Assistente, Dipartimento economia aziendale, sanit\u00e0 e sociale (DEASS-SUPSI)<\/li><li>Membro del Polo di ricerca nazionale \u201cLIVES \u2013 Overcoming vulnerability: Life course perspectives\u201d, Universit\u00e0 di Losanna e di Ginevra<\/li><\/ul>\n\n\n\n<h2 class=\"has-medium-font-size wp-block-heading\"><strong><strong>Temi di interesse<\/strong><\/strong><\/h2>\n\n\n\n<ul class=\"wp-block-list\"><li>Gli aiuti e le relazioni familiari in et\u00e0 avanzata<\/li><li>La percezione dei cambiamenti e dell\u2019invecchiamento<\/li><li>I metodi misti<\/li><\/ul>\n\n\n\n<h2 class=\"has-medium-font-size wp-block-heading\"><strong><strong>Altre esperienze\/riconoscimenti<\/strong><\/strong><\/h2>\n\n\n\n<ul class=\"wp-block-list\"><li>Studio VLV \u2013 Vivre Leben Vivere, CIGEV, LIVES<\/li><li>Primo premio Pro Senectute Svizzera 2017<\/li><\/ul>\n\n\n\n<p><\/p>\n<\/div>\n<\/div>\n","protected":false},"excerpt":{"rendered":"<p>Con SWISS100 mi interessa esplorare il tema&nbsp;degli&nbsp;aiuti, formali ed informali, in questo specifico periodo della vita. Posizione attuale Ricercatrice, Centro competenze anziani (CCA), Scuola universitaria professionale della Svizzera&hellip;<\/p>\n","protected":false},"author":1002140,"featured_media":0,"parent":923,"menu_order":-1,"comment_status":"closed","ping_status":"closed","template":"template-full-width.php","meta":{"_seopress_robots_primary_cat":"","_seopress_titles_title":"","_seopress_titles_desc":"","_seopress_robots_index":"","footnotes":""},"class_list":["post-1223","page","type-page","status-publish","has-post-thumbnail"],"_links":{"self":[{"href":"https:\/\/wp.unil.ch\/swiss100\/it\/wp-json\/wp\/v2\/pages\/1223","targetHints":{"allow":["GET"]}}],"collection":[{"href":"https:\/\/wp.unil.ch\/swiss100\/it\/wp-json\/wp\/v2\/pages"}],"about":[{"href":"https:\/\/wp.unil.ch\/swiss100\/it\/wp-json\/wp\/v2\/types\/page"}],"author":[{"embeddable":true,"href":"https:\/\/wp.unil.ch\/swiss100\/it\/wp-json\/wp\/v2\/users\/1002140"}],"replies":[{"embeddable":true,"href":"https:\/\/wp.unil.ch\/swiss100\/it\/wp-json\/wp\/v2\/comments?post=1223"}],"version-history":[{"count":0,"href":"https:\/\/wp.unil.ch\/swiss100\/it\/wp-json\/wp\/v2\/pages\/1223\/revisions"}],"up":[{"embeddable":true,"href":"https:\/\/wp.unil.ch\/swiss100\/it\/wp-json\/wp\/v2\/pages\/923"}],"wp:attachment":[{"href":"https:\/\/wp.unil.ch\/swiss100\/it\/wp-json\/wp\/v2\/media?parent=1223"}],"curies":[{"name":"wp","href":"https:\/\/api.w.org\/{rel}","templated":true}]}}