{"id":885,"date":"2020-07-27T12:07:11","date_gmt":"2020-07-27T10:07:11","guid":{"rendered":"https:\/\/wp.unil.ch\/swiss100\/participants\/"},"modified":"2022-08-24T22:15:19","modified_gmt":"2022-08-24T20:15:19","slug":"participants","status":"publish","type":"page","link":"https:\/\/wp.unil.ch\/swiss100\/fr\/participants\/","title":{"rendered":"Participants"},"content":{"rendered":"\n<h2 class=\"wp-block-heading\" id=\"forcentsandfriends\">Pour les centenaries, Leur famille et leurs amis<\/h2>\n\n\n\n<p>Nous aimerions \u00e9galement parler \u00e0 quelqu\u2019un qui connait tr\u00e8s bien le centenaire et qui s\u2019occupe de lui, par exemple \u00e0 un membre de sa famille ou \u00e0 un ami. Cela nous permettra de conna\u00eetre leur point de vue sur les d\u00e9fis de la vie \u00e0 100 ans et les implications pour la famille. Nous aimerions avoir des contacts r\u00e9guliers, en personne ou par t\u00e9l\u00e9phone, pour recueillir des renseignements sur les changements potentiels.<\/p>\n\n\n\n<p>Si vous \u00eates centenaire ou si vous avez un centenaire dans votre famille, nous serions ravis de prendre contact avec vous au sujet de notre \u00e9tude ! Vous pouvez t\u00e9l\u00e9charger le prospectus de l\u2019interview t\u00e9l\u00e9phonique ci-dessous. Vous pouvez nous \u00e9crire \u00e0 swiss100@unil.ch.<\/p>\n\n\n\n<div class=\"wp-block-file\"><a id=\"wp-block-file--media-bcdb2554-4fb5-4966-add8-22bbf706e32f\" href=\"https:\/\/wp.unil.ch\/swiss100\/files\/2022\/08\/SWISS100_Flyer_FR_2022_07_05.pdf\">SWISS100_Flyer_FR_2022_07_05<\/a><a href=\"https:\/\/wp.unil.ch\/swiss100\/files\/2022\/08\/SWISS100_Flyer_FR_2022_07_05.pdf\" class=\"wp-block-file__button\" download aria-describedby=\"wp-block-file--media-bcdb2554-4fb5-4966-add8-22bbf706e32f\">Telecharger<\/a><\/div>\n\n\n\n<div style=\"height:180px\" aria-hidden=\"true\" class=\"wp-block-spacer\"><\/div>\n\n\n\n<h2 class=\"wp-block-heading\" id=\"telephonestudy\">\u00c9tude t\u00e9l\u00e9phonique <\/h2>\n\n\n\n<div class=\"wp-block-columns is-layout-flex wp-container-core-columns-is-layout-9d6595d7 wp-block-columns-is-layout-flex\">\n<div class=\"wp-block-column is-layout-flow wp-block-column-is-layout-flow\" style=\"flex-basis:66.66%\">\n<p>En 2020 et 2021, nous r\u00e9alisons une premi\u00e8re \u00e9tude en invitant les centenaires de toute la Suisse pour un court entretien t\u00e9l\u00e9phonique. Compte tenu de l\u2019importance publique de notre \u00e9tude, l\u2019Office f\u00e9d\u00e9rale de la statistique nous a fourni des informations sur l\u2019adresse des centenaires en Suisse. Dans cette liste, nous s\u00e9lectionnerons au hasard jusqu\u2019\u00e0 20 centenaires de chaque canton et les inviterons \u00e0 nous parler de leur situation de vie par t\u00e9l\u00e9phone. Nous aimerions \u00e9galement savoir ce que les centenaires suisses pensent du coronavirus et de ses implications.<\/p>\n<\/div>\n\n\n\n<div class=\"wp-block-column is-layout-flow wp-block-column-is-layout-flow\" style=\"flex-basis:33.33%\">\n<h1 class=\"has-text-align-left wp-block-heading\">Depuis<br>D\u00c9CEMBre <br>2020<\/h1>\n<\/div>\n<\/div>\n\n\n\n<div style=\"height:180px\" aria-hidden=\"true\" class=\"wp-block-spacer\"><\/div>\n\n\n\n<div class=\"wp-block-columns is-layout-flex wp-container-core-columns-is-layout-9d6595d7 wp-block-columns-is-layout-flex\">\n<div class=\"wp-block-column is-layout-flow wp-block-column-is-layout-flow\" style=\"flex-basis:33.33%\">\n<div style=\"height:28px\" aria-hidden=\"true\" class=\"wp-block-spacer\"><\/div>\n\n\n\n<h1 class=\"has-text-align-right wp-block-heading\">Commence en<br>2022<\/h1>\n\n\n\n<p><\/p>\n<\/div>\n\n\n\n<div class=\"wp-block-column is-layout-flow wp-block-column-is-layout-flow\" style=\"flex-basis:66.66%\">\n<h2 class=\"wp-block-heading\" id=\"inpersonstudy\">Entretien en personne <\/h2>\n\n\n\n<p>A partir de 2022, des r\u00e9unions en personne seront organis\u00e9es avec des centenaires des trois diff\u00e9rentes r\u00e9gions linguistiques en Suisse (cantons BE, BS, GE, TI, VD, ZH). Il s\u2019agira de deux r\u00e9unions, que nous tiendrons \u00e0 un endroit et \u00e0 un moment qui conviendront aux participants. Nous poserons des questions sur les caract\u00e9ristiques de base, comme l\u2019\u00e9ducation et la situation de vie, la sant\u00e9, les relations sociales et le bien-\u00eatre. Dans la mesure du possible, nous aimerions pr\u00e9voir une r\u00e9union de suivi r\u00e9guli\u00e8re pour nous informer des changements produits entre-temps.<\/p>\n<\/div>\n<\/div>\n\n\n\n<div style=\"height:180px\" aria-hidden=\"true\" class=\"wp-block-spacer\"><\/div>\n\n\n\n<figure class=\"wp-block-image size-large\"><img alt=\"\" loading=\"lazy\" decoding=\"async\" width=\"1024\" height=\"686\" src=\"https:\/\/wp.unil.ch\/swiss100\/files\/2021\/10\/Switzerland_Detailed_Map_With_States-1024x686.png\" alt=\"\" class=\"wp-image-2073\" srcset=\"https:\/\/wp.unil.ch\/swiss100\/files\/2021\/10\/Switzerland_Detailed_Map_With_States-1024x686.png 1024w, https:\/\/wp.unil.ch\/swiss100\/files\/2021\/10\/Switzerland_Detailed_Map_With_States-300x201.png 300w, https:\/\/wp.unil.ch\/swiss100\/files\/2021\/10\/Switzerland_Detailed_Map_With_States-150x101.png 150w, https:\/\/wp.unil.ch\/swiss100\/files\/2021\/10\/Switzerland_Detailed_Map_With_States-768x515.png 768w, https:\/\/wp.unil.ch\/swiss100\/files\/2021\/10\/Switzerland_Detailed_Map_With_States-1536x1029.png 1536w, https:\/\/wp.unil.ch\/swiss100\/files\/2021\/10\/Switzerland_Detailed_Map_With_States-2048x1372.png 2048w, https:\/\/wp.unil.ch\/swiss100\/files\/2021\/10\/Switzerland_Detailed_Map_With_States-1120x750.png 1120w, https:\/\/wp.unil.ch\/swiss100\/files\/2021\/10\/Switzerland_Detailed_Map_With_States-540x362.png 540w, https:\/\/wp.unil.ch\/swiss100\/files\/2021\/10\/Switzerland_Detailed_Map_With_States-1080x724.png 1080w, https:\/\/wp.unil.ch\/swiss100\/files\/2021\/10\/Switzerland_Detailed_Map_With_States-1980x1327.png 1980w\" sizes=\"auto, (max-width: 1024px) 100vw, 1024px\" \/><figcaption>Toute la suisse est \u00e9ligible \u00e0 l&rsquo;\u00e9tude t\u00e9l\u00e9phonique. Les cantons en rouges sont \u00e9galement \u00e9ligibles pour l&rsquo;\u00e9tude en personne.<\/figcaption><\/figure>\n","protected":false},"excerpt":{"rendered":"<p>Pour les centenaries, Leur famille et leurs amis Nous aimerions \u00e9galement parler \u00e0 quelqu\u2019un qui connait tr\u00e8s bien le centenaire et qui s\u2019occupe de lui, par exemple \u00e0&hellip;<\/p>\n","protected":false},"author":163,"featured_media":0,"parent":0,"menu_order":0,"comment_status":"closed","ping_status":"closed","template":"template-full-width.php","meta":{"_seopress_robots_primary_cat":"","_seopress_titles_title":"","_seopress_titles_desc":"","_seopress_robots_index":"","footnotes":""},"class_list":["post-885","page","type-page","status-publish","has-post-thumbnail"],"_links":{"self":[{"href":"https:\/\/wp.unil.ch\/swiss100\/fr\/wp-json\/wp\/v2\/pages\/885","targetHints":{"allow":["GET"]}}],"collection":[{"href":"https:\/\/wp.unil.ch\/swiss100\/fr\/wp-json\/wp\/v2\/pages"}],"about":[{"href":"https:\/\/wp.unil.ch\/swiss100\/fr\/wp-json\/wp\/v2\/types\/page"}],"author":[{"embeddable":true,"href":"https:\/\/wp.unil.ch\/swiss100\/fr\/wp-json\/wp\/v2\/users\/163"}],"replies":[{"embeddable":true,"href":"https:\/\/wp.unil.ch\/swiss100\/fr\/wp-json\/wp\/v2\/comments?post=885"}],"version-history":[{"count":0,"href":"https:\/\/wp.unil.ch\/swiss100\/fr\/wp-json\/wp\/v2\/pages\/885\/revisions"}],"wp:attachment":[{"href":"https:\/\/wp.unil.ch\/swiss100\/fr\/wp-json\/wp\/v2\/media?parent=885"}],"curies":[{"name":"wp","href":"https:\/\/api.w.org\/{rel}","templated":true}]}}