{"id":873,"date":"2020-08-19T16:44:37","date_gmt":"2020-08-19T14:44:37","guid":{"rendered":"https:\/\/wp.unil.ch\/swiss100\/media-2\/"},"modified":"2026-04-08T09:50:34","modified_gmt":"2026-04-08T07:50:34","slug":"media-2","status":"publish","type":"page","link":"https:\/\/wp.unil.ch\/swiss100\/fr\/media-2\/","title":{"rendered":"Media"},"content":{"rendered":"\n<h2 class=\"wp-block-heading\">Apparitions dans L&rsquo;Actualit\u00e9<\/h2>\n\n\n\n<div class=\"wp-block-columns is-layout-flex wp-container-core-columns-is-layout-9d6595d7 wp-block-columns-is-layout-flex\">\n<div class=\"wp-block-column is-layout-flow wp-block-column-is-layout-flow\">\n<h4 class=\"wp-block-heading\" style=\"font-size:24px\">Allemand<\/h4>\n\n\n\n<blockquote class=\"wp-block-quote is-layout-flow wp-block-quote-is-layout-flow\">\n<p>\u00abIn der Schweiz geben 92 Prozent der 100-J\u00e4hrigen an, mit ihrem Leben zufrieden zu sein. Das ist ein bemerkenswertes Ergebnis, das auch in fr\u00fcheren Studien in anderen L\u00e4nder beobachtet wurde, allerdings nie in so hoher Auspr\u00e4gung.\u00bb<\/p>\n<cite><a href=\"https:\/\/www.srf.ch\/news\/schweiz\/nationale-studie-das-geheimnis-der-100-jaehrigen-in-der-schweiz\">SRF, \u00ab\u00a0Das Geheimnis der 100-J\u00e4hrigen in der Schweiz\u00a0\u00bb, 18.12.2024<\/a><\/cite><\/blockquote>\n\n\n\n<blockquote class=\"wp-block-quote is-layout-flow wp-block-quote-is-layout-flow\">\n<p>\u00abVon den \u00dcberhundertj\u00e4hrigen l\u00e4sst sich der neugierige und zugewandte Blick auf das Leben lernen, den die Hochbetagten trotz vieler negativer Erfahrungen nie verloren haben [&#8230;]\u00bb<\/p>\n<cite><a href=\"https:\/\/www.geo.de\/wissen\/gesundheit\/muede--aber-zufrieden--was-wir-von-hundertjaehrigen-ueber-resilienz-lernen-koennen--34423536.html\">GEO, \u00ab\u00a0M\u00fcde aber zufrieden: Was wir von Hundertj\u00e4hrigen \u00fcber Resilienz lernen k\u00f6nnen\u00a0\u00bb, 02.02.2024<\/a><\/cite><\/blockquote>\n\n\n\n<blockquote class=\"wp-block-quote is-layout-flow wp-block-quote-is-layout-flow\">\n<p>\u00abDer Altersforscher Stefano Cavalli von der Tessiner Fachhochschule Supsi sagt dazu: \u00ab\u00a0Es kann sein, dass das soziale Ambiente im Tessin, das sich vom Rest der Schweiz unterscheidet, eine wesentliche Rolle spielt.\u00a0\u00bb\u00bb<\/p>\n<cite><a href=\"https:\/\/www.nzz.ch\/schweiz\/das-tessin-ist-das-paradies-der-100-jaehrigen-ld.1770747\">NZZ, \u00ab\u00a0Das Tessin ist das Paradies der 100-j\u00e4hrigen\u00a0\u00bb, 29.12.2023<\/a><\/cite><\/blockquote>\n\n\n\n<blockquote class=\"wp-block-quote is-layout-flow wp-block-quote-is-layout-flow\">\n<p>\u00abIm Alter haben die meisten Menschen das eine oder andere Gebrechen, mit dem Leben zufrieden sind trotzdem die meisten.\u00bb<\/p>\n<cite><a href=\"https:\/\/www.tagblatt.ch\/leben\/hundertjaehrige-das-geheimnis-der-hundertjaehrigen-wie-wird-man-so-alt-und-will-man-das-ueberhaupt-ld.2529532?reduced=true\">Tagblatt, \u00ab\u00a0Das Geheimnis der Hundertj\u00e4hrigen: Wie wird man so alt &#8211; und will man das \u00fcberhaupt?\u00a0\u00bb, 25.11.2023<\/a><\/cite><\/blockquote>\n<\/div>\n\n\n\n<div class=\"wp-block-column is-layout-flow wp-block-column-is-layout-flow\">\n<h4 class=\"wp-block-heading\">FrAn<strong>\u00e7<\/strong>ais<\/h4>\n\n\n\n<blockquote class=\"wp-block-quote is-layout-flow wp-block-quote-is-layout-flow\">\n<p><a href=\"https:\/\/wp.unil.ch\/swiss100\/fr\/public-conference-centenarians-of-switzerland\/\" data-type=\"page\" data-id=\"4394\">Conf\u00e9rence publique<\/a>: <strong>Les centenaires en Suisse : Vuln\u00e9rabilit\u00e9 et r\u00e9silience<\/strong><\/p>\n\n\n\n<p>D\u00e9couvrez les r\u00e9sultats de SWISS100, la premi\u00e8re \u00e9tude nationale sur les centenaires en Suisse, le 22 mai 2025 sur le campus de l&rsquo;Universit\u00e9 de Lausanne.<\/p>\n\n\n\n<p>\u00abUn gar\u00e7on n\u00e9 en Suisse en 2021 a m\u00eame la plus grande esp\u00e9rance de vie au monde.\u00bb<\/p>\n<cite><a href=\"https:\/\/www.24heures.ch\/la-suisse-est-la-nouvelle-championne-de-la-longevite-644961630204\">Le matin dimanche, \u00ab\u00a0La Suisse est la nouvelle championne de la long\u00e9vit\u00e9\u00a0\u00bb, 29.01.2023<\/a><\/cite><\/blockquote>\n\n\n\n<blockquote class=\"wp-block-quote is-layout-flow wp-block-quote-is-layout-flow\">\n<p>\u00abSelon certaines estimations, un enfant sur deux n\u00e9 apr\u00e8s l&rsquo;an 2000 en Suisse deviendra centenaire.\u00bb<\/p>\n<cite><a href=\"https:\/\/www.rts.ch\/info\/suisse\/13741888-les-suisses-en-tete-de-classement-de-la-longevite-mondiale.html\">RTS, \u00ab\u00a0Les Suisses en t\u00eate de classement de la long\u00e9vit\u00e9 mondiale\u00a0\u00bb, 29.01.2023<\/a><\/cite><\/blockquote>\n\n\n\n<blockquote class=\"wp-block-quote is-layout-flow wp-block-quote-is-layout-flow\">\n<p>\u00abSelon le classement \u00e9tabli par l\u2019OCDE, un gar\u00e7on n\u00e9 dans notre pays en 2021 a la meilleure esp\u00e9rance de vie possible, avec 81,9 ans, juste devant les Islandais, les Norv\u00e9giens et les Japonais.\u00bb<\/p>\n<cite><a href=\"https:\/\/www.20min.ch\/fr\/story\/une-personne-sur-deux-nee-apres-lan-2000-deviendra-centenaire-196711670535\">20min.ch, \u00ab\u00a0Une personne sur deux n\u00e9e apr\u00e8s l\u2019an 2000 deviendra centenaire\u00a0\u00bb, 29.01.2023<\/a><\/cite><\/blockquote>\n<\/div>\n\n\n\n<div class=\"wp-block-column is-layout-flow wp-block-column-is-layout-flow\">\n<h2 class=\"wp-block-heading\" style=\"font-size:24px\">ItaliEN<\/h2>\n\n\n\n<blockquote class=\"wp-block-quote is-layout-flow wp-block-quote-is-layout-flow\">\n<p>\u00ab\u00a0Si parla spesso del clima mite e soleggiato che favorirebbe un migliore stato di salute &#8211; ricorda Zaccaria &#8211; ma a oggi questa ipotesi non \u00e8 stata confermata da evidenze scientifiche.\u00a0\u00bb<\/p>\n<cite><a href=\"https:\/\/www.tio.ch\/ticino\/attualita\/1757370\/ticino-un-cantone-per-centenari\">tio.ch, \u00ab\u00a0Ticino, un cantone per centenari\u00a0\u00bb, 03.06.2024<\/a><\/cite><\/blockquote>\n\n\n\n<blockquote class=\"wp-block-quote is-layout-flow wp-block-quote-is-layout-flow\">\n<p>\u00ab\u00a0Uno su cinque considera di non essere ancora entrato nella vecchiaia, per gli altri \u00e8 successo recentemente, spesso a 100 anni, o comunque dopo i 98, nella maggior parte dei casi. Il passaggio \u00e8 legato a un evento o si sentono diventati anziani a poco a poco\u00a0\u00bb<\/p>\n<cite><a href=\"https:\/\/www.ticinonews.ch\/ticino\/lugano-vuole-diventare-a-misura-danziano-392262\">Ticinonews, \u00ab\u00a0Lugano vuole diventare a misura d&rsquo;anziano\u00a0\u00bb, 26.03.2024<\/a><\/cite><\/blockquote>\n\n\n\n<blockquote class=\"wp-block-quote is-layout-flow wp-block-quote-is-layout-flow\">\n<p>\u00ab\u00a0Tuttavia, una vita lunga non significa essere esenti da malattie. Questo vale solo per il 15% dei centenari. In gergo tecnico, queste persone sono chiamate \u00ab\u00a0fuggitivi\u00a0\u00bb.\u00a0\u00bb<\/p>\n<cite><a href=\"https:\/\/www.tio.ch\/svizzera\/attualita\/1722917\/siamo-il-paradiso-dei-centenari-sono-150-ed-e-record\">Tio.ch, \u00ab\u00a0Siamo il paradiso dei centenari. Sono 150. Ed \u00e8 record\u00a0\u00bb, 29.12.2023<\/a><\/cite><\/blockquote>\n\n\n\n<blockquote class=\"wp-block-quote is-layout-flow wp-block-quote-is-layout-flow\">\n<p>\u00abLa Svizzera \u00e8 uno dei paesi al mondo con il pi\u00f9 alto numero di centenari in rapporto alla popolazione. Sono attualmente quasi 1\u2019800 e circa 140 risiedono in Ticino o nelle valli italofone dei Grigioni.\u00bb<\/p>\n<cite><a href=\"https:\/\/www.ticinonews.ch\/ticino\/al-via-swiss100-il-primo-studio-sui-centenari-in-svizzera-341840\">Ticinonews, \u00ab\u00a0Al via Swiss100, il primo studio sui centenari in Svizzera\u00a0\u00bb<\/a><\/cite><\/blockquote>\n<\/div>\n<\/div>\n\n\n\n<h2 class=\"wp-block-heading\">Programmes \u00c0 La T\u00e9l\u00e9vision et \u00e0 la radio<\/h2>\n\n\n\n<div class=\"wp-block-columns is-layout-flex wp-container-core-columns-is-layout-9d6595d7 wp-block-columns-is-layout-flex\">\n<div class=\"wp-block-column is-layout-flow wp-block-column-is-layout-flow\">\n<h2 class=\"wp-block-heading\" style=\"font-size:24px\">SRF Rundschau , 18.12.2024<\/h2>\n\n\n\n<figure class=\"wp-block-image size-large\"><a href=\"https:\/\/www.srf.ch\/play\/tv\/rundschau\/video\/langes-leben-das-geheimnis-der-100-jaehrigen?urn=urn:srf:video:b8420b48-b16f-4731-8f51-7dc064059fc0\"><img alt=\"\" loading=\"lazy\" decoding=\"async\" width=\"1024\" height=\"574\" src=\"https:\/\/wp.unil.ch\/swiss100\/files\/2025\/02\/Unbenannt-1024x574.jpg\" alt=\"\" class=\"wp-image-4373\" srcset=\"https:\/\/wp.unil.ch\/swiss100\/files\/2025\/02\/Unbenannt-1024x574.jpg 1024w, https:\/\/wp.unil.ch\/swiss100\/files\/2025\/02\/Unbenannt-300x168.jpg 300w, https:\/\/wp.unil.ch\/swiss100\/files\/2025\/02\/Unbenannt-150x84.jpg 150w, https:\/\/wp.unil.ch\/swiss100\/files\/2025\/02\/Unbenannt-768x431.jpg 768w, https:\/\/wp.unil.ch\/swiss100\/files\/2025\/02\/Unbenannt-1536x862.jpg 1536w, https:\/\/wp.unil.ch\/swiss100\/files\/2025\/02\/Unbenannt-540x303.jpg 540w, https:\/\/wp.unil.ch\/swiss100\/files\/2025\/02\/Unbenannt-1080x606.jpg 1080w, https:\/\/wp.unil.ch\/swiss100\/files\/2025\/02\/Unbenannt.jpg 1920w\" sizes=\"auto, (max-width: 1024px) 100vw, 1024px\" \/><\/a><\/figure>\n<\/div>\n\n\n\n<div class=\"wp-block-column is-layout-flow wp-block-column-is-layout-flow\">\n<h2 class=\"wp-block-heading\" style=\"font-size:24px\">RSI Il quotidiano, 25.03.2024<\/h2>\n\n\n\n<figure class=\"wp-block-image size-large\"><a href=\"https:\/\/www.rsi.ch\/play\/tv\/il-quotidiano\/video\/i-segreti-della-longevita?urn=urn:rsi:video:2107169\"><img alt=\"\" decoding=\"async\" src=\"https:\/\/wp.unil.ch\/swiss100\/files\/2024\/04\/Bild2-1024x508.png\" alt=\"\" class=\"wp-image-4265\" \/><\/a><\/figure>\n<\/div>\n\n\n\n<div class=\"wp-block-column is-vertically-aligned-bottom is-layout-flow wp-block-column-is-layout-flow\">\n<h2 class=\"wp-block-heading\" style=\"font-size:24px\">NDR Talkshow, 28.07.2023                            <\/h2>\n\n\n\n<figure class=\"wp-block-image size-full\"><a href=\"https:\/\/www.ardmediathek.de\/video\/ndr-talk-show\/alternsforscherin-daniela-jopp\/ndr\/Y3JpZDovL25kci5kZS9iODQ3ODNlZi0wZmIxLTQ4YTQtOTU3Yi1iNGIyOTQ3YTNkMmI\"><img alt=\"\" loading=\"lazy\" decoding=\"async\" width=\"756\" height=\"378\" src=\"https:\/\/wp.unil.ch\/swiss100\/files\/2024\/02\/Folie2.png\" alt=\"\" class=\"wp-image-4201\" srcset=\"https:\/\/wp.unil.ch\/swiss100\/files\/2024\/02\/Folie2.png 756w, https:\/\/wp.unil.ch\/swiss100\/files\/2024\/02\/Folie2-300x150.png 300w, https:\/\/wp.unil.ch\/swiss100\/files\/2024\/02\/Folie2-150x75.png 150w, https:\/\/wp.unil.ch\/swiss100\/files\/2024\/02\/Folie2-540x270.png 540w\" sizes=\"auto, (max-width: 756px) 100vw, 756px\" \/><\/a><\/figure>\n<\/div>\n<\/div>\n\n\n\n<div style=\"height:40px\" aria-hidden=\"true\" class=\"wp-block-spacer\"><\/div>\n\n\n\n<div class=\"wp-block-columns is-layout-flex wp-container-core-columns-is-layout-9d6595d7 wp-block-columns-is-layout-flex\">\n<div class=\"wp-block-column is-vertically-aligned-bottom is-layout-flow wp-block-column-is-layout-flow\">\n<h2 class=\"wp-block-heading\" style=\"font-size:24px\">Les beaux parleurs, 05.02.2023<\/h2>\n\n\n\n<figure class=\"wp-block-image size-full\"><a href=\"https:\/\/www.rts.ch\/play\/tv\/les-beaux-parleurs\/video\/linvitee---daniela-jopp-responsable-de-letude-swiss100?urn=urn:rts:video:13758546\"><img alt=\"\" loading=\"lazy\" decoding=\"async\" width=\"756\" height=\"378\" src=\"https:\/\/wp.unil.ch\/swiss100\/files\/2024\/02\/Folie3.png\" alt=\"\" class=\"wp-image-4205\" srcset=\"https:\/\/wp.unil.ch\/swiss100\/files\/2024\/02\/Folie3.png 756w, https:\/\/wp.unil.ch\/swiss100\/files\/2024\/02\/Folie3-300x150.png 300w, https:\/\/wp.unil.ch\/swiss100\/files\/2024\/02\/Folie3-150x75.png 150w, https:\/\/wp.unil.ch\/swiss100\/files\/2024\/02\/Folie3-540x270.png 540w\" sizes=\"auto, (max-width: 756px) 100vw, 756px\" \/><\/a><\/figure>\n<\/div>\n\n\n\n<div class=\"wp-block-column is-vertically-aligned-bottom is-layout-flow wp-block-column-is-layout-flow\">\n<h2 class=\"wp-block-heading\" style=\"font-size:24px\">RTS 19h30, 07.01.2022 <br><\/h2>\n\n\n\n<figure class=\"wp-block-image size-full\"><a href=\"https:\/\/www.rts.ch\/play\/tv\/19h30\/video\/daniela-jopp-psychologue-et-professeure-associee-a-luniversite-de-lausanne-evoque-certains-des-elements-pour-vivre-centenaire?urn=urn:rts:video:12771609\"><img alt=\"\" loading=\"lazy\" decoding=\"async\" width=\"756\" height=\"378\" src=\"https:\/\/wp.unil.ch\/swiss100\/files\/2024\/02\/Folie4.png\" alt=\"\" class=\"wp-image-4209\" srcset=\"https:\/\/wp.unil.ch\/swiss100\/files\/2024\/02\/Folie4.png 756w, https:\/\/wp.unil.ch\/swiss100\/files\/2024\/02\/Folie4-300x150.png 300w, https:\/\/wp.unil.ch\/swiss100\/files\/2024\/02\/Folie4-150x75.png 150w, https:\/\/wp.unil.ch\/swiss100\/files\/2024\/02\/Folie4-540x270.png 540w\" sizes=\"auto, (max-width: 756px) 100vw, 756px\" \/><\/a><\/figure>\n<\/div>\n\n\n\n<div class=\"wp-block-column is-vertically-aligned-bottom is-layout-flow wp-block-column-is-layout-flow\">\n<h2 class=\"wp-block-heading\" style=\"font-size:24px\">RTS 19h30, 31.08.2020<\/h2>\n\n\n\n<figure class=\"wp-block-image size-full\"><a href=\"https:\/\/www.rts.ch\/play\/tv\/19h30\/video\/daniela-jopp-un-grand-nombre-vit-encore-a-la-maison-60-des-centenaires-?urn=urn:rts:video:11569431\" target=\"_blank\" rel=\"noopener noreferrer\"><img alt=\"\" loading=\"lazy\" decoding=\"async\" width=\"756\" height=\"378\" src=\"https:\/\/wp.unil.ch\/swiss100\/files\/2024\/02\/Folie5.png\" alt=\"\" class=\"wp-image-4213\" srcset=\"https:\/\/wp.unil.ch\/swiss100\/files\/2024\/02\/Folie5.png 756w, https:\/\/wp.unil.ch\/swiss100\/files\/2024\/02\/Folie5-300x150.png 300w, https:\/\/wp.unil.ch\/swiss100\/files\/2024\/02\/Folie5-150x75.png 150w, https:\/\/wp.unil.ch\/swiss100\/files\/2024\/02\/Folie5-540x270.png 540w\" sizes=\"auto, (max-width: 756px) 100vw, 756px\" \/><\/a><\/figure>\n<\/div>\n<\/div>\n\n\n\n<div style=\"height:40px\" aria-hidden=\"true\" class=\"wp-block-spacer\"><\/div>\n\n\n\n<div class=\"wp-block-columns is-layout-flex wp-container-core-columns-is-layout-9d6595d7 wp-block-columns-is-layout-flex\">\n<div class=\"wp-block-column is-layout-flow wp-block-column-is-layout-flow\">\n<h2 class=\"wp-block-heading\" style=\"font-size:24px\">RTS, <br>22.09.2022 <br>\u00ab\u00a0A la rencontre des centenaires\u00a0\u00bb<\/h2>\n\n\n\n<figure class=\"wp-block-image size-full is-resized\"><a href=\"https:\/\/www.rts.ch\/audio-podcast\/2022\/audio\/a-la-rencontre-des-centenaires-25855724.html\"><img alt=\"\" loading=\"lazy\" decoding=\"async\" width=\"756\" height=\"378\" src=\"https:\/\/wp.unil.ch\/swiss100\/files\/2024\/02\/Prasentation1.png\" alt=\"\" class=\"wp-image-4193\" style=\"width:171px;height:auto\" srcset=\"https:\/\/wp.unil.ch\/swiss100\/files\/2024\/02\/Prasentation1.png 756w, https:\/\/wp.unil.ch\/swiss100\/files\/2024\/02\/Prasentation1-300x150.png 300w, https:\/\/wp.unil.ch\/swiss100\/files\/2024\/02\/Prasentation1-150x75.png 150w, https:\/\/wp.unil.ch\/swiss100\/files\/2024\/02\/Prasentation1-540x270.png 540w\" sizes=\"auto, (max-width: 756px) 100vw, 756px\" \/><\/a><\/figure>\n<\/div>\n\n\n\n<div class=\"wp-block-column is-layout-flow wp-block-column-is-layout-flow\">\n<h2 class=\"wp-block-heading\" style=\"font-size:24px\">SRF, <br>23.06.2020 \u00ab\u00a0Wie geht&rsquo;s den 100-<br>j\u00e4hrigen?\u00a0\u00bb<\/h2>\n\n\n\n<figure class=\"wp-block-image size-full is-resized\"><a href=\"https:\/\/www.srf.ch\/audio\/tagesgespraech\/daniela-jopp-wie-geht-s-den-100jaehrigen?id=11789383\"><img alt=\"\" loading=\"lazy\" decoding=\"async\" width=\"756\" height=\"378\" src=\"https:\/\/wp.unil.ch\/swiss100\/files\/2024\/02\/Prasentation1.png\" alt=\"\" class=\"wp-image-4193\" style=\"width:171px;height:auto\" srcset=\"https:\/\/wp.unil.ch\/swiss100\/files\/2024\/02\/Prasentation1.png 756w, https:\/\/wp.unil.ch\/swiss100\/files\/2024\/02\/Prasentation1-300x150.png 300w, https:\/\/wp.unil.ch\/swiss100\/files\/2024\/02\/Prasentation1-150x75.png 150w, https:\/\/wp.unil.ch\/swiss100\/files\/2024\/02\/Prasentation1-540x270.png 540w\" sizes=\"auto, (max-width: 756px) 100vw, 756px\" \/><\/a><\/figure>\n<\/div>\n\n\n\n<div class=\"wp-block-column is-vertically-aligned-bottom is-layout-flow wp-block-column-is-layout-flow\">\n<h2 class=\"wp-block-heading\" style=\"font-size:24px\">RSI, <br>25.03.2024 \u00ab\u00a0Dossier. Longevit\u00e0\u00a0\u00bb<\/h2>\n\n\n\n<figure class=\"wp-block-image size-full is-resized\"><a href=\"https:\/\/www.rsi.ch\/rete-due\/programmi\/cultura\/alphaville\/Dossier.-%E2%80%9CLongevit%C3%A0%E2%80%9D-1.5--2107056.html\"><img alt=\"\" loading=\"lazy\" decoding=\"async\" width=\"756\" height=\"378\" src=\"https:\/\/wp.unil.ch\/swiss100\/files\/2024\/02\/Prasentation1.png\" alt=\"\" class=\"wp-image-4193\" style=\"width:171px;height:auto\" srcset=\"https:\/\/wp.unil.ch\/swiss100\/files\/2024\/02\/Prasentation1.png 756w, https:\/\/wp.unil.ch\/swiss100\/files\/2024\/02\/Prasentation1-300x150.png 300w, https:\/\/wp.unil.ch\/swiss100\/files\/2024\/02\/Prasentation1-150x75.png 150w, https:\/\/wp.unil.ch\/swiss100\/files\/2024\/02\/Prasentation1-540x270.png 540w\" sizes=\"auto, (max-width: 756px) 100vw, 756px\" \/><\/a><\/figure>\n<\/div>\n<\/div>\n","protected":false},"excerpt":{"rendered":"<p>Apparitions dans L&rsquo;Actualit\u00e9 Allemand \u00abIn der Schweiz geben 92 Prozent der 100-J\u00e4hrigen an, mit ihrem Leben zufrieden zu sein. Das ist ein bemerkenswertes Ergebnis, das auch in fr\u00fcheren&hellip;<\/p>\n","protected":false},"author":1002150,"featured_media":0,"parent":0,"menu_order":0,"comment_status":"closed","ping_status":"closed","template":"template-full-width.php","meta":{"_seopress_robots_primary_cat":"","_seopress_titles_title":"","_seopress_titles_desc":"","_seopress_robots_index":"","footnotes":""},"class_list":["post-873","page","type-page","status-publish","has-post-thumbnail"],"_links":{"self":[{"href":"https:\/\/wp.unil.ch\/swiss100\/fr\/wp-json\/wp\/v2\/pages\/873","targetHints":{"allow":["GET"]}}],"collection":[{"href":"https:\/\/wp.unil.ch\/swiss100\/fr\/wp-json\/wp\/v2\/pages"}],"about":[{"href":"https:\/\/wp.unil.ch\/swiss100\/fr\/wp-json\/wp\/v2\/types\/page"}],"author":[{"embeddable":true,"href":"https:\/\/wp.unil.ch\/swiss100\/fr\/wp-json\/wp\/v2\/users\/1002150"}],"replies":[{"embeddable":true,"href":"https:\/\/wp.unil.ch\/swiss100\/fr\/wp-json\/wp\/v2\/comments?post=873"}],"version-history":[{"count":5,"href":"https:\/\/wp.unil.ch\/swiss100\/fr\/wp-json\/wp\/v2\/pages\/873\/revisions"}],"predecessor-version":[{"id":7921,"href":"https:\/\/wp.unil.ch\/swiss100\/fr\/wp-json\/wp\/v2\/pages\/873\/revisions\/7921"}],"wp:attachment":[{"href":"https:\/\/wp.unil.ch\/swiss100\/fr\/wp-json\/wp\/v2\/media?parent=873"}],"curies":[{"name":"wp","href":"https:\/\/api.w.org\/{rel}","templated":true}]}}