{"id":850,"date":"2020-07-27T12:00:05","date_gmt":"2020-07-27T10:00:05","guid":{"rendered":"https:\/\/wp.unil.ch\/swiss100\/faq\/"},"modified":"2023-09-14T13:55:54","modified_gmt":"2023-09-14T11:55:54","slug":"faq","status":"publish","type":"page","link":"https:\/\/wp.unil.ch\/swiss100\/fr\/faq\/","title":{"rendered":"Questions fr\u00e9quentes"},"content":{"rendered":"\n<details class=\"wp-block-details is-layout-flow wp-block-details-is-layout-flow\"><summary>Quels sont les b\u00e9n\u00e9fices si je participe \u00e0 SWISS100?<\/summary>\n<div class=\"wp-block-group\"><div class=\"wp-block-group__inner-container is-layout-constrained wp-block-group-is-layout-constrained\">\n<p> Il n\u2019y aucun b\u00e9n\u00e9fice financier \u00e0 participer \u00e0 SWISS100. Cependant, la participation est souvent consid\u00e9r\u00e9e comme int\u00e9ressante et\/ou agr\u00e9able par nos anciens participants. Ils signalent souvent qu\u2019ils aiment partager leurs exp\u00e9riences de vie avec nos intervieweurs. Dans une perspective plus large, la participation sera b\u00e9n\u00e9fique pour faire progresser la recherche et les politiques sociales li\u00e9es aux d\u00e9fis \u00e0 un \u00e2ge tr\u00e8s avanc\u00e9.<\/p>\n<\/div><\/div>\n<\/details>\n\n\n\n<details class=\"wp-block-details is-layout-flow wp-block-details-is-layout-flow\"><summary>Qui peut participer ?<\/summary>\n<div class=\"wp-block-group\"><div class=\"wp-block-group__inner-container is-layout-constrained wp-block-group-is-layout-constrained\">\n<p>Entretien t\u00e9l\u00e9phonique (\u00c9tude 1) : Les centenaires de tous les cantons en Suisse sont \u00e9ligibles \u00e0 participer. Nous allons \u00e9galement inviter un proche du centenaire participant pour partager leurs perspectives.<\/p>\n<\/div><\/div>\n<\/details>\n\n\n\n<details class=\"wp-block-details\"><summary><span role=\"textbox\" aria-label=\"Accordion title...\" class=\"block-editor-rich-text__editable rich-text is-layout-flow wp-block-details-is-layout-flow\" style=\"min-width: 1px\">Cette \u00e9tude est-elle confidentielle ?<\/span><\/summary>\n<div class=\"wp-block-group\"><div class=\"wp-block-group__inner-container is-layout-constrained wp-block-group-is-layout-constrained\">\n<p>Oui. L&rsquo;\u00e9tude SWISS100 respecte tous les principes de confidentialit\u00e9 des donn\u00e9es et conforme aux exigences l\u00e9gales. De plus, l\u2019\u00e9tude a \u00e9t\u00e9 approuv\u00e9 par la Commission d\u2019\u00c9thique de la Recherche sur l\u2019\u00eatre humain. Cela signifie que toute information sera trait\u00e9e en toute confidentialit\u00e9 et les r\u00e9sultats de l\u2019\u00e9tude seront utilis\u00e9s uniquement \u00e0 des fins de recherche. Les donn\u00e9es sont et continueront \u00e0 \u00eatre anonymes. Il sera impossible pour quiconque d\u2019identifier les participants bas\u00e9s sur les r\u00e9sultats de l\u2019\u00e9tude.<\/p>\n<\/div><\/div>\n<\/details>\n\n\n\n<details class=\"wp-block-details\"><summary><span role=\"textbox\" aria-label=\"Accordion title...\" class=\"block-editor-rich-text__editable rich-text is-layout-flow wp-block-details-is-layout-flow\" style=\"min-width: 1px\">J\u2019ai re\u00e7u une lettre d\u2019invitation pour SWISS100, pour quoi ?<\/span><\/summary>\n<div class=\"wp-block-group\"><div class=\"wp-block-group__inner-container is-layout-constrained wp-block-group-is-layout-constrained\">\n<p>\u00c9tant donn\u00e9 l\u2019importance nationale de notre \u00e9tude, l\u2019Office F\u00e9d\u00e9ral de Statistique a fourni \u00e0 SWISS100 une liste d\u00e9taill\u00e9e des contacts des centenaires en Suisse. Vous \u00eates un des participants al\u00e9atoirement s\u00e9lectionn\u00e9s dans toute la Suisse. C\u2019est pourquoi nous vous avons envoy\u00e9 la lettre d\u2019invitation.<\/p>\n<\/div><\/div>\n<\/details>\n\n\n\n<details class=\"wp-block-details is-layout-flow wp-block-details-is-layout-flow\"><summary>Qui sont les intervieweurs et comment pourrais-je les identifier ?<\/summary>\n<div class=\"wp-block-group\"><div class=\"wp-block-group__inner-container is-layout-constrained wp-block-group-is-layout-constrained\">\n<p>Entretiens t\u00e9l\u00e9phoniques (\u00c9tude 1) : les intervieweurs s\u2019identifieront eux-m\u00eames par t\u00e9l\u00e9phone en indiquant leur nom et affiliations universitaires.<\/p>\n\n\n\n<p>Rencontres en personne (\u00c9tude 2) : les intervieweurs s\u2019identifieront eux-m\u00eames par badge.<\/p>\n\n\n\n<p>Ce sont des professionnels bien entrain\u00e9s et ils ne vous demanderont jamais des informations sensibles comme votre num\u00e9ro de compte bancaire. Vous allez recevoir plus d\u2019informations ainsi qu&rsquo;une photo de l\u2019intervieweur qui vous contactera avec la lettre d\u2019invitation et le flyer.<\/p>\n<\/div><\/div>\n<\/details>\n\n\n\n<details class=\"wp-block-details\"><summary><span role=\"textbox\" aria-label=\"Accordion title...\" class=\"block-editor-rich-text__editable rich-text is-layout-flow wp-block-details-is-layout-flow\" style=\"min-width: 1px\">Quelles sont les diff\u00e9rences entre l&rsquo;\u00e9tude par t\u00e9l\u00e9phone (\u00e9tude 1) et les entretiens en personne (\u00e9tude 2) ?<\/span><\/summary>\n<div class=\"wp-block-group\"><div class=\"wp-block-group__inner-container is-layout-constrained wp-block-group-is-layout-constrained\">\n<p>Nos entretiens t\u00e9l\u00e9phoniques (\u00e9tude 1) concernent tous les cantons suisses et dureront environ 20 minutes. L&rsquo;objectif est d&rsquo;obtenir non seulement un aper\u00e7u g\u00e9n\u00e9ral de la sant\u00e9 et du bien-\u00eatre des centenaires suisses, mais aussi de la mani\u00e8re dont la pand\u00e9mie de coronavirus peut affecter leur vie quotidienne.<\/p>\n\n\n\n<p>En revanche, les rencontres en personne (\u00e9tude 2) ne concerneront que quelques cantons s\u00e9lectionn\u00e9s (BE, BS, GE, TI, VD et ZH). Chaque r\u00e9union durera environ 90 minutes. En outre, un membre de la famille ou un proche du centenaire sera \u00e9galement invit\u00e9 \u00e0 participer. L&rsquo;objectif de cette deuxi\u00e8me \u00e9tude est de comprendre plus profond\u00e9ment les caract\u00e9ristiques, les d\u00e9fis et les besoins sp\u00e9cifiques des centenaires suisses. Pour plus d&rsquo;informations, veuillez consulter la page <a href=\"https:\/\/wp.unil.ch\/swiss100\/fr\/\" data-type=\"page\" data-id=\"1894\">Description du projet.<\/a><\/p>\n<\/div><\/div>\n<\/details>\n\n\n\n<details class=\"wp-block-details\"><summary><span role=\"textbox\" aria-label=\"Accordion title...\" class=\"block-editor-rich-text__editable rich-text is-layout-flow wp-block-details-is-layout-flow\" style=\"min-width: 1px\">Pourquoi demandons-nous \u00e0 un proche du centenaire de participer ?<\/span><\/summary>\n<div class=\"wp-block-group\"><div class=\"wp-block-group__inner-container is-layout-constrained wp-block-group-is-layout-constrained\">\n<p>La participation d&rsquo;un membre de la famille, d&rsquo;un soignant ou d&rsquo;une autre personne proche du centenaire nous permettra de conna\u00eetre leur point de vue sur les d\u00e9fis de la vie \u00e0 100 ans et les implications pour les personnes proches du centenaire.<\/p>\n<\/div><\/div>\n<\/details>\n\n\n\n<details class=\"wp-block-details\"><summary><span role=\"textbox\" aria-label=\"Accordion title...\" class=\"block-editor-rich-text__editable rich-text is-layout-flow wp-block-details-is-layout-flow\" style=\"min-width: 1px\">Qui dois-je contacter pour d&rsquo;autres questions ?<\/span><\/summary>\n<div class=\"wp-block-group\"><div class=\"wp-block-group__inner-container is-layout-constrained wp-block-group-is-layout-constrained\">\n<p>Pour toute autre question, veuillez envoyer un courriel \u00e0 swiss100@unil.ch.<\/p>\n<\/div><\/div>\n<\/details>\n","protected":false},"excerpt":{"rendered":"","protected":false},"author":163,"featured_media":0,"parent":0,"menu_order":0,"comment_status":"closed","ping_status":"closed","template":"","meta":{"_seopress_robots_primary_cat":"","_seopress_titles_title":"","_seopress_titles_desc":"","_seopress_robots_index":"","footnotes":""},"class_list":["post-850","page","type-page","status-publish","has-post-thumbnail"],"_links":{"self":[{"href":"https:\/\/wp.unil.ch\/swiss100\/fr\/wp-json\/wp\/v2\/pages\/850","targetHints":{"allow":["GET"]}}],"collection":[{"href":"https:\/\/wp.unil.ch\/swiss100\/fr\/wp-json\/wp\/v2\/pages"}],"about":[{"href":"https:\/\/wp.unil.ch\/swiss100\/fr\/wp-json\/wp\/v2\/types\/page"}],"author":[{"embeddable":true,"href":"https:\/\/wp.unil.ch\/swiss100\/fr\/wp-json\/wp\/v2\/users\/163"}],"replies":[{"embeddable":true,"href":"https:\/\/wp.unil.ch\/swiss100\/fr\/wp-json\/wp\/v2\/comments?post=850"}],"version-history":[{"count":0,"href":"https:\/\/wp.unil.ch\/swiss100\/fr\/wp-json\/wp\/v2\/pages\/850\/revisions"}],"wp:attachment":[{"href":"https:\/\/wp.unil.ch\/swiss100\/fr\/wp-json\/wp\/v2\/media?parent=850"}],"curies":[{"name":"wp","href":"https:\/\/api.w.org\/{rel}","templated":true}]}}