{"id":797,"date":"2020-09-08T11:45:41","date_gmt":"2020-09-08T09:45:41","guid":{"rendered":"https:\/\/wp.unil.ch\/swiss100\/biobank-and-biomarkers\/"},"modified":"2022-03-22T09:59:22","modified_gmt":"2022-03-22T08:59:22","slug":"biobank-and-biomarkers","status":"publish","type":"page","link":"https:\/\/wp.unil.ch\/swiss100\/fr\/biobank-and-biomarkers\/","title":{"rendered":"D\u00e9terminants biologiques de la long\u00e9vit\u00e9 humaine"},"content":{"rendered":"\n<p>Les individus d\u00e9montrent de grandes variations dans la fa\u00e7on dont ils vieillissent : si certains sont fragiles, d\u00e9veloppent des troubles sensoriels et peuvent souffrir de maladies chroniques, d&rsquo;autres restent tr\u00e8s actifs et continuent de b\u00e9n\u00e9ficier d&rsquo;une bonne sant\u00e9. Malgr\u00e9 son importance, l&rsquo;h\u00e9t\u00e9rog\u00e9n\u00e9it\u00e9 du processus de vieillissement reste encore un ph\u00e9nom\u00e8ne peu compris. L&rsquo;\u00e9tude des biomarqueurs par notre \u00e9quipe, vise \u00e0 mieux comprendre les processus biologiques responsables de ces diff\u00e9rences.<\/p>\n\n\n\n<p>Les recherches sugg\u00e8rent que la long\u00e9vit\u00e9 exceptionnelle des centenaires est le r\u00e9sultat d&rsquo;une certaine forme de r\u00e9silience. Il a, en effet, \u00e9t\u00e9 sugg\u00e9r\u00e9 que leur long\u00e9vit\u00e9 exceptionnelle pourrait s\u2019expliquer par une capacit\u00e9 \u00e0 \u00e9chapper ou du moins retarder grandement l\u2019apparition de maladies chroniques et\/ou de d\u00e9ficiences fonctionnelles compar\u00e9e au reste de la population. D&rsquo;autres semblent mieux vivre avec des maladies chroniques, et certains d&rsquo;entre eux \u00e9chappent m\u00eame compl\u00e8tement \u00e0 ces maladies. Cependant, notre compr\u00e9hension pr\u00e9cise des changements physiologiques et mol\u00e9culaires survenant au cours du vieillissement, en particulier chez les centenaires, fait encore d\u00e9faut. L\u2019objectif de cette \u00e9tude nationale dans diff\u00e9rents cantons et langues (allemand, fran\u00e7ais et italien) est de mieux identifier les marqueurs de la long\u00e9vit\u00e9 dans la population suisse.<\/p>\n\n\n\n<p>Afin de d\u00e9terminer les mol\u00e9cules biologiques associ\u00e9es au vieillissement, nous allons dans un premier lieu effectuer une caract\u00e9risation globale des profils mol\u00e9culaires. Pour cela, des \u00e9chantillons de sang et de salive provenant de centenaires int\u00e9ress\u00e9s \u00e0 participer \u00e0 l\u2019\u00e9tude SWISS100 seront \u00e9valu\u00e9s \u00e0 l\u2019aide de technologies dites \u00abomiques\u00bb. Des groupes t\u00e9moins compos\u00e9s d\u2019individus sains\/plus jeunes (\u00e2ge moyen de 45 ans) et de patients g\u00e9riatriques (\u00e2ge moyen de 85 ans) seront utilis\u00e9s pour comparer les diff\u00e9rences dans l\u2019expression des biomarqueurs. Dans un deuxi\u00e8me temps, une analyse compl\u00e8te des alt\u00e9rations dans les voies de signalisation entre nos diff\u00e9rents groupes permettra d\u2019identifier de nouvelles fonctions biologiques impliqu\u00e9es dans le processus de vieillissement (tel que le niveau d\u2019expression des g\u00e8nes et prot\u00e9ines associ\u00e9s \u00e0 l\u2019inflammation, au m\u00e9tabolisme, \u00e0 la r\u00e9ponse immunitaire ou du stress oxydatif par exemple).<\/p>\n\n\n\n<p>Les r\u00e9sultats de cette \u00e9tude permettront d&rsquo;identifier de nouveaux param\u00e8tres biologiques et d&rsquo;am\u00e9liorer notre compr\u00e9hension sur le r\u00f4le du vieillissement dans l&rsquo;\u00e9mergence de maladies chroniques, leurs d\u00e9tections pr\u00e9coces et id\u00e9alement leurs pr\u00e9ventions. Plus g\u00e9n\u00e9ralement, l&rsquo;\u00e9tude sur les biomarqueurs vise \u00e0 fournir des informations qui serviront \u00e0 promouvoir le bien-\u00eatre et la qualit\u00e9 de vie chez les personnes vieillissantes, mais \u00e9galement d\u2019am\u00e9liorer le syst\u00e8me de soins.<\/p>\n\n\n\n<p>Si vous souhaitez de plus amples informations, n\u2019h\u00e9sitez pas \u00e0 prendre contact avec nous.<\/p>\n\n\n\n<ul class=\"wp-block-list\"><li>(Fran\u00e7ais ou Anglais) : Flavien Delhaes, Flavien.Delhaes[at]unige.ch<\/li><li>(Allemand) : Karl-Heinz\u00a0Krause, karl-heinz.krause[at]unige.ch<\/li><li>(Italien) : Stefano Cavalli, swiss100[at]supsi.ch<\/li><\/ul>\n\n\n\n<p><\/p>\n","protected":false},"excerpt":{"rendered":"<p>Les individus d\u00e9montrent de grandes variations dans la fa\u00e7on dont ils vieillissent : si certains sont fragiles, d\u00e9veloppent des troubles sensoriels et peuvent souffrir de maladies chroniques, d&rsquo;autres&hellip;<\/p>\n","protected":false},"author":1002150,"featured_media":0,"parent":0,"menu_order":0,"comment_status":"closed","ping_status":"closed","template":"","meta":{"_seopress_robots_primary_cat":"","_seopress_titles_title":"","_seopress_titles_desc":"","_seopress_robots_index":"","footnotes":""},"class_list":["post-797","page","type-page","status-publish","has-post-thumbnail"],"_links":{"self":[{"href":"https:\/\/wp.unil.ch\/swiss100\/fr\/wp-json\/wp\/v2\/pages\/797","targetHints":{"allow":["GET"]}}],"collection":[{"href":"https:\/\/wp.unil.ch\/swiss100\/fr\/wp-json\/wp\/v2\/pages"}],"about":[{"href":"https:\/\/wp.unil.ch\/swiss100\/fr\/wp-json\/wp\/v2\/types\/page"}],"author":[{"embeddable":true,"href":"https:\/\/wp.unil.ch\/swiss100\/fr\/wp-json\/wp\/v2\/users\/1002150"}],"replies":[{"embeddable":true,"href":"https:\/\/wp.unil.ch\/swiss100\/fr\/wp-json\/wp\/v2\/comments?post=797"}],"version-history":[{"count":0,"href":"https:\/\/wp.unil.ch\/swiss100\/fr\/wp-json\/wp\/v2\/pages\/797\/revisions"}],"wp:attachment":[{"href":"https:\/\/wp.unil.ch\/swiss100\/fr\/wp-json\/wp\/v2\/media?parent=797"}],"curies":[{"name":"wp","href":"https:\/\/api.w.org\/{rel}","templated":true}]}}