{"id":7084,"date":"2026-02-10T16:37:26","date_gmt":"2026-02-10T15:37:26","guid":{"rendered":"https:\/\/wp.unil.ch\/swiss100\/?page_id=7084"},"modified":"2026-04-21T14:58:17","modified_gmt":"2026-04-21T12:58:17","slug":"geneve","status":"publish","type":"page","link":"https:\/\/wp.unil.ch\/swiss100\/fr\/geneve\/","title":{"rendered":"Gen\u00e8ve"},"content":{"rendered":"\n<h3 class=\"wp-block-heading alignwide has-text-align-center\">Welcome to your future: Centenaires de suisse<br>&nbsp;&nbsp;&nbsp;&nbsp;&nbsp;Exposition a l&rsquo;universit\u00e9 de gen\u00e8ve<\/h3>\n\n\n\n<figure class=\"wp-block-image alignwide size-full\"><img alt=\"uni carl vogt 20221011 0060\" loading=\"lazy\" decoding=\"async\" width=\"1697\" height=\"1200\" src=\"https:\/\/wp.unil.ch\/swiss100\/files\/2026\/02\/uni_carl-vogt_20221011_0060.jpg\" alt=\"\" class=\"wp-image-7160\" srcset=\"https:\/\/wp.unil.ch\/swiss100\/files\/2026\/02\/uni_carl-vogt_20221011_0060.jpg 1697w, https:\/\/wp.unil.ch\/swiss100\/files\/2026\/02\/uni_carl-vogt_20221011_0060-300x212.jpg 300w, https:\/\/wp.unil.ch\/swiss100\/files\/2026\/02\/uni_carl-vogt_20221011_0060-1024x724.jpg 1024w, https:\/\/wp.unil.ch\/swiss100\/files\/2026\/02\/uni_carl-vogt_20221011_0060-150x106.jpg 150w, https:\/\/wp.unil.ch\/swiss100\/files\/2026\/02\/uni_carl-vogt_20221011_0060-768x543.jpg 768w, https:\/\/wp.unil.ch\/swiss100\/files\/2026\/02\/uni_carl-vogt_20221011_0060-1536x1086.jpg 1536w, https:\/\/wp.unil.ch\/swiss100\/files\/2026\/02\/uni_carl-vogt_20221011_0060-540x382.jpg 540w, https:\/\/wp.unil.ch\/swiss100\/files\/2026\/02\/uni_carl-vogt_20221011_0060-1080x764.jpg 1080w\" sizes=\"auto, (max-width: 1697px) 100vw, 1697px\" \/><\/figure>\n\n\n\n<div class=\"wp-block-group alignwide\"><div class=\"wp-block-group__inner-container is-layout-constrained wp-block-group-is-layout-constrained\">\n<h2 class=\"wp-block-heading\">informations<\/h2>\n\n\n\n<p><strong>Dates<\/strong>&nbsp;: du 16 avril au 30 mai 2026<\/p>\n\n\n\n<p><strong>Adresse<\/strong>&nbsp;:&nbsp;<a href=\"https:\/\/www.google.com\/maps\/place\/Bd+Carl-Vogt+66,+1205+Gen\u00e8ve\/@46.1972915,6.134106,17z\/data=!3m1!4b1!4m6!3m5!1s0x478c7b2b2531115b:0xcb42dafee419f39b!8m2!3d46.1972878!4d6.1366809!16s%2Fg%2F11c29pypjf?entry=ttu&amp;g_ep=EgoyMDI2MDIyMi4wIKXMDSoASAFQAw%3D%3D\">Bd Carl Vogt 66, 1205 Gen\u00e8ve<\/a>, dans la salle d&rsquo;exposition de l&rsquo;UNIGE<\/p>\n\n\n\n<p><strong>Heures d\u2019ouverture<\/strong>\u00a0: Lun-Ven de 7h30 \u00e0 19h, Dimanche de 14h \u00e0 17h<\/p>\n\n\n\n<div class=\"wp-block-columns is-layout-flex wp-container-core-columns-is-layout-9d6595d7 wp-block-columns-is-layout-flex\">\n<div class=\"wp-block-column is-layout-flow wp-block-column-is-layout-flow\">\n<figure class=\"wp-block-image size-large\"><img alt=\"\" loading=\"lazy\" decoding=\"async\" width=\"1173\" height=\"880\" src=\"https:\/\/wp.unil.ch\/swiss100\/files\/2026\/04\/img_2592-edited.jpg\" alt=\"\" class=\"wp-image-8033\" srcset=\"https:\/\/wp.unil.ch\/swiss100\/files\/2026\/04\/img_2592-edited.jpg 1173w, https:\/\/wp.unil.ch\/swiss100\/files\/2026\/04\/img_2592-edited-300x225.jpg 300w, https:\/\/wp.unil.ch\/swiss100\/files\/2026\/04\/img_2592-edited-1024x768.jpg 1024w, https:\/\/wp.unil.ch\/swiss100\/files\/2026\/04\/img_2592-edited-150x113.jpg 150w, https:\/\/wp.unil.ch\/swiss100\/files\/2026\/04\/img_2592-edited-768x576.jpg 768w, https:\/\/wp.unil.ch\/swiss100\/files\/2026\/04\/img_2592-edited-540x405.jpg 540w, https:\/\/wp.unil.ch\/swiss100\/files\/2026\/04\/img_2592-edited-1080x810.jpg 1080w\" sizes=\"auto, (max-width: 1173px) 100vw, 1173px\" \/><\/figure>\n\n\n\n<figure class=\"wp-block-image size-large\"><img loading=\"lazy\" decoding=\"async\" width=\"1024\" height=\"768\" src=\"https:\/\/wp.unil.ch\/swiss100\/files\/2026\/04\/img_5862-1024x768.jpeg\" alt=\"img 5862\" class=\"wp-image-8038\" srcset=\"https:\/\/wp.unil.ch\/swiss100\/files\/2026\/04\/img_5862-1024x768.jpeg 1024w, https:\/\/wp.unil.ch\/swiss100\/files\/2026\/04\/img_5862-300x225.jpeg 300w, https:\/\/wp.unil.ch\/swiss100\/files\/2026\/04\/img_5862-150x113.jpeg 150w, https:\/\/wp.unil.ch\/swiss100\/files\/2026\/04\/img_5862-768x576.jpeg 768w, https:\/\/wp.unil.ch\/swiss100\/files\/2026\/04\/img_5862-1536x1152.jpeg 1536w, https:\/\/wp.unil.ch\/swiss100\/files\/2026\/04\/img_5862-540x405.jpeg 540w, https:\/\/wp.unil.ch\/swiss100\/files\/2026\/04\/img_5862-1080x810.jpeg 1080w, https:\/\/wp.unil.ch\/swiss100\/files\/2026\/04\/img_5862.jpeg 1600w\" sizes=\"auto, (max-width: 1024px) 100vw, 1024px\" \/><\/figure>\n\n\n\n<figure class=\"wp-block-image alignwide size-large\"><img alt=\"\" loading=\"lazy\" decoding=\"async\" width=\"1024\" height=\"768\" src=\"https:\/\/wp.unil.ch\/swiss100\/files\/2026\/04\/img_5869-1024x768.jpeg\" alt=\"\" class=\"wp-image-8043\" srcset=\"https:\/\/wp.unil.ch\/swiss100\/files\/2026\/04\/img_5869-1024x768.jpeg 1024w, https:\/\/wp.unil.ch\/swiss100\/files\/2026\/04\/img_5869-300x225.jpeg 300w, https:\/\/wp.unil.ch\/swiss100\/files\/2026\/04\/img_5869-150x113.jpeg 150w, https:\/\/wp.unil.ch\/swiss100\/files\/2026\/04\/img_5869-768x576.jpeg 768w, https:\/\/wp.unil.ch\/swiss100\/files\/2026\/04\/img_5869-1536x1152.jpeg 1536w, https:\/\/wp.unil.ch\/swiss100\/files\/2026\/04\/img_5869-540x405.jpeg 540w, https:\/\/wp.unil.ch\/swiss100\/files\/2026\/04\/img_5869-1080x810.jpeg 1080w, https:\/\/wp.unil.ch\/swiss100\/files\/2026\/04\/img_5869.jpeg 1600w\" sizes=\"auto, (max-width: 1024px) 100vw, 1024px\" \/><\/figure>\n<\/div>\n\n\n\n<div class=\"wp-block-column is-layout-flow wp-block-column-is-layout-flow\">\n<figure class=\"wp-block-image size-large\"><img alt=\"\" loading=\"lazy\" decoding=\"async\" width=\"1024\" height=\"768\" src=\"https:\/\/wp.unil.ch\/swiss100\/files\/2026\/04\/img_2589-1024x768.jpg\" alt=\"\" class=\"wp-image-8023\" srcset=\"https:\/\/wp.unil.ch\/swiss100\/files\/2026\/04\/img_2589-1024x768.jpg 1024w, https:\/\/wp.unil.ch\/swiss100\/files\/2026\/04\/img_2589-300x225.jpg 300w, https:\/\/wp.unil.ch\/swiss100\/files\/2026\/04\/img_2589-150x113.jpg 150w, https:\/\/wp.unil.ch\/swiss100\/files\/2026\/04\/img_2589-768x576.jpg 768w, https:\/\/wp.unil.ch\/swiss100\/files\/2026\/04\/img_2589-1536x1152.jpg 1536w, https:\/\/wp.unil.ch\/swiss100\/files\/2026\/04\/img_2589-540x405.jpg 540w, https:\/\/wp.unil.ch\/swiss100\/files\/2026\/04\/img_2589-1080x810.jpg 1080w, https:\/\/wp.unil.ch\/swiss100\/files\/2026\/04\/img_2589.jpg 1600w\" sizes=\"auto, (max-width: 1024px) 100vw, 1024px\" \/><\/figure>\n\n\n\n<figure class=\"wp-block-image size-large\"><img loading=\"lazy\" decoding=\"async\" width=\"1024\" height=\"768\" src=\"https:\/\/wp.unil.ch\/swiss100\/files\/2026\/04\/img_5870-1-1024x768.jpeg\" alt=\"img 5870\" class=\"wp-image-8056\" srcset=\"https:\/\/wp.unil.ch\/swiss100\/files\/2026\/04\/img_5870-1-1024x768.jpeg 1024w, https:\/\/wp.unil.ch\/swiss100\/files\/2026\/04\/img_5870-1-300x225.jpeg 300w, https:\/\/wp.unil.ch\/swiss100\/files\/2026\/04\/img_5870-1-150x113.jpeg 150w, https:\/\/wp.unil.ch\/swiss100\/files\/2026\/04\/img_5870-1-768x576.jpeg 768w, https:\/\/wp.unil.ch\/swiss100\/files\/2026\/04\/img_5870-1-1536x1152.jpeg 1536w, https:\/\/wp.unil.ch\/swiss100\/files\/2026\/04\/img_5870-1-540x405.jpeg 540w, https:\/\/wp.unil.ch\/swiss100\/files\/2026\/04\/img_5870-1-1080x810.jpeg 1080w, https:\/\/wp.unil.ch\/swiss100\/files\/2026\/04\/img_5870-1.jpeg 1600w\" sizes=\"auto, (max-width: 1024px) 100vw, 1024px\" \/><\/figure>\n\n\n\n<figure class=\"wp-block-image alignwide size-large\"><img loading=\"lazy\" decoding=\"async\" width=\"1024\" height=\"768\" src=\"https:\/\/wp.unil.ch\/swiss100\/files\/2026\/04\/img_5861-1024x768.jpeg\" alt=\"img 5861\" class=\"wp-image-8047\" srcset=\"https:\/\/wp.unil.ch\/swiss100\/files\/2026\/04\/img_5861-1024x768.jpeg 1024w, https:\/\/wp.unil.ch\/swiss100\/files\/2026\/04\/img_5861-300x225.jpeg 300w, https:\/\/wp.unil.ch\/swiss100\/files\/2026\/04\/img_5861-150x113.jpeg 150w, https:\/\/wp.unil.ch\/swiss100\/files\/2026\/04\/img_5861-768x576.jpeg 768w, https:\/\/wp.unil.ch\/swiss100\/files\/2026\/04\/img_5861-1536x1152.jpeg 1536w, https:\/\/wp.unil.ch\/swiss100\/files\/2026\/04\/img_5861-540x405.jpeg 540w, https:\/\/wp.unil.ch\/swiss100\/files\/2026\/04\/img_5861-1080x810.jpeg 1080w, https:\/\/wp.unil.ch\/swiss100\/files\/2026\/04\/img_5861.jpeg 1600w\" sizes=\"auto, (max-width: 1024px) 100vw, 1024px\" \/><\/figure>\n<\/div>\n\n\n\n<div class=\"wp-block-column is-layout-flow wp-block-column-is-layout-flow\">\n<figure class=\"wp-block-image size-large\"><img loading=\"lazy\" decoding=\"async\" width=\"1024\" height=\"768\" src=\"https:\/\/wp.unil.ch\/swiss100\/files\/2026\/04\/img_5874-1024x768.jpeg\" alt=\"img 5874\" class=\"wp-image-8052\" srcset=\"https:\/\/wp.unil.ch\/swiss100\/files\/2026\/04\/img_5874-1024x768.jpeg 1024w, https:\/\/wp.unil.ch\/swiss100\/files\/2026\/04\/img_5874-300x225.jpeg 300w, https:\/\/wp.unil.ch\/swiss100\/files\/2026\/04\/img_5874-150x113.jpeg 150w, https:\/\/wp.unil.ch\/swiss100\/files\/2026\/04\/img_5874-768x576.jpeg 768w, https:\/\/wp.unil.ch\/swiss100\/files\/2026\/04\/img_5874-1536x1152.jpeg 1536w, https:\/\/wp.unil.ch\/swiss100\/files\/2026\/04\/img_5874-540x405.jpeg 540w, https:\/\/wp.unil.ch\/swiss100\/files\/2026\/04\/img_5874-1080x810.jpeg 1080w, https:\/\/wp.unil.ch\/swiss100\/files\/2026\/04\/img_5874.jpeg 1600w\" sizes=\"auto, (max-width: 1024px) 100vw, 1024px\" \/><\/figure>\n\n\n\n<figure class=\"wp-block-image size-large\"><img loading=\"lazy\" decoding=\"async\" width=\"1024\" height=\"768\" src=\"https:\/\/wp.unil.ch\/swiss100\/files\/2026\/04\/img_5872-1024x768.jpeg\" alt=\"img 5872\" class=\"wp-image-8070\" srcset=\"https:\/\/wp.unil.ch\/swiss100\/files\/2026\/04\/img_5872-1024x768.jpeg 1024w, https:\/\/wp.unil.ch\/swiss100\/files\/2026\/04\/img_5872-300x225.jpeg 300w, https:\/\/wp.unil.ch\/swiss100\/files\/2026\/04\/img_5872-150x113.jpeg 150w, https:\/\/wp.unil.ch\/swiss100\/files\/2026\/04\/img_5872-768x576.jpeg 768w, https:\/\/wp.unil.ch\/swiss100\/files\/2026\/04\/img_5872-1536x1152.jpeg 1536w, https:\/\/wp.unil.ch\/swiss100\/files\/2026\/04\/img_5872-540x405.jpeg 540w, https:\/\/wp.unil.ch\/swiss100\/files\/2026\/04\/img_5872-1080x810.jpeg 1080w, https:\/\/wp.unil.ch\/swiss100\/files\/2026\/04\/img_5872.jpeg 1600w\" sizes=\"auto, (max-width: 1024px) 100vw, 1024px\" \/><\/figure>\n\n\n\n<figure class=\"wp-block-image alignwide size-large\"><img loading=\"lazy\" decoding=\"async\" width=\"1024\" height=\"768\" src=\"https:\/\/wp.unil.ch\/swiss100\/files\/2026\/04\/img_5865-1024x768.jpeg\" alt=\"img 5865\" class=\"wp-image-8074\" srcset=\"https:\/\/wp.unil.ch\/swiss100\/files\/2026\/04\/img_5865-1024x768.jpeg 1024w, https:\/\/wp.unil.ch\/swiss100\/files\/2026\/04\/img_5865-300x225.jpeg 300w, https:\/\/wp.unil.ch\/swiss100\/files\/2026\/04\/img_5865-150x113.jpeg 150w, https:\/\/wp.unil.ch\/swiss100\/files\/2026\/04\/img_5865-768x576.jpeg 768w, https:\/\/wp.unil.ch\/swiss100\/files\/2026\/04\/img_5865-1536x1152.jpeg 1536w, https:\/\/wp.unil.ch\/swiss100\/files\/2026\/04\/img_5865-540x405.jpeg 540w, https:\/\/wp.unil.ch\/swiss100\/files\/2026\/04\/img_5865-1080x810.jpeg 1080w, https:\/\/wp.unil.ch\/swiss100\/files\/2026\/04\/img_5865.jpeg 1600w\" sizes=\"auto, (max-width: 1024px) 100vw, 1024px\" \/><\/figure>\n<\/div>\n<\/div>\n\n\n\n<h3 class=\"wp-block-heading\">Programme<\/h3>\n\n\n\n<details class=\"wp-block-details is-layout-flow wp-block-details-is-layout-flow\"><summary>Vernissage 16.04.2026<\/summary>\n<h6 class=\"wp-block-heading\"><strong>Une soir\u00e9e d\u2019ouverture pour d\u00e9couvrir l\u2019exposition et ouvrir le dialogue autour de la long\u00e9vit\u00e9, de la place des centenaires dans notre soci\u00e9t\u00e9 et des enseignements de la recherche en Suisse.<\/strong><\/h6>\n\n\n\n<h6 class=\"wp-block-heading\">18H30 <strong>Mots de bienvenue<\/strong><\/h6>\n\n\n\n<p>Dr Thiago H\u00e9rick de S\u00e1, responsable du secteur \u201cEnvironnements amis des A\u00een\u00e9s\u00a0\u00bb de l&rsquo;Organisation mondiale de la sant\u00e9 (OMS)<br>Pablo Ferreiro, d\u00e9l\u00e9gu\u00e9 \u00e0 la politique de la longue vie, Ville de Gen\u00e8ve<br>Carlo Santarelli, directeur g\u00e9n\u00e9ral de Pro Senectute Gen\u00e8ve<\/p>\n\n\n\n<p><strong>Pr\u00e9sentations<\/strong><br><strong>Vieillir en bonne sant\u00e9 :<\/strong> le\u00e7ons des centenaires et de cent ans de recherche<br><em>Prof. Karl-Heinz Krause<\/em><br>La Tulipe, Fondation pour recherches m\u00e9dicales, Gen\u00e8ve<\/p>\n\n\n\n<p><strong>Vivre un si\u00e8cle :<\/strong> d\u00e9mographie, soci\u00e9t\u00e9 et c\u00e9l\u00e9bration en Ville de Gen\u00e8ve<br><em>Pablo Ferreiro<\/em><br>D\u00e9partement de la coh\u00e9sion sociale et de la solidarit\u00e9, Ville de Gen\u00e8ve<\/p>\n\n\n\n<p><strong>Centenaires en Suisse :<\/strong> \u00e9tude SWISS100 et exposition<br><em>Prof. Daniela Jopp<\/em><br>Institut de psychologie, Universit\u00e9 de Lausanne<\/p>\n\n\n\n<p><strong>\u00c9change et discussion entre expert\u00b7es et public<\/strong><br><\/p>\n\n\n\n<div class=\"wp-block-columns alignwide is-layout-flex wp-container-core-columns-is-layout-9d6595d7 wp-block-columns-is-layout-flex\">\n<div class=\"wp-block-column is-layout-flow wp-block-column-is-layout-flow\">\n<figure class=\"wp-block-image size-large\"><img loading=\"lazy\" decoding=\"async\" width=\"768\" height=\"1024\" src=\"https:\/\/wp.unil.ch\/swiss100\/files\/2026\/04\/img_9481-768x1024.jpeg\" alt=\"img 9481\" class=\"wp-image-8105\" srcset=\"https:\/\/wp.unil.ch\/swiss100\/files\/2026\/04\/img_9481-768x1024.jpeg 768w, https:\/\/wp.unil.ch\/swiss100\/files\/2026\/04\/img_9481-225x300.jpeg 225w, https:\/\/wp.unil.ch\/swiss100\/files\/2026\/04\/img_9481-113x150.jpeg 113w, https:\/\/wp.unil.ch\/swiss100\/files\/2026\/04\/img_9481-540x720.jpeg 540w, https:\/\/wp.unil.ch\/swiss100\/files\/2026\/04\/img_9481.jpeg 900w\" sizes=\"auto, (max-width: 768px) 100vw, 768px\" \/><\/figure>\n\n\n\n<figure class=\"wp-block-image size-large\"><img loading=\"lazy\" decoding=\"async\" width=\"646\" height=\"485\" src=\"https:\/\/wp.unil.ch\/swiss100\/files\/2026\/04\/img_9487-edited.jpeg\" alt=\"img 9487\" class=\"wp-image-8125\" srcset=\"https:\/\/wp.unil.ch\/swiss100\/files\/2026\/04\/img_9487-edited.jpeg 646w, https:\/\/wp.unil.ch\/swiss100\/files\/2026\/04\/img_9487-edited-300x225.jpeg 300w, https:\/\/wp.unil.ch\/swiss100\/files\/2026\/04\/img_9487-edited-150x113.jpeg 150w, https:\/\/wp.unil.ch\/swiss100\/files\/2026\/04\/img_9487-edited-540x405.jpeg 540w\" sizes=\"auto, (max-width: 646px) 100vw, 646px\" \/><\/figure>\n\n\n\n<figure class=\"wp-block-image size-large\"><img loading=\"lazy\" decoding=\"async\" width=\"1024\" height=\"768\" src=\"https:\/\/wp.unil.ch\/swiss100\/files\/2026\/04\/img_2622-edited-1024x768.jpg\" alt=\"img 2622\" class=\"wp-image-8089\" srcset=\"https:\/\/wp.unil.ch\/swiss100\/files\/2026\/04\/img_2622-edited-1024x768.jpg 1024w, https:\/\/wp.unil.ch\/swiss100\/files\/2026\/04\/img_2622-edited-300x225.jpg 300w, https:\/\/wp.unil.ch\/swiss100\/files\/2026\/04\/img_2622-edited-150x112.jpg 150w, https:\/\/wp.unil.ch\/swiss100\/files\/2026\/04\/img_2622-edited-768x576.jpg 768w, https:\/\/wp.unil.ch\/swiss100\/files\/2026\/04\/img_2622-edited-540x405.jpg 540w, https:\/\/wp.unil.ch\/swiss100\/files\/2026\/04\/img_2622-edited-1080x810.jpg 1080w, https:\/\/wp.unil.ch\/swiss100\/files\/2026\/04\/img_2622-edited.jpg 1259w\" sizes=\"auto, (max-width: 1024px) 100vw, 1024px\" \/><\/figure>\n<\/div>\n\n\n\n<div class=\"wp-block-column is-layout-flow wp-block-column-is-layout-flow\">\n<figure class=\"wp-block-image size-large\"><img loading=\"lazy\" decoding=\"async\" width=\"768\" height=\"1024\" src=\"https:\/\/wp.unil.ch\/swiss100\/files\/2026\/04\/img_9485-768x1024.jpeg\" alt=\"img 9485\" class=\"wp-image-8101\" srcset=\"https:\/\/wp.unil.ch\/swiss100\/files\/2026\/04\/img_9485-768x1024.jpeg 768w, https:\/\/wp.unil.ch\/swiss100\/files\/2026\/04\/img_9485-225x300.jpeg 225w, https:\/\/wp.unil.ch\/swiss100\/files\/2026\/04\/img_9485-113x150.jpeg 113w, https:\/\/wp.unil.ch\/swiss100\/files\/2026\/04\/img_9485-540x720.jpeg 540w, https:\/\/wp.unil.ch\/swiss100\/files\/2026\/04\/img_9485.jpeg 900w\" sizes=\"auto, (max-width: 768px) 100vw, 768px\" \/><\/figure>\n\n\n\n<figure class=\"wp-block-image size-large\"><img loading=\"lazy\" decoding=\"async\" width=\"670\" height=\"502\" src=\"https:\/\/wp.unil.ch\/swiss100\/files\/2026\/04\/img_9498-edited.jpeg\" alt=\"img 9498\" class=\"wp-image-8129\" srcset=\"https:\/\/wp.unil.ch\/swiss100\/files\/2026\/04\/img_9498-edited.jpeg 670w, https:\/\/wp.unil.ch\/swiss100\/files\/2026\/04\/img_9498-edited-300x225.jpeg 300w, https:\/\/wp.unil.ch\/swiss100\/files\/2026\/04\/img_9498-edited-150x112.jpeg 150w, https:\/\/wp.unil.ch\/swiss100\/files\/2026\/04\/img_9498-edited-540x405.jpeg 540w\" sizes=\"auto, (max-width: 670px) 100vw, 670px\" \/><\/figure>\n\n\n\n<figure class=\"wp-block-image size-large\"><img alt=\"\" loading=\"lazy\" decoding=\"async\" width=\"1024\" height=\"768\" src=\"https:\/\/wp.unil.ch\/swiss100\/files\/2026\/04\/img_2628-1024x768.jpg\" alt=\"\" class=\"wp-image-8081\" srcset=\"https:\/\/wp.unil.ch\/swiss100\/files\/2026\/04\/img_2628-1024x768.jpg 1024w, https:\/\/wp.unil.ch\/swiss100\/files\/2026\/04\/img_2628-300x225.jpg 300w, https:\/\/wp.unil.ch\/swiss100\/files\/2026\/04\/img_2628-150x113.jpg 150w, https:\/\/wp.unil.ch\/swiss100\/files\/2026\/04\/img_2628-768x576.jpg 768w, https:\/\/wp.unil.ch\/swiss100\/files\/2026\/04\/img_2628-1536x1152.jpg 1536w, https:\/\/wp.unil.ch\/swiss100\/files\/2026\/04\/img_2628-540x405.jpg 540w, https:\/\/wp.unil.ch\/swiss100\/files\/2026\/04\/img_2628-1080x810.jpg 1080w, https:\/\/wp.unil.ch\/swiss100\/files\/2026\/04\/img_2628.jpg 1600w\" sizes=\"auto, (max-width: 1024px) 100vw, 1024px\" \/><\/figure>\n<\/div>\n\n\n\n<div class=\"wp-block-column is-layout-flow wp-block-column-is-layout-flow\">\n<figure class=\"wp-block-image size-large\"><img loading=\"lazy\" decoding=\"async\" width=\"672\" height=\"896\" src=\"https:\/\/wp.unil.ch\/swiss100\/files\/2026\/04\/img_9510-edited.jpeg\" alt=\"img 9510\" class=\"wp-image-8097\" srcset=\"https:\/\/wp.unil.ch\/swiss100\/files\/2026\/04\/img_9510-edited.jpeg 672w, https:\/\/wp.unil.ch\/swiss100\/files\/2026\/04\/img_9510-edited-225x300.jpeg 225w, https:\/\/wp.unil.ch\/swiss100\/files\/2026\/04\/img_9510-edited-113x150.jpeg 113w, https:\/\/wp.unil.ch\/swiss100\/files\/2026\/04\/img_9510-edited-540x720.jpeg 540w\" sizes=\"auto, (max-width: 672px) 100vw, 672px\" \/><\/figure>\n\n\n\n<figure class=\"wp-block-image size-large\"><img loading=\"lazy\" decoding=\"async\" width=\"571\" height=\"428\" src=\"https:\/\/wp.unil.ch\/swiss100\/files\/2026\/04\/img_9493-2-edited.jpeg\" alt=\"img 9493 2\" class=\"wp-image-8137\" srcset=\"https:\/\/wp.unil.ch\/swiss100\/files\/2026\/04\/img_9493-2-edited.jpeg 571w, https:\/\/wp.unil.ch\/swiss100\/files\/2026\/04\/img_9493-2-edited-300x225.jpeg 300w, https:\/\/wp.unil.ch\/swiss100\/files\/2026\/04\/img_9493-2-edited-150x112.jpeg 150w, https:\/\/wp.unil.ch\/swiss100\/files\/2026\/04\/img_9493-2-edited-540x405.jpeg 540w\" sizes=\"auto, (max-width: 571px) 100vw, 571px\" \/><\/figure>\n\n\n\n<figure class=\"wp-block-image size-large\"><img loading=\"lazy\" decoding=\"async\" width=\"1024\" height=\"768\" src=\"https:\/\/wp.unil.ch\/swiss100\/files\/2026\/04\/img_9509-1024x768.jpeg\" alt=\"img 9509\" class=\"wp-image-8109\" srcset=\"https:\/\/wp.unil.ch\/swiss100\/files\/2026\/04\/img_9509-1024x768.jpeg 1024w, https:\/\/wp.unil.ch\/swiss100\/files\/2026\/04\/img_9509-300x225.jpeg 300w, https:\/\/wp.unil.ch\/swiss100\/files\/2026\/04\/img_9509-150x113.jpeg 150w, https:\/\/wp.unil.ch\/swiss100\/files\/2026\/04\/img_9509-768x576.jpeg 768w, https:\/\/wp.unil.ch\/swiss100\/files\/2026\/04\/img_9509-1536x1152.jpeg 1536w, https:\/\/wp.unil.ch\/swiss100\/files\/2026\/04\/img_9509-540x405.jpeg 540w, https:\/\/wp.unil.ch\/swiss100\/files\/2026\/04\/img_9509-1080x810.jpeg 1080w, https:\/\/wp.unil.ch\/swiss100\/files\/2026\/04\/img_9509.jpeg 1600w\" sizes=\"auto, (max-width: 1024px) 100vw, 1024px\" \/><\/figure>\n<\/div>\n<\/div>\n<\/details>\n\n\n\n<details class=\"wp-block-details is-layout-flow wp-block-details-is-layout-flow\"><summary>Soir\u00e9e de conf\u00e9rences 23.04.2026 \u2013 Aspects biologiques de la long\u00e9vit\u00e9<\/summary>\n<h6 class=\"wp-block-heading\"><strong>Aspects biologiques de la long\u00e9vit\u00e9<\/strong><\/h6>\n\n\n\n<p><em>Soir\u00e9e d\u00e9di\u00e9e au Prof. Fran\u00e7ois Herrmann<\/em><\/p>\n\n\n\n<h6 class=\"wp-block-heading\"><strong>Une rencontre consacr\u00e9e aux dimensions biologiques de la long\u00e9vit\u00e9 exceptionnelle, \u00e0 l\u2019\u00e9tat de sant\u00e9 des centenaires et aux m\u00e9canismes du vieillissement.<\/strong><\/h6>\n\n\n\n<h6 class=\"wp-block-heading\"><strong>18H30 Pr\u00e9sentations<\/strong><\/h6>\n\n\n\n<p><br><strong>Sant\u00e9 chez les centenaires<\/strong><br><em>Dr Justine Falciola<\/em><br>HUG<\/p>\n\n\n\n<p><strong>L\u2019analyse du prot\u00e9ome plasmatique des centenaires en Suisse met en lumi\u00e8re des prot\u00e9ines cl\u00e9s li\u00e9es \u00e0 la jeunesse<\/strong><br><em>Dr Flavien Delhaes<\/em><br>UNIGE<\/p>\n\n\n\n<p><strong>Un si\u00e8cle de vie, un cerveau en forme :<\/strong> mythe ou r\u00e9alit\u00e9 ?<br><em>Prof. Dina Zekry<\/em><br>HUG, UNIGE<\/p>\n\n\n\n<p><strong>\u00c9change et discussion entre expert\u00b7es et public<\/strong><\/p>\n<\/details>\n\n\n\n<details class=\"wp-block-details is-layout-flow wp-block-details-is-layout-flow\"><summary>Soir\u00e9e de conf\u00e9rences 30.04.2026 \u2013 Pr\u00e9dicteurs du vieillissement cognitif<\/summary>\n<h6 class=\"wp-block-heading\"><strong>Pr\u00e9dicteurs du vieillissement cognitif<\/strong><\/h6>\n\n\n\n<p><strong>Cette soir\u00e9e explore les facteurs sociaux, relationnels et psychologiques qui influencent le fonctionnement cognitif au fil de l\u2019\u00e2ge.<\/strong><\/p>\n\n\n\n<h6 class=\"wp-block-heading\">18H30 <strong>Pr\u00e9sentations<\/strong><\/h6>\n\n\n\n<p><br><strong>Isolement social, sentiment de solitude et fonctionnement cognitif des personnes \u00e2g\u00e9es<\/strong><br><em>Dr Charikleia Lampraki<\/em><br>UNIGE \/ UNIL<\/p>\n\n\n\n<p><strong>Vieillir ensemble :<\/strong> le r\u00f4le des animaux de compagnie dans notre cognition et notre bien-\u00eatre<br><em>Adriana Rostekova<\/em><br>UNIGE<\/p>\n\n\n\n<p><strong>Empowerment pour avancer en \u00e2ge en connaissance de cause, plut\u00f4t qu\u2019en regardant dans le r\u00e9troviseur dans le d\u00e9ni de son vieillissement<\/strong><br><em>Dr Hans-Peter Graf<\/em><br>Fondation pour la formation des a\u00een\u00e9es et a\u00een\u00e9s de Gen\u00e8ve<\/p>\n\n\n\n<p><strong>\u00c9change et discussion entre expert\u00b7es et public<\/strong><\/p>\n<\/details>\n\n\n\n<details class=\"wp-block-details is-layout-flow wp-block-details-is-layout-flow\"><summary>Soir\u00e9e de conf\u00e9rences 21.05.2026 \u2013 Soins, soutien et maintien \u00e0 domicile des seniors<\/summary>\n<h6 class=\"wp-block-heading\"><strong>Soins, soutien et maintien \u00e0 domicile des seniors<\/strong><\/h6>\n\n\n\n<p><strong>Une soir\u00e9e d\u00e9di\u00e9e aux conditions qui permettent de vieillir chez soi, aux besoins d\u2019accompagnement et aux ressources mobilis\u00e9es autour des personnes tr\u00e8s \u00e2g\u00e9es.<\/strong><\/p>\n\n\n\n<h6 class=\"wp-block-heading\">18H30 <strong>Pr\u00e9sentations<\/strong><\/h6>\n\n\n\n<p><br><strong>Situation de soins chez les centenaires<\/strong><br><em>Prof. Daniela Jopp<\/em> (UNIL) &amp; <em>Dr Barbara Masotti<\/em> (SUPSI)<\/p>\n\n\n\n<p><strong>Vieillir \u00e0 domicile :<\/strong> une mobilisation de ressources<br><em>Dr Catherine Busnel<\/em><br>IMAD<\/p>\n\n\n\n<p><strong>Accompagnement \u00e0 domicile :<\/strong> service de soutien aux proches<br><em>Cornelia Knio<\/em><br>Pro Senectute Gen\u00e8ve<\/p>\n\n\n\n<p><strong>\u00c9change et discussion entre expert\u00b7es et public<\/strong><\/p>\n<\/details>\n\n\n\n<details class=\"wp-block-details is-layout-flow wp-block-details-is-layout-flow\"><summary>Finissage 29.05.2026<\/summary>\n<h6 class=\"wp-block-heading\"><strong>Vieillir en bonne sant\u00e9 : pr\u00e9vention et interventions<\/strong><\/h6>\n\n\n\n<p><strong>Pour clore l\u2019exposition, cette soir\u00e9e met en lumi\u00e8re des pistes concr\u00e8tes pour pr\u00e9server la sant\u00e9 physique, mentale et cognitive et pour rester acteur\u00b7rice de sa vie en avan\u00e7ant en \u00e2ge.<\/strong><\/p>\n\n\n\n<h6 class=\"wp-block-heading\">18H30 <strong>Pr\u00e9sentations<\/strong><\/h6>\n\n\n\n<p><br><strong>Qu\u2019est-ce qui aide \u00e0 renforcer la sant\u00e9 mentale et cognitive avec l\u2019\u00e2ge ?Aper\u00e7u du projet ADVANCE<\/strong><br><em>Dr Melanie Mack<\/em><br>UNIGE<\/p>\n\n\n\n<p><strong>De la recherche \u00e0 la pratique :<\/strong> des ateliers pour prendre soin de sa m\u00e9moire et rester acteur\u00b7rice de sa vie<br><em>Dr Emilie Joly-Burra<\/em><br>UNIGE<\/p>\n\n\n\n<p><strong>Bien vieillir : que peut-on apprendre des centenaires ?<\/strong><br><em>Prof. Daniela Jopp<\/em> &amp; <em>Adar Hoffman<\/em><br>UNIL<\/p>\n\n\n\n<p><strong>\u00c9change et discussion entre expert\u00b7es et public<\/strong><\/p>\n<\/details>\n\n\n\n<h3 class=\"wp-block-heading alignwide\">Informations pour les classes<\/h3>\n\n\n\n<p><em>Visites guid\u00e9es pour les \u00e9l\u00e8ves de la 5P \u00e0 la 10P<\/em><\/p>\n\n\n\n<p>L\u2019exposition invite les classes \u00e0 une exp\u00e9rience immersive et interactive autour du grand \u00e2ge. \u00c0 travers 28 portraits photographiques, des r\u00e9cits de vie et les r\u00e9sultats d\u2019une vaste \u00e9tude scientifique, les \u00e9l\u00e8ves d\u00e9couvrent le vieillissement sous un angle in\u00e9dit, loin des clich\u00e9s.<\/p>\n\n\n\n<p>La visite ouvre un espace de dialogue entre g\u00e9n\u00e9rations, encourage la r\u00e9flexion critique sur le temps qui passe et stimule empathie, curiosit\u00e9 et remise en question des st\u00e9r\u00e9otypes li\u00e9s \u00e0 l\u2019\u00e2ge.<\/p>\n\n\n\n<p>Si vous \u00eates interess\u00e9.e.s par une visite guid\u00e9e pour votre classe, merci de remplir ce formulaire : <a href=\"https:\/\/forms.gle\/5oVGA3TViDUNcAdY6\">Inscription&nbsp;pour les classes<\/a><\/p>\n<\/div><\/div>\n\n\n\n<p><\/p>\n","protected":false},"excerpt":{"rendered":"<p>Welcome to your future: Centenaires de suisse&nbsp;&nbsp;&nbsp;&nbsp;&nbsp;Exposition a l&rsquo;universit\u00e9 de gen\u00e8ve informations Dates&nbsp;: du 16 avril au 30 mai 2026 Adresse&nbsp;:&nbsp;Bd Carl Vogt 66, 1205 Gen\u00e8ve, dans la&hellip;<\/p>\n","protected":false},"author":1003048,"featured_media":0,"parent":0,"menu_order":0,"comment_status":"closed","ping_status":"closed","template":"","meta":{"_seopress_robots_primary_cat":"","_seopress_titles_title":"","_seopress_titles_desc":"","_seopress_robots_index":"","footnotes":""},"class_list":["post-7084","page","type-page","status-publish","has-post-thumbnail"],"_links":{"self":[{"href":"https:\/\/wp.unil.ch\/swiss100\/fr\/wp-json\/wp\/v2\/pages\/7084","targetHints":{"allow":["GET"]}}],"collection":[{"href":"https:\/\/wp.unil.ch\/swiss100\/fr\/wp-json\/wp\/v2\/pages"}],"about":[{"href":"https:\/\/wp.unil.ch\/swiss100\/fr\/wp-json\/wp\/v2\/types\/page"}],"author":[{"embeddable":true,"href":"https:\/\/wp.unil.ch\/swiss100\/fr\/wp-json\/wp\/v2\/users\/1003048"}],"replies":[{"embeddable":true,"href":"https:\/\/wp.unil.ch\/swiss100\/fr\/wp-json\/wp\/v2\/comments?post=7084"}],"version-history":[{"count":5,"href":"https:\/\/wp.unil.ch\/swiss100\/fr\/wp-json\/wp\/v2\/pages\/7084\/revisions"}],"predecessor-version":[{"id":8143,"href":"https:\/\/wp.unil.ch\/swiss100\/fr\/wp-json\/wp\/v2\/pages\/7084\/revisions\/8143"}],"wp:attachment":[{"href":"https:\/\/wp.unil.ch\/swiss100\/fr\/wp-json\/wp\/v2\/media?parent=7084"}],"curies":[{"name":"wp","href":"https:\/\/api.w.org\/{rel}","templated":true}]}}