{"id":7070,"date":"2026-02-10T16:29:14","date_gmt":"2026-02-10T15:29:14","guid":{"rendered":"https:\/\/wp.unil.ch\/swiss100\/?page_id=7070"},"modified":"2026-04-08T13:57:10","modified_gmt":"2026-04-08T11:57:10","slug":"lausanne","status":"publish","type":"page","link":"https:\/\/wp.unil.ch\/swiss100\/fr\/lausanne\/","title":{"rendered":"Lausanne"},"content":{"rendered":"\n<h3 class=\"wp-block-heading alignfull has-text-align-center\">Welcome to your future: Centenaires de suisse<br>&nbsp;&nbsp;&nbsp;&nbsp;&nbsp;Exposition au forum de l&rsquo;h\u00f4tel de ville<\/h3>\n\n\n\n<figure class=\"wp-block-image alignwide size-full\"><img alt=\"\" loading=\"lazy\" decoding=\"async\" width=\"2528\" height=\"1422\" src=\"https:\/\/wp.unil.ch\/swiss100\/files\/2026\/04\/lausanne_hoteldeville_c_lausanne_tourisme-p.waterton-edited.webp\" alt=\"\" class=\"wp-image-8007\" srcset=\"https:\/\/wp.unil.ch\/swiss100\/files\/2026\/04\/lausanne_hoteldeville_c_lausanne_tourisme-p.waterton-edited.webp 2528w, https:\/\/wp.unil.ch\/swiss100\/files\/2026\/04\/lausanne_hoteldeville_c_lausanne_tourisme-p.waterton-edited-300x169.webp 300w, https:\/\/wp.unil.ch\/swiss100\/files\/2026\/04\/lausanne_hoteldeville_c_lausanne_tourisme-p.waterton-edited-1024x576.webp 1024w, https:\/\/wp.unil.ch\/swiss100\/files\/2026\/04\/lausanne_hoteldeville_c_lausanne_tourisme-p.waterton-edited-150x84.webp 150w, https:\/\/wp.unil.ch\/swiss100\/files\/2026\/04\/lausanne_hoteldeville_c_lausanne_tourisme-p.waterton-edited-768x432.webp 768w, https:\/\/wp.unil.ch\/swiss100\/files\/2026\/04\/lausanne_hoteldeville_c_lausanne_tourisme-p.waterton-edited-1536x864.webp 1536w, https:\/\/wp.unil.ch\/swiss100\/files\/2026\/04\/lausanne_hoteldeville_c_lausanne_tourisme-p.waterton-edited-2048x1152.webp 2048w, https:\/\/wp.unil.ch\/swiss100\/files\/2026\/04\/lausanne_hoteldeville_c_lausanne_tourisme-p.waterton-edited-540x304.webp 540w, https:\/\/wp.unil.ch\/swiss100\/files\/2026\/04\/lausanne_hoteldeville_c_lausanne_tourisme-p.waterton-edited-1080x608.webp 1080w, https:\/\/wp.unil.ch\/swiss100\/files\/2026\/04\/lausanne_hoteldeville_c_lausanne_tourisme-p.waterton-edited-1980x1114.webp 1980w\" sizes=\"auto, (max-width: 2528px) 100vw, 2528px\" \/><\/figure>\n\n\n\n<div class=\"wp-block-columns alignwide is-layout-flex wp-container-core-columns-is-layout-9d6595d7 wp-block-columns-is-layout-flex\">\n<div class=\"wp-block-column is-vertically-aligned-center is-layout-flow wp-block-column-is-layout-flow\">\n<h3 class=\"wp-block-heading\">informations<\/h3>\n\n\n\n<p class=\"has-text-align-left\"><strong><strong>Dates<\/strong><\/strong> : du 9 juin au 4 juillet 2026<\/p>\n\n\n\n<p class=\"has-text-align-left\"><strong><strong>Adresse<\/strong><\/strong> : <a href=\"https:\/\/maps.app.goo.gl\/9sBej1MDUWe4zD2v8\">Pl. de la Palud 2, 1003 Lausanne<\/a><\/p>\n\n\n\n<p><strong><strong>Heures d&rsquo;ouverture<\/strong><\/strong> : \u00c0 venir<\/p>\n\n\n\n<div class=\"wp-block-columns is-layout-flex wp-container-core-columns-is-layout-9d6595d7 wp-block-columns-is-layout-flex\">\n<div class=\"wp-block-column is-layout-flow wp-block-column-is-layout-flow\">\n<div class=\"wp-block-columns is-layout-flex wp-container-core-columns-is-layout-9d6595d7 wp-block-columns-is-layout-flex\">\n<div class=\"wp-block-column is-layout-flow wp-block-column-is-layout-flow\">\n<h3 class=\"wp-block-heading\">Programme<\/h3>\n\n\n\n<details class=\"wp-block-details is-layout-flow wp-block-details-is-layout-flow\"><summary><strong>Vernissage, jeudi 9 juin 2026 \u00e0 17:30<\/strong><\/summary>\n<p><a href=\"https:\/\/docs.google.com\/forms\/d\/e\/1FAIpQLSf75TO80ElB1HmwvrA05gEpzimHGe4XULsGrdNqOFPIRXkM8w\/viewform?usp=header\">Inscription<\/a> (ou pour toute question, veuillez nous contacter \u00e0 l&rsquo;adresse swiss100@unil.ch)<\/p>\n\n\n\n<h6 class=\"wp-block-heading\">Mots de bienvenue<\/h6>\n\n\n\n<p>Emilie&nbsp;Moeschler,<strong>&nbsp;<\/strong>Direction Sports et coh\u00e9sion sociale,&nbsp;&nbsp;<\/p>\n\n\n\n<p>Muriel Chenaux&nbsp;Mesnier,&nbsp;d\u00e9l\u00e9gu\u00e9e&nbsp;aux&nbsp;seniors,&nbsp;Ville de&nbsp;Lausanne&nbsp;<\/p>\n\n\n\n<h6 class=\"wp-block-heading\">Pr\u00e9sentations&nbsp;<\/h6>\n\n\n\n<p>Pr.&nbsp;Daniela&nbsp;Jopp,&nbsp;directrice&nbsp;\u00e9tude&nbsp;SWISS100,&nbsp;Institut&nbsp;de psychologie,&nbsp;Universit\u00e9 de Lausanne&nbsp;<br><em>Centenaires en Suisse&nbsp;:&nbsp;\u00c9tude&nbsp;SWISS100&nbsp;et exposition<\/em>&nbsp;<\/p>\n\n\n\n<p>Pr.&nbsp;Dario&nbsp;Spini,&nbsp;Universit\u00e9 de Lausanne, <em>Centenaires \u2013 un nouveau continent<\/em>&nbsp;<\/p>\n\n\n\n<h6 class=\"wp-block-heading\"><strong>\u00c9change et discussion entre experts et public&nbsp;<\/strong><\/h6>\n<\/details>\n\n\n\n<details class=\"wp-block-details is-layout-flow wp-block-details-is-layout-flow\"><summary><strong>Soir\u00e9e de pr\u00e9sentation,&nbsp;&nbsp;vendredi&nbsp;19.06.2026,&nbsp;18:30&nbsp;&#8211; Fonctionnement cognitif, facteurs de risques et pr\u00e9dicteurs&nbsp;&nbsp;<\/strong><\/summary>\n<h6 class=\"wp-block-heading\">Fonctionnement cognitif, facteurs de risques et pr\u00e9dicteurs&nbsp;&nbsp;<\/h6>\n\n\n\n<h6 class=\"wp-block-heading\"><strong>Pr\u00e9sentations<\/strong>&nbsp;<\/h6>\n\n\n\n<p>Dr&nbsp;Charikleia&nbsp;Lampraki,&nbsp;UNIGE,&nbsp;CIGEV, LIVES&nbsp;&#8211; <em>Connectivit\u00e9 sociale et fonctionnement cognitif<\/em>&nbsp;<\/p>\n\n\n\n<p>Sayonara&nbsp;Pereira da Silva,&nbsp;UNIGE&nbsp;&nbsp;&#8211; <em>Stronger&nbsp;mind,&nbsp;lower&nbsp;risk:&nbsp;can&nbsp;we&nbsp;protect&nbsp;our&nbsp;brains&nbsp;against&nbsp;Alzheimer&rsquo;s&nbsp;disease&nbsp;genetic&nbsp;risk?&nbsp;<\/em>(en anglais)<\/p>\n\n\n\n<p>Dr&nbsp;Ulrike&nbsp;Rimmele,&nbsp;UNIL&nbsp;&#8211; <em>Emotion, cognition et vieillissement<\/em>&nbsp;<\/p>\n\n\n\n<h6 class=\"wp-block-heading\">\u00c9change et discussion entre experts et public&nbsp;<\/h6>\n<\/details>\n\n\n\n<details class=\"wp-block-details is-layout-flow wp-block-details-is-layout-flow\"><summary><strong>Soir\u00e9e&nbsp;pr\u00e9sentation,&nbsp;&nbsp;jeudi&nbsp;25.06.2026,&nbsp;18:30<\/strong> &#8211; <strong>Sant\u00e9 mentale&nbsp;: d\u00e9fis&nbsp;chez les personnes \u00e2g\u00e9es<\/strong>&nbsp;<\/summary>\n<h6 class=\"wp-block-heading\"><strong>Sant\u00e9 mentale&nbsp;: d\u00e9fis&nbsp;chez les personnes \u00e2g\u00e9es<\/strong>&nbsp;<\/h6>\n\n\n\n<h6 class=\"wp-block-heading\"><strong>Pr\u00e9sentations<\/strong>&nbsp;&nbsp;<\/h6>\n\n\n\n<p>Pr Armin von&nbsp;Gunten,&nbsp;Service Universitaire de Psychiatrie de l&rsquo;\u00c2ge Avanc\u00e9 (SUPAA)&nbsp;&#8211; <em>Sympt\u00f4mes neuropsychiatriques chez des personnes tr\u00e8s \u00e2g\u00e9es<\/em>&nbsp;<\/p>\n\n\n\n<p>Carla Gomes da Rocha, Adjointe scientifique,&nbsp;HEdS, HES-SO Valais-Wallis&nbsp;&#8211; <em>Sympt\u00f4mes d\u00e9pressifs et d\u00e9pendance dans les activit\u00e9s de la vie quotidienne chez les personnes centenaires en Suisse<\/em>&nbsp;<\/p>\n\n\n\n<p>Dr&nbsp;Beatriz Pozuelo-Moyano,&nbsp;Service Universitaire de Psychiatrie de l&rsquo;\u00c2ge Avanc\u00e9 (SUPAA)&nbsp;&#8211; <em>D\u00e9pression chez la personne \u00e2g\u00e9e et d\u00e9mence<\/em><\/p>\n\n\n\n<h6 class=\"wp-block-heading\">\u00c9change et discussion entre experts et public&nbsp;<\/h6>\n<\/details>\n\n\n\n<div class=\"wp-block-columns is-layout-flex wp-container-core-columns-is-layout-9d6595d7 wp-block-columns-is-layout-flex\">\n<div class=\"wp-block-column is-layout-flow wp-block-column-is-layout-flow\">\n<h3 class=\"wp-block-heading\">Informations pour les classes<\/h3>\n\n\n\n<p><em>Visites guid\u00e9es pour les \u00e9l\u00e8ves de la 5P \u00e0 la 10P<\/em><\/p>\n\n\n\n<p>L\u2019exposition invite les classes \u00e0 une exp\u00e9rience immersive et interactive autour du grand \u00e2ge. \u00c0 travers 28 portraits photographiques, des r\u00e9cits de vie et les r\u00e9sultats d\u2019une vaste \u00e9tude scientifique, les \u00e9l\u00e8ves d\u00e9couvrent le vieillissement sous un angle in\u00e9dit, loin des clich\u00e9s.<\/p>\n\n\n\n<p>La visite ouvre un espace de dialogue entre g\u00e9n\u00e9rations, encourage la r\u00e9flexion critique sur le temps qui passe et stimule empathie, curiosit\u00e9 et remise en question des st\u00e9r\u00e9otypes li\u00e9s \u00e0 l\u2019\u00e2ge.<\/p>\n\n\n\n<p>Si vous \u00eates interess\u00e9.e.s par une visite guid\u00e9e pour votre classe, merci de remplir ce formulaire : <a href=\"https:\/\/docs.google.com\/forms\/d\/e\/1FAIpQLSdmiRa_CaWE9eVw01wZC5y2F5lglIbND9_YfRYooZXyBgrA2g\/viewform?usp=header\">Inscription<\/a> <a href=\"https:\/\/docs.google.com\/forms\/d\/e\/1FAIpQLSdTIIF_-qWNwrDMg0R1MLGBt5KTTVtgJtfSd7A_bbZHWkzjFw\/viewform?usp=sharing&amp;ouid=111317936218582563829\"><\/a><a href=\"https:\/\/docs.google.com\/forms\/d\/e\/1FAIpQLSdTIIF_-qWNwrDMg0R1MLGBt5KTTVtgJtfSd7A_bbZHWkzjFw\/viewform?usp=sharing&amp;ouid=111317936218582563829\">pour les classes<\/a><\/p>\n<\/div>\n<\/div>\n<\/div>\n<\/div>\n<\/div>\n<\/div>\n<\/div>\n<\/div>\n","protected":false},"excerpt":{"rendered":"<p>Welcome to your future: Centenaires de suisse&nbsp;&nbsp;&nbsp;&nbsp;&nbsp;Exposition au forum de l&rsquo;h\u00f4tel de ville informations Dates : du 9 juin au 4 juillet 2026 Adresse : Pl. de la&hellip;<\/p>\n","protected":false},"author":1003048,"featured_media":0,"parent":0,"menu_order":0,"comment_status":"closed","ping_status":"closed","template":"","meta":{"_seopress_robots_primary_cat":"","_seopress_titles_title":"","_seopress_titles_desc":"","_seopress_robots_index":"","footnotes":""},"class_list":["post-7070","page","type-page","status-publish","has-post-thumbnail"],"_links":{"self":[{"href":"https:\/\/wp.unil.ch\/swiss100\/fr\/wp-json\/wp\/v2\/pages\/7070","targetHints":{"allow":["GET"]}}],"collection":[{"href":"https:\/\/wp.unil.ch\/swiss100\/fr\/wp-json\/wp\/v2\/pages"}],"about":[{"href":"https:\/\/wp.unil.ch\/swiss100\/fr\/wp-json\/wp\/v2\/types\/page"}],"author":[{"embeddable":true,"href":"https:\/\/wp.unil.ch\/swiss100\/fr\/wp-json\/wp\/v2\/users\/1003048"}],"replies":[{"embeddable":true,"href":"https:\/\/wp.unil.ch\/swiss100\/fr\/wp-json\/wp\/v2\/comments?post=7070"}],"version-history":[{"count":5,"href":"https:\/\/wp.unil.ch\/swiss100\/fr\/wp-json\/wp\/v2\/pages\/7070\/revisions"}],"predecessor-version":[{"id":8011,"href":"https:\/\/wp.unil.ch\/swiss100\/fr\/wp-json\/wp\/v2\/pages\/7070\/revisions\/8011"}],"wp:attachment":[{"href":"https:\/\/wp.unil.ch\/swiss100\/fr\/wp-json\/wp\/v2\/media?parent=7070"}],"curies":[{"name":"wp","href":"https:\/\/api.w.org\/{rel}","templated":true}]}}