{"id":6917,"date":"2026-01-20T14:17:58","date_gmt":"2026-01-20T13:17:58","guid":{"rendered":"https:\/\/wp.unil.ch\/swiss100\/zurich\/"},"modified":"2026-03-25T14:12:51","modified_gmt":"2026-03-25T13:12:51","slug":"zurich","status":"publish","type":"page","link":"https:\/\/wp.unil.ch\/swiss100\/fr\/zurich\/","title":{"rendered":"Z\u00fcrich"},"content":{"rendered":"\n<h3 class=\"wp-block-heading alignfull has-text-align-center\">Exposition \u00e0 la Wasserkirche<\/h3>\n\n\n\n<figure class=\"wp-block-image alignwide size-large\"><img alt=\"\" loading=\"lazy\" decoding=\"async\" width=\"1024\" height=\"708\" src=\"https:\/\/wp.unil.ch\/swiss100\/files\/2026\/01\/wasserkirche-1024x708.jpg\" alt=\"\" class=\"wp-image-6909\" srcset=\"https:\/\/wp.unil.ch\/swiss100\/files\/2026\/01\/wasserkirche-1024x708.jpg 1024w, https:\/\/wp.unil.ch\/swiss100\/files\/2026\/01\/wasserkirche-300x207.jpg 300w, https:\/\/wp.unil.ch\/swiss100\/files\/2026\/01\/wasserkirche-150x104.jpg 150w, https:\/\/wp.unil.ch\/swiss100\/files\/2026\/01\/wasserkirche-768x531.jpg 768w, https:\/\/wp.unil.ch\/swiss100\/files\/2026\/01\/wasserkirche-1536x1062.jpg 1536w, https:\/\/wp.unil.ch\/swiss100\/files\/2026\/01\/wasserkirche-540x373.jpg 540w, https:\/\/wp.unil.ch\/swiss100\/files\/2026\/01\/wasserkirche-1080x747.jpg 1080w, https:\/\/wp.unil.ch\/swiss100\/files\/2026\/01\/wasserkirche-1980x1369.jpg 1980w, https:\/\/wp.unil.ch\/swiss100\/files\/2026\/01\/wasserkirche.jpg 2048w\" sizes=\"auto, (max-width: 1024px) 100vw, 1024px\" \/><\/figure>\n\n\n\n<h2 class=\"wp-block-heading alignwide\">infos<\/h2>\n\n\n\n<div class=\"wp-block-columns alignwide is-layout-flex wp-container-core-columns-is-layout-9d6595d7 wp-block-columns-is-layout-flex\">\n<div class=\"wp-block-column is-vertically-aligned-center is-layout-flow wp-block-column-is-layout-flow\">\n<p class=\"has-text-align-left\"><strong>Date<\/strong> : du 12 mars au 12 avril 2026<\/p>\n\n\n\n<p class=\"has-text-align-left\"><strong>Address<\/strong>e : <a href=\"https:\/\/maps.app.goo.gl\/kAUNgeWQR3MzmRCPA\">Limmatquai 31, 8001 Z\u00fcrich<\/a><\/p>\n\n\n\n<p><strong>Heures d&rsquo;ouverture<\/strong> : 12h &#8211; 17h <\/p>\n\n\n\n<div class=\"wp-block-columns is-layout-flex wp-container-core-columns-is-layout-9d6595d7 wp-block-columns-is-layout-flex\">\n<div class=\"wp-block-column is-layout-flow wp-block-column-is-layout-flow\">\n<figure class=\"wp-block-image size-large\"><img alt=\"\" loading=\"lazy\" decoding=\"async\" width=\"768\" height=\"1024\" src=\"https:\/\/wp.unil.ch\/swiss100\/files\/2026\/03\/z1-768x1024.jpg\" alt=\"\" class=\"wp-image-7702\" srcset=\"https:\/\/wp.unil.ch\/swiss100\/files\/2026\/03\/z1-768x1024.jpg 768w, https:\/\/wp.unil.ch\/swiss100\/files\/2026\/03\/z1-225x300.jpg 225w, https:\/\/wp.unil.ch\/swiss100\/files\/2026\/03\/z1-113x150.jpg 113w, https:\/\/wp.unil.ch\/swiss100\/files\/2026\/03\/z1-540x720.jpg 540w, https:\/\/wp.unil.ch\/swiss100\/files\/2026\/03\/z1.jpg 900w\" sizes=\"auto, (max-width: 768px) 100vw, 768px\" \/><\/figure>\n\n\n\n<figure class=\"wp-block-image size-large\"><img alt=\"\" loading=\"lazy\" decoding=\"async\" width=\"1024\" height=\"768\" src=\"https:\/\/wp.unil.ch\/swiss100\/files\/2026\/03\/z5-1024x768.jpg\" alt=\"\" class=\"wp-image-7714\" srcset=\"https:\/\/wp.unil.ch\/swiss100\/files\/2026\/03\/z5-1024x768.jpg 1024w, https:\/\/wp.unil.ch\/swiss100\/files\/2026\/03\/z5-300x225.jpg 300w, https:\/\/wp.unil.ch\/swiss100\/files\/2026\/03\/z5-150x113.jpg 150w, https:\/\/wp.unil.ch\/swiss100\/files\/2026\/03\/z5-768x576.jpg 768w, https:\/\/wp.unil.ch\/swiss100\/files\/2026\/03\/z5-1536x1152.jpg 1536w, https:\/\/wp.unil.ch\/swiss100\/files\/2026\/03\/z5-540x405.jpg 540w, https:\/\/wp.unil.ch\/swiss100\/files\/2026\/03\/z5-1080x810.jpg 1080w, https:\/\/wp.unil.ch\/swiss100\/files\/2026\/03\/z5.jpg 1600w\" sizes=\"auto, (max-width: 1024px) 100vw, 1024px\" \/><\/figure>\n\n\n\n<figure class=\"wp-block-image size-large\"><img alt=\"\" loading=\"lazy\" decoding=\"async\" width=\"1024\" height=\"768\" src=\"https:\/\/wp.unil.ch\/swiss100\/files\/2026\/03\/z10-1024x768.jpg\" alt=\"\" class=\"wp-image-7726\" srcset=\"https:\/\/wp.unil.ch\/swiss100\/files\/2026\/03\/z10-1024x768.jpg 1024w, https:\/\/wp.unil.ch\/swiss100\/files\/2026\/03\/z10-300x225.jpg 300w, https:\/\/wp.unil.ch\/swiss100\/files\/2026\/03\/z10-150x113.jpg 150w, https:\/\/wp.unil.ch\/swiss100\/files\/2026\/03\/z10-768x576.jpg 768w, https:\/\/wp.unil.ch\/swiss100\/files\/2026\/03\/z10-1536x1152.jpg 1536w, https:\/\/wp.unil.ch\/swiss100\/files\/2026\/03\/z10-540x405.jpg 540w, https:\/\/wp.unil.ch\/swiss100\/files\/2026\/03\/z10-1080x810.jpg 1080w, https:\/\/wp.unil.ch\/swiss100\/files\/2026\/03\/z10.jpg 1600w\" sizes=\"auto, (max-width: 1024px) 100vw, 1024px\" \/><\/figure>\n<\/div>\n\n\n\n<div class=\"wp-block-column is-layout-flow wp-block-column-is-layout-flow\">\n<figure class=\"wp-block-image size-large\"><img alt=\"\" loading=\"lazy\" decoding=\"async\" width=\"768\" height=\"1024\" src=\"https:\/\/wp.unil.ch\/swiss100\/files\/2026\/03\/z2-768x1024.jpg\" alt=\"\" class=\"wp-image-7706\" srcset=\"https:\/\/wp.unil.ch\/swiss100\/files\/2026\/03\/z2-768x1024.jpg 768w, https:\/\/wp.unil.ch\/swiss100\/files\/2026\/03\/z2-225x300.jpg 225w, https:\/\/wp.unil.ch\/swiss100\/files\/2026\/03\/z2-113x150.jpg 113w, https:\/\/wp.unil.ch\/swiss100\/files\/2026\/03\/z2-540x720.jpg 540w, https:\/\/wp.unil.ch\/swiss100\/files\/2026\/03\/z2.jpg 900w\" sizes=\"auto, (max-width: 768px) 100vw, 768px\" \/><\/figure>\n\n\n\n<figure class=\"wp-block-image size-large\"><img alt=\"\" loading=\"lazy\" decoding=\"async\" width=\"1024\" height=\"768\" src=\"https:\/\/wp.unil.ch\/swiss100\/files\/2026\/03\/z6-1024x768.jpg\" alt=\"\" class=\"wp-image-7718\" srcset=\"https:\/\/wp.unil.ch\/swiss100\/files\/2026\/03\/z6-1024x768.jpg 1024w, https:\/\/wp.unil.ch\/swiss100\/files\/2026\/03\/z6-300x225.jpg 300w, https:\/\/wp.unil.ch\/swiss100\/files\/2026\/03\/z6-150x113.jpg 150w, https:\/\/wp.unil.ch\/swiss100\/files\/2026\/03\/z6-768x576.jpg 768w, https:\/\/wp.unil.ch\/swiss100\/files\/2026\/03\/z6-1536x1152.jpg 1536w, https:\/\/wp.unil.ch\/swiss100\/files\/2026\/03\/z6-540x405.jpg 540w, https:\/\/wp.unil.ch\/swiss100\/files\/2026\/03\/z6-1080x810.jpg 1080w, https:\/\/wp.unil.ch\/swiss100\/files\/2026\/03\/z6.jpg 1600w\" sizes=\"auto, (max-width: 1024px) 100vw, 1024px\" \/><\/figure>\n\n\n\n<figure class=\"wp-block-image size-large\"><img alt=\"\" loading=\"lazy\" decoding=\"async\" width=\"1024\" height=\"768\" src=\"https:\/\/wp.unil.ch\/swiss100\/files\/2026\/03\/z9-1024x768.jpg\" alt=\"\" class=\"wp-image-7730\" srcset=\"https:\/\/wp.unil.ch\/swiss100\/files\/2026\/03\/z9-1024x768.jpg 1024w, https:\/\/wp.unil.ch\/swiss100\/files\/2026\/03\/z9-300x225.jpg 300w, https:\/\/wp.unil.ch\/swiss100\/files\/2026\/03\/z9-150x113.jpg 150w, https:\/\/wp.unil.ch\/swiss100\/files\/2026\/03\/z9-768x576.jpg 768w, https:\/\/wp.unil.ch\/swiss100\/files\/2026\/03\/z9-540x405.jpg 540w, https:\/\/wp.unil.ch\/swiss100\/files\/2026\/03\/z9-1080x810.jpg 1080w, https:\/\/wp.unil.ch\/swiss100\/files\/2026\/03\/z9.jpg 1365w\" sizes=\"auto, (max-width: 1024px) 100vw, 1024px\" \/><\/figure>\n<\/div>\n\n\n\n<div class=\"wp-block-column is-layout-flow wp-block-column-is-layout-flow\">\n<figure class=\"wp-block-image size-large\"><img alt=\"\" loading=\"lazy\" decoding=\"async\" width=\"768\" height=\"1024\" src=\"https:\/\/wp.unil.ch\/swiss100\/files\/2026\/03\/z3-768x1024.jpg\" alt=\"\" class=\"wp-image-7710\" srcset=\"https:\/\/wp.unil.ch\/swiss100\/files\/2026\/03\/z3-768x1024.jpg 768w, https:\/\/wp.unil.ch\/swiss100\/files\/2026\/03\/z3-225x300.jpg 225w, https:\/\/wp.unil.ch\/swiss100\/files\/2026\/03\/z3-113x150.jpg 113w, https:\/\/wp.unil.ch\/swiss100\/files\/2026\/03\/z3-540x720.jpg 540w, https:\/\/wp.unil.ch\/swiss100\/files\/2026\/03\/z3.jpg 900w\" sizes=\"auto, (max-width: 768px) 100vw, 768px\" \/><\/figure>\n\n\n\n<figure class=\"wp-block-image size-large\"><img alt=\"\" loading=\"lazy\" decoding=\"async\" width=\"1024\" height=\"768\" src=\"https:\/\/wp.unil.ch\/swiss100\/files\/2026\/03\/z8-1024x768.jpg\" alt=\"\" class=\"wp-image-7722\" srcset=\"https:\/\/wp.unil.ch\/swiss100\/files\/2026\/03\/z8-1024x768.jpg 1024w, https:\/\/wp.unil.ch\/swiss100\/files\/2026\/03\/z8-300x225.jpg 300w, https:\/\/wp.unil.ch\/swiss100\/files\/2026\/03\/z8-150x113.jpg 150w, https:\/\/wp.unil.ch\/swiss100\/files\/2026\/03\/z8-768x576.jpg 768w, https:\/\/wp.unil.ch\/swiss100\/files\/2026\/03\/z8-1536x1152.jpg 1536w, https:\/\/wp.unil.ch\/swiss100\/files\/2026\/03\/z8-540x405.jpg 540w, https:\/\/wp.unil.ch\/swiss100\/files\/2026\/03\/z8-1080x810.jpg 1080w, https:\/\/wp.unil.ch\/swiss100\/files\/2026\/03\/z8.jpg 1600w\" sizes=\"auto, (max-width: 1024px) 100vw, 1024px\" \/><\/figure>\n\n\n\n<figure class=\"wp-block-image size-large\"><img alt=\"\" loading=\"lazy\" decoding=\"async\" width=\"1024\" height=\"768\" src=\"https:\/\/wp.unil.ch\/swiss100\/files\/2026\/03\/z4-1024x768.jpg\" alt=\"\" class=\"wp-image-7734\" srcset=\"https:\/\/wp.unil.ch\/swiss100\/files\/2026\/03\/z4-1024x768.jpg 1024w, https:\/\/wp.unil.ch\/swiss100\/files\/2026\/03\/z4-300x225.jpg 300w, https:\/\/wp.unil.ch\/swiss100\/files\/2026\/03\/z4-150x113.jpg 150w, https:\/\/wp.unil.ch\/swiss100\/files\/2026\/03\/z4-768x576.jpg 768w, https:\/\/wp.unil.ch\/swiss100\/files\/2026\/03\/z4-1536x1152.jpg 1536w, https:\/\/wp.unil.ch\/swiss100\/files\/2026\/03\/z4-540x405.jpg 540w, https:\/\/wp.unil.ch\/swiss100\/files\/2026\/03\/z4-1080x810.jpg 1080w, https:\/\/wp.unil.ch\/swiss100\/files\/2026\/03\/z4.jpg 1600w\" sizes=\"auto, (max-width: 1024px) 100vw, 1024px\" \/><\/figure>\n<\/div>\n<\/div>\n\n\n\n<div class=\"wp-block-columns alignwide is-layout-flex wp-container-core-columns-is-layout-9d6595d7 wp-block-columns-is-layout-flex\">\n<div class=\"wp-block-column is-layout-flow wp-block-column-is-layout-flow\">\n<h3 class=\"wp-block-heading\">Programme<\/h3>\n\n\n\n<details class=\"wp-block-details is-layout-flow wp-block-details-is-layout-flow\"><summary><strong>Vernissage 12.03.2026<\/strong><\/summary>\n<h6 class=\"wp-block-heading\">Le r\u00f4le de l\u2019art pour la qualit\u00e9 de vie au grand \u00e2ge<\/h6>\n\n\n\n<h6 class=\"wp-block-heading\"><br><strong>18:00 Mots de bienvenue<\/strong><\/h6>\n\n\n\n<p><strong><br>Courtes conf\u00e9rences<br>Prof. Dr Daniela Jopp<\/strong>, Universit\u00e9 de Lausanne :<br>SWISS 100 \u2013 Introduction \u00e0 la premi\u00e8re \u00e9tude nationale sur les centenaires en Suisse ainsi qu\u2019\u00e0 l\u2019exposition<br><strong>Karin Frei Rappenecker<\/strong>, Ville de Winterthour<br>Artists in Residence \u2013 L\u2019art comme moyen de pr\u00e9server la qualit\u00e9 de vie au grand \u00e2ge<br><strong>Prof. Bitten Stetter<\/strong>, Haute \u00e9cole des arts de Zurich<br>Design pour la fin de vie \u2013 L\u2019exemple de \u00ab finally \u00bb et des Perles de vie<\/p>\n\n\n\n<p><br><strong>19:00 Ap\u00e9ritif et \u00e9changes entre expert\u00b7e\u00b7s et public<\/strong><\/p>\n\n\n\n<div class=\"wp-block-columns is-layout-flex wp-container-core-columns-is-layout-9d6595d7 wp-block-columns-is-layout-flex\">\n<div class=\"wp-block-column is-layout-flow wp-block-column-is-layout-flow\">\n<figure class=\"wp-block-image size-large\"><img alt=\"\" loading=\"lazy\" decoding=\"async\" width=\"768\" height=\"1024\" src=\"https:\/\/wp.unil.ch\/swiss100\/files\/2026\/03\/tempimagejjh0pe-768x1024.jpg\" alt=\"\" class=\"wp-image-7743\" srcset=\"https:\/\/wp.unil.ch\/swiss100\/files\/2026\/03\/tempimagejjh0pe-768x1024.jpg 768w, https:\/\/wp.unil.ch\/swiss100\/files\/2026\/03\/tempimagejjh0pe-225x300.jpg 225w, https:\/\/wp.unil.ch\/swiss100\/files\/2026\/03\/tempimagejjh0pe-113x150.jpg 113w, https:\/\/wp.unil.ch\/swiss100\/files\/2026\/03\/tempimagejjh0pe-540x720.jpg 540w, https:\/\/wp.unil.ch\/swiss100\/files\/2026\/03\/tempimagejjh0pe.jpg 900w\" sizes=\"auto, (max-width: 768px) 100vw, 768px\" \/><\/figure>\n\n\n\n<figure class=\"wp-block-image size-large\"><img alt=\"\" loading=\"lazy\" decoding=\"async\" width=\"1600\" height=\"1067\" src=\"https:\/\/wp.unil.ch\/swiss100\/files\/2026\/03\/tempimageztwpu5-edited.jpg\" alt=\"\" class=\"wp-image-7776\" srcset=\"https:\/\/wp.unil.ch\/swiss100\/files\/2026\/03\/tempimageztwpu5-edited.jpg 1600w, https:\/\/wp.unil.ch\/swiss100\/files\/2026\/03\/tempimageztwpu5-edited-300x200.jpg 300w, https:\/\/wp.unil.ch\/swiss100\/files\/2026\/03\/tempimageztwpu5-edited-1024x683.jpg 1024w, https:\/\/wp.unil.ch\/swiss100\/files\/2026\/03\/tempimageztwpu5-edited-150x100.jpg 150w, https:\/\/wp.unil.ch\/swiss100\/files\/2026\/03\/tempimageztwpu5-edited-768x512.jpg 768w, https:\/\/wp.unil.ch\/swiss100\/files\/2026\/03\/tempimageztwpu5-edited-1536x1024.jpg 1536w, https:\/\/wp.unil.ch\/swiss100\/files\/2026\/03\/tempimageztwpu5-edited-540x360.jpg 540w, https:\/\/wp.unil.ch\/swiss100\/files\/2026\/03\/tempimageztwpu5-edited-1080x720.jpg 1080w\" sizes=\"auto, (max-width: 1600px) 100vw, 1600px\" \/><\/figure>\n<\/div>\n\n\n\n<div class=\"wp-block-column is-layout-flow wp-block-column-is-layout-flow\">\n<figure class=\"wp-block-image size-large\"><img alt=\"\" loading=\"lazy\" decoding=\"async\" width=\"768\" height=\"1024\" src=\"https:\/\/wp.unil.ch\/swiss100\/files\/2026\/03\/tempimage2geadw-768x1024.jpg\" alt=\"\" class=\"wp-image-7747\" srcset=\"https:\/\/wp.unil.ch\/swiss100\/files\/2026\/03\/tempimage2geadw-768x1024.jpg 768w, https:\/\/wp.unil.ch\/swiss100\/files\/2026\/03\/tempimage2geadw-225x300.jpg 225w, https:\/\/wp.unil.ch\/swiss100\/files\/2026\/03\/tempimage2geadw-113x150.jpg 113w, https:\/\/wp.unil.ch\/swiss100\/files\/2026\/03\/tempimage2geadw-540x720.jpg 540w, https:\/\/wp.unil.ch\/swiss100\/files\/2026\/03\/tempimage2geadw.jpg 900w\" sizes=\"auto, (max-width: 768px) 100vw, 768px\" \/><\/figure>\n\n\n\n<figure class=\"wp-block-image size-large\"><img alt=\"\" loading=\"lazy\" decoding=\"async\" width=\"1600\" height=\"1067\" src=\"https:\/\/wp.unil.ch\/swiss100\/files\/2026\/03\/v5-edited.jpeg\" alt=\"\" class=\"wp-image-7768\" srcset=\"https:\/\/wp.unil.ch\/swiss100\/files\/2026\/03\/v5-edited.jpeg 1600w, https:\/\/wp.unil.ch\/swiss100\/files\/2026\/03\/v5-edited-300x200.jpeg 300w, https:\/\/wp.unil.ch\/swiss100\/files\/2026\/03\/v5-edited-1024x683.jpeg 1024w, https:\/\/wp.unil.ch\/swiss100\/files\/2026\/03\/v5-edited-150x100.jpeg 150w, https:\/\/wp.unil.ch\/swiss100\/files\/2026\/03\/v5-edited-768x512.jpeg 768w, https:\/\/wp.unil.ch\/swiss100\/files\/2026\/03\/v5-edited-1536x1024.jpeg 1536w, https:\/\/wp.unil.ch\/swiss100\/files\/2026\/03\/v5-edited-540x360.jpeg 540w, https:\/\/wp.unil.ch\/swiss100\/files\/2026\/03\/v5-edited-1080x720.jpeg 1080w\" sizes=\"auto, (max-width: 1600px) 100vw, 1600px\" \/><\/figure>\n<\/div>\n\n\n\n<div class=\"wp-block-column is-layout-flow wp-block-column-is-layout-flow\">\n<figure class=\"wp-block-image size-large\"><img alt=\"\" loading=\"lazy\" decoding=\"async\" width=\"768\" height=\"1024\" src=\"https:\/\/wp.unil.ch\/swiss100\/files\/2026\/03\/v3-768x1024.jpeg\" alt=\"\" class=\"wp-image-7751\" srcset=\"https:\/\/wp.unil.ch\/swiss100\/files\/2026\/03\/v3-768x1024.jpeg 768w, https:\/\/wp.unil.ch\/swiss100\/files\/2026\/03\/v3-225x300.jpeg 225w, https:\/\/wp.unil.ch\/swiss100\/files\/2026\/03\/v3-113x150.jpeg 113w, https:\/\/wp.unil.ch\/swiss100\/files\/2026\/03\/v3-540x720.jpeg 540w, https:\/\/wp.unil.ch\/swiss100\/files\/2026\/03\/v3.jpeg 900w\" sizes=\"auto, (max-width: 768px) 100vw, 768px\" \/><\/figure>\n\n\n\n<figure class=\"wp-block-image size-large\"><img alt=\"\" loading=\"lazy\" decoding=\"async\" width=\"1535\" height=\"1024\" src=\"https:\/\/wp.unil.ch\/swiss100\/files\/2026\/03\/v4-edited.jpeg\" alt=\"\" class=\"wp-image-7772\" srcset=\"https:\/\/wp.unil.ch\/swiss100\/files\/2026\/03\/v4-edited.jpeg 1535w, https:\/\/wp.unil.ch\/swiss100\/files\/2026\/03\/v4-edited-300x200.jpeg 300w, https:\/\/wp.unil.ch\/swiss100\/files\/2026\/03\/v4-edited-1024x683.jpeg 1024w, https:\/\/wp.unil.ch\/swiss100\/files\/2026\/03\/v4-edited-150x100.jpeg 150w, https:\/\/wp.unil.ch\/swiss100\/files\/2026\/03\/v4-edited-768x512.jpeg 768w, https:\/\/wp.unil.ch\/swiss100\/files\/2026\/03\/v4-edited-540x360.jpeg 540w, https:\/\/wp.unil.ch\/swiss100\/files\/2026\/03\/v4-edited-1080x720.jpeg 1080w\" sizes=\"auto, (max-width: 1535px) 100vw, 1535px\" \/><\/figure>\n<\/div>\n<\/div>\n<\/details>\n\n\n\n<details class=\"wp-block-details is-layout-flow wp-block-details-is-layout-flow\"><summary><strong>Soir\u00e9e de conf\u00e9rences 26.04.2025<\/strong><\/summary>\n<p><strong>18:00 Courtes conf\u00e9rences<\/strong><\/p>\n\n\n\n<p><br><strong>Dr Burcu Demiray<\/strong>, Universit\u00e9 de Zurich<br>Chaque \u00e2ge compte<br><strong>Bernadette Zierl<\/strong>, Universit\u00e9 de Zurich<br>Le panel suisse LGBTIQ+ \u2013 Comment vont les personnes queer \u00e2g\u00e9es ?<br><strong>Barbara Bosshard<\/strong>, queerAltern Zurich<br>queerAltern Zurich \u2013 renforcer et relier tout au long du vieillissement queer<br><strong>Hugo Zimmermann<\/strong>, Initiative queer key<br>Soins et accompagnement sensibles aux r\u00e9alit\u00e9s queer \u2013 Initiative queer key<\/p>\n\n\n\n<p><br><strong>19:00 \u00c9changes entre expert\u00b7e\u00b7s et public<\/strong><\/p>\n<\/details>\n\n\n\n<details class=\"wp-block-details is-layout-flow wp-block-details-is-layout-flow\"><summary><strong>Finissage 12.04.2026<\/strong><\/summary>\n<h6 class=\"wp-block-heading\">Actif\u00b7ve jusqu\u2019\u00e0 un \u00e2ge tr\u00e8s avanc\u00e9<br><\/h6>\n\n\n\n<p><strong>16:00 Courtes conf\u00e9rences<\/strong><\/p>\n\n\n\n<p><strong>Prof. Daniela Jopp<\/strong>, Universit\u00e9 de Lausanne<br>Une vie active \u00e0 100 ans ? R\u00e9sultats de l\u2019\u00e9tude SWISS100<br><strong>Melanie Stahlmann<\/strong>, Universit\u00e9 de Lausanne &amp; Zurich<br>Comment les centenaires passent-ils leur temps ? R\u00e9sultats de SWISS100<br><strong>V\u00e9ronique Tischhauser-Ducrot<\/strong>, Pro Senectute Canton de Zurich<br>Actif\u00b7ve et connect\u00e9\u00b7e jusqu\u2019\u00e0 100 ans \u2013 Offres pour bien vieillir en sant\u00e9<br><strong>Ruth Mettler Ernst<\/strong>, Centre national de comp\u00e9tence Vieillir sans violence<br>Lorsque le nombre de centenaires augmente : D\u00e9fis pour la protection contre la violence et la discrimination<\/p>\n\n\n\n<p><strong>17:00 \u00c9changes entre expert\u00b7e\u00b7s et public<\/strong><\/p>\n\n\n\n<p><a href=\"https:\/\/forms.gle\/LtWFDrsXM1PEyuVi9\">Inscription<\/a><\/p>\n\n\n\n<p><\/p>\n<\/details>\n\n\n\n<div class=\"wp-block-columns is-layout-flex wp-container-core-columns-is-layout-9d6595d7 wp-block-columns-is-layout-flex\">\n<div class=\"wp-block-column is-layout-flow wp-block-column-is-layout-flow\">\n<h6 class=\"wp-block-heading\"><strong><br><\/strong><\/h6>\n<\/div>\n<\/div>\n<\/div>\n<\/div>\n<\/div>\n<\/div>\n\n\n\n<p><\/p>\n","protected":false},"excerpt":{"rendered":"<p>Exposition \u00e0 la Wasserkirche infos Date : du 12 mars au 12 avril 2026 Addresse : Limmatquai 31, 8001 Z\u00fcrich Heures d&rsquo;ouverture : 12h &#8211; 17h Programme<\/p>\n","protected":false},"author":1003048,"featured_media":0,"parent":0,"menu_order":0,"comment_status":"closed","ping_status":"closed","template":"","meta":{"_seopress_robots_primary_cat":"","_seopress_titles_title":"","_seopress_titles_desc":"","_seopress_robots_index":"","footnotes":""},"class_list":["post-6917","page","type-page","status-publish","has-post-thumbnail"],"_links":{"self":[{"href":"https:\/\/wp.unil.ch\/swiss100\/fr\/wp-json\/wp\/v2\/pages\/6917","targetHints":{"allow":["GET"]}}],"collection":[{"href":"https:\/\/wp.unil.ch\/swiss100\/fr\/wp-json\/wp\/v2\/pages"}],"about":[{"href":"https:\/\/wp.unil.ch\/swiss100\/fr\/wp-json\/wp\/v2\/types\/page"}],"author":[{"embeddable":true,"href":"https:\/\/wp.unil.ch\/swiss100\/fr\/wp-json\/wp\/v2\/users\/1003048"}],"replies":[{"embeddable":true,"href":"https:\/\/wp.unil.ch\/swiss100\/fr\/wp-json\/wp\/v2\/comments?post=6917"}],"version-history":[{"count":5,"href":"https:\/\/wp.unil.ch\/swiss100\/fr\/wp-json\/wp\/v2\/pages\/6917\/revisions"}],"predecessor-version":[{"id":7783,"href":"https:\/\/wp.unil.ch\/swiss100\/fr\/wp-json\/wp\/v2\/pages\/6917\/revisions\/7783"}],"wp:attachment":[{"href":"https:\/\/wp.unil.ch\/swiss100\/fr\/wp-json\/wp\/v2\/media?parent=6917"}],"curies":[{"name":"wp","href":"https:\/\/api.w.org\/{rel}","templated":true}]}}