{"id":6321,"date":"2025-12-22T16:33:10","date_gmt":"2025-12-22T15:33:10","guid":{"rendered":"https:\/\/wp.unil.ch\/swiss100\/?page_id=6321"},"modified":"2026-02-09T17:52:17","modified_gmt":"2026-02-09T16:52:17","slug":"gerhart-wagner","status":"publish","type":"page","link":"https:\/\/wp.unil.ch\/swiss100\/fr\/gerhart-wagner\/","title":{"rendered":"Gerhart Wagner"},"content":{"rendered":"\n<div class=\"wp-block-columns alignwide is-layout-flex wp-container-core-columns-is-layout-9d6595d7 wp-block-columns-is-layout-flex\">\n<div class=\"wp-block-column is-layout-flow wp-block-column-is-layout-flow\">\n<h4 class=\"wp-block-heading has-text-align-center\"><strong>\u00abDe un : un demi-litre de lait par jour. Et de deux : ne jamais prendre l\u2019escalator.\u00bb<\/strong><\/h4>\n<\/div>\n<\/div>\n\n\n\n<div class=\"wp-block-columns alignwide is-layout-flex wp-container-core-columns-is-layout-9d6595d7 wp-block-columns-is-layout-flex\">\n<div class=\"wp-block-column is-layout-flow wp-block-column-is-layout-flow\">\n<figure class=\"wp-block-image size-large\"><img alt=\"\" loading=\"lazy\" decoding=\"async\" width=\"1024\" height=\"1024\" src=\"https:\/\/wp.unil.ch\/swiss100\/files\/2026\/01\/swiss100_wagner2100820-2-1024x1024.jpg\" alt=\"\" class=\"wp-image-6424\" srcset=\"https:\/\/wp.unil.ch\/swiss100\/files\/2026\/01\/swiss100_wagner2100820-2-1024x1024.jpg 1024w, https:\/\/wp.unil.ch\/swiss100\/files\/2026\/01\/swiss100_wagner2100820-2-300x300.jpg 300w, https:\/\/wp.unil.ch\/swiss100\/files\/2026\/01\/swiss100_wagner2100820-2-150x150.jpg 150w, https:\/\/wp.unil.ch\/swiss100\/files\/2026\/01\/swiss100_wagner2100820-2-768x768.jpg 768w, https:\/\/wp.unil.ch\/swiss100\/files\/2026\/01\/swiss100_wagner2100820-2-540x540.jpg 540w, https:\/\/wp.unil.ch\/swiss100\/files\/2026\/01\/swiss100_wagner2100820-2-1080x1080.jpg 1080w, https:\/\/wp.unil.ch\/swiss100\/files\/2026\/01\/swiss100_wagner2100820-2.jpg 1200w\" sizes=\"auto, (max-width: 1024px) 100vw, 1024px\" \/><figcaption class=\"wp-element-caption\">\u00c2ge au moment de la photo: 103<\/figcaption><\/figure>\n<\/div>\n\n\n\n<div class=\"wp-block-column is-layout-flow wp-block-column-is-layout-flow\">\n<p>Gerhart Wagner na\u00eet en 1920, cinqui\u00e8me d&rsquo;une fratrie de six enfants, dans la maison familiale, \u00e0 quelques kilom\u00e8tres seulement de son domicile actuel. Son p\u00e8re est enseignant, sa m\u00e8re l&rsquo;\u00e9tait \u00e9galement jusqu&rsquo;\u00e0 la naissance de ses enfants. Enfant, il passe beaucoup de temps dehors et est fascin\u00e9 par la nature : avec son ami, il observe les animaux et tient ensuite un journal.<\/p>\n\n\n\n<p>La jeunesse de Gerhart Wagner prend fin brutalement avec le d\u00e9but de la Seconde Guerre mondiale. Bien qu&rsquo;il doive d\u00e9sormais garder les vaches, il r\u00e9ussit tous les examens du baccalaur\u00e9at, sauf un, avec les meilleures notes. Il commence des \u00e9tudes pour devenir enseignant, mais \u00e0 l&rsquo;automne 1940, il est appel\u00e9 sous les drapeaux. Apr\u00e8s sa formation d&rsquo;officier, il est stationn\u00e9 \u00e0 la fronti\u00e8re italienne.<\/p>\n\n\n\n<p>Apr\u00e8s la guerre, il poursuit ses \u00e9tudes et obtient un doctorat en zoologie. Il enseigne ensuite les math\u00e9matiques, le sport et la biologie. Il \u00e9pouse Alice, avec qui il a quatre enfants. Mais sa femme est de plus en plus insatisfaite et, apr\u00e8s 31 ans, il se s\u00e9pare d&rsquo;elle, ce qui marque un tournant dans sa vie. C&rsquo;est alors qu&rsquo;il rencontre Anne-Marie. \u00ab Un bonheur inesp\u00e9r\u00e9 et imm\u00e9rit\u00e9 \u00bb, dit-il. Ils restent ensemble pour le reste de leur vie.<\/p>\n\n\n\n<p>Apr\u00e8s avoir \u00e9t\u00e9 enseignant pendant de nombreuses ann\u00e9es, puis directeur d&rsquo;\u00e9cole, Gerhart Wagner prend sa retraite \u00e0 63 ans. Il souhaite consacrer plus de temps \u00e0 son passe-temps, la science. \u00ab Ma p\u00e9riode productive \u00bb, dit-il. Le matin, il travaille deux ou trois heures, fait des randonn\u00e9es avec des amis ou \u00e9crit des lettres. Il passe ses apr\u00e8s-midis avec sa femme. Ils boivent du caf\u00e9, chantent, discutent. Pendant 14 ans, il travaille sur l&rsquo;ouvrage de r\u00e9f\u00e9rence \u00ab Flora Helvetica \u00bb, publi\u00e9 en 1996 ; il en est aujourd&rsquo;hui \u00e0 sa 7e \u00e9dition et est disponible sous forme d&rsquo;application. \u00c0 94 ans, il termine un dernier livre sur les moraines m\u00e9dianes. \u00c0 plus de 100 ans, il continue d&rsquo;\u00e9crire son journal intime et des e-mails.<\/p>\n\n\n\n<p>Il aime toujours aller \u00e0 la montagne et se r\u00e9jouit de voir les fleurs alpines rares. Ce n&rsquo;est qu&rsquo;\u00e0 partir de 90 ans qu&rsquo;il a de plus en plus de probl\u00e8mes de sant\u00e9 et subit trois op\u00e9rations. Mais il se remet rapidement sur pied et retourne sur sa montagne pr\u00e9f\u00e9r\u00e9e, le Bantiger. Cependant, marcher devient plus difficile. \u00c0 101 ans, il rend son permis de conduire et sa voiture.<\/p>\n\n\n\n<p>Quand on demande \u00e0 Gerhart Wagner quel est son secret, il hausse d&rsquo;abord les \u00e9paules d&rsquo;un air interrogateur, puis l\u00e8ve l&rsquo;index. Premi\u00e8rement : un demi-litre de lait par jour. Deuxi\u00e8mement : ne jamais prendre l&rsquo;escalator. Troisi\u00e8mement : de bons g\u00e8nes \u2013 ses parents ont v\u00e9cu longtemps, sa s\u0153ur est d\u00e9c\u00e9d\u00e9e \u00e0 105 ans. Il est \u00e9galement curieux, extraverti et disciplin\u00e9. Comme beaucoup de gens de sa g\u00e9n\u00e9ration, il n&rsquo;a pas eu une vie facile, mais il en a tir\u00e9 le meilleur parti.<\/p>\n\n\n\n<p>Maintenant, il estime qu&rsquo;il est temps de passer \u00e0 autre chose. Il aime passer du temps avec sa femme et ses enfants, mais il est fatigu\u00e9 et ses amis lui manquent.<\/p>\n<\/div>\n<\/div>\n","protected":false},"excerpt":{"rendered":"<p>\u00abDe un : un demi-litre de lait par jour. Et de deux : ne jamais prendre l\u2019escalator.\u00bb Gerhart Wagner na\u00eet en 1920, cinqui\u00e8me d&rsquo;une fratrie de six enfants,&hellip;<\/p>\n","protected":false},"author":1003049,"featured_media":0,"parent":0,"menu_order":0,"comment_status":"closed","ping_status":"closed","template":"","meta":{"_seopress_robots_primary_cat":"","_seopress_titles_title":"","_seopress_titles_desc":"","_seopress_robots_index":"","footnotes":""},"class_list":["post-6321","page","type-page","status-publish","has-post-thumbnail"],"_links":{"self":[{"href":"https:\/\/wp.unil.ch\/swiss100\/fr\/wp-json\/wp\/v2\/pages\/6321","targetHints":{"allow":["GET"]}}],"collection":[{"href":"https:\/\/wp.unil.ch\/swiss100\/fr\/wp-json\/wp\/v2\/pages"}],"about":[{"href":"https:\/\/wp.unil.ch\/swiss100\/fr\/wp-json\/wp\/v2\/types\/page"}],"author":[{"embeddable":true,"href":"https:\/\/wp.unil.ch\/swiss100\/fr\/wp-json\/wp\/v2\/users\/1003049"}],"replies":[{"embeddable":true,"href":"https:\/\/wp.unil.ch\/swiss100\/fr\/wp-json\/wp\/v2\/comments?post=6321"}],"version-history":[{"count":4,"href":"https:\/\/wp.unil.ch\/swiss100\/fr\/wp-json\/wp\/v2\/pages\/6321\/revisions"}],"predecessor-version":[{"id":7065,"href":"https:\/\/wp.unil.ch\/swiss100\/fr\/wp-json\/wp\/v2\/pages\/6321\/revisions\/7065"}],"wp:attachment":[{"href":"https:\/\/wp.unil.ch\/swiss100\/fr\/wp-json\/wp\/v2\/media?parent=6321"}],"curies":[{"name":"wp","href":"https:\/\/api.w.org\/{rel}","templated":true}]}}