{"id":6297,"date":"2025-12-10T12:56:54","date_gmt":"2025-12-10T11:56:54","guid":{"rendered":"https:\/\/wp.unil.ch\/swiss100\/?page_id=6297"},"modified":"2026-04-08T11:36:33","modified_gmt":"2026-04-08T09:36:33","slug":"marcelle-bucher","status":"publish","type":"page","link":"https:\/\/wp.unil.ch\/swiss100\/fr\/marcelle-bucher\/","title":{"rendered":"Marcelle Bucher"},"content":{"rendered":"\n<div class=\"wp-block-columns alignwide is-layout-flex wp-container-core-columns-is-layout-9d6595d7 wp-block-columns-is-layout-flex\">\n<div class=\"wp-block-column is-layout-flow wp-block-column-is-layout-flow\">\n<h4 class=\"wp-block-heading has-text-align-center\"><strong>\u00ab Prendre la vie comme elle est, et non comme on voudrait qu\u2019elle soit. \u00bb<\/strong>&nbsp;<\/h4>\n<\/div>\n<\/div>\n\n\n\n<div class=\"wp-block-columns alignwide is-layout-flex wp-container-core-columns-is-layout-9d6595d7 wp-block-columns-is-layout-flex\">\n<div class=\"wp-block-column is-layout-flow wp-block-column-is-layout-flow\">\n<figure class=\"wp-block-image size-large\"><img alt=\"\" loading=\"lazy\" decoding=\"async\" width=\"1024\" height=\"1024\" src=\"https:\/\/wp.unil.ch\/swiss100\/files\/2025\/12\/dsc09648-1024x1024.jpg\" alt=\"\" class=\"wp-image-6290\" srcset=\"https:\/\/wp.unil.ch\/swiss100\/files\/2025\/12\/dsc09648-1024x1024.jpg 1024w, https:\/\/wp.unil.ch\/swiss100\/files\/2025\/12\/dsc09648-300x300.jpg 300w, https:\/\/wp.unil.ch\/swiss100\/files\/2025\/12\/dsc09648-150x150.jpg 150w, https:\/\/wp.unil.ch\/swiss100\/files\/2025\/12\/dsc09648-768x768.jpg 768w, https:\/\/wp.unil.ch\/swiss100\/files\/2025\/12\/dsc09648-540x540.jpg 540w, https:\/\/wp.unil.ch\/swiss100\/files\/2025\/12\/dsc09648-1080x1080.jpg 1080w, https:\/\/wp.unil.ch\/swiss100\/files\/2025\/12\/dsc09648.jpg 1200w\" sizes=\"auto, (max-width: 1024px) 100vw, 1024px\" \/><figcaption class=\"wp-element-caption\">\u00c2ge au moment de la photo : 102 ans<\/figcaption><\/figure>\n\n\n\n<div class=\"wp-block-media-text\" style=\"grid-template-columns:23% auto\"><figure class=\"wp-block-media-text__media\"><a href=\"https:\/\/soundcloud.com\/swiss100\/marcelle-bucher-4?in=swiss100\/sets\/life-narrative-swiss100&amp;si=cd34e7c5c67e48df9fd099f739027dc0&amp;utm_source=clipboard&amp;utm_medium=text&amp;utm_campaign=social_sharing\"><img loading=\"lazy\" decoding=\"async\" width=\"500\" height=\"500\" src=\"https:\/\/wp.unil.ch\/swiss100\/files\/2025\/10\/audio-1.png\" alt=\"audio\" class=\"wp-image-5652 size-full\" srcset=\"https:\/\/wp.unil.ch\/swiss100\/files\/2025\/10\/audio-1.png 500w, https:\/\/wp.unil.ch\/swiss100\/files\/2025\/10\/audio-1-300x300.png 300w, https:\/\/wp.unil.ch\/swiss100\/files\/2025\/10\/audio-1-150x150.png 150w\" sizes=\"auto, (max-width: 500px) 100vw, 500px\" \/><\/a><\/figure><div class=\"wp-block-media-text__content\">\n<p>Cliquez sur l&rsquo;ic\u00f4ne pour \u00e9couter son histoire !<\/p>\n<\/div><\/div>\n<\/div>\n\n\n\n<div class=\"wp-block-column is-layout-flow wp-block-column-is-layout-flow\">\n<p>Marcelle Bucher na\u00eet en 1921 \u00e0 Gen\u00e8ve,&nbsp;et&nbsp;sa famille s\u2019installe dans le canton de Berne alors qu\u2019elle n\u2019a que trois ans.&nbsp;&nbsp;Des proches du c\u00f4t\u00e9 maternel proposent, \u00e0 son p\u00e8re, un emploi au sein de leur commerce. C\u2019est l\u00e0 qu\u2019elle apprend l\u2019allemand, ce qui lui vient facilement, contrairement \u00e0 son p\u00e8re.&nbsp;<\/p>\n\n\n\n<p>Son fr\u00e8re na\u00eet lorsqu&rsquo;elle a onze ans. Sa m\u00e8re travaille \u00e0 domicile comme couturi\u00e8re, et Marcelle Bucher re\u00e7oit tr\u00e8s t\u00f4t la responsabilit\u00e9 de veiller sur son petit fr\u00e8re. M\u00eame si elle aurait pr\u00e9f\u00e9r\u00e9 jouer avec les autres enfants, cela cr\u00e9e les bases d\u2019une relation tr\u00e8s forte entre eux, qui durera toute leur vie. Apr\u00e8s l\u2019\u00e9cole, elle fait un apprentissage puis travaille pendant huit ans dans la prestigieuse maison de semences&nbsp;Samen&nbsp;Vatter&nbsp;\u00e0 Berne.&nbsp;<\/p>\n\n\n\n<p>La Seconde Guerre mondiale repr\u00e9sente une p\u00e9riode terrible pour Marcelle Bucher. Les gens vivent dans la peur de ce qui se passe en Europe. Lorsque son p\u00e8re meurt en 1942, il n\u2019existe pas encore de rente de veuve. Sa m\u00e8re d\u00e9pend alors enti\u00e8rement des modestes revenus que Marcelle&nbsp;Bucher&nbsp;rapporte \u00e0 la maison. Malgr\u00e9 cette \u00e9poque difficile, il y a aussi de beaux moments.&nbsp;Elle&nbsp;raconte en riant comment elle a rencontr\u00e9 son mari en dansant dans un casino bernois. Bien qu\u2019il ne soit pas un bon danseur, il parvient \u00e0 la s\u00e9duire. Ils&nbsp;se mettent en&nbsp;couple et se marient. \u00c0 32 ans, elle donne naissance \u00e0 sa premi\u00e8re fille, puis \u00e0 sa seconde \u00e0 34 ans. Ensemble, ils partent souvent en randonn\u00e9e, par exemple dans la vall\u00e9e de la&nbsp;T\u00f6ss, \u00e0 Grindelwald ou au&nbsp;Gornergrat.&nbsp;<\/p>\n\n\n\n<p>Marcelle Bucher&nbsp;a toujours \u00e9t\u00e9 l\u00e0 pour sa famille et en est tr\u00e8s fi\u00e8re. Lorsque sa fille a\u00een\u00e9e, \u00e0 17 ans, veut arr\u00eater son apprentissage, se marier et fonder une famille,&nbsp;Marcelle Bucher&nbsp;a du mal \u00e0 comprendre ce choix. Elle sourit en pensant \u00e0 sa petite-fille devenue adulte : comme on peut parfois se faire tellement de soucis\u2026&nbsp;alors que&nbsp;tout peut finalement bien tourner !&nbsp;<\/p>\n\n\n\n<p>\u00c0 81 ans, son mari tombe malade d\u2019un cancer, et elle&nbsp;prend soin de lui&nbsp;pendant deux ans. Il&nbsp;d\u00e9c\u00e8de, le jour de leur anniversaire de mariage,&nbsp;apr\u00e8s 52 ans de&nbsp;vie commune.&nbsp;\u00c0 101 ans, apr\u00e8s une chute, elle emm\u00e9nage dans un home pour personnes \u00e2g\u00e9es. Elle s\u2019y adapte bien. Elle tricote beaucoup, chante avec les autres femmes et aime plaisanter de temps en temps avec les r\u00e9sidentes. Elle a toujours aim\u00e9 lire, mais ses yeux ne le lui permettent plus. Elle affirme cependant ne pas en \u00eatre triste : il faut l\u2019accepter, dit-elle, c\u2019est simplement l\u2019\u00e2ge. Lutter contre la vie ne sert \u00e0 rien.<\/p>\n\n\n\n<p>Atteindre 100 ans n\u2019a jamais \u00e9t\u00e9 un objectif pour&nbsp;Marcelle Bucher.&nbsp;Avoir 80 ans&nbsp;aurait&nbsp;d\u00e9j\u00e0 \u00e9t\u00e9 un bel \u00e2ge, cela lui aurait suffi. Elle n\u2019a pas de recette secr\u00e8te pour bien vieillir. En riant, elle dit que ce n\u2019est s\u00fbrement pas le sport, puisqu\u2019elle n\u2019en a jamais beaucoup fait. Peut-\u00eatre que l\u2019alimentation a jou\u00e9 un r\u00f4le : elle a toujours mang\u00e9 beaucoup de l\u00e9gumes et de fruits, mais&nbsp;pas&nbsp;de viande et peu d\u2019alcool.&nbsp;Sa mani\u00e8re d\u00e9tendue d\u2019aborder la vie a peut-\u00eatre \u00e9galement contribu\u00e9 \u00e0 sa long\u00e9vit\u00e9.<\/p>\n<\/div>\n<\/div>\n","protected":false},"excerpt":{"rendered":"<p>\u00ab Prendre la vie comme elle est, et non comme on voudrait qu\u2019elle soit. \u00bb&nbsp; Cliquez sur l&rsquo;ic\u00f4ne pour \u00e9couter son histoire ! Marcelle Bucher na\u00eet en 1921&hellip;<\/p>\n","protected":false},"author":1003049,"featured_media":0,"parent":0,"menu_order":0,"comment_status":"closed","ping_status":"closed","template":"","meta":{"_seopress_robots_primary_cat":"","_seopress_titles_title":"","_seopress_titles_desc":"","_seopress_robots_index":"","footnotes":""},"class_list":["post-6297","page","type-page","status-publish","has-post-thumbnail"],"_links":{"self":[{"href":"https:\/\/wp.unil.ch\/swiss100\/fr\/wp-json\/wp\/v2\/pages\/6297","targetHints":{"allow":["GET"]}}],"collection":[{"href":"https:\/\/wp.unil.ch\/swiss100\/fr\/wp-json\/wp\/v2\/pages"}],"about":[{"href":"https:\/\/wp.unil.ch\/swiss100\/fr\/wp-json\/wp\/v2\/types\/page"}],"author":[{"embeddable":true,"href":"https:\/\/wp.unil.ch\/swiss100\/fr\/wp-json\/wp\/v2\/users\/1003049"}],"replies":[{"embeddable":true,"href":"https:\/\/wp.unil.ch\/swiss100\/fr\/wp-json\/wp\/v2\/comments?post=6297"}],"version-history":[{"count":5,"href":"https:\/\/wp.unil.ch\/swiss100\/fr\/wp-json\/wp\/v2\/pages\/6297\/revisions"}],"predecessor-version":[{"id":7969,"href":"https:\/\/wp.unil.ch\/swiss100\/fr\/wp-json\/wp\/v2\/pages\/6297\/revisions\/7969"}],"wp:attachment":[{"href":"https:\/\/wp.unil.ch\/swiss100\/fr\/wp-json\/wp\/v2\/media?parent=6297"}],"curies":[{"name":"wp","href":"https:\/\/api.w.org\/{rel}","templated":true}]}}