{"id":6283,"date":"2025-12-10T12:37:42","date_gmt":"2025-12-10T11:37:42","guid":{"rendered":"https:\/\/wp.unil.ch\/swiss100\/?page_id=6283"},"modified":"2026-04-08T11:41:05","modified_gmt":"2026-04-08T09:41:05","slug":"walter-muller","status":"publish","type":"page","link":"https:\/\/wp.unil.ch\/swiss100\/fr\/walter-muller\/","title":{"rendered":"Walter M\u00fcller"},"content":{"rendered":"\n<div class=\"wp-block-columns alignwide is-layout-flex wp-container-core-columns-is-layout-9d6595d7 wp-block-columns-is-layout-flex\">\n<div class=\"wp-block-column is-layout-flow wp-block-column-is-layout-flow\">\n<h4 class=\"wp-block-heading has-text-align-center\"><strong>\u00ab Attendre et voir. \u00bb<\/strong>&nbsp;<\/h4>\n<\/div>\n<\/div>\n\n\n\n<div class=\"wp-block-columns alignwide is-layout-flex wp-container-core-columns-is-layout-9d6595d7 wp-block-columns-is-layout-flex\">\n<div class=\"wp-block-column is-layout-flow wp-block-column-is-layout-flow\">\n<figure class=\"wp-block-image size-large\"><img loading=\"lazy\" decoding=\"async\" width=\"1201\" height=\"1200\" src=\"https:\/\/wp.unil.ch\/swiss100\/files\/2025\/12\/dsc08064-edited.jpg\" alt=\"dsc08064\" class=\"wp-image-6278\" srcset=\"https:\/\/wp.unil.ch\/swiss100\/files\/2025\/12\/dsc08064-edited.jpg 1201w, https:\/\/wp.unil.ch\/swiss100\/files\/2025\/12\/dsc08064-edited-300x300.jpg 300w, https:\/\/wp.unil.ch\/swiss100\/files\/2025\/12\/dsc08064-edited-1024x1024.jpg 1024w, https:\/\/wp.unil.ch\/swiss100\/files\/2025\/12\/dsc08064-edited-150x150.jpg 150w, https:\/\/wp.unil.ch\/swiss100\/files\/2025\/12\/dsc08064-edited-768x767.jpg 768w, https:\/\/wp.unil.ch\/swiss100\/files\/2025\/12\/dsc08064-edited-540x540.jpg 540w, https:\/\/wp.unil.ch\/swiss100\/files\/2025\/12\/dsc08064-edited-1080x1079.jpg 1080w\" sizes=\"auto, (max-width: 1201px) 100vw, 1201px\" \/><figcaption class=\"wp-element-caption\">\u00c2ge au moment de la photo : 101 ans<\/figcaption><\/figure>\n\n\n\n<div class=\"wp-block-media-text\" style=\"grid-template-columns:23% auto\"><figure class=\"wp-block-media-text__media\"><a href=\"https:\/\/soundcloud.com\/swiss100\/walter-muller-7?in=swiss100\/sets\/life-narrative-swiss100&amp;si=2d2ca149ed704dd3869f3f5b7fbabd77&amp;utm_source=clipboard&amp;utm_medium=text&amp;utm_campaign=social_sharing\"><img loading=\"lazy\" decoding=\"async\" width=\"500\" height=\"500\" src=\"https:\/\/wp.unil.ch\/swiss100\/files\/2025\/10\/audio-1.png\" alt=\"audio\" class=\"wp-image-5652 size-full\" srcset=\"https:\/\/wp.unil.ch\/swiss100\/files\/2025\/10\/audio-1.png 500w, https:\/\/wp.unil.ch\/swiss100\/files\/2025\/10\/audio-1-300x300.png 300w, https:\/\/wp.unil.ch\/swiss100\/files\/2025\/10\/audio-1-150x150.png 150w\" sizes=\"auto, (max-width: 500px) 100vw, 500px\" \/><\/a><\/figure><div class=\"wp-block-media-text__content\">\n<p>Cliquez sur l&rsquo;ic\u00f4ne pour \u00e9couter son histoire !<\/p>\n<\/div><\/div>\n<\/div>\n\n\n\n<div class=\"wp-block-column is-layout-flow wp-block-column-is-layout-flow\">\n<p>Walter M\u00fcller na\u00eet en 1922 \u00e0 Zurich, dans une famille modeste, marqu\u00e9e par les difficult\u00e9s. Il se souvient d\u2019une enfance sans grandes perspectives : \u00ab J\u2019ai commenc\u00e9 tout en bas de l\u2019\u00e9chelle \u00bb, dit-il.&nbsp;Ses parents d\u00e9cident pour lui qu\u2019il doit travailler tr\u00e8s jeune dans l\u2019atelier de serrurerie de son parrain afin de le reprendre plus tard. Il doit effectuer un apprentissage \u00e0 la serrurerie Lerch, sans discuter, comme cela se faisait \u00e0 l\u2019\u00e9poque. Une fois form\u00e9, il commence toutefois \u00e0 travailler aux transports publics de la ville de Zurich (VBZ).&nbsp;<\/p>\n\n\n\n<p>Walter M\u00fcller se marie en 1945. Suivent huit ann\u00e9es difficiles.&nbsp;&nbsp;En 1947, sa femme souffre d\u2019une endocardite, alors inop\u00e9rable. En 1955, il doit partir travailler et veut dire au revoir \u00e0 sa femme alit\u00e9e. \u00ab Elle a pouss\u00e9 deux cris per\u00e7ants, puis elle est dec\u00e9d\u00e9e \u00bb, raconte-t-il. Il n\u2019oubliera jamais ce moment. Puis, le destin lui sourit : en 1959, il se remarie avec une femme d\u00e9j\u00e0 m\u00e8re de famille. Elle a une fille et un fils&nbsp;&nbsp;issus d\u2019un premier mariage, qu\u2019il accueille comme les siens.&nbsp;Encore \u00e0 101 ans, il voit son fils plusieurs fois par semaine, ainsi que sa famille.&nbsp;<\/p>\n\n\n\n<p>Aux VBZ, Walter M\u00fcller travaille comme conducteur pendant 13 ans et 11 ans au poste de supervision, responsable des rapports des conducteurs et de l\u2019attribution des services. Le climat y est tr\u00e8s mauvais, les disputes sont presque quotidiennes. Il en souffre \u00e9norm\u00e9ment et craque en 1969. Son voisin lui conseille alors de postuler pour un travail au service social, o\u00f9 lui-m\u00eame est agent de terrain. Comme un collaborateur d\u00e9c\u00e8de de mani\u00e8re inattendue, Walter M\u00fcller obtient ce poste. Il en est extr\u00eamement reconnaissant, car le travail est tr\u00e8s int\u00e9ressant et vari\u00e9 : il est en contact avec toutes les couches de la population, ce qui \u00e9largit fortement son horizon. Walter M\u00fcller dit : \u00ab Gr\u00e2ce \u00e0 cela, je suis enfin arriv\u00e9 en haut. \u00bb&nbsp;Il y passe 15 belles ann\u00e9es jusqu\u2019\u00e0 sa retraite.&nbsp;<\/p>\n\n\n\n<p>Atteindre 100 ans est pour Walter M\u00fcller un cadeau. M\u00eame s\u2019il a d\u00fb faire face \u00e0 des probl\u00e8mes de sant\u00e9 (embolie pulmonaire et diverses op\u00e9rations), il se porte bien. Son secret ne r\u00e9side pas dans des habitudes de vie particuli\u00e8res, mais dans une attitude sereine face \u00e0 l\u2019existence. \u00c0 la question de savoir comment il a r\u00e9ussi \u00e0 devenir si \u00e2g\u00e9, il r\u00e9pond en souriant : \u00ab Attendre et voir.\u00bb&nbsp;Malgr\u00e9 son \u00e2ge, Walter M\u00fcller reste actif et plein de joie de vivre. Le m\u00e9nage le maintient occup\u00e9, et il est souvent invit\u00e9 chez des amis ou en famille. Il aime aussi jouer au sudoku, m\u00eame s\u2019il a besoin d\u2019une forte loupe, ou regarder un film int\u00e9ressant. Il aime tout particuli\u00e8rement rendre visite \u00e0 d\u2019autres centenaires pour jouer aux cartes et \u00e9changer des histoires.<\/p>\n\n\n\n<p>Malgr\u00e9 les \u00e9preuves, Walter M\u00fcller est un homme qui diffuse beaucoup d\u2019humour et qui regarde sa vie avec satisfaction. Il est reconnaissant pour toutes les exp\u00e9riences qu\u2019il a pu vivre et du fait qu\u2019il se sente encore si bien.&nbsp;&nbsp;<a href=\"https:\/\/wp.unil.ch\/swiss100\/wp-admin\/post.php?post=4678&amp;action=edit&amp;lang=fr\"><\/a><\/p>\n<\/div>\n<\/div>\n","protected":false},"excerpt":{"rendered":"<p>\u00ab Attendre et voir. \u00bb&nbsp; Cliquez sur l&rsquo;ic\u00f4ne pour \u00e9couter son histoire ! Walter M\u00fcller na\u00eet en 1922 \u00e0 Zurich, dans une famille modeste, marqu\u00e9e par les difficult\u00e9s.&hellip;<\/p>\n","protected":false},"author":1003048,"featured_media":0,"parent":0,"menu_order":0,"comment_status":"closed","ping_status":"closed","template":"","meta":{"_seopress_robots_primary_cat":"","_seopress_titles_title":"","_seopress_titles_desc":"","_seopress_robots_index":"","footnotes":""},"class_list":["post-6283","page","type-page","status-publish","has-post-thumbnail"],"_links":{"self":[{"href":"https:\/\/wp.unil.ch\/swiss100\/fr\/wp-json\/wp\/v2\/pages\/6283","targetHints":{"allow":["GET"]}}],"collection":[{"href":"https:\/\/wp.unil.ch\/swiss100\/fr\/wp-json\/wp\/v2\/pages"}],"about":[{"href":"https:\/\/wp.unil.ch\/swiss100\/fr\/wp-json\/wp\/v2\/types\/page"}],"author":[{"embeddable":true,"href":"https:\/\/wp.unil.ch\/swiss100\/fr\/wp-json\/wp\/v2\/users\/1003048"}],"replies":[{"embeddable":true,"href":"https:\/\/wp.unil.ch\/swiss100\/fr\/wp-json\/wp\/v2\/comments?post=6283"}],"version-history":[{"count":4,"href":"https:\/\/wp.unil.ch\/swiss100\/fr\/wp-json\/wp\/v2\/pages\/6283\/revisions"}],"predecessor-version":[{"id":7973,"href":"https:\/\/wp.unil.ch\/swiss100\/fr\/wp-json\/wp\/v2\/pages\/6283\/revisions\/7973"}],"wp:attachment":[{"href":"https:\/\/wp.unil.ch\/swiss100\/fr\/wp-json\/wp\/v2\/media?parent=6283"}],"curies":[{"name":"wp","href":"https:\/\/api.w.org\/{rel}","templated":true}]}}