{"id":6257,"date":"2025-12-10T12:02:01","date_gmt":"2025-12-10T11:02:01","guid":{"rendered":"https:\/\/wp.unil.ch\/swiss100\/?page_id=6257"},"modified":"2026-04-08T11:39:23","modified_gmt":"2026-04-08T09:39:23","slug":"leonilde-lurati","status":"publish","type":"page","link":"https:\/\/wp.unil.ch\/swiss100\/fr\/leonilde-lurati\/","title":{"rendered":"Leonilde Lurati"},"content":{"rendered":"\n<div class=\"wp-block-columns alignwide is-layout-flex wp-container-core-columns-is-layout-9d6595d7 wp-block-columns-is-layout-flex\">\n<div class=\"wp-block-column is-layout-flow wp-block-column-is-layout-flow\">\n<h4 class=\"wp-block-heading has-text-align-center\"><strong>\u00ab Rester tranquille, essayer de ne pas avoir trop et ne pas pr\u00e9tendre comprendre le monde. \u00bb&nbsp;<\/strong><\/h4>\n<\/div>\n<\/div>\n\n\n\n<div class=\"wp-block-columns alignwide is-layout-flex wp-container-core-columns-is-layout-9d6595d7 wp-block-columns-is-layout-flex\">\n<div class=\"wp-block-column is-layout-flow wp-block-column-is-layout-flow\">\n<figure class=\"wp-block-image size-large\"><img alt=\"\" loading=\"lazy\" decoding=\"async\" width=\"1024\" height=\"1024\" src=\"https:\/\/wp.unil.ch\/swiss100\/files\/2025\/12\/dsc04079-1024x1024.jpg\" alt=\"\" class=\"wp-image-6248\" srcset=\"https:\/\/wp.unil.ch\/swiss100\/files\/2025\/12\/dsc04079-1024x1024.jpg 1024w, https:\/\/wp.unil.ch\/swiss100\/files\/2025\/12\/dsc04079-300x300.jpg 300w, https:\/\/wp.unil.ch\/swiss100\/files\/2025\/12\/dsc04079-150x150.jpg 150w, https:\/\/wp.unil.ch\/swiss100\/files\/2025\/12\/dsc04079-768x768.jpg 768w, https:\/\/wp.unil.ch\/swiss100\/files\/2025\/12\/dsc04079-540x540.jpg 540w, https:\/\/wp.unil.ch\/swiss100\/files\/2025\/12\/dsc04079-1080x1080.jpg 1080w, https:\/\/wp.unil.ch\/swiss100\/files\/2025\/12\/dsc04079.jpg 1200w\" sizes=\"auto, (max-width: 1024px) 100vw, 1024px\" \/><figcaption class=\"wp-element-caption\">\u00c2ge au moment de la photo : 101 ans<\/figcaption><\/figure>\n\n\n\n<div class=\"wp-block-media-text\" style=\"grid-template-columns:23% auto\"><figure class=\"wp-block-media-text__media\"><a href=\"https:\/\/soundcloud.com\/swiss100\/leonilde-lurati-6?in=swiss100\/sets\/life-narrative-swiss100&amp;si=b117635fdaa34318ad0a08a9f5be8c2b&amp;utm_source=clipboard&amp;utm_medium=text&amp;utm_campaign=social_sharing\"><img loading=\"lazy\" decoding=\"async\" width=\"500\" height=\"500\" src=\"https:\/\/wp.unil.ch\/swiss100\/files\/2025\/10\/audio-1.png\" alt=\"audio\" class=\"wp-image-5652 size-full\" srcset=\"https:\/\/wp.unil.ch\/swiss100\/files\/2025\/10\/audio-1.png 500w, https:\/\/wp.unil.ch\/swiss100\/files\/2025\/10\/audio-1-300x300.png 300w, https:\/\/wp.unil.ch\/swiss100\/files\/2025\/10\/audio-1-150x150.png 150w\" sizes=\"auto, (max-width: 500px) 100vw, 500px\" \/><\/a><\/figure><div class=\"wp-block-media-text__content\">\n<p>Cliquez sur l&rsquo;ic\u00f4ne pour \u00e9couter son histoire !<\/p>\n<\/div><\/div>\n<\/div>\n\n\n\n<div class=\"wp-block-column is-layout-flow wp-block-column-is-layout-flow\">\n<p>Leonilde Lurati na\u00eet en 1922 dans le village de Canobbio, pr\u00e8s de Lugano. Derni\u00e8re d\u2019une fratrie de dix enfants, elle grandit \u00e0 une \u00e9poque difficile : \u00ab il y avait de la mis\u00e8re \u00bb, dit-elle. Les souvenirs restent pourtant joyeux : \u00ab Nous avions beaucoup d\u2019amis, j\u2019ai eu une belle enfance \u00bb. Les enfants jouent dans les rues, se contentent de peu, et la simple sortie \u00e0 la gare pour voir passer le tram devient un \u00e9v\u00e9nement. Tr\u00e8s t\u00f4t, cependant, il faut travailler. Leonilde Lurati devient vendeuse \u00e0 Lugano, un m\u00e9tier qu\u2019elle aime profond\u00e9ment mais qui sera de courte dur\u00e9e. Elle continue n\u00e9anmoins \u00e0 travailler comme femme-\u00e0-tout-faire pour la propri\u00e9taire du magasin, avec laquelle elle gardera le contact jusqu\u2019\u00e0 la pand\u00e9mie de 2020.&nbsp;<\/p>\n\n\n\n<p>C\u2019est dans les rues de son village que Leonilde Lurati rencontre Alfredo, son futur mari. Ils se marient, travaillent beaucoup et fondent une famille de quatre enfants. En 1952, ils r\u00e9novent une ancienne grange au c\u0153ur du village pour en faire leur maison familiale. Tous participent aux travaux, m\u00eame les enfants qui aident \u00e0 am\u00e9nager la vigne et le potager dont Leonilde Lurati s\u2019occupera longtemps. Son \u00e9poux devient huissier communal \u00e0 Canobbio, et elle aussi travaille pour la commune : elle nettoie les locaux, accompagne les enfants chez le dentiste scolaire et s\u2019engage dans la vie du village. Elle garde un souvenir douloureux de la perte de son mari, en 1997, apr\u00e8s 54 ans de mariage, et de celle de sa plus jeune fille, d\u00e9c\u00e9d\u00e9e \u00e0 63 ans.\u202f<\/p>\n\n\n\n<p>Tr\u00e8s investie dans la vie paroissiale, Leonilde Lurati participe \u00e0 dix-huit p\u00e8lerinages \u00e0 Lourdes, d\u2019abord comme fid\u00e8le, puis avec le groupe des malades. Elle s\u2019occupe \u00e9galement de la petite chapelle de Notre-Dame de Lourdes, qu\u2019elle d\u00e9core de fleurs, symbole de sa passion. Les fleurs l\u2019accompagnent presque toute sa vie, jusqu\u2019en 2020 o\u00f9 ses mains deviennent trop douloureuses pour continuer : en papier, en tissu, en plastique ou en fil de fer, elle en confectionne pour les mariages, les communions, les f\u00eates de village ou pour la c\u00e9l\u00e9bration de l\u2019Immacul\u00e9e Conception. \u00ab Elle voyait une fleur et \u00e9tait capable de la reproduire \u00bb, raconte sa fille.&nbsp;&nbsp;<\/p>\n\n\n\n<p>Sa maison, au c\u0153ur du village r\u00e9nov\u00e9, est remplie de fleurs et de photographies : souvenirs de f\u00eates, de voyages, de moments partag\u00e9s. \u00c0 104 ans, ses enfants prennent soin d\u2019elle \u00e0 tour de r\u00f4le, une semaine chacun. La maison a \u00e9t\u00e9 adapt\u00e9e \u00e0 ses besoins, mais pour Leonilde Lurati sortir est devenu presque impossible \u00e0 cause des escaliers : cela, ainsi que son important probl\u00e8me d\u2019audition, la tiennent \u00e9loign\u00e9e de son village tant aim\u00e9 et des relations sociales importantes qu\u2019elle y entretenait. \u00c0 plus 100 ans, malgr\u00e9 les difficult\u00e9s dues \u00e0 l\u2019\u00e2ge, les douleurs aux mains et aux genoux, Leonilde Lurati vit chez elle de mani\u00e8re autonome et conserve lucidit\u00e9 et sagesse : \u00ab Pour moi, j\u2019ai tout. Je ne peux plus faire davantage que ce que je fais ; alors tout ce que je peux encore faire me rend heureuse. De ma vie, je suis contente \u00bb.&nbsp;<\/p>\n<\/div>\n<\/div>\n","protected":false},"excerpt":{"rendered":"<p>\u00ab Rester tranquille, essayer de ne pas avoir trop et ne pas pr\u00e9tendre comprendre le monde. \u00bb&nbsp; Cliquez sur l&rsquo;ic\u00f4ne pour \u00e9couter son histoire ! Leonilde Lurati na\u00eet&hellip;<\/p>\n","protected":false},"author":1003049,"featured_media":0,"parent":0,"menu_order":0,"comment_status":"closed","ping_status":"closed","template":"","meta":{"_seopress_robots_primary_cat":"","_seopress_titles_title":"","_seopress_titles_desc":"","_seopress_robots_index":"","footnotes":""},"class_list":["post-6257","page","type-page","status-publish","has-post-thumbnail"],"_links":{"self":[{"href":"https:\/\/wp.unil.ch\/swiss100\/fr\/wp-json\/wp\/v2\/pages\/6257","targetHints":{"allow":["GET"]}}],"collection":[{"href":"https:\/\/wp.unil.ch\/swiss100\/fr\/wp-json\/wp\/v2\/pages"}],"about":[{"href":"https:\/\/wp.unil.ch\/swiss100\/fr\/wp-json\/wp\/v2\/types\/page"}],"author":[{"embeddable":true,"href":"https:\/\/wp.unil.ch\/swiss100\/fr\/wp-json\/wp\/v2\/users\/1003049"}],"replies":[{"embeddable":true,"href":"https:\/\/wp.unil.ch\/swiss100\/fr\/wp-json\/wp\/v2\/comments?post=6257"}],"version-history":[{"count":4,"href":"https:\/\/wp.unil.ch\/swiss100\/fr\/wp-json\/wp\/v2\/pages\/6257\/revisions"}],"predecessor-version":[{"id":7972,"href":"https:\/\/wp.unil.ch\/swiss100\/fr\/wp-json\/wp\/v2\/pages\/6257\/revisions\/7972"}],"wp:attachment":[{"href":"https:\/\/wp.unil.ch\/swiss100\/fr\/wp-json\/wp\/v2\/media?parent=6257"}],"curies":[{"name":"wp","href":"https:\/\/api.w.org\/{rel}","templated":true}]}}