{"id":6238,"date":"2025-12-10T11:48:20","date_gmt":"2025-12-10T10:48:20","guid":{"rendered":"https:\/\/wp.unil.ch\/swiss100\/?page_id=6238"},"modified":"2026-04-08T11:45:35","modified_gmt":"2026-04-08T09:45:35","slug":"harry-trevisani","status":"publish","type":"page","link":"https:\/\/wp.unil.ch\/swiss100\/fr\/harry-trevisani\/","title":{"rendered":"Harry Trevisani"},"content":{"rendered":"\n<div class=\"wp-block-columns alignwide is-layout-flex wp-container-core-columns-is-layout-9d6595d7 wp-block-columns-is-layout-flex\">\n<div class=\"wp-block-column is-layout-flow wp-block-column-is-layout-flow\">\n<h4 class=\"wp-block-heading has-text-align-center\"><strong><strong>\u00abOn doit \u00eatre jet\u00e9 \u00e0 l\u2019eau froide pour apprendre \u00e0 nager.\u00bb<\/strong>&nbsp;<\/strong><\/h4>\n<\/div>\n<\/div>\n\n\n\n<div class=\"wp-block-columns alignwide is-layout-flex wp-container-core-columns-is-layout-9d6595d7 wp-block-columns-is-layout-flex\">\n<div class=\"wp-block-column is-layout-flow wp-block-column-is-layout-flow\">\n<figure class=\"wp-block-image size-large\"><img alt=\"\" loading=\"lazy\" decoding=\"async\" width=\"1024\" height=\"1024\" src=\"https:\/\/wp.unil.ch\/swiss100\/files\/2026\/01\/dsc07044_trevisani-2-1024x1024.jpg\" alt=\"\" class=\"wp-image-6404\" srcset=\"https:\/\/wp.unil.ch\/swiss100\/files\/2026\/01\/dsc07044_trevisani-2-1024x1024.jpg 1024w, https:\/\/wp.unil.ch\/swiss100\/files\/2026\/01\/dsc07044_trevisani-2-300x300.jpg 300w, https:\/\/wp.unil.ch\/swiss100\/files\/2026\/01\/dsc07044_trevisani-2-150x150.jpg 150w, https:\/\/wp.unil.ch\/swiss100\/files\/2026\/01\/dsc07044_trevisani-2-768x768.jpg 768w, https:\/\/wp.unil.ch\/swiss100\/files\/2026\/01\/dsc07044_trevisani-2-540x540.jpg 540w, https:\/\/wp.unil.ch\/swiss100\/files\/2026\/01\/dsc07044_trevisani-2-1080x1080.jpg 1080w, https:\/\/wp.unil.ch\/swiss100\/files\/2026\/01\/dsc07044_trevisani-2.jpg 1200w\" sizes=\"auto, (max-width: 1024px) 100vw, 1024px\" \/><figcaption class=\"wp-element-caption\">\u00c2ge au moment de la photo : 101 ans<\/figcaption><\/figure>\n<\/div>\n\n\n\n<div class=\"wp-block-column is-layout-flow wp-block-column-is-layout-flow\">\n<p>Harry Trevisani na\u00eet en 1922 \u00e0 Zurich. Il passe son enfance \u00e0 Milan aupr\u00e8s de ses parents, o\u00f9 il fr\u00e9quente l\u2019\u00c9cole suisse. Apr\u00e8s la scolarit\u00e9 obligatoire, ses parents l\u2019envoient \u00e0 l\u2019\u00e9cole cantonale de Trogen (AR), afin qu\u2019il continue de b\u00e9n\u00e9ficier du syst\u00e8me scolaire suisse. Ce changement n\u2019est pas simple pour lui, surtout durant sa premi\u00e8re ann\u00e9e au gymnase : le mal du pays le ronge, il se sent seul et triste. Avec le temps, pourtant, il s\u2019adapte et parvient \u00e0 tisser des amiti\u00e9s qui dureront longtemps.<\/p>\n\n\n\n<p>Apr\u00e8s sa maturit\u00e9, Harry Trevisani retourne en Italie et commence ses \u00e9tudes \u00e0 l\u2019\u00c9cole polytechnique de Turin. Mais tout cela prend rapidement fin : la Seconde Guerre mondiale \u00e9clate. Les bombardements r\u00e9guliers sur Turin l\u2019obligent \u00e0 passer ses nuits dans des abris antia\u00e9riens ou chez des amis suisses. Un matin, en d\u00e9couvrant le b\u00e2timent de l\u2019universit\u00e9 r\u00e9duit \u00e0 un tas de gravats, il d\u00e9cide de rentrer en Suisse, o\u00f9 il \u00e9tudiera le g\u00e9nie m\u00e9canique \u00e0 l\u2019ETH Zurich.<\/p>\n\n\n\n<p>Son grand r\u00eave est de travailler dans l\u2019a\u00e9ronautique. Il \u00e9migre donc plus tard aux \u00c9tats-Unis, o\u00f9 il ach\u00e8ve sa formation. La guerre est termin\u00e9e, mais la situation \u00e9conomique am\u00e9ricaine reste difficile : jeune ing\u00e9nieur fra\u00eechement dipl\u00f4m\u00e9, il ne parvient pas \u00e0 trouver un emploi. Sa tentative de fonder une entreprise avec des amis \u00e9choue \u00e9galement.<\/p>\n\n\n\n<p>Harry Trevisani retourne alors en Suisse et entre chez les fr\u00e8res Sulzer \u00e0 Winterthur. Comme repr\u00e9sentant de l\u2019entreprise, il parcourt ensuite le monde entier. Il vit en Inde, o\u00f9 il rencontre sa femme, mais aussi au Pakistan, en Espagne et au Japon. Durant ces ann\u00e9es, il devient p\u00e8re de trois filles, n\u00e9es en 1955, 1957 et 1959.<\/p>\n\n\n\n<p>Par la suite, il travaille dans une entreprise sp\u00e9cialis\u00e9e dans les valves pour ol\u00e9oducs et les appareils de mesure du d\u00e9bit de p\u00e9trole. Le dernier volet de sa carri\u00e8re se d\u00e9roule dans une soci\u00e9t\u00e9 qui d\u00e9veloppe des hydropt\u00e8res, d\u2019abord comme employ\u00e9, puis comme propri\u00e9taire.<\/p>\n\n\n\n<p>Toute sa vie, Trevisani reste actif et continue d\u2019apprendre : il s\u2019entra\u00eene au vol acrobatique, navigue sur diff\u00e9rents types de bateaux, construit des maisons. M\u00eame apr\u00e8s ses 100 ans, il conduit encore et sort chaque jour. Il \u00e9labore toujours de nouveaux projets, utilise son ordinateur pour \u00e9crire des courriels, et veut continuellement sortir de chez lui.<\/p>\n\n\n\n<p>Il y a trois ans, sa femme s\u2019est \u00e9teinte ; ils se connaissaient depuis 70 ans. Depuis, l\u2019une de ses filles vit avec lui, \u00e0 l\u2019\u00e9tage sup\u00e9rieur de la maison, o\u00f9 elle tient un institut de beaut\u00e9.<\/p>\n\n\n\n<p>Devenir centenaire n\u2019a jamais \u00e9t\u00e9 son objectif, mais il se dit reconnaissant d\u2019avoir atteint cet \u00e2ge en si bonne sant\u00e9. Avec un sourire ironique, il reconna\u00eet que, parfois, il se sent plus jeune que ses 100 ans et veut alors faire des choses qu\u2019il ne peut plus vraiment accomplir. Mais sa curiosit\u00e9 l\u2019a toujours pouss\u00e9 \u00e0 explorer l\u2019inconnu.<\/p>\n<\/div>\n<\/div>\n","protected":false},"excerpt":{"rendered":"<p>\u00abOn doit \u00eatre jet\u00e9 \u00e0 l\u2019eau froide pour apprendre \u00e0 nager.\u00bb&nbsp; Harry Trevisani na\u00eet en 1922 \u00e0 Zurich. Il passe son enfance \u00e0 Milan aupr\u00e8s de ses parents,&hellip;<\/p>\n","protected":false},"author":1003048,"featured_media":0,"parent":0,"menu_order":0,"comment_status":"closed","ping_status":"closed","template":"","meta":{"_seopress_robots_primary_cat":"","_seopress_titles_title":"","_seopress_titles_desc":"","_seopress_robots_index":"","footnotes":""},"class_list":["post-6238","page","type-page","status-publish","has-post-thumbnail"],"_links":{"self":[{"href":"https:\/\/wp.unil.ch\/swiss100\/fr\/wp-json\/wp\/v2\/pages\/6238","targetHints":{"allow":["GET"]}}],"collection":[{"href":"https:\/\/wp.unil.ch\/swiss100\/fr\/wp-json\/wp\/v2\/pages"}],"about":[{"href":"https:\/\/wp.unil.ch\/swiss100\/fr\/wp-json\/wp\/v2\/types\/page"}],"author":[{"embeddable":true,"href":"https:\/\/wp.unil.ch\/swiss100\/fr\/wp-json\/wp\/v2\/users\/1003048"}],"replies":[{"embeddable":true,"href":"https:\/\/wp.unil.ch\/swiss100\/fr\/wp-json\/wp\/v2\/comments?post=6238"}],"version-history":[{"count":4,"href":"https:\/\/wp.unil.ch\/swiss100\/fr\/wp-json\/wp\/v2\/pages\/6238\/revisions"}],"predecessor-version":[{"id":6775,"href":"https:\/\/wp.unil.ch\/swiss100\/fr\/wp-json\/wp\/v2\/pages\/6238\/revisions\/6775"}],"wp:attachment":[{"href":"https:\/\/wp.unil.ch\/swiss100\/fr\/wp-json\/wp\/v2\/media?parent=6238"}],"curies":[{"name":"wp","href":"https:\/\/api.w.org\/{rel}","templated":true}]}}