{"id":6229,"date":"2025-12-10T11:44:33","date_gmt":"2025-12-10T10:44:33","guid":{"rendered":"https:\/\/wp.unil.ch\/swiss100\/?page_id=6229"},"modified":"2026-04-08T11:37:32","modified_gmt":"2026-04-08T09:37:32","slug":"maria-castiglioni","status":"publish","type":"page","link":"https:\/\/wp.unil.ch\/swiss100\/fr\/maria-castiglioni\/","title":{"rendered":"Maria Castiglioni"},"content":{"rendered":"\n<div class=\"wp-block-columns alignwide is-layout-flex wp-container-core-columns-is-layout-9d6595d7 wp-block-columns-is-layout-flex\">\n<div class=\"wp-block-column is-layout-flow wp-block-column-is-layout-flow\">\n<h4 class=\"wp-block-heading has-text-align-center\"><strong><strong><strong>\u00ab J\u2019ai eu une vie simple. \u00bb<\/strong>&nbsp;<\/strong><\/strong><\/h4>\n<\/div>\n<\/div>\n\n\n\n<div class=\"wp-block-columns alignwide is-layout-flex wp-container-core-columns-is-layout-9d6595d7 wp-block-columns-is-layout-flex\">\n<div class=\"wp-block-column is-layout-flow wp-block-column-is-layout-flow\">\n<figure class=\"wp-block-image size-large\"><img alt=\"\" loading=\"lazy\" decoding=\"async\" width=\"1024\" height=\"1024\" src=\"https:\/\/wp.unil.ch\/swiss100\/files\/2025\/12\/dsc04472-1024x1024.jpg\" alt=\"\" class=\"wp-image-6212\" srcset=\"https:\/\/wp.unil.ch\/swiss100\/files\/2025\/12\/dsc04472-1024x1024.jpg 1024w, https:\/\/wp.unil.ch\/swiss100\/files\/2025\/12\/dsc04472-300x300.jpg 300w, https:\/\/wp.unil.ch\/swiss100\/files\/2025\/12\/dsc04472-150x150.jpg 150w, https:\/\/wp.unil.ch\/swiss100\/files\/2025\/12\/dsc04472-768x768.jpg 768w, https:\/\/wp.unil.ch\/swiss100\/files\/2025\/12\/dsc04472-540x540.jpg 540w, https:\/\/wp.unil.ch\/swiss100\/files\/2025\/12\/dsc04472-1080x1080.jpg 1080w, https:\/\/wp.unil.ch\/swiss100\/files\/2025\/12\/dsc04472.jpg 1200w\" sizes=\"auto, (max-width: 1024px) 100vw, 1024px\" \/><figcaption class=\"wp-element-caption\">\u00c2ge au moment de la photo: 105<\/figcaption><\/figure>\n\n\n\n<div class=\"wp-block-media-text\" style=\"grid-template-columns:23% auto\"><figure class=\"wp-block-media-text__media\"><a href=\"https:\/\/soundcloud.com\/swiss100\/maria-castiglioni-5?in=swiss100\/sets\/life-narrative-swiss100&amp;si=00629e6ec5cd49bca5d414dddaa208c8&amp;utm_source=clipboard&amp;utm_medium=text&amp;utm_campaign=social_sharing\"><img loading=\"lazy\" decoding=\"async\" width=\"500\" height=\"500\" src=\"https:\/\/wp.unil.ch\/swiss100\/files\/2025\/10\/audio-1.png\" alt=\"audio\" class=\"wp-image-5652 size-full\" srcset=\"https:\/\/wp.unil.ch\/swiss100\/files\/2025\/10\/audio-1.png 500w, https:\/\/wp.unil.ch\/swiss100\/files\/2025\/10\/audio-1-300x300.png 300w, https:\/\/wp.unil.ch\/swiss100\/files\/2025\/10\/audio-1-150x150.png 150w\" sizes=\"auto, (max-width: 500px) 100vw, 500px\" \/><\/a><\/figure><div class=\"wp-block-media-text__content\">\n<p>Cliquez sur l&rsquo;ic\u00f4ne pour \u00e9couter son histoire !<\/p>\n<\/div><\/div>\n<\/div>\n\n\n\n<div class=\"wp-block-column is-layout-flow wp-block-column-is-layout-flow\">\n<p>Maria Carla Castiglioni na\u00eet \u00e0 Milan en 1920. Ses parents viennent d\u2019un village de la province de Var\u00e8se. Sa m\u00e8re est femme au foyer et son p\u00e8re, contrema\u00eetre, dirige une entreprise de construction tr\u00e8s active dans la ville de Milan. Maria Castiglioni, comme elle aime se faire appeler, vit une enfance ordinaire, sans \u00e9v\u00e9nements particuli\u00e8rement marquants, aux c\u00f4t\u00e9s de ses trois fr\u00e8res et s\u0153urs : Agnese, Ugo et le plus jeune, Cleme, n\u00e9 en 1926.&nbsp;<\/p>\n\n\n\n<p>\u00c0 l\u2019\u00e9cole, Maria Castiglioni se distingue par sa vivacit\u00e9 et sa perspicacit\u00e9, des qualit\u00e9s qui la m\u00e8neront plus tard \u00e0 devenir enseignante. Elle enseigne \u00e0 l\u2019Institut des S\u0153urs Marcellines, Piazza Tommaseo \u00e0 Milan. C\u00e9libataire, elle s\u2019est toujours int\u00e9ress\u00e9e \u00e0 la vie de ses \u00e9l\u00e8ves. Elle aime les spectacles scolaires ouverts au public, l\u2019amiti\u00e9 avec les enseignantes religieuses et appr\u00e9cie l\u2019atmosph\u00e8re chaleureuse de son environnement de travail.&nbsp;<\/p>\n\n\n\n<p>Apr\u00e8s sa retraite, Maria Castiglioni donne des cours priv\u00e9s \u00e0 domicile et s\u2019occupe de sa m\u00e8re \u00e2g\u00e9e ainsi que de sa s\u0153ur Agnese, tomb\u00e9e malade apr\u00e8s la mort de son mari. Elle les accompagne seule jusqu\u2019\u00e0 la fin de leur vie, son fr\u00e8re Cleme travaillant \u00e0 l\u2019\u00e9tranger. Il s\u2019installe en Suisse pour son travail : sp\u00e9cialiste des grands chantiers, il participe \u00e0 la construction de la partie souterraine de Lugano. \u00c0 Milan, il r\u00e9alise \u00e9galement plus d\u2019une centaine d\u2019ouvrages.&nbsp;<\/p>\n\n\n\n<p>\u00c0 105 ans, Maria Castiglioni vit \u00e0 Lugano chez son fr\u00e8re, dans un appartement avec vue sur le lac. Il l\u2019accueille volontiers, reconnaissant pour les soins qu\u2019elle a consacr\u00e9s \u00e0 leur m\u00e8re et \u00e0 leur s\u0153ur. Maria Castiglioni, de son c\u00f4t\u00e9, est reconnaissante envers son fr\u00e8re pour son attention constante, mais souhaiterait pouvoir \u00e0 nouveau faire beaucoup de choses seule, sans d\u00e9pendre de lui ni des soins \u00e0 domicile.&nbsp;<\/p>\n\n\n\n<p>Femme n\u00e9e dans la premi\u00e8re moiti\u00e9 du XX\u1d49&nbsp;si\u00e8cle, Maria Castiglioni r\u00e9fl\u00e9chit souvent aux profondes transformations du monde. Elle estime qu\u2019autrefois la vie \u00e9tait plus simple et plus joyeuse, m\u00eame si elle l\u2019a v\u00e9cue durant la p\u00e9riode fasciste.&nbsp;<\/p>\n\n\n\n<p>Atteindre plus de 100 ans lui para\u00eet \u00ab normal \u00bb. Maria Castiglioni jouit d\u2019une bonne sant\u00e9 ; elle n\u2019a jamais souffert de graves probl\u00e8mes de sant\u00e9, hormis une chute qui lui a provoqu\u00e9 une h\u00e9morragie c\u00e9r\u00e9brale dont elle s\u2019est toutefois remise. Elle suit une alimentation simple et boit peu de vin.&nbsp;<\/p>\n\n\n\n<p>En retra\u00e7ant son histoire, Maria Carla Castiglioni d\u00e9crit une existence simple, presque \u00ab plate \u00bb, sans grandes \u00e9motions, consacr\u00e9e \u00e0 l\u2019enseignement et au d\u00e9vouement envers sa s\u0153ur. Son fr\u00e8re la d\u00e9crit comme une femme passionn\u00e9e, fi\u00e8re et tr\u00e8s t\u00eatue.<\/p>\n<\/div>\n<\/div>\n","protected":false},"excerpt":{"rendered":"<p>\u00ab J\u2019ai eu une vie simple. \u00bb&nbsp; Cliquez sur l&rsquo;ic\u00f4ne pour \u00e9couter son histoire ! Maria Carla Castiglioni na\u00eet \u00e0 Milan en 1920. Ses parents viennent d\u2019un village&hellip;<\/p>\n","protected":false},"author":1003049,"featured_media":0,"parent":0,"menu_order":0,"comment_status":"closed","ping_status":"closed","template":"","meta":{"_seopress_robots_primary_cat":"","_seopress_titles_title":"","_seopress_titles_desc":"","_seopress_robots_index":"","footnotes":""},"class_list":["post-6229","page","type-page","status-publish","has-post-thumbnail"],"_links":{"self":[{"href":"https:\/\/wp.unil.ch\/swiss100\/fr\/wp-json\/wp\/v2\/pages\/6229","targetHints":{"allow":["GET"]}}],"collection":[{"href":"https:\/\/wp.unil.ch\/swiss100\/fr\/wp-json\/wp\/v2\/pages"}],"about":[{"href":"https:\/\/wp.unil.ch\/swiss100\/fr\/wp-json\/wp\/v2\/types\/page"}],"author":[{"embeddable":true,"href":"https:\/\/wp.unil.ch\/swiss100\/fr\/wp-json\/wp\/v2\/users\/1003049"}],"replies":[{"embeddable":true,"href":"https:\/\/wp.unil.ch\/swiss100\/fr\/wp-json\/wp\/v2\/comments?post=6229"}],"version-history":[{"count":4,"href":"https:\/\/wp.unil.ch\/swiss100\/fr\/wp-json\/wp\/v2\/pages\/6229\/revisions"}],"predecessor-version":[{"id":7970,"href":"https:\/\/wp.unil.ch\/swiss100\/fr\/wp-json\/wp\/v2\/pages\/6229\/revisions\/7970"}],"wp:attachment":[{"href":"https:\/\/wp.unil.ch\/swiss100\/fr\/wp-json\/wp\/v2\/media?parent=6229"}],"curies":[{"name":"wp","href":"https:\/\/api.w.org\/{rel}","templated":true}]}}