{"id":6207,"date":"2025-12-10T11:33:01","date_gmt":"2025-12-10T10:33:01","guid":{"rendered":"https:\/\/wp.unil.ch\/swiss100\/?page_id=6207"},"modified":"2026-04-08T11:50:54","modified_gmt":"2026-04-08T09:50:54","slug":"frida-vollenweider","status":"publish","type":"page","link":"https:\/\/wp.unil.ch\/swiss100\/fr\/frida-vollenweider\/","title":{"rendered":"Frida Vollenweider"},"content":{"rendered":"\n<div class=\"wp-block-columns alignwide is-layout-flex wp-container-core-columns-is-layout-9d6595d7 wp-block-columns-is-layout-flex\">\n<div class=\"wp-block-column is-layout-flow wp-block-column-is-layout-flow\">\n<h4 class=\"wp-block-heading has-text-align-center\"><strong>\u00ab <strong>Appr\u00e9ciez les petites choses et soyez conscients de tout ce que vous avez<\/strong>.\u00bb<\/strong>&nbsp;<\/h4>\n<\/div>\n<\/div>\n\n\n\n<div class=\"wp-block-columns alignwide is-layout-flex wp-container-core-columns-is-layout-9d6595d7 wp-block-columns-is-layout-flex\">\n<div class=\"wp-block-column is-layout-flow wp-block-column-is-layout-flow\">\n<figure class=\"wp-block-image size-large\"><img alt=\"\" loading=\"lazy\" decoding=\"async\" width=\"1024\" height=\"1024\" src=\"https:\/\/wp.unil.ch\/swiss100\/files\/2026\/01\/dsc_vollenweider_01689-2-1024x1024.jpg\" alt=\"\" class=\"wp-image-6420\" srcset=\"https:\/\/wp.unil.ch\/swiss100\/files\/2026\/01\/dsc_vollenweider_01689-2-1024x1024.jpg 1024w, https:\/\/wp.unil.ch\/swiss100\/files\/2026\/01\/dsc_vollenweider_01689-2-300x300.jpg 300w, https:\/\/wp.unil.ch\/swiss100\/files\/2026\/01\/dsc_vollenweider_01689-2-150x150.jpg 150w, https:\/\/wp.unil.ch\/swiss100\/files\/2026\/01\/dsc_vollenweider_01689-2-768x768.jpg 768w, https:\/\/wp.unil.ch\/swiss100\/files\/2026\/01\/dsc_vollenweider_01689-2-540x540.jpg 540w, https:\/\/wp.unil.ch\/swiss100\/files\/2026\/01\/dsc_vollenweider_01689-2-1080x1080.jpg 1080w, https:\/\/wp.unil.ch\/swiss100\/files\/2026\/01\/dsc_vollenweider_01689-2.jpg 1200w\" sizes=\"auto, (max-width: 1024px) 100vw, 1024px\" \/><figcaption class=\"wp-element-caption\">\u00c2ge au moment de la photo : 101 ans<\/figcaption><\/figure>\n\n\n\n<div class=\"wp-block-media-text\" style=\"grid-template-columns:23% auto\"><figure class=\"wp-block-media-text__media\"><a href=\"https:\/\/soundcloud.com\/swiss100\/frida-vollenweider-13?in=swiss100\/sets\/life-narrative-swiss100&amp;si=35229ae0ea804b7aa8788523f2d2d2e8&amp;utm_source=clipboard&amp;utm_medium=text&amp;utm_campaign=social_sharing\"><img loading=\"lazy\" decoding=\"async\" width=\"500\" height=\"500\" src=\"https:\/\/wp.unil.ch\/swiss100\/files\/2025\/10\/audio-1.png\" alt=\"audio\" class=\"wp-image-5652 size-full\" srcset=\"https:\/\/wp.unil.ch\/swiss100\/files\/2025\/10\/audio-1.png 500w, https:\/\/wp.unil.ch\/swiss100\/files\/2025\/10\/audio-1-300x300.png 300w, https:\/\/wp.unil.ch\/swiss100\/files\/2025\/10\/audio-1-150x150.png 150w\" sizes=\"auto, (max-width: 500px) 100vw, 500px\" \/><\/a><\/figure><div class=\"wp-block-media-text__content\">\n<p>Cliquez sur l&rsquo;ic\u00f4ne pour \u00e9couter son histoire !<\/p>\n<\/div><\/div>\n<\/div>\n\n\n\n<div class=\"wp-block-column is-layout-flow wp-block-column-is-layout-flow\">\n<p>Frida Vollenweider na\u00eet en 1921 dans le village catholique de Schindellegi, dans le canton de Schwyz. Elle grandit dans l&rsquo;une des trois seules familles protestantes du village. C&rsquo;est pourquoi ses cousins, ses cousines et elle sont instruits \u00e0 domicile. Plus tard, elle termine une formation commerciale \u00e0 l&rsquo;\u00e9cole catholique de commerce de Menzingen (ZG). Elle pr\u00e9voit de devenir architecte.<\/p>\n\n\n\n<p>Apr\u00e8s sa formation, Frida Vollenweider souhaite passer une ann\u00e9e \u00e0 l&rsquo;\u00e9tranger \u00e0 Rome, o\u00f9 elle s\u2019occupe des enfants d&rsquo;une famille. Cependant, avec le d\u00e9clenchement de la Seconde Guerre mondiale, elle retourne en Suisse. \u00c0 Schindellegi, elle devient la commandante adjointe de la d\u00e9fense a\u00e9rienne, o\u00f9 elle est responsable des travaux \u00e9crits et des rondes de contr\u00f4le. C&rsquo;est l\u00e0 qu&rsquo;elle rencontre son futur mari.<\/p>\n\n\n\n<p>En 1946, apr\u00e8s la fin de la guerre, ils se marient et deviennent parents de trois enfants. Les ann\u00e9es suivantes sont, selon Frida Vollenweider, les plus belles de sa vie. En plus de son r\u00f4le de femme au foyer, elle effectue les travaux administratifs pour son mari, qui est d&rsquo;abord juge d&rsquo;arrondissement puis conseiller national. La famille est toujours au centre de son attention : elle attache une importance particuli\u00e8re \u00e0 ce que r\u00e8gnent la paix dans son foyer et de bons moments pass\u00e9s ensemble, comme les sorties du dimanche et No\u00ebl. Avec le d\u00e9c\u00e8s de son mari en 1980, Frida Vollenweider apprend \u00e0 accepter la perte avec dignit\u00e9. Apr\u00e8s une hernie discale \u00e0 l&rsquo;\u00e2ge de 100 ans, elle doit dire adieu \u00e0 son domicile. Elle s&rsquo;int\u00e8gre tr\u00e8s bien dans l&rsquo;\u00e9tablissement m\u00e9dico-social, et avec le recul, ce d\u00e9m\u00e9nagement a \u00e9t\u00e9 la meilleure chose qu&rsquo;elle aurait pu faire.<\/p>\n\n\n\n<p>Atteindre 100 ans n&rsquo;a jamais \u00e9t\u00e9 l&rsquo;objectif de Frida Vollenweider. Elle consid\u00e8re sa longue vie comme un cadeau, \u00e9tant donn\u00e9 sa bonne sant\u00e9 et sa profonde satisfaction. En tant que personne optimiste, elle appr\u00e9cie ce qu&rsquo;elle a et porte son regard sur les bons c\u00f4t\u00e9s de la vie. Elle aime par exemple observer depuis sa chambre les nuages et les arbres d&rsquo;automne color\u00e9s. Ses relations personnelles lui apportent aussi beaucoup. Elle est en contact r\u00e9gulier avec ses trois enfants. Elle va, d&rsquo;ailleurs, une fois par semaine manger chez son fils, qui habite \u00e0 proximit\u00e9.<\/p>\n\n\n\n<p>Au cours de sa longue vie, Frida Vollenweider a \u00e9t\u00e9 t\u00e9moin de changements soci\u00e9taux et technologiques fondamentaux. L&rsquo;invention de la radio et du t\u00e9l\u00e9phone, lorsqu&rsquo;elle avait environ six ans, a notamment eu une forte influence sur sa vie. Encore \u00e0 plus de 100 ans, elle montre un grand int\u00e9r\u00eat pour ce qui se passe dans le monde. Certes, elle ne peut plus lire le journal d&rsquo;un seul coup, mais elle met de c\u00f4t\u00e9 les articles int\u00e9ressants pour les lire plus tard.<\/p>\n\n\n\n<p>\u00c0 101 ans, Frida Vollenweider porte un regard empreint de reconnaissance sur sa vie. Elle sait qu&rsquo;elle a fait de son mieux, et qu&rsquo;elle est toujours rest\u00e9e fid\u00e8le \u00e0 elle-m\u00eame. Pour mener une vie accomplie, elle conseille d&rsquo;appr\u00e9cier les petites choses, de prendre conscience de tout ce que l&rsquo;on a et d&rsquo;en \u00eatre satisfait.<\/p>\n<\/div>\n<\/div>\n","protected":false},"excerpt":{"rendered":"<p>\u00ab Appr\u00e9ciez les petites choses et soyez conscients de tout ce que vous avez.\u00bb&nbsp; Cliquez sur l&rsquo;ic\u00f4ne pour \u00e9couter son histoire ! Frida Vollenweider na\u00eet en 1921 dans&hellip;<\/p>\n","protected":false},"author":1003048,"featured_media":0,"parent":0,"menu_order":0,"comment_status":"closed","ping_status":"closed","template":"","meta":{"_seopress_robots_primary_cat":"","_seopress_titles_title":"","_seopress_titles_desc":"","_seopress_robots_index":"","footnotes":""},"class_list":["post-6207","page","type-page","status-publish","has-post-thumbnail"],"_links":{"self":[{"href":"https:\/\/wp.unil.ch\/swiss100\/fr\/wp-json\/wp\/v2\/pages\/6207","targetHints":{"allow":["GET"]}}],"collection":[{"href":"https:\/\/wp.unil.ch\/swiss100\/fr\/wp-json\/wp\/v2\/pages"}],"about":[{"href":"https:\/\/wp.unil.ch\/swiss100\/fr\/wp-json\/wp\/v2\/types\/page"}],"author":[{"embeddable":true,"href":"https:\/\/wp.unil.ch\/swiss100\/fr\/wp-json\/wp\/v2\/users\/1003048"}],"replies":[{"embeddable":true,"href":"https:\/\/wp.unil.ch\/swiss100\/fr\/wp-json\/wp\/v2\/comments?post=6207"}],"version-history":[{"count":5,"href":"https:\/\/wp.unil.ch\/swiss100\/fr\/wp-json\/wp\/v2\/pages\/6207\/revisions"}],"predecessor-version":[{"id":7979,"href":"https:\/\/wp.unil.ch\/swiss100\/fr\/wp-json\/wp\/v2\/pages\/6207\/revisions\/7979"}],"wp:attachment":[{"href":"https:\/\/wp.unil.ch\/swiss100\/fr\/wp-json\/wp\/v2\/media?parent=6207"}],"curies":[{"name":"wp","href":"https:\/\/api.w.org\/{rel}","templated":true}]}}