{"id":6191,"date":"2025-12-10T11:23:14","date_gmt":"2025-12-10T10:23:14","guid":{"rendered":"https:\/\/wp.unil.ch\/swiss100\/?page_id=6191"},"modified":"2026-04-08T11:50:06","modified_gmt":"2026-04-08T09:50:06","slug":"oscar-remonda","status":"publish","type":"page","link":"https:\/\/wp.unil.ch\/swiss100\/fr\/oscar-remonda\/","title":{"rendered":"Oscar Remonda"},"content":{"rendered":"\n<div class=\"wp-block-columns alignwide is-layout-flex wp-container-core-columns-is-layout-9d6595d7 wp-block-columns-is-layout-flex\">\n<div class=\"wp-block-column is-layout-flow wp-block-column-is-layout-flow\">\n<h4 class=\"wp-block-heading has-text-align-center\"><strong>\u00ab Mes r\u00eaves pour l\u2019avenir sont simples : pouvoir me lever du lit et passer du temps avec mon petit-fils, en me rappelant le pass\u00e9, en lisant des histoires et en parlant. \u00bb&nbsp;<\/strong><\/h4>\n<\/div>\n<\/div>\n\n\n\n<div class=\"wp-block-columns alignwide is-layout-flex wp-container-core-columns-is-layout-9d6595d7 wp-block-columns-is-layout-flex\">\n<div class=\"wp-block-column is-layout-flow wp-block-column-is-layout-flow\">\n<figure class=\"wp-block-image size-large\"><img alt=\"\" loading=\"lazy\" decoding=\"async\" width=\"1024\" height=\"1024\" src=\"https:\/\/wp.unil.ch\/swiss100\/files\/2026\/01\/dsc_remonda_04344-2-1024x1024.jpg\" alt=\"\" class=\"wp-image-6415\" srcset=\"https:\/\/wp.unil.ch\/swiss100\/files\/2026\/01\/dsc_remonda_04344-2-1024x1024.jpg 1024w, https:\/\/wp.unil.ch\/swiss100\/files\/2026\/01\/dsc_remonda_04344-2-300x300.jpg 300w, https:\/\/wp.unil.ch\/swiss100\/files\/2026\/01\/dsc_remonda_04344-2-150x150.jpg 150w, https:\/\/wp.unil.ch\/swiss100\/files\/2026\/01\/dsc_remonda_04344-2-768x768.jpg 768w, https:\/\/wp.unil.ch\/swiss100\/files\/2026\/01\/dsc_remonda_04344-2-540x540.jpg 540w, https:\/\/wp.unil.ch\/swiss100\/files\/2026\/01\/dsc_remonda_04344-2-1080x1080.jpg 1080w, https:\/\/wp.unil.ch\/swiss100\/files\/2026\/01\/dsc_remonda_04344-2.jpg 1200w\" sizes=\"auto, (max-width: 1024px) 100vw, 1024px\" \/><figcaption class=\"wp-element-caption\">\u00c2ge au moment de la photo : 103<\/figcaption><\/figure>\n\n\n\n<div class=\"wp-block-media-text\" style=\"grid-template-columns:23% auto\"><figure class=\"wp-block-media-text__media\"><a href=\"https:\/\/soundcloud.com\/swiss100\/oscar-remond-10?in=swiss100\/sets\/life-narrative-swiss100&amp;si=71453499252248a99b5d13de587568f7&amp;utm_source=clipboard&amp;utm_medium=text&amp;utm_campaign=social_sharing\"><img loading=\"lazy\" decoding=\"async\" width=\"500\" height=\"500\" src=\"https:\/\/wp.unil.ch\/swiss100\/files\/2025\/10\/audio-1.png\" alt=\"audio\" class=\"wp-image-5652 size-full\" srcset=\"https:\/\/wp.unil.ch\/swiss100\/files\/2025\/10\/audio-1.png 500w, https:\/\/wp.unil.ch\/swiss100\/files\/2025\/10\/audio-1-300x300.png 300w, https:\/\/wp.unil.ch\/swiss100\/files\/2025\/10\/audio-1-150x150.png 150w\" sizes=\"auto, (max-width: 500px) 100vw, 500px\" \/><\/a><\/figure><div class=\"wp-block-media-text__content\">\n<p>Cliquez sur l&rsquo;ic\u00f4ne pour \u00e9couter son histoire !<\/p>\n<\/div><\/div>\n<\/div>\n\n\n\n<div class=\"wp-block-column is-layout-flow wp-block-column-is-layout-flow\">\n<p>Oscar Remonda na\u00eet en 1920 \u00e0 Bellinzona. Son p\u00e8re, Peppino, originaire de la vall\u00e9e d&rsquo;Onsernone, travaille \u00e0 la Banque de l&rsquo;\u00c9tat ; sa m\u00e8re, Irene, vient de Faido. Il grandit avec ses trois fr\u00e8res et s\u0153urs et garde de bons souvenirs de son enfance : les \u00e9t\u00e9s \u00e0 la montagne et le cadeau d&rsquo;un petit chien.<\/p>\n\n\n\n<p>Apr\u00e8s l&rsquo;\u00e9cole primaire et le gymnase, Oscar Remonda fr\u00e9quente le lyc\u00e9e \u00e0 Lugano. Chaque matin, il prend le train de 7 heures et court jusqu&rsquo;au parc Ciani, parfois m\u00eame en montant dans le train en marche avec ses camarades, leurs sacs pass\u00e9s par la fen\u00eatre. Le d\u00e9clenchement de la guerre et le service militaire bouleversent cependant ses projets. Comme soldat, il esp\u00e9rait devenir infirmier, mais il est d&rsquo;abord affect\u00e9 comme carabinier. Les longues marches sur le Gesero lui provoquent de fortes douleurs au dos, dont il souffrira toute sa vie. En raison de ses probl\u00e8mes de vue, il est ensuite transf\u00e9r\u00e9 au service sanitaire, o\u00f9 il sert au lazaret de Chiasso. L\u00e0, Oscar Remonda soigne des r\u00e9fugi\u00e9s, des contrebandiers, des aviateurs britanniques, des d\u00e9port\u00e9s de retour des camps nazis, et croise m\u00eame Mussolini refoul\u00e9 \u00e0 la fronti\u00e8re. Il accompagne \u00e9galement la fille de Mussolini, Edda Ciano, en train jusqu&rsquo;\u00e0 Bellinzona, sans savoir qui elle est, et ne le d\u00e9couvrant qu&rsquo;\u00e0 leur arriv\u00e9e. Il se souvient aussi vivement du 27 avril 1945, lorsque les soldats allemands menac\u00e8rent de faire exploser un camion pour p\u00e9n\u00e9trer dans Chiasso.<\/p>\n\n\n\n<p>Apr\u00e8s l&rsquo;arm\u00e9e, Oscar Remonda travaille \u00e0 Berne pour la Banque de l&rsquo;\u00c9tat, o\u00f9 il s&rsquo;occupe des contacts avec la client\u00e8le italienne et contribue, avec ses coll\u00e8gues, \u00e0 organiser l&rsquo;une des premi\u00e8res caisses de pension. Dans un restaurant de Berne, il rencontre Erika, originaire d&rsquo;Interlaken, qu&rsquo;il appelle affectueusement Eki. Ils se marient en 1949 \u00e0 Lucerne, \u00e0 mi-chemin entre leurs deux familles. Ils s&rsquo;installent \u00e0 Cassarate puis \u00e0 Breganzona, o\u00f9 naissent leurs enfants, avant de se fixer \u00e0 Viganello. Leur vie est rythm\u00e9e par le travail et les engagements familiaux, mais ils partent souvent \u00e0 la montagne pour de longues promenades.<\/p>\n\n\n\n<p>\u00c0 65 ans, Oscar Remonda prend sa retraite. Il se souvient de tr\u00e8s grands yeux le regardant lors de la naissance de son petit-fils Federico. Les m\u00eames yeux qui aujourd&rsquo;hui lui permettent de voir ce qu&rsquo;il ne peut plus distinguer lui-m\u00eame, en raison de la perte de sa vue. Avec son petit-fils, il partage r\u00e9cits, lectures, discussions politiques, histoires de Don Camillo. C&rsquo;est gr\u00e2ce \u00e0 ces conversations que Federico choisira de devenir enseignant.<\/p>\n\n\n\n<p>\u00c0 103 ans, Oscar Remonda vit encore chez lui, \u00e0 Viganello. Ses r\u00eaves sont simples : pouvoir se lever du lit malgr\u00e9 le mal de dos et passer du temps avec son petit-fils, en se souvenant, en lisant et en discutant de ce qui se passe dans le monde.<\/p>\n<\/div>\n<\/div>\n\n\n\n<p><\/p>\n","protected":false},"excerpt":{"rendered":"<p>\u00ab Mes r\u00eaves pour l\u2019avenir sont simples : pouvoir me lever du lit et passer du temps avec mon petit-fils, en me rappelant le pass\u00e9, en lisant des&hellip;<\/p>\n","protected":false},"author":1003049,"featured_media":0,"parent":0,"menu_order":0,"comment_status":"closed","ping_status":"closed","template":"","meta":{"_seopress_robots_primary_cat":"","_seopress_titles_title":"","_seopress_titles_desc":"","_seopress_robots_index":"","footnotes":""},"class_list":["post-6191","page","type-page","status-publish","has-post-thumbnail"],"_links":{"self":[{"href":"https:\/\/wp.unil.ch\/swiss100\/fr\/wp-json\/wp\/v2\/pages\/6191","targetHints":{"allow":["GET"]}}],"collection":[{"href":"https:\/\/wp.unil.ch\/swiss100\/fr\/wp-json\/wp\/v2\/pages"}],"about":[{"href":"https:\/\/wp.unil.ch\/swiss100\/fr\/wp-json\/wp\/v2\/types\/page"}],"author":[{"embeddable":true,"href":"https:\/\/wp.unil.ch\/swiss100\/fr\/wp-json\/wp\/v2\/users\/1003049"}],"replies":[{"embeddable":true,"href":"https:\/\/wp.unil.ch\/swiss100\/fr\/wp-json\/wp\/v2\/comments?post=6191"}],"version-history":[{"count":4,"href":"https:\/\/wp.unil.ch\/swiss100\/fr\/wp-json\/wp\/v2\/pages\/6191\/revisions"}],"predecessor-version":[{"id":7978,"href":"https:\/\/wp.unil.ch\/swiss100\/fr\/wp-json\/wp\/v2\/pages\/6191\/revisions\/7978"}],"wp:attachment":[{"href":"https:\/\/wp.unil.ch\/swiss100\/fr\/wp-json\/wp\/v2\/media?parent=6191"}],"curies":[{"name":"wp","href":"https:\/\/api.w.org\/{rel}","templated":true}]}}