{"id":6183,"date":"2025-12-10T11:20:24","date_gmt":"2025-12-10T10:20:24","guid":{"rendered":"https:\/\/wp.unil.ch\/swiss100\/?page_id=6183"},"modified":"2026-04-08T11:43:23","modified_gmt":"2026-04-08T09:43:23","slug":"emma-lina-susanna-schneider","status":"publish","type":"page","link":"https:\/\/wp.unil.ch\/swiss100\/fr\/emma-lina-susanna-schneider\/","title":{"rendered":"Emma Lina Susanna Schneider"},"content":{"rendered":"\n<div class=\"wp-block-columns alignwide is-layout-flex wp-container-core-columns-is-layout-9d6595d7 wp-block-columns-is-layout-flex\">\n<div class=\"wp-block-column is-layout-flow wp-block-column-is-layout-flow\">\n<h4 class=\"wp-block-heading has-text-align-center\"><strong><strong>\u00ab Travailler, c\u2019est important : comme \u00e7a, on n\u2019a pas le temps de faire des b\u00eatises ! \u00bb<\/strong><\/strong><\/h4>\n<\/div>\n<\/div>\n\n\n\n<div class=\"wp-block-columns alignwide is-layout-flex wp-container-core-columns-is-layout-9d6595d7 wp-block-columns-is-layout-flex\">\n<div class=\"wp-block-column is-layout-flow wp-block-column-is-layout-flow\">\n<figure class=\"wp-block-image size-large\"><img alt=\"\" loading=\"lazy\" decoding=\"async\" width=\"1024\" height=\"1024\" src=\"https:\/\/wp.unil.ch\/swiss100\/files\/2026\/01\/swiss100_schneider2109961-2-1024x1024.jpg\" alt=\"\" class=\"wp-image-6400\" srcset=\"https:\/\/wp.unil.ch\/swiss100\/files\/2026\/01\/swiss100_schneider2109961-2-1024x1024.jpg 1024w, https:\/\/wp.unil.ch\/swiss100\/files\/2026\/01\/swiss100_schneider2109961-2-300x300.jpg 300w, https:\/\/wp.unil.ch\/swiss100\/files\/2026\/01\/swiss100_schneider2109961-2-150x150.jpg 150w, https:\/\/wp.unil.ch\/swiss100\/files\/2026\/01\/swiss100_schneider2109961-2-768x768.jpg 768w, https:\/\/wp.unil.ch\/swiss100\/files\/2026\/01\/swiss100_schneider2109961-2-540x540.jpg 540w, https:\/\/wp.unil.ch\/swiss100\/files\/2026\/01\/swiss100_schneider2109961-2-1080x1080.jpg 1080w, https:\/\/wp.unil.ch\/swiss100\/files\/2026\/01\/swiss100_schneider2109961-2.jpg 1200w\" sizes=\"auto, (max-width: 1024px) 100vw, 1024px\" \/><figcaption class=\"wp-element-caption\">\u00c2ge au moment de la photo : 104 ans<\/figcaption><\/figure>\n\n\n\n<div class=\"wp-block-media-text\" style=\"grid-template-columns:23% auto\"><figure class=\"wp-block-media-text__media\"><a href=\"https:\/\/soundcloud.com\/swiss100\/emma-lina-susanna-schneider-12?in=swiss100\/sets\/life-narrative-swiss100&amp;si=f4dc4e866b85430fae6f80c02d63159a&amp;utm_source=clipboard&amp;utm_medium=text&amp;utm_campaign=social_sharing\"><img loading=\"lazy\" decoding=\"async\" width=\"500\" height=\"500\" src=\"https:\/\/wp.unil.ch\/swiss100\/files\/2025\/10\/audio-1.png\" alt=\"audio\" class=\"wp-image-5652 size-full\" srcset=\"https:\/\/wp.unil.ch\/swiss100\/files\/2025\/10\/audio-1.png 500w, https:\/\/wp.unil.ch\/swiss100\/files\/2025\/10\/audio-1-300x300.png 300w, https:\/\/wp.unil.ch\/swiss100\/files\/2025\/10\/audio-1-150x150.png 150w\" sizes=\"auto, (max-width: 500px) 100vw, 500px\" \/><\/a><\/figure><div class=\"wp-block-media-text__content\">\n<p>Cliquez sur l&rsquo;ic\u00f4ne pour \u00e9couter son histoire !<\/p>\n<\/div><\/div>\n<\/div>\n\n\n\n<div class=\"wp-block-column is-layout-flow wp-block-column-is-layout-flow\">\n<p>Emma Schneider na\u00eet en 1919 dans la ferme de la famille Rinderknecht, \u00e0 Zurich Oberstrass. Elle fait partie d\u2019une fratrie de cinq enfants et vit une enfance heureuse.&nbsp;<\/p>\n\n\n\n<p>D\u00e8s son plus jeune \u00e2ge, elle aspire \u00e0 devenir traductrice. Mais apr\u00e8s un s\u00e9jour de cinq mois en Angleterre, la guerre vient malheureusement mettre un terme \u00e0 ce projet. Avec le soutien de son p\u00e8re, Emma Schneider suit une formation de laborantine et assiste \u00e0 des cours \u00e0 l\u2019universit\u00e9. Peu avant l\u2019obtention de son dipl\u00f4me, elle est appel\u00e9e au service militaire en mai 1940 et re\u00e7oit la mission d\u2019installer, avec un m\u00e9decin, un laboratoire sur une base militaire. Ensuite, le rythme est fix\u00e9 : trois mois de service militaire, puis trois mois d\u2019activit\u00e9 civile. Ces ann\u00e9es sont difficiles, et la marquent profond\u00e9ment : elle y acquiert des comp\u00e9tences qu\u2019elle n\u2019aurait jamais pu apprendre autrement.<\/p>\n\n\n\n<p>\u00c0 cette \u00e9poque, Emma Schneider rencontre son futur mari, Hugo Schneider, un ancien camarade d\u2019\u00e9cole de ses fr\u00e8res. Pendant plus d\u2019un an, il lui envoie une carte postale chaque lundi, sans jamais recevoir de r\u00e9ponse. Elle accepte finalement de l\u2019\u00e9pouser et met sa propre carri\u00e8re entre parenth\u00e8ses pour soutenir son mari, historien militaire de renom. Emma Schneider devient sa secr\u00e9taire et assistante de recherche, elle l\u2019accompagne \u00e0 des conf\u00e9rences internationales, elle rencontre la reine \u00c9lisabeth II et accueille Farah Diba, l\u2019\u00e9pouse du Shah de Perse.&nbsp;<\/p>\n\n\n\n<p>Le couple Schneider m\u00e8ne une vie intellectuelle intense. Apr\u00e8s la guerre, ils visitent les grands mus\u00e9es d\u2019histoire d\u2019Europe afin de moderniser la collection d\u2019armes du mus\u00e9e de Zurich. Comme ils n\u2019ont pas d\u2019enfants, ils consacrent toute leur \u00e9nergie \u00e0 leur travail. Les ann\u00e9es entre 1940 et 1950 sont pour Emma Schneider les plus heureuses. Peu apr\u00e8s la retraite, son mari souffre d\u2019une leuc\u00e9mie et d\u00e9c\u00e8de \u00e0 l\u2019\u00e2ge de 70 ans. Elle prend soin de lui jusqu\u2019au bout \u00e0 leur domicile. Ils ont \u00e9t\u00e9 mari\u00e9s pendant 44 ans. Lors de la c\u00e9r\u00e9monie fun\u00e9raire, l\u2019\u00e9glise du Grossm\u00fcnster est remplie jusqu\u2019au dernier si\u00e8ge.&nbsp;<\/p>\n\n\n\n<p>Apr\u00e8s cette perte, Emma Schneider s\u2019effondre\u2026 mais finit par se reconstruire. Elle ach\u00e8ve les deux derni\u00e8res publications de son mari et d\u00e9couvre ensuite la peinture sur porcelaine. Elle devient grand-m\u00e8re adoptive des fils d\u2019une voisine. Elle publie m\u00eame ses m\u00e9moires. Une fois par an, elle part en croisi\u00e8re. \u00c0 103 ans, elle vit toujours seule, cuisine elle-m\u00eame et veille \u00e0 sa sant\u00e9 : chaque jour, elle s\u2019entra\u00eene sur son v\u00e9lo d\u2019appartement, les yeux pos\u00e9s sur une aquarelle de la ferme de ses parents.&nbsp;<\/p>\n\n\n\n<p>Emma Schneider reste, bien que presque aveugle, curieuse du monde : elle \u00e9coute la radio, lit gr\u00e2ce \u00e0 une loupe et se tient inform\u00e9e de l\u2019actualit\u00e9. Elle se r\u00e9jouit d\u00e9j\u00e0 du prochain championnat du monde de hockey sur glace.&nbsp;<\/p>\n\n\n\n<p>En tant que membre de l\u2019association Exit, Emma Schneider d\u00e9clare : \u00ab Si je deviens r\u00e9ellement d\u00e9pendante, je ne veux pas continuer. \u00bb D\u2019ici l\u00e0, elle poursuit sa vie avec lucidit\u00e9, humour et une \u00e9nergie impressionnante. Peu apr\u00e8s son 104e anniversaire, elle fait une lourde chute et d\u00e9cide, en toute autonomie, de mettre fin \u00e0 sa vie.&nbsp;<\/p>\n<\/div>\n<\/div>\n","protected":false},"excerpt":{"rendered":"<p>\u00ab Travailler, c\u2019est important : comme \u00e7a, on n\u2019a pas le temps de faire des b\u00eatises ! \u00bb Cliquez sur l&rsquo;ic\u00f4ne pour \u00e9couter son histoire ! Emma Schneider&hellip;<\/p>\n","protected":false},"author":1003048,"featured_media":0,"parent":0,"menu_order":0,"comment_status":"closed","ping_status":"closed","template":"","meta":{"_seopress_robots_primary_cat":"","_seopress_titles_title":"","_seopress_titles_desc":"","_seopress_robots_index":"","footnotes":""},"class_list":["post-6183","page","type-page","status-publish","has-post-thumbnail"],"_links":{"self":[{"href":"https:\/\/wp.unil.ch\/swiss100\/fr\/wp-json\/wp\/v2\/pages\/6183","targetHints":{"allow":["GET"]}}],"collection":[{"href":"https:\/\/wp.unil.ch\/swiss100\/fr\/wp-json\/wp\/v2\/pages"}],"about":[{"href":"https:\/\/wp.unil.ch\/swiss100\/fr\/wp-json\/wp\/v2\/types\/page"}],"author":[{"embeddable":true,"href":"https:\/\/wp.unil.ch\/swiss100\/fr\/wp-json\/wp\/v2\/users\/1003048"}],"replies":[{"embeddable":true,"href":"https:\/\/wp.unil.ch\/swiss100\/fr\/wp-json\/wp\/v2\/comments?post=6183"}],"version-history":[{"count":4,"href":"https:\/\/wp.unil.ch\/swiss100\/fr\/wp-json\/wp\/v2\/pages\/6183\/revisions"}],"predecessor-version":[{"id":7974,"href":"https:\/\/wp.unil.ch\/swiss100\/fr\/wp-json\/wp\/v2\/pages\/6183\/revisions\/7974"}],"wp:attachment":[{"href":"https:\/\/wp.unil.ch\/swiss100\/fr\/wp-json\/wp\/v2\/media?parent=6183"}],"curies":[{"name":"wp","href":"https:\/\/api.w.org\/{rel}","templated":true}]}}