{"id":6154,"date":"2025-12-10T11:04:32","date_gmt":"2025-12-10T10:04:32","guid":{"rendered":"https:\/\/wp.unil.ch\/swiss100\/?page_id=6154"},"modified":"2026-04-08T11:44:32","modified_gmt":"2026-04-08T09:44:32","slug":"martha-scherrer","status":"publish","type":"page","link":"https:\/\/wp.unil.ch\/swiss100\/fr\/martha-scherrer\/","title":{"rendered":"Martha Scherrer\u00a0"},"content":{"rendered":"\n<div class=\"wp-block-columns alignwide is-layout-flex wp-container-core-columns-is-layout-9d6595d7 wp-block-columns-is-layout-flex\">\n<div class=\"wp-block-column is-layout-flow wp-block-column-is-layout-flow\">\n<h4 class=\"wp-block-heading has-text-align-center\"><strong><strong>\u00ab Je suis une bagarreuse, j\u2019ai toujours surmont\u00e9 mes \u00e9preuves seule ! \u00bb<\/strong>&nbsp;<\/strong><\/h4>\n<\/div>\n<\/div>\n\n\n\n<div class=\"wp-block-columns alignwide is-layout-flex wp-container-core-columns-is-layout-9d6595d7 wp-block-columns-is-layout-flex\">\n<div class=\"wp-block-column is-layout-flow wp-block-column-is-layout-flow\">\n<figure class=\"wp-block-image size-large\"><img alt=\"dsc06314\" loading=\"lazy\" decoding=\"async\" width=\"1024\" height=\"1024\" src=\"https:\/\/wp.unil.ch\/swiss100\/files\/2025\/12\/dsc06314-1024x1024.jpg\" alt=\"\" class=\"wp-image-6144\" srcset=\"https:\/\/wp.unil.ch\/swiss100\/files\/2025\/12\/dsc06314-1024x1024.jpg 1024w, https:\/\/wp.unil.ch\/swiss100\/files\/2025\/12\/dsc06314-300x300.jpg 300w, https:\/\/wp.unil.ch\/swiss100\/files\/2025\/12\/dsc06314-150x150.jpg 150w, https:\/\/wp.unil.ch\/swiss100\/files\/2025\/12\/dsc06314-768x768.jpg 768w, https:\/\/wp.unil.ch\/swiss100\/files\/2025\/12\/dsc06314-540x540.jpg 540w, https:\/\/wp.unil.ch\/swiss100\/files\/2025\/12\/dsc06314-1080x1080.jpg 1080w, https:\/\/wp.unil.ch\/swiss100\/files\/2025\/12\/dsc06314.jpg 1200w\" sizes=\"auto, (max-width: 1024px) 100vw, 1024px\" \/><figcaption class=\"wp-element-caption\">\u00c2ge au moment de la photo : 102 ans<\/figcaption><\/figure>\n\n\n\n<div class=\"wp-block-media-text\" style=\"grid-template-columns:23% auto\"><figure class=\"wp-block-media-text__media\"><a href=\"https:\/\/soundcloud.com\/swiss100\/martha-sherrer-11?in=swiss100\/sets\/life-narrative-swiss100&amp;si=80d64b7c5e9a47b983076a22143b1423&amp;utm_source=clipboard&amp;utm_medium=text&amp;utm_campaign=social_sharing\"><img loading=\"lazy\" decoding=\"async\" width=\"500\" height=\"500\" src=\"https:\/\/wp.unil.ch\/swiss100\/files\/2025\/10\/audio-1.png\" alt=\"audio\" class=\"wp-image-5652 size-full\" srcset=\"https:\/\/wp.unil.ch\/swiss100\/files\/2025\/10\/audio-1.png 500w, https:\/\/wp.unil.ch\/swiss100\/files\/2025\/10\/audio-1-300x300.png 300w, https:\/\/wp.unil.ch\/swiss100\/files\/2025\/10\/audio-1-150x150.png 150w\" sizes=\"auto, (max-width: 500px) 100vw, 500px\" \/><\/a><\/figure><div class=\"wp-block-media-text__content\">\n<p>Cliquez sur l&rsquo;ic\u00f4ne pour \u00e9couter son histoire !<\/p>\n<\/div><\/div>\n<\/div>\n\n\n\n<div class=\"wp-block-column is-layout-flow wp-block-column-is-layout-flow\">\n<p>Martha Scherrer na\u00eet en 1921 au bord du lac de Z\u00fcrich. Son p\u00e8re tient un petit commerce, sa m\u00e8re vient d&rsquo;Yverdon. \u00c0 12 ans, elle perd son p\u00e8re puis une s\u0153ur, d\u00e9c\u00e9d\u00e9e d&rsquo;une m\u00e9ningite. Ces \u00e9preuves sont profond\u00e9ment marquantes; sans famille en Suisse al\u00e9manique, elle et sa m\u00e8re partent vivre \u00e0 Lausanne.<\/p>\n\n\n\n<p><br>La guerre marque sa jeunesse, mais un jour d&rsquo;\u00e9t\u00e9, en se baignant, elle rencontre celui qui deviendra son mari. Leur relation se construit, mais ils repoussent le mariage \u00e0 la fin de la guerre. \u00c0 cette \u00e9poque, durant cinq ans, Martha Scherrer s&rsquo;occupe de deux enfants auxquels elle est tr\u00e8s attach\u00e9e.<\/p>\n\n\n\n<p><br>Le couple se marie en 1945. Leur premi\u00e8re fille na\u00eet, mais leur seconde, B\u00e9atrice, d\u00e9c\u00e8de \u00e0 huit mois. Apr\u00e8s 26 ans, les tromperies et mensonges de son mari mettent fin \u00e0 l&rsquo;union. Le divorce est d&rsquo;autant plus difficile qu&rsquo;ils g\u00e8rent ensemble une agence BMW et que le garage de son ex-mari se trouve sous leur appartement. Martha Scherrer sombre alors dans une profonde d\u00e9pression: \u00ab Je fumais trois paquets par jour, je n&rsquo;avais plus rien \u00e0 perdre.\u00bb<\/p>\n\n\n\n<p>\u00c0 52 ans, elle commence une seconde carri\u00e8re dans une bijouterie, o\u00f9 elle reste 17 ans. Elle adore son travail: \u00ab D\u00e8s qu&rsquo;il y a un bijou sur quelqu&rsquo;un, \u00e7a me frappe l&rsquo;\u0153il ! \u00bb Elle entretient une relation fusionnelle avec sa fille: \u00ab On est plus amies que m\u00e8re et fille, c&rsquo;est pr\u00e9cieux! \u00bb<\/p>\n\n\n\n<p><br>\u00c0 102 ans, Martha Scherrer d\u00e9plore l&rsquo;absence de rem\u00e8de contre les tremblements de ses mains: \u00ab Ils vont sur la Lune, sur Mars&#8230; mais un tremblement? Rien ! \u00bb Elle n&rsquo;aurait jamais imagin\u00e9 vivre si longtemps, m\u00eame si un camarade lui avait pr\u00e9dit la long\u00e9vit\u00e9 en lisant ses lignes de main. Son temp\u00e9rament de battante l&rsquo;a toujours port\u00e9e: \u00ab Et puis je mange des tartines au miel, je crois que c&rsquo;est bon pour la sant\u00e9! \u00bb<\/p>\n\n\n\n<p><br>Elle pense souvent aux enfants dont elle s&rsquo;occupait pendant la guerre, qu&rsquo;elle n&rsquo;a jamais revus. Autre regret: ne pas avoir pu faire d&rsquo;\u00e9tudes, elle qui r\u00eavait d&rsquo;\u00eatre infirmi\u00e8re p\u00e9diatrique.<\/p>\n\n\n\n<p><br>Install\u00e9e en EMS depuis deux ans, elle s&rsquo;y sent bien malgr\u00e9 la perte d&rsquo;autonomie due aux chutes et aux embolies pulmonaires, cons\u00e9quences de son pass\u00e9 de grande fumeuse. Son m\u00e9decin, amateur de BMW, l&rsquo;a encourag\u00e9e \u00e0 arr\u00eater. Pour ses 100 ans, elle a f\u00eat\u00e9 plusieurs jours malgr\u00e9 la fatigue. Elle prend soin d&rsquo;elle, fait sa toilette seule et reste tr\u00e8s empathique envers le personnel: Martha Scherrer a un grand c\u0153ur. Elle organise r\u00e9guli\u00e8rement des visites avec sa fille, elle craint surtout de la voir partir avant elle. Dot\u00e9e d&rsquo;une excellente vue, d&rsquo;humour et d&rsquo;int\u00e9r\u00eats vari\u00e9s, m\u00eame pour la politique f\u00e9d\u00e9rale, elle ne s&rsquo;ennuie jamais.<\/p>\n\n\n\n<p><br>Aux jeunes, elle dit : \u00ab Apprendre, apprendre, apprendre, en mettre l\u00e0-dedans \u00bb (en d\u00e9signant sa t\u00eate). \u00ab Les connaissances sont un bien pr\u00e9cieux que personne ne peut vous prendre. \u00bb<\/p>\n<\/div>\n<\/div>\n","protected":false},"excerpt":{"rendered":"<p>\u00ab Je suis une bagarreuse, j\u2019ai toujours surmont\u00e9 mes \u00e9preuves seule ! \u00bb&nbsp; Cliquez sur l&rsquo;ic\u00f4ne pour \u00e9couter son histoire ! Martha Scherrer na\u00eet en 1921 au bord&hellip;<\/p>\n","protected":false},"author":1003048,"featured_media":0,"parent":0,"menu_order":0,"comment_status":"closed","ping_status":"closed","template":"","meta":{"_seopress_robots_primary_cat":"","_seopress_titles_title":"","_seopress_titles_desc":"","_seopress_robots_index":"","footnotes":""},"class_list":["post-6154","page","type-page","status-publish","has-post-thumbnail"],"_links":{"self":[{"href":"https:\/\/wp.unil.ch\/swiss100\/fr\/wp-json\/wp\/v2\/pages\/6154","targetHints":{"allow":["GET"]}}],"collection":[{"href":"https:\/\/wp.unil.ch\/swiss100\/fr\/wp-json\/wp\/v2\/pages"}],"about":[{"href":"https:\/\/wp.unil.ch\/swiss100\/fr\/wp-json\/wp\/v2\/types\/page"}],"author":[{"embeddable":true,"href":"https:\/\/wp.unil.ch\/swiss100\/fr\/wp-json\/wp\/v2\/users\/1003048"}],"replies":[{"embeddable":true,"href":"https:\/\/wp.unil.ch\/swiss100\/fr\/wp-json\/wp\/v2\/comments?post=6154"}],"version-history":[{"count":5,"href":"https:\/\/wp.unil.ch\/swiss100\/fr\/wp-json\/wp\/v2\/pages\/6154\/revisions"}],"predecessor-version":[{"id":7975,"href":"https:\/\/wp.unil.ch\/swiss100\/fr\/wp-json\/wp\/v2\/pages\/6154\/revisions\/7975"}],"wp:attachment":[{"href":"https:\/\/wp.unil.ch\/swiss100\/fr\/wp-json\/wp\/v2\/media?parent=6154"}],"curies":[{"name":"wp","href":"https:\/\/api.w.org\/{rel}","templated":true}]}}