{"id":6119,"date":"2025-12-09T13:51:07","date_gmt":"2025-12-09T12:51:07","guid":{"rendered":"https:\/\/wp.unil.ch\/swiss100\/?page_id=6119"},"modified":"2026-04-08T11:38:41","modified_gmt":"2026-04-08T09:38:41","slug":"adriano-durizzo","status":"publish","type":"page","link":"https:\/\/wp.unil.ch\/swiss100\/fr\/adriano-durizzo\/","title":{"rendered":"Adrian Durizzo"},"content":{"rendered":"\n<div class=\"wp-block-columns alignwide is-layout-flex wp-container-core-columns-is-layout-9d6595d7 wp-block-columns-is-layout-flex\">\n<div class=\"wp-block-column is-layout-flow wp-block-column-is-layout-flow\">\n<h4 class=\"wp-block-heading has-text-align-center\"><strong><strong>\u00ab Travailler beaucoup et avec plaisir, puis profiter. \u00bb&nbsp;<\/strong><\/strong><\/h4>\n<\/div>\n<\/div>\n\n\n\n<div class=\"wp-block-columns alignwide is-layout-flex wp-container-core-columns-is-layout-9d6595d7 wp-block-columns-is-layout-flex\">\n<div class=\"wp-block-column is-layout-flow wp-block-column-is-layout-flow\">\n<figure class=\"wp-block-image alignwide size-full\"><img alt=\"\" loading=\"lazy\" decoding=\"async\" width=\"1200\" height=\"1200\" src=\"https:\/\/wp.unil.ch\/swiss100\/files\/2026\/01\/j2103335durizzo_fin-2.jpg\" alt=\"\" class=\"wp-image-6434\" srcset=\"https:\/\/wp.unil.ch\/swiss100\/files\/2026\/01\/j2103335durizzo_fin-2.jpg 1200w, https:\/\/wp.unil.ch\/swiss100\/files\/2026\/01\/j2103335durizzo_fin-2-300x300.jpg 300w, https:\/\/wp.unil.ch\/swiss100\/files\/2026\/01\/j2103335durizzo_fin-2-1024x1024.jpg 1024w, https:\/\/wp.unil.ch\/swiss100\/files\/2026\/01\/j2103335durizzo_fin-2-150x150.jpg 150w, https:\/\/wp.unil.ch\/swiss100\/files\/2026\/01\/j2103335durizzo_fin-2-768x768.jpg 768w, https:\/\/wp.unil.ch\/swiss100\/files\/2026\/01\/j2103335durizzo_fin-2-540x540.jpg 540w, https:\/\/wp.unil.ch\/swiss100\/files\/2026\/01\/j2103335durizzo_fin-2-1080x1080.jpg 1080w\" sizes=\"auto, (max-width: 1200px) 100vw, 1200px\" \/><figcaption class=\"wp-element-caption\">\u00c2ge au moment de la photo : 102 ans<\/figcaption><\/figure>\n<\/div>\n\n\n\n<div class=\"wp-block-column is-layout-flow wp-block-column-is-layout-flow\">\n<p><\/p>\n\n\n\n<p>Adrian Durizzo na\u00eet en 1921 \u00e0 Lotzwil, fils d\u2019immigrants italiens originaires de C\u00f4me. Bien que ses parents aient souhait\u00e9 l\u2019appeler Egidio, il est officiellement enregistr\u00e9 sous son deuxi\u00e8me pr\u00e9nom, Adrian, le premier \u00e9tant jug\u00e9 trop compliqu\u00e9 par le fonctionnaire. Son enfance, marqu\u00e9e par les privations mais heureuse, le m\u00e8ne \u00e0 un apprentissage de quatre ans dans le secteur du drap de laine \u00e0 Liestal, perp\u00e9tuant ainsi une tradition textile familiale vieille de quatre g\u00e9n\u00e9rations. En parall\u00e8le, il suit des cours du soir en g\u00e9om\u00e9trie, physique et math\u00e9matiques.&nbsp;<\/p>\n\n\n\n<p>Pendant la Seconde Guerre mondiale, il \u00e9tudie l\u2019ing\u00e9nierie textile pendant quatre semestres \u00e0 Cottbus, en Allemagne. En 1942, en tant que citoyen italien, il est mobilis\u00e9 et stationn\u00e9 \u00e0 Lampedusa, o\u00f9 il travaille pour la station radar et comme interpr\u00e8te. Apr\u00e8s le bombardement de l\u2019\u00eele en 1943, il parvient \u00e0 fuir gr\u00e2ce au commandant italien, reconnaissant de l\u2019aide qu\u2019Adrian lui avait apport\u00e9e.&nbsp;&nbsp;<\/p>\n\n\n\n<p>N&rsquo;\u00e9tant plus d&rsquo;aucune utilit\u00e9 pour l\u2019arm\u00e9e italienne, car il ne parle pas anglais, il traverse l\u2019Italie en train puis \u00e0 pied sur pr\u00e8s de 500 km avant de regagner la Suisse de nuit, aid\u00e9 par une berg\u00e8re. Cette exp\u00e9rience marquera profond\u00e9ment sa vie, notamment son attachement \u00e0 la chanson \u00ab La Montanara \u00bb.&nbsp;<\/p>\n\n\n\n<p>De retour en Suisse, il travaille rapidement comme ing\u00e9nieur textile et se lance dans le commerce de machines textiles. Vers 30 ans, il fonde sa propre entreprise en louant un garage et en achetant deux anciens m\u00e9tiers \u00e0 tisser. Avec son jeune fr\u00e8re Ren\u00e9, il d\u00e9veloppe progressivement une usine \u00e0 Sissach, employant une trentaine de personnes.&nbsp;&nbsp;<\/p>\n\n\n\n<p>En 1958, il \u00e9pouse Gertrud Steinbeck et devient p\u00e8re de deux filles, puis grand-p\u00e8re.&nbsp;<\/p>\n\n\n\n<p>Gr\u00e2ce \u00e0 son int\u00e9r\u00eat pour la technologie, Adrian apprend \u00e0 utiliser l\u2019ordinateur \u00e0 un \u00e2ge avanc\u00e9 afin de cr\u00e9er des cartes d\u2019anniversaire, communiquer par Skype avec ses petits-enfants en Angleterre et rester en contact par e-mail avec d\u2019anciennes connaissances. Soucieux de pr\u00e9server son autonomie, il ach\u00e8te une petite voiture \u00e9lectrique qu\u2019il adapte lui-m\u00eame pour pouvoir y installer son d\u00e9ambulateur.&nbsp;<\/p>\n\n\n\n<p>\u00c0 un \u00e2ge avanc\u00e9, ce sont surtout la perte d\u2019audition et la diminution de la force dans ses mains qui le perturbent, lui qui a toujours aim\u00e9 bricoler et travailler de ses mains. Il demeure toutefois profond\u00e9ment reconnaissant d\u2019avoir pu s\u2019\u00e9panouir professionnellement, de rester largement autonome et d\u2019avoir \u00e9t\u00e9 \u00e9pargn\u00e9 par la maladie et les grands coups du sort.<\/p>\n<\/div>\n<\/div>\n","protected":false},"excerpt":{"rendered":"<p>\u00ab Travailler beaucoup et avec plaisir, puis profiter. \u00bb&nbsp; Adrian Durizzo na\u00eet en 1921 \u00e0 Lotzwil, fils d\u2019immigrants italiens originaires de C\u00f4me. Bien que ses parents aient souhait\u00e9&hellip;<\/p>\n","protected":false},"author":1003048,"featured_media":0,"parent":0,"menu_order":0,"comment_status":"closed","ping_status":"closed","template":"","meta":{"_seopress_robots_primary_cat":"","_seopress_titles_title":"","_seopress_titles_desc":"","_seopress_robots_index":"","footnotes":""},"class_list":["post-6119","page","type-page","status-publish","has-post-thumbnail"],"_links":{"self":[{"href":"https:\/\/wp.unil.ch\/swiss100\/fr\/wp-json\/wp\/v2\/pages\/6119","targetHints":{"allow":["GET"]}}],"collection":[{"href":"https:\/\/wp.unil.ch\/swiss100\/fr\/wp-json\/wp\/v2\/pages"}],"about":[{"href":"https:\/\/wp.unil.ch\/swiss100\/fr\/wp-json\/wp\/v2\/types\/page"}],"author":[{"embeddable":true,"href":"https:\/\/wp.unil.ch\/swiss100\/fr\/wp-json\/wp\/v2\/users\/1003048"}],"replies":[{"embeddable":true,"href":"https:\/\/wp.unil.ch\/swiss100\/fr\/wp-json\/wp\/v2\/comments?post=6119"}],"version-history":[{"count":5,"href":"https:\/\/wp.unil.ch\/swiss100\/fr\/wp-json\/wp\/v2\/pages\/6119\/revisions"}],"predecessor-version":[{"id":7971,"href":"https:\/\/wp.unil.ch\/swiss100\/fr\/wp-json\/wp\/v2\/pages\/6119\/revisions\/7971"}],"wp:attachment":[{"href":"https:\/\/wp.unil.ch\/swiss100\/fr\/wp-json\/wp\/v2\/media?parent=6119"}],"curies":[{"name":"wp","href":"https:\/\/api.w.org\/{rel}","templated":true}]}}