{"id":6107,"date":"2025-12-09T13:41:19","date_gmt":"2025-12-09T12:41:19","guid":{"rendered":"https:\/\/wp.unil.ch\/swiss100\/?page_id=6107"},"modified":"2026-04-08T11:46:40","modified_gmt":"2026-04-08T09:46:40","slug":"jitka-polivka","status":"publish","type":"page","link":"https:\/\/wp.unil.ch\/swiss100\/fr\/jitka-polivka\/","title":{"rendered":"Jitka\u00a0Polivka"},"content":{"rendered":"\n<div class=\"wp-block-columns alignwide is-layout-flex wp-container-core-columns-is-layout-9d6595d7 wp-block-columns-is-layout-flex\">\n<div class=\"wp-block-column is-layout-flow wp-block-column-is-layout-flow\">\n<h4 class=\"wp-block-heading has-text-align-center\"><strong><strong><strong>\u00ab Cultivez la camaraderie et la solidarit\u00e9, car c\u2019est cela qui compte vraiment dans la vie. \u00bb<\/strong>&nbsp;<\/strong><\/strong><\/h4>\n<\/div>\n<\/div>\n\n\n\n<div class=\"wp-block-columns alignwide is-layout-flex wp-container-core-columns-is-layout-9d6595d7 wp-block-columns-is-layout-flex\">\n<div class=\"wp-block-column is-layout-flow wp-block-column-is-layout-flow\">\n<figure class=\"wp-block-image alignwide size-large\"><img alt=\"dsc00381\" loading=\"lazy\" decoding=\"async\" width=\"1024\" height=\"1024\" src=\"https:\/\/wp.unil.ch\/swiss100\/files\/2025\/12\/dsc00381-1024x1024.jpg\" alt=\"\" class=\"wp-image-6101\" srcset=\"https:\/\/wp.unil.ch\/swiss100\/files\/2025\/12\/dsc00381-1024x1024.jpg 1024w, https:\/\/wp.unil.ch\/swiss100\/files\/2025\/12\/dsc00381-300x300.jpg 300w, https:\/\/wp.unil.ch\/swiss100\/files\/2025\/12\/dsc00381-150x150.jpg 150w, https:\/\/wp.unil.ch\/swiss100\/files\/2025\/12\/dsc00381-768x768.jpg 768w, https:\/\/wp.unil.ch\/swiss100\/files\/2025\/12\/dsc00381-540x540.jpg 540w, https:\/\/wp.unil.ch\/swiss100\/files\/2025\/12\/dsc00381-1080x1080.jpg 1080w, https:\/\/wp.unil.ch\/swiss100\/files\/2025\/12\/dsc00381.jpg 1200w\" sizes=\"auto, (max-width: 1024px) 100vw, 1024px\" \/><figcaption class=\"wp-element-caption\">\u00c2ge au moment de la photo : 101 ans <\/figcaption><\/figure>\n\n\n\n<div class=\"wp-block-media-text\" style=\"grid-template-columns:23% auto\"><figure class=\"wp-block-media-text__media\"><a href=\"https:\/\/soundcloud.com\/swiss100\/jitka-polivka-8?in=swiss100\/sets\/life-narrative-swiss100&amp;si=9efeea158fd748c58288c1ea87b93f1a&amp;utm_source=clipboard&amp;utm_medium=text&amp;utm_campaign=social_sharing\"><img loading=\"lazy\" decoding=\"async\" width=\"500\" height=\"500\" src=\"https:\/\/wp.unil.ch\/swiss100\/files\/2025\/10\/audio-1.png\" alt=\"audio\" class=\"wp-image-5652 size-full\" srcset=\"https:\/\/wp.unil.ch\/swiss100\/files\/2025\/10\/audio-1.png 500w, https:\/\/wp.unil.ch\/swiss100\/files\/2025\/10\/audio-1-300x300.png 300w, https:\/\/wp.unil.ch\/swiss100\/files\/2025\/10\/audio-1-150x150.png 150w\" sizes=\"auto, (max-width: 500px) 100vw, 500px\" \/><\/a><\/figure><div class=\"wp-block-media-text__content\">\n<p>Cliquez sur l&rsquo;ic\u00f4ne pour \u00e9couter son histoire !<\/p>\n<\/div><\/div>\n<\/div>\n\n\n\n<div class=\"wp-block-column is-layout-flow wp-block-column-is-layout-flow\">\n<p><\/p>\n\n\n\n<p>Jitka Polivka na\u00eet en 1921 dans la Tch\u00e9coslovaquie de l\u2019\u00e9poque. Enfant unique, elle grandit \u00e0 Pardubice aupr\u00e8s de ses grands-parents affectueux. Dans une p\u00e9riode de grands bouleversements politiques et de changements sociaux, elle est expos\u00e9e \u00e0 de nombreux dangers, mais ses grands-parents lui offrent un foyer s\u00fbr. Sa m\u00e8re est stricte. Elle travaille en tant que cuisini\u00e8re priv\u00e9e au service de familles ais\u00e9es. Elle est donc rarement \u00e0 la maison. \u00ab Babi\u010dka \u00bb (petite grand-m\u00e8re) et son grand-p\u00e8re veillent toutefois \u00e0 ce que la petite Jitka ne manque de rien.&nbsp;<\/p>\n\n\n\n<p>Jitka Polivka se souvient avec plaisir de ses ann\u00e9es d\u2019\u00e9cole. Elle fr\u00e9quente d\u2019abord l\u2019\u00e9cole primaire du village avant de parcourir chaque jour trois kilom\u00e8tres \u00e0 pied pour rejoindre l\u2019\u00e9cole secondaire en ville. Enfant unique, qui n\u2019a plus vu son p\u00e8re depuis l\u2019\u00e2ge de trois ans, elle est d\u2019autant plus choy\u00e9e par sa m\u00e8re et ses grands-parents. Sa m\u00e8re refuse les pensions alimentaires du p\u00e8re et subvient seule aux besoins de sa fille gr\u00e2ce \u00e0 son travail acharn\u00e9. Son adolescence est insouciante ; m\u00eame apr\u00e8s l\u2019occupation nazie, elle et sa famille s\u2019en sortent relativement bien.&nbsp;<\/p>\n\n\n\n<p>Pour \u00e9chapper au travail forc\u00e9 en Allemagne nazie, Jitka Polivka se marie \u00e0 20 ans. Le couple a deux enfants : un fils en 1944 et une fille en 1947. Le mariage ne dure pas ; apr\u00e8s 12 ans, ils se s\u00e9parent.&nbsp;Jitka reste seule pendant plusieurs ann\u00e9es, se concentrant sur son travail et son ind\u00e9pendance personnelle, avant d\u2019\u00e9pouser son second mari, qui \u00e9tait alors son sup\u00e9rieur.&nbsp;<\/p>\n\n\n\n<p>Lors du Printemps de Prague en 1968, la famille doit quitter le pays et se r\u00e9fugie en Suisse. Jitka Polivka a alors 47 ans. Ils passent la premi\u00e8re ann\u00e9e de leur exil \u00e0 Moutier, o\u00f9 Polivka travaille pour l\u2019entreprise Tornos. L\u2019apprentissage du fran\u00e7ais n\u2019est pas facile pour elle, mais trois ans plus tard, la famille trouve un nouveau foyer \u00e0 Winterthour et y reconstruit sa vie.&nbsp;<\/p>\n\n\n\n<p>En Suisse, elle m\u00e8ne durant de nombreuses ann\u00e9es une vie heureuse, jusqu\u2019au d\u00e9c\u00e8s de son mari en 2000. \u00ab Les hommes meurent toujours au moment o\u00f9 l\u2019on a le plus besoin d\u2019eux \u00bb, remarque-t-elle, avec une pointe de m\u00e9lancolie dans la voix.&nbsp;<\/p>\n\n\n\n<p>Jitka Polivka attribue sa long\u00e9vit\u00e9 aux g\u00e8nes de sa famille\u202f; sa m\u00e8re a v\u00e9cu presque 105 ans\u202f!&nbsp;Elle se d\u00e9crit volontiers comme une optimiste flegmatique. Elle souligne \u00e9galement l\u2019importance d\u2019une alimentation saine et de l\u2019absence de fast-food, d\u2019alcool et de cigarettes.&nbsp;<\/p>\n\n\n\n<p>Elle garde de bons souvenirs de son \u00e9ducation, des valeurs transmises par sa grand-m\u00e8re, et des nombreuses amiti\u00e9s qui ont enrichi sa vie. Entour\u00e9e d\u2019amis fid\u00e8les qui la visitent chaque semaine, elle m\u00e8ne une existence paisible et \u00e9quilibr\u00e9e. Elle est satisfaite.&nbsp;<\/p>\n\n\n\n<p>Lorsqu\u2019on l\u2019interroge sur son grand \u00e2ge, elle r\u00e9pond avec assurance : \u00ab Ml\u00e1d neum\u0159u \u00bb &#8211; Je ne mourrai plus jeune.&nbsp;<\/p>\n<\/div>\n<\/div>\n","protected":false},"excerpt":{"rendered":"<p>\u00ab Cultivez la camaraderie et la solidarit\u00e9, car c\u2019est cela qui compte vraiment dans la vie. \u00bb&nbsp; Cliquez sur l&rsquo;ic\u00f4ne pour \u00e9couter son histoire ! Jitka Polivka na\u00eet&hellip;<\/p>\n","protected":false},"author":1003048,"featured_media":0,"parent":0,"menu_order":0,"comment_status":"closed","ping_status":"closed","template":"","meta":{"_seopress_robots_primary_cat":"","_seopress_titles_title":"","_seopress_titles_desc":"","_seopress_robots_index":"","footnotes":""},"class_list":["post-6107","page","type-page","status-publish","has-post-thumbnail"],"_links":{"self":[{"href":"https:\/\/wp.unil.ch\/swiss100\/fr\/wp-json\/wp\/v2\/pages\/6107","targetHints":{"allow":["GET"]}}],"collection":[{"href":"https:\/\/wp.unil.ch\/swiss100\/fr\/wp-json\/wp\/v2\/pages"}],"about":[{"href":"https:\/\/wp.unil.ch\/swiss100\/fr\/wp-json\/wp\/v2\/types\/page"}],"author":[{"embeddable":true,"href":"https:\/\/wp.unil.ch\/swiss100\/fr\/wp-json\/wp\/v2\/users\/1003048"}],"replies":[{"embeddable":true,"href":"https:\/\/wp.unil.ch\/swiss100\/fr\/wp-json\/wp\/v2\/comments?post=6107"}],"version-history":[{"count":4,"href":"https:\/\/wp.unil.ch\/swiss100\/fr\/wp-json\/wp\/v2\/pages\/6107\/revisions"}],"predecessor-version":[{"id":7976,"href":"https:\/\/wp.unil.ch\/swiss100\/fr\/wp-json\/wp\/v2\/pages\/6107\/revisions\/7976"}],"wp:attachment":[{"href":"https:\/\/wp.unil.ch\/swiss100\/fr\/wp-json\/wp\/v2\/media?parent=6107"}],"curies":[{"name":"wp","href":"https:\/\/api.w.org\/{rel}","templated":true}]}}